{"id":91539,"date":"2023-09-27T18:13:58","date_gmt":"2023-09-27T16:13:58","guid":{"rendered":"https:\/\/secureus.se\/elslutbleck-5331-omvand-24v-kolvkontakt\/"},"modified":"2026-03-25T15:41:00","modified_gmt":"2026-03-25T14:41:00","slug":"elslutbleck-5331-omvand-24v-kolvkontakt","status":"publish","type":"product","link":"https:\/\/secureus.se\/fr\/elslutbleck-5331-omvand-24v-kolvkontakt\/","title":{"rendered":"Plaque d&#039;extr\u00e9mit\u00e9 \u00e9lectrique 5331 Contact piston invers\u00e9 24V"},"content":{"rendered":"<h1>Plaque d&#039;extr\u00e9mit\u00e9 \u00e9lectrique 5331 Contact piston invers\u00e9 24V<\/h1>\n<p class=\"\" data-start=\"433\" data-end=\"735\">La g\u00e2che \u00e9lectrique ASSA ABLOY 5331 Reverse 24V \u00e0 contact piston est con\u00e7ue pour r\u00e9pondre aux exigences \u00e9lev\u00e9es de r\u00e9sistance \u00e0 l&#039;usure et de longue dur\u00e9e de vie.<\/p>\n<p class=\"\" data-start=\"433\" data-end=\"735\">Avec une r\u00e9sistance \u00e0 la rupture de 750 kg (7,05 kN) et la capacit\u00e9 de r\u00e9sister \u00e0 des millions de cycles d&#039;ouverture, cette g\u00e2che \u00e9lectrique est id\u00e9ale pour une utilisation dans les portes \u00e0 haute fr\u00e9quence.<\/p>\n<p class=\"\" data-start=\"737\" data-end=\"1019\">La fonction inverse signifie que la g\u00e2che \u00e9lectrique est d\u00e9verrouill\u00e9e en cas de panne de courant, ce qui est une fonction de s\u00e9curit\u00e9 qui peut s&#039;av\u00e9rer cruciale dans certains environnements.<\/p>\n<p class=\"\" data-start=\"737\" data-end=\"1019\">Le contact du piston de verrouillage et une construction durable avec un loquet rotatif en acier et un bo\u00eetier de verrouillage garantissent \u00e0 la fois une fonction durable et une s\u00e9curit\u00e9 \u00e9lev\u00e9e.<\/p>\n<p class=\"\" data-start=\"1021\" data-end=\"1221\">Il garantit l&#039;ouverture m\u00eame avec une pression de bande allant jusqu&#039;\u00e0 500 kg et une force de maintien de la porte en position d\u00e9verrouill\u00e9e de 4 kg.<\/p>\n<p class=\"\" data-start=\"1021\" data-end=\"1221\">La g\u00e2che \u00e9lectrique est \u00e9galement disponible avec un micro-interrupteur pour des fonctionnalit\u00e9s suppl\u00e9mentaires.<\/p>\n<p class=\"\" data-start=\"1223\" data-end=\"1245\"><strong data-start=\"1223\" data-end=\"1243\">Caract\u00e9ristiques:<\/strong><\/p>\n<ul data-start=\"1246\" data-end=\"1576\">\n<li class=\"\" data-start=\"1246\" data-end=\"1283\">\n<p class=\"\" data-start=\"1248\" data-end=\"1283\">R\u00e9sistance \u00e0 la rupture : 750 kg (7,05 kN)<\/p>\n<\/li>\n<li class=\"\" data-start=\"1284\" data-end=\"1316\">\n<p class=\"\" data-start=\"1286\" data-end=\"1316\">Charni\u00e8re de porte : droite, gauche<\/p>\n<\/li>\n<li class=\"\" data-start=\"1317\" data-end=\"1338\">\n<p class=\"\" data-start=\"1319\" data-end=\"1338\">Pression nominale : 500 kg<\/p>\n<\/li>\n<li class=\"\" data-start=\"1339\" data-end=\"1376\">\n<p class=\"\" data-start=\"1341\" data-end=\"1376\">Type de serrure : Serrure \u00e0 p\u00eane simple, Serrure \u00e0 p\u00eane double<\/p>\n<\/li>\n<li class=\"\" data-start=\"1377\" data-end=\"1399\">\n<p class=\"\" data-start=\"1379\" data-end=\"1399\">Tension de fonctionnement : 24 V<\/p>\n<\/li>\n<li class=\"\" data-start=\"1400\" data-end=\"1430\">\n<p class=\"\" data-start=\"1402\" data-end=\"1430\">Couleur\/Finition : Acier inoxydable<\/p>\n<\/li>\n<li class=\"\" data-start=\"1431\" data-end=\"1450\">\n<p class=\"\" data-start=\"1433\" data-end=\"1450\">Contact du piston : Oui<\/p>\n<\/li>\n<li class=\"\" data-start=\"1451\" data-end=\"1473\">\n<p class=\"\" data-start=\"1453\" data-end=\"1473\">Tension AC\/DC : DC<\/p>\n<\/li>\n<li class=\"\" data-start=\"1474\" data-end=\"1498\">\n<p class=\"\" data-start=\"1476\" data-end=\"1498\">Tension maximale : 26,4 V<\/p>\n<\/li>\n<li class=\"\" data-start=\"1499\" data-end=\"1523\">\n<p class=\"\" data-start=\"1501\" data-end=\"1523\">Tension minimale : 21,6 V<\/p>\n<\/li>\n<li class=\"\" data-start=\"1524\" data-end=\"1548\">\n<p class=\"\" data-start=\"1526\" data-end=\"1548\">Chute \u00e0 double torsion : Non<\/p>\n<\/li>\n<li class=\"\" data-start=\"1549\" data-end=\"1576\">\n<p class=\"\" data-start=\"1551\" data-end=\"1576\">Droite\/Invers\u00e9 : Inverser<\/p>\n<\/li>\n<\/ul>\n<p class=\"\" data-start=\"1578\" data-end=\"1792\"><strong data-start=\"1578\" data-end=\"1600\">Domaines d&#039;utilisation<\/strong><br data-start=\"1600\" data-end=\"1603\" \/>Cette g\u00e2che \u00e9lectrique est parfaite pour une utilisation dans les portes \u00e0 haute fr\u00e9quence dans les commerces de d\u00e9tail, les bureaux, l&#039;industrie et d&#039;autres applications o\u00f9 une durabilit\u00e9 et une s\u00e9curit\u00e9 \u00e9lev\u00e9es sont requises, comme dans les enceintes et les entr\u00e9es.<\/p>","protected":false},"excerpt":{"rendered":"<h5><a href=\"https:\/\/elslutblecksguiden.se\/\" target=\"_blank\" rel=\"noopener\">Guide pour les serrures \u00e9lectriques ASSA, les serrures motoris\u00e9es, les g\u00e2ches \u00e9lectriques et le guide de remplacement<\/a><\/h5>","protected":false},"featured_media":140063,"template":"","meta":{"_acf_changed":false},"product_brand":[],"product_cat":[3355],"product_tag":[4197,4201,2967],"class_list":{"0":"post-91539","1":"product","2":"type-product","3":"status-publish","4":"has-post-thumbnail","6":"product_cat-elslutbleck","7":"product_tag-24v","8":"product_tag-omvand","9":"product_tag-rg-assa-abloy","10":"product_shipping_class-tunga-paket","11":"pa_brands-abloy","12":"tm-no-options","14":"first","15":"onbackorder","16":"sale","17":"taxable","18":"shipping-taxable","19":"purchasable","20":"product-type-simple"},"acf":[],"_links":{"self":[{"href":"https:\/\/secureus.se\/fr\/wp-json\/wp\/v2\/product\/91539","targetHints":{"allow":["GET"]}}],"collection":[{"href":"https:\/\/secureus.se\/fr\/wp-json\/wp\/v2\/product"}],"about":[{"href":"https:\/\/secureus.se\/fr\/wp-json\/wp\/v2\/types\/product"}],"wp:featuredmedia":[{"embeddable":true,"href":"https:\/\/secureus.se\/fr\/wp-json\/wp\/v2\/media\/140063"}],"wp:attachment":[{"href":"https:\/\/secureus.se\/fr\/wp-json\/wp\/v2\/media?parent=91539"}],"wp:term":[{"taxonomy":"product_brand","embeddable":true,"href":"https:\/\/secureus.se\/fr\/wp-json\/wp\/v2\/product_brand?post=91539"},{"taxonomy":"product_cat","embeddable":true,"href":"https:\/\/secureus.se\/fr\/wp-json\/wp\/v2\/product_cat?post=91539"},{"taxonomy":"product_tag","embeddable":true,"href":"https:\/\/secureus.se\/fr\/wp-json\/wp\/v2\/product_tag?post=91539"}],"curies":[{"name":"wp","href":"https:\/\/api.w.org\/{rel}","templated":true}]}}