{"id":91541,"date":"2023-09-27T18:13:55","date_gmt":"2023-09-27T16:13:55","guid":{"rendered":"https:\/\/secureus.se\/elslutbleck-331-omvand-24v-kolvkontakt\/"},"modified":"2026-04-08T15:56:34","modified_gmt":"2026-04-08T13:56:34","slug":"elslutbleck-331-omvand-24v-kolvkontakt","status":"publish","type":"product","link":"https:\/\/secureus.se\/fr\/elslutbleck-331-omvand-24v-kolvkontakt\/","title":{"rendered":"Plaque d&#039;extr\u00e9mit\u00e9 \u00e9lectrique 331 Inverse 24V Contact piston"},"content":{"rendered":"<h1>Plaque d&#039;extr\u00e9mit\u00e9 \u00e9lectrique 331 Inverse 24V Contact piston<\/h1>\n<p class=\"\" data-start=\"433\" data-end=\"796\">La g\u00e2che \u00e9lectrique extra-forte ASSA ABLOY 331 Reverse 24V Contact piston est con\u00e7ue pour r\u00e9pondre aux exigences les plus strictes en mati\u00e8re de durabilit\u00e9 et de s\u00e9curit\u00e9.<\/p>\n<p class=\"\" data-start=\"433\" data-end=\"796\">Avec une r\u00e9sistance \u00e0 la rupture de 750 kg (7,5 kN) et la capacit\u00e9 de r\u00e9sister \u00e0 des millions de cycles d&#039;ouverture, il est id\u00e9al pour les portes \u00e0 haute fr\u00e9quence utilis\u00e9es dans la protection des coques, les entr\u00e9es et autres applications de haute s\u00e9curit\u00e9.<\/p>\n<p class=\"\" data-start=\"798\" data-end=\"1099\">La fonction inverse garantit le d\u00e9verrouillage de la g\u00e2che \u00e9lectrique en cas de panne de courant, ce qui la rend particuli\u00e8rement adapt\u00e9e aux portes de secours et aux sas \u00e0 air avec diff\u00e9rences de pression.<\/p>\n<p class=\"\" data-start=\"798\" data-end=\"1099\">La construction de la serrure est \u00e0 la fois robuste et r\u00e9sistante \u00e0 l&#039;usure, avec un verrou tournant en acier et un bo\u00eetier de serrure en alliage de zinc pour une durabilit\u00e9 maximale.<\/p>\n<p class=\"\" data-start=\"1101\" data-end=\"1345\">La g\u00e2che \u00e9lectrique garantit l&#039;ouverture malgr\u00e9 une pression de bande allant jusqu&#039;\u00e0 500 kg, ce qui en fait une solution s\u00fbre pour les environnements exigeants.<\/p>\n<p class=\"\" data-start=\"1101\" data-end=\"1345\">La force de maintien de la porte en position d\u00e9verrouill\u00e9e est de 4 kg, ce qui signifie que la porte reste dans la bonne position pendant l&#039;utilisation.<\/p>\n<p class=\"\" data-start=\"1347\" data-end=\"1369\"><strong data-start=\"1347\" data-end=\"1367\">Caract\u00e9ristiques:<\/strong><\/p>\n<ul data-start=\"1370\" data-end=\"1700\">\n<li class=\"\" data-start=\"1370\" data-end=\"1406\">\n<p class=\"\" data-start=\"1372\" data-end=\"1406\">R\u00e9sistance \u00e0 la rupture : 750 kg (7,5 kN)<\/p>\n<\/li>\n<li class=\"\" data-start=\"1407\" data-end=\"1439\">\n<p class=\"\" data-start=\"1409\" data-end=\"1439\">Charni\u00e8re de porte : droite, gauche<\/p>\n<\/li>\n<li class=\"\" data-start=\"1440\" data-end=\"1461\">\n<p class=\"\" data-start=\"1442\" data-end=\"1461\">Pression nominale : 500 kg<\/p>\n<\/li>\n<li class=\"\" data-start=\"1462\" data-end=\"1499\">\n<p class=\"\" data-start=\"1464\" data-end=\"1499\">Type de serrure : Serrure \u00e0 p\u00eane simple, Serrure \u00e0 p\u00eane double<\/p>\n<\/li>\n<li class=\"\" data-start=\"1500\" data-end=\"1522\">\n<p class=\"\" data-start=\"1502\" data-end=\"1522\">Tension de fonctionnement : 24 V<\/p>\n<\/li>\n<li class=\"\" data-start=\"1523\" data-end=\"1553\">\n<p class=\"\" data-start=\"1525\" data-end=\"1553\">Couleur\/Finition : Acier inoxydable<\/p>\n<\/li>\n<li class=\"\" data-start=\"1554\" data-end=\"1574\">\n<p class=\"\" data-start=\"1556\" data-end=\"1574\">Contact piston : Non<\/p>\n<\/li>\n<li class=\"\" data-start=\"1575\" data-end=\"1597\">\n<p class=\"\" data-start=\"1577\" data-end=\"1597\">Tension AC\/DC : DC<\/p>\n<\/li>\n<li class=\"\" data-start=\"1598\" data-end=\"1622\">\n<p class=\"\" data-start=\"1600\" data-end=\"1622\">Tension maximale : 26,4 V<\/p>\n<\/li>\n<li class=\"\" data-start=\"1623\" data-end=\"1647\">\n<p class=\"\" data-start=\"1625\" data-end=\"1647\">Tension minimale : 21,6 V<\/p>\n<\/li>\n<li class=\"\" data-start=\"1648\" data-end=\"1672\">\n<p class=\"\" data-start=\"1650\" data-end=\"1672\">Chute \u00e0 double torsion : Non<\/p>\n<\/li>\n<li class=\"\" data-start=\"1673\" data-end=\"1700\">\n<p class=\"\" data-start=\"1675\" data-end=\"1700\">Droite\/Invers\u00e9 : Inverser<\/p>\n<\/li>\n<\/ul>\n<p class=\"\" data-start=\"1702\" data-end=\"1933\"><strong data-start=\"1702\" data-end=\"1724\">Domaines d&#039;utilisation<\/strong><br data-start=\"1724\" data-end=\"1727\" \/>La g\u00e2che \u00e9lectrique 331 est id\u00e9ale pour une utilisation dans les portes \u00e0 haute fr\u00e9quence, les protections de coque, les entr\u00e9es, les portails, les portes de secours et d&#039;autres domaines qui n\u00e9cessitent une s\u00e9curit\u00e9 et une durabilit\u00e9 \u00e9lev\u00e9es, par exemple dans l&#039;industrie et le commerce.<\/p>","protected":false},"excerpt":{"rendered":"<h5><a href=\"https:\/\/elslutblecksguiden.se\/\" target=\"_blank\" rel=\"noopener\">Guide pour les serrures \u00e9lectriques ASSA, les serrures motoris\u00e9es, les g\u00e2ches \u00e9lectriques et le guide de remplacement<\/a><\/h5>","protected":false},"featured_media":139395,"template":"","meta":{"_acf_changed":false},"product_brand":[],"product_cat":[3355],"product_tag":[4197,4201,2967],"class_list":{"0":"post-91541","1":"product","2":"type-product","3":"status-publish","4":"has-post-thumbnail","6":"product_cat-elslutbleck","7":"product_tag-24v","8":"product_tag-omvand","9":"product_tag-rg-assa-abloy","10":"product_shipping_class-tunga-paket","11":"pa_brands-abloy","12":"tm-no-options","14":"first","15":"onbackorder","16":"sale","17":"taxable","18":"shipping-taxable","19":"purchasable","20":"product-type-simple"},"acf":[],"_links":{"self":[{"href":"https:\/\/secureus.se\/fr\/wp-json\/wp\/v2\/product\/91541","targetHints":{"allow":["GET"]}}],"collection":[{"href":"https:\/\/secureus.se\/fr\/wp-json\/wp\/v2\/product"}],"about":[{"href":"https:\/\/secureus.se\/fr\/wp-json\/wp\/v2\/types\/product"}],"wp:featuredmedia":[{"embeddable":true,"href":"https:\/\/secureus.se\/fr\/wp-json\/wp\/v2\/media\/139395"}],"wp:attachment":[{"href":"https:\/\/secureus.se\/fr\/wp-json\/wp\/v2\/media?parent=91541"}],"wp:term":[{"taxonomy":"product_brand","embeddable":true,"href":"https:\/\/secureus.se\/fr\/wp-json\/wp\/v2\/product_brand?post=91541"},{"taxonomy":"product_cat","embeddable":true,"href":"https:\/\/secureus.se\/fr\/wp-json\/wp\/v2\/product_cat?post=91541"},{"taxonomy":"product_tag","embeddable":true,"href":"https:\/\/secureus.se\/fr\/wp-json\/wp\/v2\/product_tag?post=91541"}],"curies":[{"name":"wp","href":"https:\/\/api.w.org\/{rel}","templated":true}]}}