{"id":91542,"date":"2023-09-27T18:13:53","date_gmt":"2023-09-27T16:13:53","guid":{"rendered":"https:\/\/secureus.se\/elslutbleck-70-rattvand-12v\/"},"modified":"2026-03-25T15:41:03","modified_gmt":"2026-03-25T14:41:03","slug":"elslutbleck-70-rattvand-12v","status":"publish","type":"product","link":"https:\/\/secureus.se\/fr\/elslutbleck-70-rattvand-12v\/","title":{"rendered":"Plaque d&#039;extr\u00e9mit\u00e9 \u00e9lectrique 70 Droite 12V"},"content":{"rendered":"<h1>Plaque d&#039;extr\u00e9mit\u00e9 \u00e9lectrique 70 Droite 12V<\/h1>\n<p class=\"\" data-start=\"470\" data-end=\"816\">La g\u00e2che \u00e9lectrique standard ASSA ABLOY 70 Droitier 12V est con\u00e7ue pour offrir s\u00e9curit\u00e9 et fiabilit\u00e9 dans les portes avec des exigences de s\u00e9curit\u00e9 normales.<\/p>\n<p class=\"\" data-start=\"470\" data-end=\"816\">Cette g\u00e2che \u00e9lectrique est parfaitement adapt\u00e9e \u00e0 une utilisation comme verrouillage de jour dans la protection des coques et comme verrouillage int\u00e9rieur dans le commerce, les bureaux, l&#039;industrie ou dans les entr\u00e9es et les espaces publics des immeubles d&#039;habitation.<\/p>\n<p class=\"\" data-start=\"818\" data-end=\"1146\">Avec une r\u00e9sistance \u00e0 la rupture de 700 kg (7 kN) et une r\u00e9sistance \u00e9lev\u00e9e aux chocs et aux vibrations, il est id\u00e9al pour les portes qui n\u00e9cessitent durabilit\u00e9 et longue dur\u00e9e de vie.<\/p>\n<p class=\"\" data-start=\"818\" data-end=\"1146\">La serrure est con\u00e7ue pour \u00eatre utilis\u00e9e dans les portes de s\u00e9paration des compartiments coupe-feu avec une serrure \u00e0 double loquet et un poteau d\u00e9di\u00e9, ce qui en fait une solution s\u00e9curis\u00e9e pour les environnements priv\u00e9s et commerciaux.<\/p>\n<p class=\"\" data-start=\"1148\" data-end=\"1413\">La g\u00e2che \u00e9lectrique poss\u00e8de une fonction r\u00e9versible, ce qui signifie qu&#039;elle reste verrouill\u00e9e m\u00eame en cas de panne de courant, offrant ainsi une s\u00e9curit\u00e9 suppl\u00e9mentaire.<\/p>\n<p class=\"\" data-start=\"1148\" data-end=\"1413\">Sa surface zingu\u00e9e et son bo\u00eetier de verrouillage en bronze et en alliage de zinc garantissent une durabilit\u00e9 \u00e0 long terme et des performances fiables dans le temps.<\/p>\n<p class=\"\" data-start=\"1415\" data-end=\"1437\"><strong data-start=\"1415\" data-end=\"1435\">Caract\u00e9ristiques:<\/strong><\/p>\n<ul data-start=\"1438\" data-end=\"1751\">\n<li class=\"\" data-start=\"1438\" data-end=\"1472\">\n<p class=\"\" data-start=\"1440\" data-end=\"1472\">R\u00e9sistance \u00e0 la rupture : 700 kg (7 kN)<\/p>\n<\/li>\n<li class=\"\" data-start=\"1473\" data-end=\"1505\">\n<p class=\"\" data-start=\"1475\" data-end=\"1505\">Charni\u00e8re de porte : droite, gauche<\/p>\n<\/li>\n<li class=\"\" data-start=\"1506\" data-end=\"1543\">\n<p class=\"\" data-start=\"1508\" data-end=\"1543\">Type de serrure : Serrure \u00e0 p\u00eane simple, Serrure \u00e0 p\u00eane double<\/p>\n<\/li>\n<li class=\"\" data-start=\"1544\" data-end=\"1566\">\n<p class=\"\" data-start=\"1546\" data-end=\"1566\">Tension de fonctionnement : 12 V<\/p>\n<\/li>\n<li class=\"\" data-start=\"1567\" data-end=\"1599\">\n<p class=\"\" data-start=\"1569\" data-end=\"1599\">Couleur\/Traitement de surface : Zingu\u00e9<\/p>\n<\/li>\n<li class=\"\" data-start=\"1600\" data-end=\"1620\">\n<p class=\"\" data-start=\"1602\" data-end=\"1620\">Contact piston : Non<\/p>\n<\/li>\n<li class=\"\" data-start=\"1621\" data-end=\"1646\">\n<p class=\"\" data-start=\"1623\" data-end=\"1646\">Tension CA\/CC : CA\/CC<\/p>\n<\/li>\n<li class=\"\" data-start=\"1647\" data-end=\"1671\">\n<p class=\"\" data-start=\"1649\" data-end=\"1671\">Tension maximale : 13,2 V<\/p>\n<\/li>\n<li class=\"\" data-start=\"1672\" data-end=\"1696\">\n<p class=\"\" data-start=\"1674\" data-end=\"1696\">Tension minimale : 10,8 V<\/p>\n<\/li>\n<li class=\"\" data-start=\"1697\" data-end=\"1721\">\n<p class=\"\" data-start=\"1699\" data-end=\"1721\">Chute \u00e0 double torsion : Non<\/p>\n<\/li>\n<li class=\"\" data-start=\"1722\" data-end=\"1751\">\n<p class=\"\" data-start=\"1724\" data-end=\"1751\">Droite\/Inverse : Droite<\/p>\n<\/li>\n<\/ul>\n<p class=\"\" data-start=\"1753\" data-end=\"1978\"><strong data-start=\"1753\" data-end=\"1775\">Domaines d&#039;utilisation<\/strong><br data-start=\"1775\" data-end=\"1778\" \/>Cette g\u00e2che \u00e9lectrique est adapt\u00e9e \u00e0 une utilisation dans des environnements de s\u00e9curit\u00e9 o\u00f9 un verrouillage fiable et durable est requis.<\/p>\n<p class=\"\" data-start=\"1753\" data-end=\"1978\">Id\u00e9al pour les portes en coque de protection, verrouillage interne et dans les b\u00e2timents publics ou commerciaux.<\/p>","protected":false},"excerpt":{"rendered":"<h5><a href=\"https:\/\/elslutblecksguiden.se\/\" target=\"_blank\" rel=\"noopener\">Guide pour les serrures \u00e9lectriques ASSA, les serrures motoris\u00e9es, les g\u00e2ches \u00e9lectriques et le guide de remplacement<\/a><\/h5>","protected":false},"featured_media":159498,"template":"","meta":{"_acf_changed":false},"product_brand":[],"product_cat":[3355],"product_tag":[4198,4200,2967],"class_list":{"0":"post-91542","1":"product","2":"type-product","3":"status-publish","4":"has-post-thumbnail","6":"product_cat-elslutbleck","7":"product_tag-12v","8":"product_tag-rattvand","9":"product_tag-rg-assa-abloy","10":"product_shipping_class-tunga-paket","11":"pa_brands-abloy","12":"tm-no-options","14":"first","15":"onbackorder","16":"sale","17":"taxable","18":"shipping-taxable","19":"purchasable","20":"product-type-simple"},"acf":[],"_links":{"self":[{"href":"https:\/\/secureus.se\/fr\/wp-json\/wp\/v2\/product\/91542","targetHints":{"allow":["GET"]}}],"collection":[{"href":"https:\/\/secureus.se\/fr\/wp-json\/wp\/v2\/product"}],"about":[{"href":"https:\/\/secureus.se\/fr\/wp-json\/wp\/v2\/types\/product"}],"wp:featuredmedia":[{"embeddable":true,"href":"https:\/\/secureus.se\/fr\/wp-json\/wp\/v2\/media\/159498"}],"wp:attachment":[{"href":"https:\/\/secureus.se\/fr\/wp-json\/wp\/v2\/media?parent=91542"}],"wp:term":[{"taxonomy":"product_brand","embeddable":true,"href":"https:\/\/secureus.se\/fr\/wp-json\/wp\/v2\/product_brand?post=91542"},{"taxonomy":"product_cat","embeddable":true,"href":"https:\/\/secureus.se\/fr\/wp-json\/wp\/v2\/product_cat?post=91542"},{"taxonomy":"product_tag","embeddable":true,"href":"https:\/\/secureus.se\/fr\/wp-json\/wp\/v2\/product_tag?post=91542"}],"curies":[{"name":"wp","href":"https:\/\/api.w.org\/{rel}","templated":true}]}}