{"id":91543,"date":"2023-09-27T18:13:52","date_gmt":"2023-09-27T16:13:52","guid":{"rendered":"https:\/\/secureus.se\/elslutbleck-585-omstallbar-12-24v-hi-o-kolvkontakt\/"},"modified":"2026-04-08T15:57:36","modified_gmt":"2026-04-08T13:57:36","slug":"elslutbleck-585-omstallbar-12-24v-hi-o-kolvkontakt","status":"publish","type":"product","link":"https:\/\/secureus.se\/fr\/elslutbleck-585-omstallbar-12-24v-hi-o-kolvkontakt\/","title":{"rendered":"Plaque d&#039;extr\u00e9mit\u00e9 \u00e9lectrique 585 Contact piston Hi-O r\u00e9glable 12-24V"},"content":{"rendered":"<h1>Plaque d&#039;extr\u00e9mit\u00e9 \u00e9lectrique 585 Contact piston Hi-O r\u00e9glable 12-24V<\/h1>\n<p class=\"\" data-start=\"481\" data-end=\"901\">La g\u00e2che \u00e9lectrique standard ASSA ABLOY 585 r\u00e9glable 12-24 V Hi-O Le contact \u00e0 piston est con\u00e7u pour \u00eatre utilis\u00e9 dans les portes qui ont des exigences de s\u00e9curit\u00e9 normales.<\/p>\n<p class=\"\" data-start=\"481\" data-end=\"901\">Il est facile de basculer entre la fonction avant et arri\u00e8re, ce qui le rend tr\u00e8s flexible pour diff\u00e9rents besoins d&#039;installation.<\/p>\n<p class=\"\" data-start=\"481\" data-end=\"901\">Le verrou est d\u00e9verrouill\u00e9 en cas de panne de courant lorsqu&#039;il est utilis\u00e9 en mode inverse, ce qui le rend id\u00e9al pour les situations o\u00f9 cela est n\u00e9cessaire.<\/p>\n<p class=\"\" data-start=\"903\" data-end=\"1270\">La g\u00e2che \u00e9lectrique est con\u00e7ue pour \u00eatre utilis\u00e9e dans les portes de s\u00e9paration de compartiments coupe-feu en combinaison avec une serrure \u00e0 double loquet et un poteau d\u00e9sign\u00e9.<\/p>\n<p class=\"\" data-start=\"903\" data-end=\"1270\">Avec une r\u00e9sistance \u00e0 la rupture de 700 kg (7 kN), un verrou tournant en bronze et un bo\u00eetier de verrouillage en alliage de zinc, il offre \u00e0 la fois durabilit\u00e9 et haute s\u00e9curit\u00e9.<\/p>\n<p class=\"\" data-start=\"903\" data-end=\"1270\">Il est \u00e9galement \u00e9quip\u00e9 d&#039;un loquet de verrouillage et d&#039;une protection transitoire int\u00e9gr\u00e9e pour se prot\u00e9ger contre les interf\u00e9rences \u00e9lectriques.<\/p>\n<p class=\"\" data-start=\"1272\" data-end=\"1401\">La g\u00e2che \u00e9lectrique 585 est \u00e9galement compatible avec la technologie Can bus Hi-O, ce qui en fait un choix parfait pour les syst\u00e8mes de s\u00e9curit\u00e9 int\u00e9gr\u00e9s.<\/p>\n<p class=\"\" data-start=\"1403\" data-end=\"1425\"><strong data-start=\"1403\" data-end=\"1423\">Caract\u00e9ristiques:<\/strong><\/p>\n<ul data-start=\"1426\" data-end=\"1761\">\n<li class=\"\" data-start=\"1426\" data-end=\"1460\">\n<p class=\"\" data-start=\"1428\" data-end=\"1460\">R\u00e9sistance \u00e0 la rupture : 700 kg (7 kN)<\/p>\n<\/li>\n<li class=\"\" data-start=\"1461\" data-end=\"1493\">\n<p class=\"\" data-start=\"1463\" data-end=\"1493\">Charni\u00e8re de porte : droite, gauche<\/p>\n<\/li>\n<li class=\"\" data-start=\"1494\" data-end=\"1531\">\n<p class=\"\" data-start=\"1496\" data-end=\"1531\">Type de serrure : Serrure \u00e0 p\u00eane simple, Serrure \u00e0 p\u00eane double<\/p>\n<\/li>\n<li class=\"\" data-start=\"1532\" data-end=\"1557\">\n<p class=\"\" data-start=\"1534\" data-end=\"1557\">Tension de fonctionnement : 12-24 V<\/p>\n<\/li>\n<li class=\"\" data-start=\"1558\" data-end=\"1590\">\n<p class=\"\" data-start=\"1560\" data-end=\"1590\">Couleur\/Traitement de surface : Zingu\u00e9<\/p>\n<\/li>\n<li class=\"\" data-start=\"1591\" data-end=\"1610\">\n<p class=\"\" data-start=\"1593\" data-end=\"1610\">Contact du piston : Oui<\/p>\n<\/li>\n<li class=\"\" data-start=\"1611\" data-end=\"1636\">\n<p class=\"\" data-start=\"1613\" data-end=\"1636\">Tension CA\/CC : CA\/CC<\/p>\n<\/li>\n<li class=\"\" data-start=\"1637\" data-end=\"1661\">\n<p class=\"\" data-start=\"1639\" data-end=\"1661\">Tension maximale : 26,4 V<\/p>\n<\/li>\n<li class=\"\" data-start=\"1662\" data-end=\"1686\">\n<p class=\"\" data-start=\"1664\" data-end=\"1686\">Tension minimale : 10,8 V<\/p>\n<\/li>\n<li class=\"\" data-start=\"1687\" data-end=\"1711\">\n<p class=\"\" data-start=\"1689\" data-end=\"1711\">Chute \u00e0 double torsion : Non<\/p>\n<\/li>\n<li class=\"\" data-start=\"1712\" data-end=\"1761\">\n<p class=\"\" data-start=\"1714\" data-end=\"1761\">Avant\/Arri\u00e8re : Commutable (Avant\/Arri\u00e8re)<\/p>\n<\/li>\n<\/ul>\n<p class=\"\" data-start=\"1763\" data-end=\"2043\"><strong data-start=\"1763\" data-end=\"1785\">Domaines d&#039;utilisation<\/strong><br data-start=\"1785\" data-end=\"1788\" \/>Cette g\u00e2che \u00e9lectrique est parfaite pour une utilisation dans les portes pour la protection des coques, le verrouillage int\u00e9rieur, les entr\u00e9es et les espaces publics dans les immeubles d&#039;habitation, les bureaux et l&#039;industrie.<\/p>\n<p class=\"\" data-start=\"1763\" data-end=\"2043\">Il est particuli\u00e8rement utile dans les syst\u00e8mes de s\u00e9curit\u00e9 int\u00e9gr\u00e9s qui n\u00e9cessitent la prise en charge de la technologie de bus Can Hi-O.<\/p>","protected":false},"excerpt":{"rendered":"<h5><a href=\"https:\/\/elslutblecksguiden.se\/\" target=\"_blank\" rel=\"noopener\">Guide pour les serrures \u00e9lectriques ASSA, les serrures motoris\u00e9es, les g\u00e2ches \u00e9lectriques et le guide de remplacement<\/a><\/h5>","protected":false},"featured_media":139430,"template":"","meta":{"_acf_changed":false},"product_brand":[],"product_cat":[3355],"product_tag":[4196,4202,2967],"class_list":{"0":"post-91543","1":"product","2":"type-product","3":"status-publish","4":"has-post-thumbnail","6":"product_cat-elslutbleck","7":"product_tag-12-24v","8":"product_tag-omstallbar-rattvand-omvand","9":"product_tag-rg-assa-abloy","10":"product_shipping_class-tunga-paket","11":"pa_brands-abloy","12":"tm-no-options","14":"first","15":"outofstock","16":"sale","17":"taxable","18":"shipping-taxable","19":"purchasable","20":"product-type-simple"},"acf":[],"_links":{"self":[{"href":"https:\/\/secureus.se\/fr\/wp-json\/wp\/v2\/product\/91543","targetHints":{"allow":["GET"]}}],"collection":[{"href":"https:\/\/secureus.se\/fr\/wp-json\/wp\/v2\/product"}],"about":[{"href":"https:\/\/secureus.se\/fr\/wp-json\/wp\/v2\/types\/product"}],"wp:featuredmedia":[{"embeddable":true,"href":"https:\/\/secureus.se\/fr\/wp-json\/wp\/v2\/media\/139430"}],"wp:attachment":[{"href":"https:\/\/secureus.se\/fr\/wp-json\/wp\/v2\/media?parent=91543"}],"wp:term":[{"taxonomy":"product_brand","embeddable":true,"href":"https:\/\/secureus.se\/fr\/wp-json\/wp\/v2\/product_brand?post=91543"},{"taxonomy":"product_cat","embeddable":true,"href":"https:\/\/secureus.se\/fr\/wp-json\/wp\/v2\/product_cat?post=91543"},{"taxonomy":"product_tag","embeddable":true,"href":"https:\/\/secureus.se\/fr\/wp-json\/wp\/v2\/product_tag?post=91543"}],"curies":[{"name":"wp","href":"https:\/\/api.w.org\/{rel}","templated":true}]}}