{"id":91544,"date":"2023-09-27T18:13:50","date_gmt":"2023-09-27T16:13:50","guid":{"rendered":"https:\/\/secureus.se\/elslutbleck-75-omstallbar-12-24v\/"},"modified":"2026-03-25T15:41:12","modified_gmt":"2026-03-25T14:41:12","slug":"elslutbleck-75-omstallbar-12-24v","status":"publish","type":"product","link":"https:\/\/secureus.se\/fr\/elslutbleck-75-omstallbar-12-24v\/","title":{"rendered":"Plaque d&#039;extr\u00e9mit\u00e9 \u00e9lectrique 75 Commutable 12-24V"},"content":{"rendered":"<h1>Plaque d&#039;extr\u00e9mit\u00e9 \u00e9lectrique 75 Commutable 12-24V<\/h1>\n<p class=\"\" data-start=\"430\" data-end=\"729\">La g\u00e2che \u00e9lectrique standard ASSA ABLOY 75 r\u00e9glable 12-24 V est con\u00e7ue pour les portes avec des exigences de s\u00e9curit\u00e9 normales.<\/p>\n<p class=\"\" data-start=\"430\" data-end=\"729\">Le verrouillage peut \u00eatre facilement commut\u00e9 entre la fonction avant et arri\u00e8re, ce qui offre une flexibilit\u00e9 en fonction de la n\u00e9cessit\u00e9 de verrouiller ou de d\u00e9verrouiller la porte en cas de panne de courant.<\/p>\n<p class=\"\" data-start=\"731\" data-end=\"1024\">Il est particuli\u00e8rement adapt\u00e9 \u00e0 une utilisation dans les portes de s\u00e9paration de compartiments coupe-feu et en combinaison avec des serrures \u00e0 simple ou double p\u00eane interverrouill\u00e9es.<\/p>\n<p class=\"\" data-start=\"731\" data-end=\"1024\">Avec une r\u00e9sistance \u00e0 la rupture de 700 kg (7 kN) et une construction robuste avec un verrou tournant en bronze et un bo\u00eetier de verrouillage en alliage de zinc, il offre \u00e0 la fois durabilit\u00e9 et haute s\u00e9curit\u00e9.<\/p>\n<p class=\"\" data-start=\"1026\" data-end=\"1277\">La g\u00e2che \u00e9lectrique est \u00e9galement \u00e9quip\u00e9e d&#039;une protection transitoire int\u00e9gr\u00e9e pour se prot\u00e9ger contre les interf\u00e9rences \u00e9lectriques, ce qui la rend particuli\u00e8rement fiable dans les environnements sensibles.<\/p>\n<p class=\"\" data-start=\"1026\" data-end=\"1277\">Sa grande r\u00e9sistance aux chocs et aux vibrations le rend parfait pour les portes qui n\u00e9cessitent un fonctionnement durable et s\u00fbr.<\/p>\n<p class=\"\" data-start=\"1279\" data-end=\"1301\"><strong data-start=\"1279\" data-end=\"1299\">Caract\u00e9ristiques:<\/strong><\/p>\n<ul data-start=\"1302\" data-end=\"1638\">\n<li class=\"\" data-start=\"1302\" data-end=\"1336\">\n<p class=\"\" data-start=\"1304\" data-end=\"1336\">R\u00e9sistance \u00e0 la rupture : 700 kg (7 kN)<\/p>\n<\/li>\n<li class=\"\" data-start=\"1337\" data-end=\"1369\">\n<p class=\"\" data-start=\"1339\" data-end=\"1369\">Charni\u00e8re de porte : droite, gauche<\/p>\n<\/li>\n<li class=\"\" data-start=\"1370\" data-end=\"1407\">\n<p class=\"\" data-start=\"1372\" data-end=\"1407\">Type de serrure : Serrure \u00e0 p\u00eane simple, Serrure \u00e0 p\u00eane double<\/p>\n<\/li>\n<li class=\"\" data-start=\"1408\" data-end=\"1433\">\n<p class=\"\" data-start=\"1410\" data-end=\"1433\">Tension de fonctionnement : 12-24 V<\/p>\n<\/li>\n<li class=\"\" data-start=\"1434\" data-end=\"1466\">\n<p class=\"\" data-start=\"1436\" data-end=\"1466\">Couleur\/Traitement de surface : Zingu\u00e9<\/p>\n<\/li>\n<li class=\"\" data-start=\"1467\" data-end=\"1487\">\n<p class=\"\" data-start=\"1469\" data-end=\"1487\">Contact piston : Non<\/p>\n<\/li>\n<li class=\"\" data-start=\"1488\" data-end=\"1513\">\n<p class=\"\" data-start=\"1490\" data-end=\"1513\">Tension CA\/CC : CA\/CC<\/p>\n<\/li>\n<li class=\"\" data-start=\"1514\" data-end=\"1538\">\n<p class=\"\" data-start=\"1516\" data-end=\"1538\">Tension maximale : 26,4 V<\/p>\n<\/li>\n<li class=\"\" data-start=\"1539\" data-end=\"1563\">\n<p class=\"\" data-start=\"1541\" data-end=\"1563\">Tension minimale : 10,8 V<\/p>\n<\/li>\n<li class=\"\" data-start=\"1564\" data-end=\"1588\">\n<p class=\"\" data-start=\"1566\" data-end=\"1588\">Chute \u00e0 double torsion : Non<\/p>\n<\/li>\n<li class=\"\" data-start=\"1589\" data-end=\"1638\">\n<p class=\"\" data-start=\"1591\" data-end=\"1638\">Avant\/Arri\u00e8re : Commutable (Avant\/Arri\u00e8re)<\/p>\n<\/li>\n<\/ul>\n<p class=\"\" data-start=\"1640\" data-end=\"1919\"><strong data-start=\"1640\" data-end=\"1662\">Domaines d&#039;utilisation<\/strong><br data-start=\"1662\" data-end=\"1665\" \/>La g\u00e2che \u00e9lectrique 75 r\u00e9glable 12-24 V est parfaite pour une utilisation dans la protection p\u00e9rim\u00e9trique, le verrouillage interne et la s\u00e9curit\u00e9 dans les b\u00e2timents commerciaux, les bureaux et les immeubles d&#039;appartements.<\/p>\n<p class=\"\" data-start=\"1640\" data-end=\"1919\">Il offre une solution flexible et s\u00fbre pour les portes qui doivent \u00eatre adaptables \u00e0 diff\u00e9rentes exigences de s\u00e9curit\u00e9.<\/p>","protected":false},"excerpt":{"rendered":"<h5><a href=\"https:\/\/elslutblecksguiden.se\/\" target=\"_blank\" rel=\"noopener\">Guide pour les serrures \u00e9lectriques ASSA, les serrures motoris\u00e9es, les g\u00e2ches \u00e9lectriques et le guide de remplacement<\/a><\/h5>","protected":false},"featured_media":137056,"template":"","meta":{"_acf_changed":false},"product_brand":[],"product_cat":[3355],"product_tag":[4196,4202,2967],"class_list":{"0":"post-91544","1":"product","2":"type-product","3":"status-publish","4":"has-post-thumbnail","6":"product_cat-elslutbleck","7":"product_tag-12-24v","8":"product_tag-omstallbar-rattvand-omvand","9":"product_tag-rg-assa-abloy","10":"product_shipping_class-tunga-paket","11":"pa_brands-abloy","12":"tm-no-options","14":"first","15":"instock","16":"sale","17":"taxable","18":"shipping-taxable","19":"purchasable","20":"product-type-simple"},"acf":[],"_links":{"self":[{"href":"https:\/\/secureus.se\/fr\/wp-json\/wp\/v2\/product\/91544","targetHints":{"allow":["GET"]}}],"collection":[{"href":"https:\/\/secureus.se\/fr\/wp-json\/wp\/v2\/product"}],"about":[{"href":"https:\/\/secureus.se\/fr\/wp-json\/wp\/v2\/types\/product"}],"wp:featuredmedia":[{"embeddable":true,"href":"https:\/\/secureus.se\/fr\/wp-json\/wp\/v2\/media\/137056"}],"wp:attachment":[{"href":"https:\/\/secureus.se\/fr\/wp-json\/wp\/v2\/media?parent=91544"}],"wp:term":[{"taxonomy":"product_brand","embeddable":true,"href":"https:\/\/secureus.se\/fr\/wp-json\/wp\/v2\/product_brand?post=91544"},{"taxonomy":"product_cat","embeddable":true,"href":"https:\/\/secureus.se\/fr\/wp-json\/wp\/v2\/product_cat?post=91544"},{"taxonomy":"product_tag","embeddable":true,"href":"https:\/\/secureus.se\/fr\/wp-json\/wp\/v2\/product_tag?post=91544"}],"curies":[{"name":"wp","href":"https:\/\/api.w.org\/{rel}","templated":true}]}}