{"id":91545,"date":"2023-09-27T18:13:49","date_gmt":"2023-09-27T16:13:49","guid":{"rendered":"https:\/\/secureus.se\/elslutbleck-8331-omvand-24v-kolvkontakt\/"},"modified":"2026-04-08T15:57:53","modified_gmt":"2026-04-08T13:57:53","slug":"elslutbleck-8331-omvand-24v-kolvkontakt","status":"publish","type":"product","link":"https:\/\/secureus.se\/fr\/elslutbleck-8331-omvand-24v-kolvkontakt\/","title":{"rendered":"Plaque d&#039;extr\u00e9mit\u00e9 \u00e9lectrique 8331 Contact piston invers\u00e9 24V"},"content":{"rendered":"<h1>Plaque d&#039;extr\u00e9mit\u00e9 \u00e9lectrique 8331 Contact piston invers\u00e9 24V<\/h1>\n<p class=\"\" data-start=\"449\" data-end=\"801\">La g\u00e2che \u00e9lectrique extra-forte ASSA ABLOY 8331 Reverse 24V Contact \u00e0 piston est con\u00e7ue pour r\u00e9pondre aux exigences de s\u00e9curit\u00e9 les plus \u00e9lev\u00e9es, en particulier dans les portes \u00e0 haute fr\u00e9quence d&#039;utilisation.<\/p>\n<p class=\"\" data-start=\"449\" data-end=\"801\">Il est particuli\u00e8rement adapt\u00e9 \u00e0 une utilisation comme serrure de jour dans les enceintes, entr\u00e9es, portails et autres portes expos\u00e9es \u00e0 des charges \u00e9lev\u00e9es dans le commerce, les bureaux et l&#039;industrie.<\/p>\n<p class=\"\" data-start=\"803\" data-end=\"1152\">La g\u00e2che \u00e9lectrique poss\u00e8de une fonction inverse, c&#039;est-\u00e0-dire qu&#039;elle se d\u00e9verrouille en cas de panne de courant, ce qui la rend optimale pour une utilisation dans les portes de secours et les sas avec diff\u00e9rences de pression.<\/p>\n<p class=\"\" data-start=\"803\" data-end=\"1152\">Sa r\u00e9sistance \u00e0 la rupture de 750 kg (7,5 kN) et sa capacit\u00e9 \u00e0 supporter une pression de bande de 500 kg en font une solution s\u00fbre et fiable m\u00eame dans des conditions difficiles.<\/p>\n<p class=\"\" data-start=\"1154\" data-end=\"1401\">Avec une construction durable qui peut r\u00e9sister \u00e0 des millions de cycles d&#039;ouverture et un verrou tournant en acier et un bo\u00eetier de verrouillage, cette g\u00e2che \u00e9lectrique offre une longue durabilit\u00e9 et une fonction fiable.<\/p>\n<p class=\"\" data-start=\"1154\" data-end=\"1401\">Son connecteur \u00e0 piston verrouillable et son connecteur d&#039;ancrage assurent une installation facile et s\u00e9curis\u00e9e.<\/p>\n<p class=\"\" data-start=\"1403\" data-end=\"1425\"><strong data-start=\"1403\" data-end=\"1423\">Caract\u00e9ristiques:<\/strong><\/p>\n<ul data-start=\"1426\" data-end=\"1755\">\n<li class=\"\" data-start=\"1426\" data-end=\"1462\">\n<p class=\"\" data-start=\"1428\" data-end=\"1462\">R\u00e9sistance \u00e0 la rupture : 750 kg (7,5 kN)<\/p>\n<\/li>\n<li class=\"\" data-start=\"1463\" data-end=\"1495\">\n<p class=\"\" data-start=\"1465\" data-end=\"1495\">Charni\u00e8re de porte : droite, gauche<\/p>\n<\/li>\n<li class=\"\" data-start=\"1496\" data-end=\"1517\">\n<p class=\"\" data-start=\"1498\" data-end=\"1517\">Pression nominale : 500 kg<\/p>\n<\/li>\n<li class=\"\" data-start=\"1518\" data-end=\"1555\">\n<p class=\"\" data-start=\"1520\" data-end=\"1555\">Type de serrure : Serrure \u00e0 p\u00eane simple, Serrure \u00e0 p\u00eane double<\/p>\n<\/li>\n<li class=\"\" data-start=\"1556\" data-end=\"1578\">\n<p class=\"\" data-start=\"1558\" data-end=\"1578\">Tension de fonctionnement : 24 V<\/p>\n<\/li>\n<li class=\"\" data-start=\"1579\" data-end=\"1609\">\n<p class=\"\" data-start=\"1581\" data-end=\"1609\">Couleur\/Finition : Acier inoxydable<\/p>\n<\/li>\n<li class=\"\" data-start=\"1610\" data-end=\"1629\">\n<p class=\"\" data-start=\"1612\" data-end=\"1629\">Contact du piston : Oui<\/p>\n<\/li>\n<li class=\"\" data-start=\"1630\" data-end=\"1652\">\n<p class=\"\" data-start=\"1632\" data-end=\"1652\">Tension AC\/DC : DC<\/p>\n<\/li>\n<li class=\"\" data-start=\"1653\" data-end=\"1677\">\n<p class=\"\" data-start=\"1655\" data-end=\"1677\">Tension maximale : 26,4 V<\/p>\n<\/li>\n<li class=\"\" data-start=\"1678\" data-end=\"1702\">\n<p class=\"\" data-start=\"1680\" data-end=\"1702\">Tension minimale : 21,6 V<\/p>\n<\/li>\n<li class=\"\" data-start=\"1703\" data-end=\"1727\">\n<p class=\"\" data-start=\"1705\" data-end=\"1727\">Chute \u00e0 double torsion : Non<\/p>\n<\/li>\n<li class=\"\" data-start=\"1728\" data-end=\"1755\">\n<p class=\"\" data-start=\"1730\" data-end=\"1755\">Droite\/Invers\u00e9 : Inverser<\/p>\n<\/li>\n<\/ul>\n<p class=\"\" data-start=\"1757\" data-end=\"2047\"><strong data-start=\"1757\" data-end=\"1779\">Domaines d&#039;utilisation<\/strong><br data-start=\"1779\" data-end=\"1782\" \/>La g\u00e2che \u00e9lectrique 8331 est id\u00e9ale pour une utilisation dans les portes de secours, les sas et autres portes critiques pour la s\u00e9curit\u00e9 o\u00f9 il est important que la serrure soit d\u00e9verrouill\u00e9e en cas de panne de courant.<\/p>\n<p class=\"\" data-start=\"1757\" data-end=\"2047\">Id\u00e9al pour la protection et la s\u00e9curit\u00e9 des coques de portes \u00e0 haute fr\u00e9quence dans les environnements industriels, de bureau et commerciaux.<\/p>","protected":false},"excerpt":{"rendered":"<h5><a href=\"https:\/\/elslutblecksguiden.se\/\" target=\"_blank\" rel=\"noopener\">Guide pour les serrures \u00e9lectriques ASSA, les serrures motoris\u00e9es, les g\u00e2ches \u00e9lectriques et le guide de remplacement<\/a><\/h5>","protected":false},"featured_media":139443,"template":"","meta":{"_acf_changed":false},"product_brand":[],"product_cat":[3355],"product_tag":[4197,4201,2967],"class_list":{"0":"post-91545","1":"product","2":"type-product","3":"status-publish","4":"has-post-thumbnail","6":"product_cat-elslutbleck","7":"product_tag-24v","8":"product_tag-omvand","9":"product_tag-rg-assa-abloy","10":"product_shipping_class-tunga-paket","11":"pa_brands-abloy","12":"tm-no-options","14":"first","15":"onbackorder","16":"sale","17":"taxable","18":"shipping-taxable","19":"purchasable","20":"product-type-simple"},"acf":[],"_links":{"self":[{"href":"https:\/\/secureus.se\/fr\/wp-json\/wp\/v2\/product\/91545","targetHints":{"allow":["GET"]}}],"collection":[{"href":"https:\/\/secureus.se\/fr\/wp-json\/wp\/v2\/product"}],"about":[{"href":"https:\/\/secureus.se\/fr\/wp-json\/wp\/v2\/types\/product"}],"wp:featuredmedia":[{"embeddable":true,"href":"https:\/\/secureus.se\/fr\/wp-json\/wp\/v2\/media\/139443"}],"wp:attachment":[{"href":"https:\/\/secureus.se\/fr\/wp-json\/wp\/v2\/media?parent=91545"}],"wp:term":[{"taxonomy":"product_brand","embeddable":true,"href":"https:\/\/secureus.se\/fr\/wp-json\/wp\/v2\/product_brand?post=91545"},{"taxonomy":"product_cat","embeddable":true,"href":"https:\/\/secureus.se\/fr\/wp-json\/wp\/v2\/product_cat?post=91545"},{"taxonomy":"product_tag","embeddable":true,"href":"https:\/\/secureus.se\/fr\/wp-json\/wp\/v2\/product_tag?post=91545"}],"curies":[{"name":"wp","href":"https:\/\/api.w.org\/{rel}","templated":true}]}}