{"id":91548,"date":"2023-09-27T18:13:44","date_gmt":"2023-09-27T16:13:44","guid":{"rendered":"https:\/\/secureus.se\/elslutbleck-910-rattvand-12-24v\/"},"modified":"2026-04-08T15:56:46","modified_gmt":"2026-04-08T13:56:46","slug":"elslutbleck-910-rattvand-12-24v","status":"publish","type":"product","link":"https:\/\/secureus.se\/fr\/elslutbleck-910-rattvand-12-24v\/","title":{"rendered":"Plaque d&#039;extr\u00e9mit\u00e9 \u00e9lectrique 910 Droite 12-24V"},"content":{"rendered":"<h1>Plaque d&#039;extr\u00e9mit\u00e9 \u00e9lectrique 910 Droite 12-24V<\/h1>\n<p class=\"\" data-start=\"428\" data-end=\"779\">La g\u00e2che \u00e9lectrique ASSA 910 droite 12-24 V fait partie de la s\u00e9rie 900 et est con\u00e7ue pour r\u00e9pondre aux exigences de s\u00e9curit\u00e9 des portes utilis\u00e9es dans les environnements commerciaux et industriels.<\/p>\n<p class=\"\" data-start=\"428\" data-end=\"779\">Avec une r\u00e9sistance \u00e0 la rupture de 800 kg (8 kN) et une r\u00e9sistance \u00e9lev\u00e9e aux chocs et aux impacts, cette g\u00e2che \u00e9lectrique est parfaite pour les portes \u00e0 charges \u00e9lev\u00e9es et \u00e0 usage fr\u00e9quent.<\/p>\n<p class=\"\" data-start=\"781\" data-end=\"1152\">La serrure a une fonction r\u00e9versible, ce qui signifie qu&#039;elle est verrouill\u00e9e m\u00eame en cas de panne de courant, ce qui en fait une solution de s\u00e9curit\u00e9 fiable pour diverses applications.<\/p>\n<p class=\"\" data-start=\"781\" data-end=\"1152\">Le bo\u00eetier de la serrure est en alliage de zinc et le verrou tournant est en bronze, ce qui offre une durabilit\u00e9 accrue et une longue dur\u00e9e de vie.<\/p>\n<p class=\"\" data-start=\"781\" data-end=\"1152\">La fonction de pression de bande am\u00e9lior\u00e9e permet d&#039;ouvrir la porte m\u00eame \u00e0 haute pression.<\/p>\n<p class=\"\" data-start=\"1154\" data-end=\"1336\">La g\u00e2che \u00e9lectrique est \u00e9galement \u00e9quip\u00e9e d&#039;un protecteur transitoire int\u00e9gr\u00e9 pour prot\u00e9ger contre les interf\u00e9rences \u00e9lectriques, ce qui la rend particuli\u00e8rement fiable pour les installations o\u00f9 la stabilit\u00e9 est cruciale.<\/p>\n<p class=\"\" data-start=\"1338\" data-end=\"1360\"><strong data-start=\"1338\" data-end=\"1358\">Caract\u00e9ristiques:<\/strong><\/p>\n<ul data-start=\"1361\" data-end=\"1772\">\n<li class=\"\" data-start=\"1361\" data-end=\"1395\">\n<p class=\"\" data-start=\"1363\" data-end=\"1395\">R\u00e9sistance \u00e0 la rupture : 800 kg (8 kN)<\/p>\n<\/li>\n<li class=\"\" data-start=\"1396\" data-end=\"1428\">\n<p class=\"\" data-start=\"1398\" data-end=\"1428\">Charni\u00e8re de porte : droite, gauche<\/p>\n<\/li>\n<li class=\"\" data-start=\"1429\" data-end=\"1449\">\n<p class=\"\" data-start=\"1431\" data-end=\"1449\">Pression de la bande : 12 kg<\/p>\n<\/li>\n<li class=\"\" data-start=\"1450\" data-end=\"1487\">\n<p class=\"\" data-start=\"1452\" data-end=\"1487\">Type de serrure : Serrure \u00e0 p\u00eane simple, Serrure \u00e0 p\u00eane double<\/p>\n<\/li>\n<li class=\"\" data-start=\"1488\" data-end=\"1513\">\n<p class=\"\" data-start=\"1490\" data-end=\"1513\">Tension de fonctionnement : 12-24 V<\/p>\n<\/li>\n<li class=\"\" data-start=\"1514\" data-end=\"1546\">\n<p class=\"\" data-start=\"1516\" data-end=\"1546\">Couleur\/Traitement de surface : Zingu\u00e9<\/p>\n<\/li>\n<li class=\"\" data-start=\"1547\" data-end=\"1567\">\n<p class=\"\" data-start=\"1549\" data-end=\"1567\">Contact piston : Non<\/p>\n<\/li>\n<li class=\"\" data-start=\"1568\" data-end=\"1593\">\n<p class=\"\" data-start=\"1570\" data-end=\"1593\">Tension CA\/CC : CA\/CC<\/p>\n<\/li>\n<li class=\"\" data-start=\"1594\" data-end=\"1618\">\n<p class=\"\" data-start=\"1596\" data-end=\"1618\">Tension maximale : 27,6 V<\/p>\n<\/li>\n<li class=\"\" data-start=\"1619\" data-end=\"1643\">\n<p class=\"\" data-start=\"1621\" data-end=\"1643\">Tension minimale : 10,8 V<\/p>\n<\/li>\n<li class=\"\" data-start=\"1644\" data-end=\"1668\">\n<p class=\"\" data-start=\"1646\" data-end=\"1668\">Chute \u00e0 double torsion : Non<\/p>\n<\/li>\n<li class=\"\" data-start=\"1669\" data-end=\"1698\">\n<p class=\"\" data-start=\"1671\" data-end=\"1698\">Droite\/Inverse : Droite<\/p>\n<\/li>\n<li class=\"\" data-start=\"1699\" data-end=\"1723\">\n<p class=\"\" data-start=\"1701\" data-end=\"1723\">Largeur du produit : 27 mm<\/p>\n<\/li>\n<li class=\"\" data-start=\"1724\" data-end=\"1747\">\n<p class=\"\" data-start=\"1726\" data-end=\"1747\">Profondeur du produit : 40 mm<\/p>\n<\/li>\n<li class=\"\" data-start=\"1748\" data-end=\"1772\">\n<p class=\"\" data-start=\"1750\" data-end=\"1772\">Hauteur du produit : 140 mm<\/p>\n<\/li>\n<\/ul>\n<p class=\"\" data-start=\"1774\" data-end=\"1993\"><strong data-start=\"1774\" data-end=\"1796\">Domaines d&#039;utilisation<\/strong><br data-start=\"1796\" data-end=\"1799\" \/>La g\u00e2che \u00e9lectrique 910 Droite 12-24V est parfaite pour les portes utilis\u00e9es dans des environnements critiques pour la s\u00e9curit\u00e9, tels que la protection des coques, le verrouillage interne, les entr\u00e9es et les espaces publics dans les bureaux, le commerce et l&#039;industrie.<\/p>","protected":false},"excerpt":{"rendered":"<h5><a href=\"https:\/\/elslutblecksguiden.se\/\" target=\"_blank\" rel=\"noopener\">Guide pour les serrures \u00e9lectriques ASSA, les serrures motoris\u00e9es, les g\u00e2ches \u00e9lectriques et le guide de remplacement<\/a><\/h5>","protected":false},"featured_media":139081,"template":"","meta":{"_acf_changed":false},"product_brand":[],"product_cat":[3355],"product_tag":[4196,4200,2967],"class_list":{"0":"post-91548","1":"product","2":"type-product","3":"status-publish","4":"has-post-thumbnail","6":"product_cat-elslutbleck","7":"product_tag-12-24v","8":"product_tag-rattvand","9":"product_tag-rg-assa-abloy","10":"product_shipping_class-tunga-paket","11":"pa_brands-abloy","12":"tm-no-options","14":"first","15":"outofstock","16":"sale","17":"taxable","18":"shipping-taxable","19":"purchasable","20":"product-type-simple"},"acf":[],"_links":{"self":[{"href":"https:\/\/secureus.se\/fr\/wp-json\/wp\/v2\/product\/91548","targetHints":{"allow":["GET"]}}],"collection":[{"href":"https:\/\/secureus.se\/fr\/wp-json\/wp\/v2\/product"}],"about":[{"href":"https:\/\/secureus.se\/fr\/wp-json\/wp\/v2\/types\/product"}],"wp:featuredmedia":[{"embeddable":true,"href":"https:\/\/secureus.se\/fr\/wp-json\/wp\/v2\/media\/139081"}],"wp:attachment":[{"href":"https:\/\/secureus.se\/fr\/wp-json\/wp\/v2\/media?parent=91548"}],"wp:term":[{"taxonomy":"product_brand","embeddable":true,"href":"https:\/\/secureus.se\/fr\/wp-json\/wp\/v2\/product_brand?post=91548"},{"taxonomy":"product_cat","embeddable":true,"href":"https:\/\/secureus.se\/fr\/wp-json\/wp\/v2\/product_cat?post=91548"},{"taxonomy":"product_tag","embeddable":true,"href":"https:\/\/secureus.se\/fr\/wp-json\/wp\/v2\/product_tag?post=91548"}],"curies":[{"name":"wp","href":"https:\/\/api.w.org\/{rel}","templated":true}]}}