{"id":91551,"date":"2023-09-27T18:13:40","date_gmt":"2023-09-27T16:13:40","guid":{"rendered":"https:\/\/secureus.se\/elslutbleck-920-brand-rattvand-12-24v\/"},"modified":"2026-04-08T15:56:52","modified_gmt":"2026-04-08T13:56:52","slug":"elslutbleck-920-brand-rattvand-12-24v","status":"publish","type":"product","link":"https:\/\/secureus.se\/fr\/elslutbleck-920-brand-rattvand-12-24v\/","title":{"rendered":"Plaque d&#039;extr\u00e9mit\u00e9 \u00e9lectrique Marque 920 Droite 12-24V"},"content":{"rendered":"<h1>Plaque d&#039;extr\u00e9mit\u00e9 \u00e9lectrique Marque 920 Droite 12-24V<\/h1>\n<p class=\"\" data-start=\"419\" data-end=\"775\">La g\u00e2che \u00e9lectrique ASSA 920 Fire Right-Hand 12-24V fait partie de la s\u00e9rie 900 et est con\u00e7ue pour offrir une s\u00e9curit\u00e9 et une fiabilit\u00e9 \u00e9lev\u00e9es dans les portes utilis\u00e9es dans les cloisons de s\u00e9paration coupe-feu.<\/p>\n<p class=\"\" data-start=\"419\" data-end=\"775\">Avec un indice de r\u00e9sistance au feu E\/EI60, il est con\u00e7u pour r\u00e9sister au feu jusqu&#039;\u00e0 60 minutes, ce qui en fait une solution s\u00fbre pour les portes de compartiments coupe-feu.<\/p>\n<p class=\"\" data-start=\"777\" data-end=\"1089\">Avec une r\u00e9sistance \u00e0 la rupture de 1000 kg (10 kN) et une r\u00e9sistance \u00e9lev\u00e9e aux chocs et aux impacts, cette g\u00e2che \u00e9lectrique est id\u00e9ale pour les portes \u00e0 haute fr\u00e9quence dans les environnements expos\u00e9s.<\/p>\n<p class=\"\" data-start=\"777\" data-end=\"1089\">Le bo\u00eetier de la serrure est en acier et le loquet rotatif est en acier, ce qui offre une durabilit\u00e9 suppl\u00e9mentaire. La fonction de pression de bande am\u00e9lior\u00e9e permet d&#039;ouvrir la porte m\u00eame sous pression.<\/p>\n<p class=\"\" data-start=\"1091\" data-end=\"1318\">La g\u00e2che \u00e9lectrique est \u00e9galement \u00e9quip\u00e9e d&#039;une protection transitoire int\u00e9gr\u00e9e, qui prot\u00e8ge contre les interf\u00e9rences \u00e9lectriques. Sa fonction inverse garantit que la porte reste verrouill\u00e9e en cas de panne de courant, augmentant ainsi la s\u00e9curit\u00e9 dans les situations d&#039;urgence.<\/p>\n<p class=\"\" data-start=\"1320\" data-end=\"1342\"><strong data-start=\"1320\" data-end=\"1340\">Caract\u00e9ristiques:<\/strong><\/p>\n<ul data-start=\"1343\" data-end=\"1780\">\n<li class=\"\" data-start=\"1343\" data-end=\"1379\">\n<p class=\"\" data-start=\"1345\" data-end=\"1379\">R\u00e9sistance \u00e0 la rupture : 1000 kg (10 kN)<\/p>\n<\/li>\n<li class=\"\" data-start=\"1380\" data-end=\"1412\">\n<p class=\"\" data-start=\"1382\" data-end=\"1412\">Charni\u00e8re de porte : droite, gauche<\/p>\n<\/li>\n<li class=\"\" data-start=\"1413\" data-end=\"1433\">\n<p class=\"\" data-start=\"1415\" data-end=\"1433\">Pression de la bande : 12 kg<\/p>\n<\/li>\n<li class=\"\" data-start=\"1434\" data-end=\"1471\">\n<p class=\"\" data-start=\"1436\" data-end=\"1471\">Type de serrure : Serrure \u00e0 p\u00eane simple, Serrure \u00e0 p\u00eane double<\/p>\n<\/li>\n<li class=\"\" data-start=\"1472\" data-end=\"1497\">\n<p class=\"\" data-start=\"1474\" data-end=\"1497\">Tension de fonctionnement : 12-24 V<\/p>\n<\/li>\n<li class=\"\" data-start=\"1498\" data-end=\"1530\">\n<p class=\"\" data-start=\"1500\" data-end=\"1530\">Couleur\/Traitement de surface : Zingu\u00e9<\/p>\n<\/li>\n<li class=\"\" data-start=\"1531\" data-end=\"1551\">\n<p class=\"\" data-start=\"1533\" data-end=\"1551\">Contact piston : Non<\/p>\n<\/li>\n<li class=\"\" data-start=\"1552\" data-end=\"1577\">\n<p class=\"\" data-start=\"1554\" data-end=\"1577\">Tension CA\/CC : CA\/CC<\/p>\n<\/li>\n<li class=\"\" data-start=\"1578\" data-end=\"1602\">\n<p class=\"\" data-start=\"1580\" data-end=\"1602\">Tension maximale : 27,6 V<\/p>\n<\/li>\n<li class=\"\" data-start=\"1603\" data-end=\"1627\">\n<p class=\"\" data-start=\"1605\" data-end=\"1627\">Tension minimale : 10,8 V<\/p>\n<\/li>\n<li class=\"\" data-start=\"1628\" data-end=\"1652\">\n<p class=\"\" data-start=\"1630\" data-end=\"1652\">Chute \u00e0 double torsion : Non<\/p>\n<\/li>\n<li class=\"\" data-start=\"1653\" data-end=\"1682\">\n<p class=\"\" data-start=\"1655\" data-end=\"1682\">Droite\/Inverse : Droite<\/p>\n<\/li>\n<li class=\"\" data-start=\"1683\" data-end=\"1706\">\n<p class=\"\" data-start=\"1685\" data-end=\"1706\">Test\u00e9 au feu : 60 min<\/p>\n<\/li>\n<li class=\"\" data-start=\"1707\" data-end=\"1731\">\n<p class=\"\" data-start=\"1709\" data-end=\"1731\">Largeur du produit : 27 mm<\/p>\n<\/li>\n<li class=\"\" data-start=\"1732\" data-end=\"1755\">\n<p class=\"\" data-start=\"1734\" data-end=\"1755\">Profondeur du produit : 40 mm<\/p>\n<\/li>\n<li class=\"\" data-start=\"1756\" data-end=\"1780\">\n<p class=\"\" data-start=\"1758\" data-end=\"1780\">Hauteur du produit : 140 mm<\/p>\n<\/li>\n<\/ul>\n<p class=\"\" data-start=\"1782\" data-end=\"2085\"><strong data-start=\"1782\" data-end=\"1804\">Domaines d&#039;utilisation<\/strong><br data-start=\"1804\" data-end=\"1807\" \/>La g\u00e2che \u00e9lectrique 920 Fire R\u00e4ttv\u00e4nd 12-24V est id\u00e9ale pour une utilisation dans les portes de s\u00e9paration coupe-feu et les portes qui n\u00e9cessitent une s\u00e9curit\u00e9 \u00e9lev\u00e9e en cas d&#039;incendie.<\/p>\n<p class=\"\" data-start=\"1782\" data-end=\"2085\">Il convient \u00e0 l&#039;installation dans des b\u00e2timents tels que des bureaux, des industries, des commerces et des immeubles multifamiliaux o\u00f9 la s\u00e9curit\u00e9 et la r\u00e9sistance au feu sont cruciales.<\/p>","protected":false},"excerpt":{"rendered":"<h5><a href=\"https:\/\/elslutblecksguiden.se\/\" target=\"_blank\" rel=\"noopener\">Guide pour les serrures \u00e9lectriques ASSA, les serrures motoris\u00e9es, les g\u00e2ches \u00e9lectriques et le guide de remplacement<\/a><\/h5>","protected":false},"featured_media":139107,"template":"","meta":{"_acf_changed":false},"product_brand":[],"product_cat":[3355],"product_tag":[4196,4200,2967],"class_list":{"0":"post-91551","1":"product","2":"type-product","3":"status-publish","4":"has-post-thumbnail","6":"product_cat-elslutbleck","7":"product_tag-12-24v","8":"product_tag-rattvand","9":"product_tag-rg-assa-abloy","10":"product_shipping_class-tunga-paket","11":"pa_brands-abloy","12":"tm-no-options","14":"first","15":"instock","16":"sale","17":"taxable","18":"shipping-taxable","19":"purchasable","20":"product-type-simple"},"acf":[],"_links":{"self":[{"href":"https:\/\/secureus.se\/fr\/wp-json\/wp\/v2\/product\/91551","targetHints":{"allow":["GET"]}}],"collection":[{"href":"https:\/\/secureus.se\/fr\/wp-json\/wp\/v2\/product"}],"about":[{"href":"https:\/\/secureus.se\/fr\/wp-json\/wp\/v2\/types\/product"}],"wp:featuredmedia":[{"embeddable":true,"href":"https:\/\/secureus.se\/fr\/wp-json\/wp\/v2\/media\/139107"}],"wp:attachment":[{"href":"https:\/\/secureus.se\/fr\/wp-json\/wp\/v2\/media?parent=91551"}],"wp:term":[{"taxonomy":"product_brand","embeddable":true,"href":"https:\/\/secureus.se\/fr\/wp-json\/wp\/v2\/product_brand?post=91551"},{"taxonomy":"product_cat","embeddable":true,"href":"https:\/\/secureus.se\/fr\/wp-json\/wp\/v2\/product_cat?post=91551"},{"taxonomy":"product_tag","embeddable":true,"href":"https:\/\/secureus.se\/fr\/wp-json\/wp\/v2\/product_tag?post=91551"}],"curies":[{"name":"wp","href":"https:\/\/api.w.org\/{rel}","templated":true}]}}