{"id":91552,"date":"2023-09-27T18:13:39","date_gmt":"2023-09-27T16:13:39","guid":{"rendered":"https:\/\/secureus.se\/elslutbleck-920m-brand-rattvand-12-24v-kolvkontakt\/"},"modified":"2026-04-23T12:22:11","modified_gmt":"2026-04-23T10:22:11","slug":"elslutbleck-920m-brand-rattvand-12-24v-kolvkontakt","status":"publish","type":"product","link":"https:\/\/secureus.se\/fr\/elslutbleck-920m-brand-rattvand-12-24v-kolvkontakt\/","title":{"rendered":"Plaque d&#039;extr\u00e9mit\u00e9 \u00e9lectrique Marque 920M Contact piston 12-24V orient\u00e9 vers la droite"},"content":{"rendered":"<h1>Plaque d&#039;extr\u00e9mit\u00e9 \u00e9lectrique Marque 920M Contact piston 12-24V orient\u00e9 vers la droite<\/h1>\n<p class=\"\" data-start=\"440\" data-end=\"837\">La g\u00e2che \u00e9lectrique ASSA 920M Fire Right-Hand 12-24V Piston Contact fait partie de la s\u00e9rie 900 et est con\u00e7ue pour r\u00e9pondre \u00e0 des exigences de s\u00e9curit\u00e9 plus \u00e9lev\u00e9es.<\/p>\n<p class=\"\" data-start=\"440\" data-end=\"837\">La serrure est test\u00e9e au feu avec une cote E\/EI60, ce qui signifie qu&#039;elle r\u00e9siste au feu jusqu&#039;\u00e0 60 minutes.<\/p>\n<p class=\"\" data-start=\"440\" data-end=\"837\">Cela en fait un choix id\u00e9al pour une utilisation dans les portes de compartiments coupe-feu et autres syst\u00e8mes de portes critiques pour la s\u00e9curit\u00e9.<\/p>\n<p class=\"\" data-start=\"839\" data-end=\"1168\">Avec une r\u00e9sistance \u00e0 la rupture de 1000 kg (10 kN) et une haute r\u00e9sistance aux vibrations et aux chocs, cette g\u00e2che \u00e9lectrique est con\u00e7ue pour r\u00e9sister aux conditions difficiles.<\/p>\n<p class=\"\" data-start=\"839\" data-end=\"1168\">Le bo\u00eetier de la serrure est en acier et le loquet rotatif est en acier, ce qui offre une longue durabilit\u00e9 et stabilit\u00e9. Sa fonction de pression de bande am\u00e9lior\u00e9e garantit que la porte peut \u00eatre ouverte m\u00eame \u00e0 haute pression.<\/p>\n<p class=\"\" data-start=\"1170\" data-end=\"1385\">La g\u00e2che \u00e9lectrique est \u00e9quip\u00e9e d&#039;un contact \u00e0 piston et dispose d&#039;une protection transitoire int\u00e9gr\u00e9e pour prot\u00e9ger contre les interf\u00e9rences \u00e9lectriques, ce qui en fait un choix fiable pour les installations dans les environnements commerciaux et industriels.<\/p>\n<p class=\"\" data-start=\"1387\" data-end=\"1409\"><strong data-start=\"1387\" data-end=\"1407\">Caract\u00e9ristiques:<\/strong><\/p>\n<ul data-start=\"1410\" data-end=\"1846\">\n<li class=\"\" data-start=\"1410\" data-end=\"1446\">\n<p class=\"\" data-start=\"1412\" data-end=\"1446\">R\u00e9sistance \u00e0 la rupture : 1000 kg (10 kN)<\/p>\n<\/li>\n<li class=\"\" data-start=\"1447\" data-end=\"1479\">\n<p class=\"\" data-start=\"1449\" data-end=\"1479\">Charni\u00e8re de porte : droite, gauche<\/p>\n<\/li>\n<li class=\"\" data-start=\"1480\" data-end=\"1500\">\n<p class=\"\" data-start=\"1482\" data-end=\"1500\">Pression de la bande : 12 kg<\/p>\n<\/li>\n<li class=\"\" data-start=\"1501\" data-end=\"1538\">\n<p class=\"\" data-start=\"1503\" data-end=\"1538\">Type de serrure : Serrure \u00e0 p\u00eane simple, Serrure \u00e0 p\u00eane double<\/p>\n<\/li>\n<li class=\"\" data-start=\"1539\" data-end=\"1564\">\n<p class=\"\" data-start=\"1541\" data-end=\"1564\">Tension de fonctionnement : 12-24 V<\/p>\n<\/li>\n<li class=\"\" data-start=\"1565\" data-end=\"1597\">\n<p class=\"\" data-start=\"1567\" data-end=\"1597\">Couleur\/Traitement de surface : Zingu\u00e9<\/p>\n<\/li>\n<li class=\"\" data-start=\"1598\" data-end=\"1617\">\n<p class=\"\" data-start=\"1600\" data-end=\"1617\">Contact du piston : Oui<\/p>\n<\/li>\n<li class=\"\" data-start=\"1618\" data-end=\"1643\">\n<p class=\"\" data-start=\"1620\" data-end=\"1643\">Tension CA\/CC : CA\/CC<\/p>\n<\/li>\n<li class=\"\" data-start=\"1644\" data-end=\"1668\">\n<p class=\"\" data-start=\"1646\" data-end=\"1668\">Tension maximale : 27,6 V<\/p>\n<\/li>\n<li class=\"\" data-start=\"1669\" data-end=\"1693\">\n<p class=\"\" data-start=\"1671\" data-end=\"1693\">Tension minimale : 10,8 V<\/p>\n<\/li>\n<li class=\"\" data-start=\"1694\" data-end=\"1718\">\n<p class=\"\" data-start=\"1696\" data-end=\"1718\">Chute \u00e0 double torsion : Non<\/p>\n<\/li>\n<li class=\"\" data-start=\"1719\" data-end=\"1748\">\n<p class=\"\" data-start=\"1721\" data-end=\"1748\">Droite\/Inverse : Droite<\/p>\n<\/li>\n<li class=\"\" data-start=\"1749\" data-end=\"1772\">\n<p class=\"\" data-start=\"1751\" data-end=\"1772\">Test\u00e9 au feu : 60 min<\/p>\n<\/li>\n<li class=\"\" data-start=\"1773\" data-end=\"1797\">\n<p class=\"\" data-start=\"1775\" data-end=\"1797\">Largeur du produit : 27 mm<\/p>\n<\/li>\n<li class=\"\" data-start=\"1798\" data-end=\"1821\">\n<p class=\"\" data-start=\"1800\" data-end=\"1821\">Profondeur du produit : 40 mm<\/p>\n<\/li>\n<li class=\"\" data-start=\"1822\" data-end=\"1846\">\n<p class=\"\" data-start=\"1824\" data-end=\"1846\">Hauteur du produit : 140 mm<\/p>\n<\/li>\n<\/ul>\n<p class=\"\" data-start=\"1848\" data-end=\"2075\"><strong data-start=\"1848\" data-end=\"1870\">Domaines d&#039;utilisation<\/strong><br data-start=\"1870\" data-end=\"1873\" \/>La g\u00e2che \u00e9lectrique 920M est parfaite pour les portes utilis\u00e9es dans les cloisons coupe-feu, les solutions de s\u00e9curit\u00e9 pour la protection des coques et le verrouillage interne dans les environnements \u00e0 haute fr\u00e9quence tels que les bureaux, les commerces de d\u00e9tail, l&#039;industrie et les immeubles multifamiliaux.<\/p>","protected":false},"excerpt":{"rendered":"<h5><a href=\"https:\/\/elslutblecksguiden.se\/\" target=\"_blank\" rel=\"noopener\">Guide pour les serrures \u00e9lectriques ASSA, les serrures motoris\u00e9es, les g\u00e2ches \u00e9lectriques et le guide de remplacement<\/a><\/h5>","protected":false},"featured_media":139119,"template":"","meta":{"_acf_changed":false},"product_brand":[],"product_cat":[3355],"product_tag":[4196,4200,2967],"class_list":{"0":"post-91552","1":"product","2":"type-product","3":"status-publish","4":"has-post-thumbnail","6":"product_cat-elslutbleck","7":"product_tag-12-24v","8":"product_tag-rattvand","9":"product_tag-rg-assa-abloy","10":"product_shipping_class-tunga-paket","11":"pa_brands-abloy","12":"tm-no-options","14":"first","15":"instock","16":"sale","17":"taxable","18":"shipping-taxable","19":"purchasable","20":"product-type-simple"},"acf":[],"_links":{"self":[{"href":"https:\/\/secureus.se\/fr\/wp-json\/wp\/v2\/product\/91552","targetHints":{"allow":["GET"]}}],"collection":[{"href":"https:\/\/secureus.se\/fr\/wp-json\/wp\/v2\/product"}],"about":[{"href":"https:\/\/secureus.se\/fr\/wp-json\/wp\/v2\/types\/product"}],"wp:featuredmedia":[{"embeddable":true,"href":"https:\/\/secureus.se\/fr\/wp-json\/wp\/v2\/media\/139119"}],"wp:attachment":[{"href":"https:\/\/secureus.se\/fr\/wp-json\/wp\/v2\/media?parent=91552"}],"wp:term":[{"taxonomy":"product_brand","embeddable":true,"href":"https:\/\/secureus.se\/fr\/wp-json\/wp\/v2\/product_brand?post=91552"},{"taxonomy":"product_cat","embeddable":true,"href":"https:\/\/secureus.se\/fr\/wp-json\/wp\/v2\/product_cat?post=91552"},{"taxonomy":"product_tag","embeddable":true,"href":"https:\/\/secureus.se\/fr\/wp-json\/wp\/v2\/product_tag?post=91552"}],"curies":[{"name":"wp","href":"https:\/\/api.w.org\/{rel}","templated":true}]}}