{"id":91554,"date":"2023-09-27T18:13:36","date_gmt":"2023-09-27T16:13:36","guid":{"rendered":"https:\/\/secureus.se\/elslutbleck-14-rattvand-8v\/"},"modified":"2026-03-25T15:41:26","modified_gmt":"2026-03-25T14:41:26","slug":"elslutbleck-14-rattvand-8v","status":"publish","type":"product","link":"https:\/\/secureus.se\/fr\/elslutbleck-14-rattvand-8v\/","title":{"rendered":"Plaque d&#039;extr\u00e9mit\u00e9 \u00e9lectrique 14 Droite 8V"},"content":{"rendered":"<h1>Plaque d&#039;extr\u00e9mit\u00e9 \u00e9lectrique 14 Droite 8V<\/h1>\n<p class=\"\" data-start=\"362\" data-end=\"679\">La g\u00e2che \u00e9lectrique ASSA 14 \u00e0 droite 8 V est un choix fiable pour les portes qui n\u00e9cessitent une s\u00e9curit\u00e9 de base.<\/p>\n<p class=\"\" data-start=\"362\" data-end=\"679\">Avec une r\u00e9sistance \u00e0 la rupture de 400 kg (4000 N) et une fonction inverse, permettant un verrouillage en cas de panne de courant, cette g\u00e2che \u00e9lectrique offre une solution simple mais efficace pour le verrouillage int\u00e9rieur.<\/p>\n<p class=\"\" data-start=\"681\" data-end=\"980\">Il est construit avec un loquet rotatif en acier et un bo\u00eetier de verrouillage en alliage de zinc pour plus de durabilit\u00e9.<\/p>\n<p class=\"\" data-start=\"681\" data-end=\"980\">Il est utilis\u00e9 en combinaison avec des serrures \u00e0 simple ou double p\u00eane et ne convient pas aux portes de compartiments coupe-feu, ce qui le rend id\u00e9al pour une utilisation dans des applications moins critiques en termes de s\u00e9curit\u00e9 telles que les bureaux et l&#039;industrie.<\/p>\n<p class=\"\" data-start=\"982\" data-end=\"1204\">La g\u00e2che \u00e9lectrique n\u00e9cessite une tension de fonctionnement de 8 VDC et est \u00e9quip\u00e9e d&#039;une fonction de s\u00e9curit\u00e9 int\u00e9gr\u00e9e qui garantit le verrouillage m\u00eame en cas de panne de courant, ce qui augmente la s\u00e9curit\u00e9 dans les environnements o\u00f9 il est important que la porte reste ferm\u00e9e en cas de panne de courant.<\/p>\n<p class=\"\" data-start=\"1206\" data-end=\"1228\"><strong data-start=\"1206\" data-end=\"1226\">Caract\u00e9ristiques:<\/strong><\/p>\n<ul data-start=\"1229\" data-end=\"1608\">\n<li class=\"\" data-start=\"1229\" data-end=\"1265\">\n<p class=\"\" data-start=\"1231\" data-end=\"1265\">R\u00e9sistance \u00e0 la rupture : 400 kg (4000 N)<\/p>\n<\/li>\n<li class=\"\" data-start=\"1266\" data-end=\"1298\">\n<p class=\"\" data-start=\"1268\" data-end=\"1298\">Charni\u00e8re de porte : droite, gauche<\/p>\n<\/li>\n<li class=\"\" data-start=\"1299\" data-end=\"1336\">\n<p class=\"\" data-start=\"1301\" data-end=\"1336\">Type de serrure : Serrure \u00e0 p\u00eane simple, Serrure \u00e0 p\u00eane double<\/p>\n<\/li>\n<li class=\"\" data-start=\"1337\" data-end=\"1358\">\n<p class=\"\" data-start=\"1339\" data-end=\"1358\">Tension de fonctionnement : 8 V<\/p>\n<\/li>\n<li class=\"\" data-start=\"1359\" data-end=\"1391\">\n<p class=\"\" data-start=\"1361\" data-end=\"1391\">Couleur\/Traitement de surface : Zingu\u00e9<\/p>\n<\/li>\n<li class=\"\" data-start=\"1392\" data-end=\"1412\">\n<p class=\"\" data-start=\"1394\" data-end=\"1412\">Contact piston : Non<\/p>\n<\/li>\n<li class=\"\" data-start=\"1413\" data-end=\"1435\">\n<p class=\"\" data-start=\"1415\" data-end=\"1435\">Tension AC\/DC : DC<\/p>\n<\/li>\n<li class=\"\" data-start=\"1436\" data-end=\"1457\">\n<p class=\"\" data-start=\"1438\" data-end=\"1457\">Tension maximale : 8 V<\/p>\n<\/li>\n<li class=\"\" data-start=\"1458\" data-end=\"1479\">\n<p class=\"\" data-start=\"1460\" data-end=\"1479\">Tension minimale : 8 V<\/p>\n<\/li>\n<li class=\"\" data-start=\"1480\" data-end=\"1504\">\n<p class=\"\" data-start=\"1482\" data-end=\"1504\">Chute \u00e0 double torsion : Non<\/p>\n<\/li>\n<li class=\"\" data-start=\"1505\" data-end=\"1534\">\n<p class=\"\" data-start=\"1507\" data-end=\"1534\">Droite\/Inverse : Droite<\/p>\n<\/li>\n<li class=\"\" data-start=\"1535\" data-end=\"1559\">\n<p class=\"\" data-start=\"1537\" data-end=\"1559\">Largeur du produit : 27 mm<\/p>\n<\/li>\n<li class=\"\" data-start=\"1560\" data-end=\"1583\">\n<p class=\"\" data-start=\"1562\" data-end=\"1583\">Profondeur du produit : 40 mm<\/p>\n<\/li>\n<li class=\"\" data-start=\"1584\" data-end=\"1608\">\n<p class=\"\" data-start=\"1586\" data-end=\"1608\">Hauteur du produit : 140 mm<\/p>\n<\/li>\n<\/ul>\n<p class=\"\" data-start=\"1610\" data-end=\"1894\"><strong data-start=\"1610\" data-end=\"1632\">Domaines d&#039;utilisation<\/strong><br data-start=\"1632\" data-end=\"1635\" \/>La g\u00e2che \u00e9lectrique 14 R\u00e4ttv\u00e4nd 8V convient pour une utilisation dans le verrouillage int\u00e9rieur des bureaux, des points de vente et de l&#039;industrie o\u00f9 une s\u00e9curit\u00e9 de base est requise. Il n&#039;est pas approuv\u00e9 pour une utilisation dans les portes de compartiments coupe-feu et ne doit pas \u00eatre install\u00e9 dans de telles applications.<\/p>","protected":false},"excerpt":{"rendered":"<h5><a href=\"https:\/\/elslutblecksguiden.se\/\" target=\"_blank\" rel=\"noopener\">Guide pour les serrures \u00e9lectriques ASSA, les serrures motoris\u00e9es, les g\u00e2ches \u00e9lectriques et le guide de remplacement<\/a><\/h5>","protected":false},"featured_media":138768,"template":"","meta":{"_acf_changed":false},"product_brand":[],"product_cat":[3355],"product_tag":[4200,2967],"class_list":{"0":"post-91554","1":"product","2":"type-product","3":"status-publish","4":"has-post-thumbnail","6":"product_cat-elslutbleck","7":"product_tag-rattvand","8":"product_tag-rg-assa-abloy","9":"product_shipping_class-tunga-paket","10":"pa_brands-abloy","11":"tm-no-options","13":"first","14":"instock","15":"sale","16":"taxable","17":"shipping-taxable","18":"purchasable","19":"product-type-simple"},"acf":[],"_links":{"self":[{"href":"https:\/\/secureus.se\/fr\/wp-json\/wp\/v2\/product\/91554","targetHints":{"allow":["GET"]}}],"collection":[{"href":"https:\/\/secureus.se\/fr\/wp-json\/wp\/v2\/product"}],"about":[{"href":"https:\/\/secureus.se\/fr\/wp-json\/wp\/v2\/types\/product"}],"wp:featuredmedia":[{"embeddable":true,"href":"https:\/\/secureus.se\/fr\/wp-json\/wp\/v2\/media\/138768"}],"wp:attachment":[{"href":"https:\/\/secureus.se\/fr\/wp-json\/wp\/v2\/media?parent=91554"}],"wp:term":[{"taxonomy":"product_brand","embeddable":true,"href":"https:\/\/secureus.se\/fr\/wp-json\/wp\/v2\/product_brand?post=91554"},{"taxonomy":"product_cat","embeddable":true,"href":"https:\/\/secureus.se\/fr\/wp-json\/wp\/v2\/product_cat?post=91554"},{"taxonomy":"product_tag","embeddable":true,"href":"https:\/\/secureus.se\/fr\/wp-json\/wp\/v2\/product_tag?post=91554"}],"curies":[{"name":"wp","href":"https:\/\/api.w.org\/{rel}","templated":true}]}}