{"id":91555,"date":"2023-09-27T18:13:35","date_gmt":"2023-09-27T16:13:35","guid":{"rendered":"https:\/\/secureus.se\/elslutbleck-961c-omvand-12-24v-hi-okolvkontakt-5m-kabel\/"},"modified":"2026-04-08T16:03:33","modified_gmt":"2026-04-08T14:03:33","slug":"elslutbleck-961c-omvand-12-24v-hi-okolvkontakt-5m-kabel","status":"publish","type":"product","link":"https:\/\/secureus.se\/fr\/elslutbleck-961c-omvand-12-24v-hi-okolvkontakt-5m-kabel\/","title":{"rendered":"Plaque \u00e0 bornes \u00e9lectrique 961C Reverse 12-24V Hi-OK Connecteur \u00e0 piston C\u00e2ble 5m"},"content":{"rendered":"<h1>Plaque \u00e0 bornes \u00e9lectrique 961C Reverse 12-24V Hi-OK Connecteur \u00e0 piston C\u00e2ble 5m<\/h1>\n<p>G\u00e2che \u00e9lectrique 961C Reverse 12-24V Hi-O Contact \u00e0 piston C\u00e2ble 5m d&#039;ASSA ABLOY est une g\u00e2che \u00e9lectrique avec une r\u00e9sistance \u00e0 la rupture \u00e9lev\u00e9e de 1500 kg et une fonction inverse.<\/p>\n<p>Il est compatible avec la technologie Hi-O Can bus et offre une s\u00e9curit\u00e9 fiable pour la protection de la coque et le verrouillage interne dans les environnements de vente au d\u00e9tail, de bureau et industriels.<\/p>\n<p class=\"\" data-start=\"451\" data-end=\"819\">La g\u00e2che \u00e9lectrique ASSA ABLOY 961C Reverse 12-24V Hi-O Piston Contact est une g\u00e2che \u00e9lectrique de haute qualit\u00e9 con\u00e7ue pour les portes ayant des exigences \u00e9lev\u00e9es en mati\u00e8re de pression de frappe et de s\u00e9curit\u00e9.<\/p>\n<p class=\"\" data-start=\"451\" data-end=\"819\">Avec une r\u00e9sistance \u00e0 la rupture impressionnante de 1 500 kg (15 kN) et une r\u00e9sistance au feu jusqu&#039;\u00e0 E\/EI 120, cette g\u00e2che \u00e9lectrique est un choix parfait pour les applications o\u00f9 la s\u00e9curit\u00e9 et la r\u00e9sistance au feu sont essentielles.<\/p>\n<p class=\"\" data-start=\"821\" data-end=\"1174\">La fonction inverse signifie que la porte est verrouill\u00e9e en cas de panne de courant, ce qui augmente la s\u00e9curit\u00e9 dans les situations d&#039;urgence.<\/p>\n<p class=\"\" data-start=\"821\" data-end=\"1174\">La serrure est compatible avec la technologie Can bus Hi-O, ce qui en fait un excellent choix pour les syst\u00e8mes de s\u00e9curit\u00e9 int\u00e9gr\u00e9s.<\/p>\n<p class=\"\" data-start=\"821\" data-end=\"1174\">Il peut \u00eatre utilis\u00e9 en combinaison avec des serrures \u00e0 p\u00eane simple ou double verrouillables et s&#039;adapte \u00e0 tous les poteaux de montage de la s\u00e9rie 900.<\/p>\n<p class=\"\" data-start=\"1176\" data-end=\"1432\">La g\u00e2che \u00e9lectrique 961C est \u00e9galement \u00e9quip\u00e9e d&#039;un contact \u00e0 p\u00eane demi-tour et d&#039;un contact d&#039;ancrage pour une fonctionnalit\u00e9 accrue.<\/p>\n<p class=\"\" data-start=\"1176\" data-end=\"1432\">Il pr\u00e9sente un niveau \u00e9lev\u00e9 de r\u00e9sistance aux chocs et aux impacts, ce qui le rend extr\u00eamement durable m\u00eame sous contrainte. C\u00e2ble de connexion de 5 m\u00e8tres inclus pour une installation facile.<\/p>\n<p class=\"\" data-start=\"1434\" data-end=\"1456\"><strong data-start=\"1434\" data-end=\"1454\">Caract\u00e9ristiques:<\/strong><\/p>\n<ul data-start=\"1457\" data-end=\"1868\">\n<li class=\"\" data-start=\"1457\" data-end=\"1493\">\n<p class=\"\" data-start=\"1459\" data-end=\"1493\">R\u00e9sistance \u00e0 la rupture : 1500 kg (15 kN)<\/p>\n<\/li>\n<li class=\"\" data-start=\"1494\" data-end=\"1526\">\n<p class=\"\" data-start=\"1496\" data-end=\"1526\">Charni\u00e8re de porte : droite, gauche<\/p>\n<\/li>\n<li class=\"\" data-start=\"1527\" data-end=\"1548\">\n<p class=\"\" data-start=\"1529\" data-end=\"1548\">Pression de la bande : 300 kg<\/p>\n<\/li>\n<li class=\"\" data-start=\"1549\" data-end=\"1586\">\n<p class=\"\" data-start=\"1551\" data-end=\"1586\">Type de serrure : Serrure \u00e0 p\u00eane simple, Serrure \u00e0 p\u00eane double<\/p>\n<\/li>\n<li class=\"\" data-start=\"1587\" data-end=\"1612\">\n<p class=\"\" data-start=\"1589\" data-end=\"1612\">Tension de fonctionnement : 12-24 V<\/p>\n<\/li>\n<li class=\"\" data-start=\"1613\" data-end=\"1645\">\n<p class=\"\" data-start=\"1615\" data-end=\"1645\">Couleur\/Traitement de surface : Zingu\u00e9<\/p>\n<\/li>\n<li class=\"\" data-start=\"1646\" data-end=\"1665\">\n<p class=\"\" data-start=\"1648\" data-end=\"1665\">Contact du piston : Oui<\/p>\n<\/li>\n<li class=\"\" data-start=\"1666\" data-end=\"1691\">\n<p class=\"\" data-start=\"1668\" data-end=\"1691\">Tension CA\/CC : CA\/CC<\/p>\n<\/li>\n<li class=\"\" data-start=\"1692\" data-end=\"1716\">\n<p class=\"\" data-start=\"1694\" data-end=\"1716\">Tension maximale : 27,6 V<\/p>\n<\/li>\n<li class=\"\" data-start=\"1717\" data-end=\"1741\">\n<p class=\"\" data-start=\"1719\" data-end=\"1741\">Tension minimale : 10,8 V<\/p>\n<\/li>\n<li class=\"\" data-start=\"1742\" data-end=\"1766\">\n<p class=\"\" data-start=\"1744\" data-end=\"1766\">Chute \u00e0 double torsion : Non<\/p>\n<\/li>\n<li class=\"\" data-start=\"1767\" data-end=\"1794\">\n<p class=\"\" data-start=\"1769\" data-end=\"1794\">Droite\/Invers\u00e9 : Inverser<\/p>\n<\/li>\n<li class=\"\" data-start=\"1795\" data-end=\"1819\">\n<p class=\"\" data-start=\"1797\" data-end=\"1819\">Test\u00e9 au feu : 120 min<\/p>\n<\/li>\n<li class=\"\" data-start=\"1820\" data-end=\"1843\">\n<p class=\"\" data-start=\"1822\" data-end=\"1843\">Longueur du c\u00e2ble : 5 m\u00e8tres<\/p>\n<\/li>\n<li class=\"\" data-start=\"1844\" data-end=\"1868\">\n<p class=\"\" data-start=\"1846\" data-end=\"1868\">Hauteur du produit : 140 mm<\/p>\n<\/li>\n<\/ul>\n<p class=\"\" data-start=\"1870\" data-end=\"2153\"><strong data-start=\"1870\" data-end=\"1892\">Domaines d&#039;utilisation<\/strong><br data-start=\"1892\" data-end=\"1895\" \/>La g\u00e2che \u00e9lectrique 961C est id\u00e9ale pour une utilisation dans des environnements critiques en mati\u00e8re de s\u00e9curit\u00e9 tels que la protection des coques, le verrouillage interne et les portes de s\u00e9paration des compartiments coupe-feu.<\/p>\n<p class=\"\" data-start=\"1870\" data-end=\"2153\">Id\u00e9al pour les b\u00e2timents commerciaux, les bureaux, l&#039;industrie et les immeubles multifamiliaux o\u00f9 la r\u00e9sistance au feu et la s\u00e9curit\u00e9 sont cruciales.<\/p>","protected":false},"excerpt":{"rendered":"<h5><a href=\"https:\/\/elslutblecksguiden.se\/\" target=\"_blank\" rel=\"noopener\">Guide pour les serrures \u00e9lectriques ASSA, les serrures motoris\u00e9es, les g\u00e2ches \u00e9lectriques et le guide de remplacement<\/a><\/h5>","protected":false},"featured_media":138604,"template":"","meta":{"_acf_changed":false},"product_brand":[],"product_cat":[3355],"product_tag":[4196,4201,2967],"class_list":{"0":"post-91555","1":"product","2":"type-product","3":"status-publish","4":"has-post-thumbnail","6":"product_cat-elslutbleck","7":"product_tag-12-24v","8":"product_tag-omvand","9":"product_tag-rg-assa-abloy","10":"product_shipping_class-tunga-paket","11":"pa_brands-abloy","12":"tm-no-options","14":"first","15":"onbackorder","16":"sale","17":"taxable","18":"shipping-taxable","19":"purchasable","20":"product-type-simple"},"acf":[],"_links":{"self":[{"href":"https:\/\/secureus.se\/fr\/wp-json\/wp\/v2\/product\/91555","targetHints":{"allow":["GET"]}}],"collection":[{"href":"https:\/\/secureus.se\/fr\/wp-json\/wp\/v2\/product"}],"about":[{"href":"https:\/\/secureus.se\/fr\/wp-json\/wp\/v2\/types\/product"}],"wp:featuredmedia":[{"embeddable":true,"href":"https:\/\/secureus.se\/fr\/wp-json\/wp\/v2\/media\/138604"}],"wp:attachment":[{"href":"https:\/\/secureus.se\/fr\/wp-json\/wp\/v2\/media?parent=91555"}],"wp:term":[{"taxonomy":"product_brand","embeddable":true,"href":"https:\/\/secureus.se\/fr\/wp-json\/wp\/v2\/product_brand?post=91555"},{"taxonomy":"product_cat","embeddable":true,"href":"https:\/\/secureus.se\/fr\/wp-json\/wp\/v2\/product_cat?post=91555"},{"taxonomy":"product_tag","embeddable":true,"href":"https:\/\/secureus.se\/fr\/wp-json\/wp\/v2\/product_tag?post=91555"}],"curies":[{"name":"wp","href":"https:\/\/api.w.org\/{rel}","templated":true}]}}