{"id":91556,"date":"2023-09-27T18:13:33","date_gmt":"2023-09-27T16:13:33","guid":{"rendered":"https:\/\/secureus.se\/elslutbleck-961m-omvand-12-24v-kolvkontakt-5m-kabel\/"},"modified":"2026-03-25T15:41:35","modified_gmt":"2026-03-25T14:41:35","slug":"elslutbleck-961m-omvand-12-24v-kolvkontakt-5m-kabel","status":"publish","type":"product","link":"https:\/\/secureus.se\/fr\/elslutbleck-961m-omvand-12-24v-kolvkontakt-5m-kabel\/","title":{"rendered":"Plaque de terminaison \u00e9lectrique 961M Connecteur \u00e0 piston invers\u00e9 12-24V C\u00e2ble 5m"},"content":{"rendered":"<div>\n<h1>Plaque de terminaison \u00e9lectrique 961M Connecteur \u00e0 piston invers\u00e9 12-24V C\u00e2ble 5m<\/h1>\n<p>G\u00e2che \u00e9lectrique 961M Reverse 12-24V Contact \u00e0 piston C\u00e2ble 5m d&#039;ASSA ABLOY est une g\u00e2che \u00e9lectrique robuste avec une r\u00e9sistance \u00e0 la rupture de 1500 kg et une fonction inverse, qui la rend d\u00e9verrouill\u00e9e en cas de panne de courant.<\/p>\n<p>Il est con\u00e7u pour \u00eatre utilis\u00e9 dans la protection des coques et le verrouillage interne dans les zones commerciales, de bureaux et industrielles, ainsi que dans les immeubles multifamiliaux.<\/p>\n<p class=\"\" data-start=\"469\" data-end=\"872\">Le c\u00e2ble de 5 m de l&#039;interrupteur \u00e0 piston invers\u00e9 12-24 V ASSA ABLOY 961M est con\u00e7u pour les portes avec des exigences \u00e9lev\u00e9es en mati\u00e8re de pression de bande et de s\u00e9curit\u00e9.<\/p>\n<p class=\"\" data-start=\"469\" data-end=\"872\">Avec une r\u00e9sistance \u00e0 la rupture impressionnante de 1500 kg (15 kN) et une classe de feu E\/EI 120 (jusqu&#039;\u00e0 120 minutes), cette g\u00e2che \u00e9lectrique offre \u00e0 la fois s\u00e9curit\u00e9 et fiabilit\u00e9 dans les portes de compartiments coupe-feu et autres applications o\u00f9 la s\u00e9curit\u00e9 et la r\u00e9sistance au feu sont cruciales.<\/p>\n<p class=\"\" data-start=\"874\" data-end=\"1225\">La fonction inverse signifie que la g\u00e2che \u00e9lectrique reste d\u00e9verrouill\u00e9e en cas de panne de courant, ce qui en fait une solution id\u00e9ale pour les portes de secours et autres applications critiques o\u00f9 une ouverture rapide est importante.<\/p>\n<p class=\"\" data-start=\"874\" data-end=\"1225\">La serrure est \u00e9quip\u00e9e d&#039;un contact de verrouillage et d&#039;un contact d&#039;ancrage et offre une r\u00e9sistance \u00e9lev\u00e9e aux chocs et aux impacts, ce qui la rend durable pour les environnements difficiles.<\/p>\n<p data-start=\"874\" data-end=\"1225\">La g\u00e2che \u00e9lectrique est \u00e9galement compatible avec les serrures \u00e0 simple et double p\u00eane interverrouill\u00e9es et s&#039;adapte \u00e0 tous les poteaux de montage de la s\u00e9rie 900. Le c\u00e2ble de connexion de 5 m\u00e8tres est inclus pour une installation facile.<\/p>\n<p class=\"\" data-start=\"1413\" data-end=\"1435\"><strong data-start=\"1413\" data-end=\"1433\">Caract\u00e9ristiques:<\/strong><\/p>\n<ul data-start=\"1436\" data-end=\"1898\">\n<li class=\"\" data-start=\"1436\" data-end=\"1472\">\n<p class=\"\" data-start=\"1438\" data-end=\"1472\">R\u00e9sistance \u00e0 la rupture : 1500 kg (15 kN)<\/p>\n<\/li>\n<li class=\"\" data-start=\"1473\" data-end=\"1505\">\n<p class=\"\" data-start=\"1475\" data-end=\"1505\">Charni\u00e8re de porte : droite, gauche<\/p>\n<\/li>\n<li class=\"\" data-start=\"1506\" data-end=\"1527\">\n<p class=\"\" data-start=\"1508\" data-end=\"1527\">Pression de la bande : 300 kg<\/p>\n<\/li>\n<li class=\"\" data-start=\"1528\" data-end=\"1565\">\n<p class=\"\" data-start=\"1530\" data-end=\"1565\">Type de serrure : Serrure \u00e0 p\u00eane simple, Serrure \u00e0 p\u00eane double<\/p>\n<\/li>\n<li class=\"\" data-start=\"1566\" data-end=\"1591\">\n<p class=\"\" data-start=\"1568\" data-end=\"1591\">Tension de fonctionnement : 12-24 V<\/p>\n<\/li>\n<li class=\"\" data-start=\"1592\" data-end=\"1624\">\n<p class=\"\" data-start=\"1594\" data-end=\"1624\">Couleur\/Traitement de surface : Zingu\u00e9<\/p>\n<\/li>\n<li class=\"\" data-start=\"1625\" data-end=\"1644\">\n<p class=\"\" data-start=\"1627\" data-end=\"1644\">Contact du piston : Oui<\/p>\n<\/li>\n<li class=\"\" data-start=\"1645\" data-end=\"1670\">\n<p class=\"\" data-start=\"1647\" data-end=\"1670\">Tension CA\/CC : CA\/CC<\/p>\n<\/li>\n<li class=\"\" data-start=\"1671\" data-end=\"1695\">\n<p class=\"\" data-start=\"1673\" data-end=\"1695\">Tension maximale : 27,6 V<\/p>\n<\/li>\n<li class=\"\" data-start=\"1696\" data-end=\"1720\">\n<p class=\"\" data-start=\"1698\" data-end=\"1720\">Tension minimale : 10,8 V<\/p>\n<\/li>\n<li class=\"\" data-start=\"1721\" data-end=\"1745\">\n<p class=\"\" data-start=\"1723\" data-end=\"1745\">Chute \u00e0 double torsion : Non<\/p>\n<\/li>\n<li class=\"\" data-start=\"1746\" data-end=\"1773\">\n<p class=\"\" data-start=\"1748\" data-end=\"1773\">Droite\/Invers\u00e9 : Inverser<\/p>\n<\/li>\n<li class=\"\" data-start=\"1774\" data-end=\"1798\">\n<p class=\"\" data-start=\"1776\" data-end=\"1798\">Test\u00e9 au feu : 120 min<\/p>\n<\/li>\n<li class=\"\" data-start=\"1799\" data-end=\"1822\">\n<p class=\"\" data-start=\"1801\" data-end=\"1822\">Longueur du c\u00e2ble : 5 m\u00e8tres<\/p>\n<\/li>\n<li class=\"\" data-start=\"1823\" data-end=\"1847\">\n<p class=\"\" data-start=\"1825\" data-end=\"1847\">Hauteur du produit : 140 mm<\/p>\n<\/li>\n<li class=\"\" data-start=\"1848\" data-end=\"1874\">\n<p class=\"\" data-start=\"1850\" data-end=\"1874\">Largeur du produit : 26,5 mm<\/p>\n<\/li>\n<li class=\"\" data-start=\"1875\" data-end=\"1898\">\n<p class=\"\" data-start=\"1877\" data-end=\"1898\">Profondeur du produit : 35 mm<\/p>\n<\/li>\n<\/ul>\n<p class=\"\" data-start=\"1900\" data-end=\"2240\"><strong data-start=\"1900\" data-end=\"1922\">Domaines d&#039;utilisation<\/strong><br data-start=\"1922\" data-end=\"1925\" \/>La g\u00e2che \u00e9lectrique 961M est id\u00e9ale pour les portes qui n\u00e9cessitent \u00e0 la fois une s\u00e9curit\u00e9 \u00e9lev\u00e9e et une r\u00e9sistance au feu, y compris la protection de la coque, le verrouillage interne et les portes de compartiment coupe-feu dans les b\u00e2timents commerciaux, les bureaux et les immeubles multifamiliaux.<\/p>\n<p class=\"\" data-start=\"1900\" data-end=\"2240\">Il convient \u00e9galement aux applications qui n\u00e9cessitent une grande durabilit\u00e9 et la capacit\u00e9 d&#039;ouverture m\u00eame \u00e0 des pressions de bande \u00e9lev\u00e9es.<\/p>\n<\/div>","protected":false},"excerpt":{"rendered":"<h5><a href=\"https:\/\/elslutblecksguiden.se\/\" target=\"_blank\" rel=\"noopener\">Guide pour les serrures \u00e9lectriques ASSA, les serrures motoris\u00e9es, les g\u00e2ches \u00e9lectriques et le guide de remplacement<\/a><\/h5>","protected":false},"featured_media":145950,"template":"","meta":{"_acf_changed":false},"product_brand":[],"product_cat":[3355],"product_tag":[4196,4201,2967],"class_list":{"0":"post-91556","1":"product","2":"type-product","3":"status-publish","4":"has-post-thumbnail","6":"product_cat-elslutbleck","7":"product_tag-12-24v","8":"product_tag-omvand","9":"product_tag-rg-assa-abloy","10":"product_shipping_class-tunga-paket","11":"pa_brands-abloy","12":"tm-no-options","14":"first","15":"outofstock","16":"sale","17":"taxable","18":"shipping-taxable","19":"purchasable","20":"product-type-simple"},"acf":[],"_links":{"self":[{"href":"https:\/\/secureus.se\/fr\/wp-json\/wp\/v2\/product\/91556","targetHints":{"allow":["GET"]}}],"collection":[{"href":"https:\/\/secureus.se\/fr\/wp-json\/wp\/v2\/product"}],"about":[{"href":"https:\/\/secureus.se\/fr\/wp-json\/wp\/v2\/types\/product"}],"wp:featuredmedia":[{"embeddable":true,"href":"https:\/\/secureus.se\/fr\/wp-json\/wp\/v2\/media\/145950"}],"wp:attachment":[{"href":"https:\/\/secureus.se\/fr\/wp-json\/wp\/v2\/media?parent=91556"}],"wp:term":[{"taxonomy":"product_brand","embeddable":true,"href":"https:\/\/secureus.se\/fr\/wp-json\/wp\/v2\/product_brand?post=91556"},{"taxonomy":"product_cat","embeddable":true,"href":"https:\/\/secureus.se\/fr\/wp-json\/wp\/v2\/product_cat?post=91556"},{"taxonomy":"product_tag","embeddable":true,"href":"https:\/\/secureus.se\/fr\/wp-json\/wp\/v2\/product_tag?post=91556"}],"curies":[{"name":"wp","href":"https:\/\/api.w.org\/{rel}","templated":true}]}}