{"id":91557,"date":"2023-09-27T18:13:32","date_gmt":"2023-09-27T16:13:32","guid":{"rendered":"https:\/\/secureus.se\/elslutbleck-911c-omvand-hi-o-12-24v\/"},"modified":"2026-04-08T15:57:08","modified_gmt":"2026-04-08T13:57:08","slug":"elslutbleck-911c-omvand-hi-o-12-24v","status":"publish","type":"product","link":"https:\/\/secureus.se\/fr\/elslutbleck-911c-omvand-hi-o-12-24v\/","title":{"rendered":"Plaque d&#039;extr\u00e9mit\u00e9 \u00e9lectrique 911C Reverse Hi-O 12-24V"},"content":{"rendered":"<h1>Plaque d&#039;extr\u00e9mit\u00e9 \u00e9lectrique 911C Reverse Hi-O 12-24V<\/h1>\n<p>La g\u00e2che \u00e9lectrique ASSA 911C de la s\u00e9rie 900 est con\u00e7ue pour les portes avec des exigences de s\u00e9curit\u00e9 standard et fonctionne bien comme serrure de jour dans la protection de la coque, les bureaux, l&#039;industrie ou les immeubles multifamiliaux.<\/p>\n<p>Compatible avec la technologie Hi-O Can bus, il offre une haute s\u00e9curit\u00e9, un fonctionnement fiable et une fonction de verrouillage invers\u00e9 en mode hors tension.<\/p>\n<p class=\"\" data-start=\"394\" data-end=\"787\">ASSA Electric Strike 911C est une solution fiable pour les besoins de s\u00e9curit\u00e9 dans divers environnements tels que les bureaux, l&#039;industrie, les immeubles d&#039;appartements et les espaces publics.<\/p>\n<p class=\"\" data-start=\"394\" data-end=\"787\">Il est particuli\u00e8rement adapt\u00e9 comme verrou de jour pour la protection de la coque et le verrouillage interne. La g\u00e2che \u00e9lectrique est con\u00e7ue pour fonctionner en combinaison avec des serrures \u00e0 simple ou double p\u00eane et est \u00e9galement enti\u00e8rement compatible avec la technologie Hi-O Can bus.<\/p>\n<p class=\"\" data-start=\"789\" data-end=\"1246\">L\u2019une des principales caract\u00e9ristiques de la 911C est sa fonction inverse, ce qui signifie qu\u2019elle est d\u00e9verrouill\u00e9e \u00e0 l\u2019\u00e9tat hors tension.<\/p>\n<p class=\"\" data-start=\"789\" data-end=\"1246\">La r\u00e9sistance \u00e0 la rupture \u00e9lev\u00e9e de 8 kN (800 kg) et la fonction de pression de bande am\u00e9lior\u00e9e garantissent un fonctionnement m\u00eame dans des conditions exigeantes.<\/p>\n<p class=\"\" data-start=\"789\" data-end=\"1246\">Le bo\u00eetier de la serrure est en alliage de zinc et poss\u00e8de un verrou tournant en bronze pour plus de durabilit\u00e9 et de s\u00e9curit\u00e9.<\/p>\n<p class=\"\" data-start=\"789\" data-end=\"1246\">La g\u00e2che \u00e9lectrique pr\u00e9sente \u00e9galement une excellente r\u00e9sistance aux chocs et aux impacts pour \u00e9viter toute alt\u00e9ration.<\/p>\n<p class=\"\" data-start=\"1248\" data-end=\"1276\"><strong data-start=\"1248\" data-end=\"1276\">Caract\u00e9ristiques et avantages :<\/strong><\/p>\n<ul data-start=\"1277\" data-end=\"1476\">\n<li class=\"\" data-start=\"1277\" data-end=\"1321\">\n<p class=\"\" data-start=\"1279\" data-end=\"1321\">Fonction inverse (d\u00e9verrouill\u00e9e lorsqu&#039;elle est hors tension)<\/p>\n<\/li>\n<li class=\"\" data-start=\"1322\" data-end=\"1350\">\n<p class=\"\" data-start=\"1324\" data-end=\"1350\">Haute r\u00e9sistance \u00e0 la rupture (8 kN)<\/p>\n<\/li>\n<li class=\"\" data-start=\"1351\" data-end=\"1388\">\n<p class=\"\" data-start=\"1353\" data-end=\"1388\">Compatible avec la technologie Hi-O Can bus<\/p>\n<\/li>\n<li class=\"\" data-start=\"1389\" data-end=\"1429\">\n<p class=\"\" data-start=\"1391\" data-end=\"1429\">Bo\u00eetier de serrure zingu\u00e9 et serrure tournante en bronze<\/p>\n<\/li>\n<li class=\"\" data-start=\"1430\" data-end=\"1476\">\n<p class=\"\" data-start=\"1432\" data-end=\"1476\">Fonction d&#039;impression de liste am\u00e9lior\u00e9e pour plus de durabilit\u00e9<\/p>\n<\/li>\n<\/ul>\n<p class=\"\" data-start=\"1478\" data-end=\"1504\"><strong data-start=\"1478\" data-end=\"1504\">Sp\u00e9cification technique :<\/strong><\/p>\n<ul data-start=\"1505\" data-end=\"1825\">\n<li class=\"\" data-start=\"1505\" data-end=\"1529\">\n<p class=\"\" data-start=\"1507\" data-end=\"1529\">Protection transitoire int\u00e9gr\u00e9e<\/p>\n<\/li>\n<li class=\"\" data-start=\"1530\" data-end=\"1567\">\n<p class=\"\" data-start=\"1532\" data-end=\"1567\">Alimentation 12-24VAC\/VDC \u00b110 %<\/p>\n<\/li>\n<li class=\"\" data-start=\"1568\" data-end=\"1613\">\n<p class=\"\" data-start=\"1570\" data-end=\"1613\">Courant de d\u00e9marrage \u00e0 24 V : 250 mA, courant de fonctionnement : 80 mA<\/p>\n<\/li>\n<li class=\"\" data-start=\"1614\" data-end=\"1660\">\n<p class=\"\" data-start=\"1616\" data-end=\"1660\">Courant de d\u00e9marrage \u00e0 12 V : 500 mA, courant de fonctionnement : 160 mA<\/p>\n<\/li>\n<li class=\"\" data-start=\"1661\" data-end=\"1690\">\n<p class=\"\" data-start=\"1663\" data-end=\"1690\">Charni\u00e8re de porte : droite\/gauche<\/p>\n<\/li>\n<li class=\"\" data-start=\"1691\" data-end=\"1726\">\n<p class=\"\" data-start=\"1693\" data-end=\"1726\">Type de serrure : Serrure \u00e0 p\u00eane simple, Serrure \u00e0 p\u00eane double<\/p>\n<\/li>\n<li class=\"\" data-start=\"1727\" data-end=\"1771\">\n<p class=\"\" data-start=\"1729\" data-end=\"1771\">Tension max : 27,6 V, Tension min : 10,8 V<\/p>\n<\/li>\n<li class=\"\" data-start=\"1772\" data-end=\"1802\">\n<p class=\"\" data-start=\"1774\" data-end=\"1802\">Couleur\/Traitement de surface : Zingu\u00e9<\/p>\n<\/li>\n<li class=\"\" data-start=\"1803\" data-end=\"1825\">\n<p class=\"\" data-start=\"1805\" data-end=\"1825\">Hauteur du produit : 140 mm<\/p>\n<\/li>\n<\/ul>","protected":false},"excerpt":{"rendered":"<h5><a href=\"https:\/\/elslutblecksguiden.se\/\" target=\"_blank\" rel=\"noopener\">Guide pour les serrures \u00e9lectriques ASSA, les serrures motoris\u00e9es, les g\u00e2ches \u00e9lectriques et le guide de remplacement<\/a><\/h5>","protected":false},"featured_media":159499,"template":"","meta":{"_acf_changed":false},"product_brand":[],"product_cat":[3355],"product_tag":[4196,4201,2967],"class_list":{"0":"post-91557","1":"product","2":"type-product","3":"status-publish","4":"has-post-thumbnail","6":"product_cat-elslutbleck","7":"product_tag-12-24v","8":"product_tag-omvand","9":"product_tag-rg-assa-abloy","10":"product_shipping_class-tunga-paket","11":"pa_brands-abloy","12":"tm-no-options","14":"first","15":"onbackorder","16":"sale","17":"taxable","18":"shipping-taxable","19":"purchasable","20":"product-type-simple"},"acf":[],"_links":{"self":[{"href":"https:\/\/secureus.se\/fr\/wp-json\/wp\/v2\/product\/91557","targetHints":{"allow":["GET"]}}],"collection":[{"href":"https:\/\/secureus.se\/fr\/wp-json\/wp\/v2\/product"}],"about":[{"href":"https:\/\/secureus.se\/fr\/wp-json\/wp\/v2\/types\/product"}],"wp:featuredmedia":[{"embeddable":true,"href":"https:\/\/secureus.se\/fr\/wp-json\/wp\/v2\/media\/159499"}],"wp:attachment":[{"href":"https:\/\/secureus.se\/fr\/wp-json\/wp\/v2\/media?parent=91557"}],"wp:term":[{"taxonomy":"product_brand","embeddable":true,"href":"https:\/\/secureus.se\/fr\/wp-json\/wp\/v2\/product_brand?post=91557"},{"taxonomy":"product_cat","embeddable":true,"href":"https:\/\/secureus.se\/fr\/wp-json\/wp\/v2\/product_cat?post=91557"},{"taxonomy":"product_tag","embeddable":true,"href":"https:\/\/secureus.se\/fr\/wp-json\/wp\/v2\/product_tag?post=91557"}],"curies":[{"name":"wp","href":"https:\/\/api.w.org\/{rel}","templated":true}]}}