{"id":91558,"date":"2023-09-27T18:13:30","date_gmt":"2023-09-27T16:13:30","guid":{"rendered":"https:\/\/secureus.se\/elslutbleck-920c-rattvand-hi-o-12-24v\/"},"modified":"2026-03-25T15:41:40","modified_gmt":"2026-03-25T14:41:40","slug":"elslutbleck-920c-rattvand-hi-o-12-24v","status":"publish","type":"product","link":"https:\/\/secureus.se\/fr\/elslutbleck-920c-rattvand-hi-o-12-24v\/","title":{"rendered":"Plaque d&#039;extr\u00e9mit\u00e9 \u00e9lectrique 920C Droite Hi-O 12-24V"},"content":{"rendered":"<h1>Plaque d&#039;extr\u00e9mit\u00e9 \u00e9lectrique 920C Droite Hi-O 12-24V<\/h1>\n<p>La g\u00e2che \u00e9lectrique ASSA 920C de la s\u00e9rie 900 est id\u00e9ale pour les portes avec des exigences de s\u00e9curit\u00e9 normales et fonctionne bien comme serrure de jour pour la protection des coques, les bureaux, l&#039;industrie ou les immeubles multifamiliaux.<\/p>\n<p>Compatible avec la technologie Hi-O Can bus, il dispose d&#039;une fonction droitier (verrouillage en position hors tension) et offre une s\u00e9curit\u00e9 \u00e9lev\u00e9e avec une r\u00e9sistance \u00e0 la rupture de 10 kN et un classement au feu de E\/EI60.<\/p>\n<p class=\"\" data-start=\"450\" data-end=\"874\">ASSA Electric Strike 920C est une solution de s\u00e9curit\u00e9 pour les portes qui n\u00e9cessitent une s\u00e9curit\u00e9 normale dans les environnements commerciaux et industriels, ainsi que dans les immeubles multifamiliaux.<\/p>\n<p class=\"\" data-start=\"450\" data-end=\"874\">Avec sa fonction r\u00e9versible, o\u00f9 elle est verrouill\u00e9e en position hors tension, cette g\u00e2che \u00e9lectrique est une solution fiable pour la protection de la coque et le verrouillage interne. Il est compatible avec la technologie Hi-O Can bus, ce qui facilite son int\u00e9gration avec d&#039;autres syst\u00e8mes de s\u00e9curit\u00e9.<\/p>\n<p class=\"\" data-start=\"876\" data-end=\"1324\">La g\u00e2che \u00e9lectrique a une r\u00e9sistance \u00e0 la rupture impressionnante de 10 kN (1000 kg) et offre une r\u00e9sistance \u00e9lev\u00e9e aux vibrations et aux chocs pour r\u00e9sister aux manipulations.<\/p>\n<p class=\"\" data-start=\"876\" data-end=\"1324\">Le bo\u00eetier de la serrure est en acier et dispose d&#039;un verrou tournant en acier pour une durabilit\u00e9 accrue. La fonction de pression de liste am\u00e9lior\u00e9e signifie qu&#039;elle fonctionne efficacement m\u00eame dans des conditions difficiles.<\/p>\n<p class=\"\" data-start=\"876\" data-end=\"1324\">Son classement au feu E\/EI60 lui garantit \u00e9galement des propri\u00e9t\u00e9s de protection contre l&#039;incendie pour les environnements o\u00f9 la classification au feu est importante.<\/p>\n<p class=\"\" data-start=\"1326\" data-end=\"1354\"><strong data-start=\"1326\" data-end=\"1354\">Caract\u00e9ristiques et avantages :<\/strong><\/p>\n<ul data-start=\"1355\" data-end=\"1606\">\n<li class=\"\" data-start=\"1355\" data-end=\"1400\">\n<p class=\"\" data-start=\"1357\" data-end=\"1400\">Fonction orient\u00e9e vers la droite (verrouill\u00e9e lorsqu&#039;elle est hors tension)<\/p>\n<\/li>\n<li class=\"\" data-start=\"1401\" data-end=\"1435\">\n<p class=\"\" data-start=\"1403\" data-end=\"1435\">Classe de feu E\/EI60 pour une protection accrue<\/p>\n<\/li>\n<li class=\"\" data-start=\"1436\" data-end=\"1476\">\n<p class=\"\" data-start=\"1438\" data-end=\"1476\">R\u00e9sistance \u00e0 la rupture \u00e9lev\u00e9e de 10 kN (1000 kg)<\/p>\n<\/li>\n<li class=\"\" data-start=\"1477\" data-end=\"1514\">\n<p class=\"\" data-start=\"1479\" data-end=\"1514\">Compatible avec la technologie Hi-O Can bus<\/p>\n<\/li>\n<li class=\"\" data-start=\"1515\" data-end=\"1554\">\n<p class=\"\" data-start=\"1517\" data-end=\"1554\">Bo\u00eetier de serrure galvanis\u00e9 et loquet tournant en acier<\/p>\n<\/li>\n<li class=\"\" data-start=\"1555\" data-end=\"1606\">\n<p class=\"\" data-start=\"1557\" data-end=\"1606\">Fonction d&#039;impression de bande am\u00e9lior\u00e9e pour une longue dur\u00e9e de vie<\/p>\n<\/li>\n<\/ul>\n<p class=\"\" data-start=\"1608\" data-end=\"1634\"><strong data-start=\"1608\" data-end=\"1634\">Sp\u00e9cification technique :<\/strong><\/p>\n<ul data-start=\"1635\" data-end=\"1955\">\n<li class=\"\" data-start=\"1635\" data-end=\"1659\">\n<p class=\"\" data-start=\"1637\" data-end=\"1659\">Protection transitoire int\u00e9gr\u00e9e<\/p>\n<\/li>\n<li class=\"\" data-start=\"1660\" data-end=\"1697\">\n<p class=\"\" data-start=\"1662\" data-end=\"1697\">Alimentation 12-24VAC\/VDC \u00b110 %<\/p>\n<\/li>\n<li class=\"\" data-start=\"1698\" data-end=\"1743\">\n<p class=\"\" data-start=\"1700\" data-end=\"1743\">Courant de d\u00e9marrage \u00e0 24 V : 250 mA, courant de fonctionnement : 80 mA<\/p>\n<\/li>\n<li class=\"\" data-start=\"1744\" data-end=\"1790\">\n<p class=\"\" data-start=\"1746\" data-end=\"1790\">Courant de d\u00e9marrage \u00e0 12 V : 500 mA, courant de fonctionnement : 160 mA<\/p>\n<\/li>\n<li class=\"\" data-start=\"1791\" data-end=\"1820\">\n<p class=\"\" data-start=\"1793\" data-end=\"1820\">Charni\u00e8re de porte : droite\/gauche<\/p>\n<\/li>\n<li class=\"\" data-start=\"1821\" data-end=\"1856\">\n<p class=\"\" data-start=\"1823\" data-end=\"1856\">Type de serrure : Serrure \u00e0 p\u00eane simple, Serrure \u00e0 p\u00eane double<\/p>\n<\/li>\n<li class=\"\" data-start=\"1857\" data-end=\"1901\">\n<p class=\"\" data-start=\"1859\" data-end=\"1901\">Tension max : 27,6 V, Tension min : 10,8 V<\/p>\n<\/li>\n<li class=\"\" data-start=\"1902\" data-end=\"1932\">\n<p class=\"\" data-start=\"1904\" data-end=\"1932\">Couleur\/Traitement de surface : Zingu\u00e9<\/p>\n<\/li>\n<li class=\"\" data-start=\"1933\" data-end=\"1955\">\n<p class=\"\" data-start=\"1935\" data-end=\"1955\">Hauteur du produit : 140 mm<\/p>\n<\/li>\n<\/ul>","protected":false},"excerpt":{"rendered":"<h5><a href=\"https:\/\/elslutblecksguiden.se\/\" target=\"_blank\" rel=\"noopener\">Guide pour les serrures \u00e9lectriques ASSA, les serrures motoris\u00e9es, les g\u00e2ches \u00e9lectriques et le guide de remplacement<\/a><\/h5>","protected":false},"featured_media":159500,"template":"","meta":{"_acf_changed":false},"product_brand":[],"product_cat":[3355],"product_tag":[4196,4200,2967],"class_list":{"0":"post-91558","1":"product","2":"type-product","3":"status-publish","4":"has-post-thumbnail","6":"product_cat-elslutbleck","7":"product_tag-12-24v","8":"product_tag-rattvand","9":"product_tag-rg-assa-abloy","10":"product_shipping_class-tunga-paket","11":"pa_brands-abloy","12":"tm-no-options","14":"first","15":"onbackorder","16":"sale","17":"taxable","18":"shipping-taxable","19":"purchasable","20":"product-type-simple"},"acf":[],"_links":{"self":[{"href":"https:\/\/secureus.se\/fr\/wp-json\/wp\/v2\/product\/91558","targetHints":{"allow":["GET"]}}],"collection":[{"href":"https:\/\/secureus.se\/fr\/wp-json\/wp\/v2\/product"}],"about":[{"href":"https:\/\/secureus.se\/fr\/wp-json\/wp\/v2\/types\/product"}],"wp:featuredmedia":[{"embeddable":true,"href":"https:\/\/secureus.se\/fr\/wp-json\/wp\/v2\/media\/159500"}],"wp:attachment":[{"href":"https:\/\/secureus.se\/fr\/wp-json\/wp\/v2\/media?parent=91558"}],"wp:term":[{"taxonomy":"product_brand","embeddable":true,"href":"https:\/\/secureus.se\/fr\/wp-json\/wp\/v2\/product_brand?post=91558"},{"taxonomy":"product_cat","embeddable":true,"href":"https:\/\/secureus.se\/fr\/wp-json\/wp\/v2\/product_cat?post=91558"},{"taxonomy":"product_tag","embeddable":true,"href":"https:\/\/secureus.se\/fr\/wp-json\/wp\/v2\/product_tag?post=91558"}],"curies":[{"name":"wp","href":"https:\/\/api.w.org\/{rel}","templated":true}]}}