{"id":91559,"date":"2023-09-27T18:13:29","date_gmt":"2023-09-27T16:13:29","guid":{"rendered":"https:\/\/secureus.se\/elslutbleck-960c-rattvand-12-24v-hi-o-kolvkontakt-5m-kabel\/"},"modified":"2026-04-08T16:03:50","modified_gmt":"2026-04-08T14:03:50","slug":"elslutbleck-960c-rattvand-12-24v-hi-o-kolvkontakt-5m-kabel","status":"publish","type":"product","link":"https:\/\/secureus.se\/fr\/elslutbleck-960c-rattvand-12-24v-hi-o-kolvkontakt-5m-kabel\/","title":{"rendered":"Plaque de terminaison \u00e9lectrique 960C Connecteur \u00e0 piston Hi-O 12-24 V orient\u00e9 vers la droite C\u00e2ble de 5 m"},"content":{"rendered":"<h1>Plaque de terminaison \u00e9lectrique 960C Connecteur \u00e0 piston Hi-O 12-24 V orient\u00e9 vers la droite C\u00e2ble de 5 m<\/h1>\n<p>La g\u00e2che \u00e9lectrique ASSA ABLOY 960C est con\u00e7ue pour les portes ayant des exigences \u00e9lev\u00e9es en mati\u00e8re de pression de frappe et de s\u00e9curit\u00e9.<\/p>\n<p>Il s&#039;agit d&#039;une solution fiable pour la protection des coques et le verrouillage interne dans les environnements de vente au d\u00e9tail, de bureau et industriels.<\/p>\n<p>Compatible avec la technologie Hi-O Can bus et \u00e9quip\u00e9 d&#039;un connecteur \u00e0 piston et d&#039;un c\u00e2ble de connexion de 5 m.<\/p>\n<p>La g\u00e2che \u00e9lectrique a une r\u00e9sistance \u00e0 la rupture \u00e9lev\u00e9e de 15 kN et une classe de feu E\/EI 120 pour plus de s\u00e9curit\u00e9.<\/p>\n<p class=\"\" data-start=\"492\" data-end=\"962\">La g\u00e2che \u00e9lectrique ASSA ABLOY 960C est une solution de s\u00e9curit\u00e9 robuste pour les portes qui imposent des exigences \u00e9lev\u00e9es en mati\u00e8re de pression de frappe et de s\u00e9curit\u00e9.<\/p>\n<p class=\"\" data-start=\"492\" data-end=\"962\">Il est id\u00e9al pour le verrouillage diurne dans les protections de coque, les bureaux, l&#039;industrie et les espaces publics dans les immeubles d&#039;habitation.<\/p>\n<p class=\"\" data-start=\"492\" data-end=\"962\">La g\u00e2che \u00e9lectrique est con\u00e7ue pour \u00eatre utilis\u00e9e dans les portes avec des serrures \u00e0 p\u00eane simple ou double interverrouill\u00e9es et est compatible avec la technologie Hi-O Can bus, ce qui permet de l&#039;int\u00e9grer dans les syst\u00e8mes de s\u00e9curit\u00e9 modernes.<\/p>\n<p class=\"\" data-start=\"964\" data-end=\"1445\">Le 960C offre des fonctionnalit\u00e9s impressionnantes, telles qu&#039;une fonction orient\u00e9e vers la droite (d\u00e9verrouill\u00e9e en cas de panne de courant) et une r\u00e9sistance \u00e0 la rupture \u00e9lev\u00e9e de 15 kN (1 500 kg), ce qui le rend id\u00e9al pour les besoins de s\u00e9curit\u00e9 les plus exigeants.<\/p>\n<p class=\"\" data-start=\"964\" data-end=\"1445\">Il est class\u00e9 au feu jusqu&#039;\u00e0 E\/EI 120, ce qui offre une couche de s\u00e9curit\u00e9 suppl\u00e9mentaire dans les environnements sujets aux incendies.<\/p>\n<p class=\"\" data-start=\"964\" data-end=\"1445\">La g\u00e2che \u00e9lectrique pr\u00e9sente \u00e9galement une r\u00e9sistance \u00e9lev\u00e9e aux chocs et aux impacts, ce qui prot\u00e8ge contre toute manipulation.<\/p>\n<p class=\"\" data-start=\"964\" data-end=\"1445\">Le c\u00e2ble de connexion de 5 m\u00e8tres et le connecteur \u00e0 piston inclus rendent l&#039;installation simple et flexible.<\/p>\n<p class=\"\" data-start=\"1447\" data-end=\"1475\"><strong data-start=\"1447\" data-end=\"1475\">Caract\u00e9ristiques et avantages :<\/strong><\/p>\n<ul data-start=\"1476\" data-end=\"1746\">\n<li class=\"\" data-start=\"1476\" data-end=\"1525\">\n<p class=\"\" data-start=\"1478\" data-end=\"1525\">Fonction marche avant (d\u00e9verrouill\u00e9e en cas de panne de courant)<\/p>\n<\/li>\n<li class=\"\" data-start=\"1526\" data-end=\"1562\">\n<p class=\"\" data-start=\"1528\" data-end=\"1562\">R\u00e9sistance \u00e0 la rupture de 15 kN (1500 kg)<\/p>\n<\/li>\n<li class=\"\" data-start=\"1563\" data-end=\"1593\">\n<p class=\"\" data-start=\"1565\" data-end=\"1593\">Classe de feu jusqu&#039;\u00e0 E\/EI 120<\/p>\n<\/li>\n<li class=\"\" data-start=\"1594\" data-end=\"1622\">\n<p class=\"\" data-start=\"1596\" data-end=\"1622\">Haute r\u00e9sistance aux chocs et aux impacts<\/p>\n<\/li>\n<li class=\"\" data-start=\"1623\" data-end=\"1659\">\n<p class=\"\" data-start=\"1625\" data-end=\"1659\">Bo\u00eetier galvanis\u00e9 et t\u00eate pivotante en acier<\/p>\n<\/li>\n<li class=\"\" data-start=\"1660\" data-end=\"1697\">\n<p class=\"\" data-start=\"1662\" data-end=\"1697\">Compatible avec la technologie Hi-O Can bus<\/p>\n<\/li>\n<li class=\"\" data-start=\"1698\" data-end=\"1746\">\n<p class=\"\" data-start=\"1700\" data-end=\"1746\">C\u00e2ble de connexion de 5 m et connecteur \u00e0 piston inclus<\/p>\n<\/li>\n<\/ul>\n<p class=\"\" data-start=\"1748\" data-end=\"1774\"><strong data-start=\"1748\" data-end=\"1774\">Sp\u00e9cification technique :<\/strong><\/p>\n<ul data-start=\"1775\" data-end=\"2147\">\n<li class=\"\" data-start=\"1775\" data-end=\"1799\">\n<p class=\"\" data-start=\"1777\" data-end=\"1799\">Protection transitoire int\u00e9gr\u00e9e<\/p>\n<\/li>\n<li class=\"\" data-start=\"1800\" data-end=\"1840\">\n<p class=\"\" data-start=\"1802\" data-end=\"1840\">Alimentation 12-24VAC\/DC \u00b110% +15%<\/p>\n<\/li>\n<li class=\"\" data-start=\"1841\" data-end=\"1887\">\n<p class=\"\" data-start=\"1843\" data-end=\"1887\">Courant de d\u00e9marrage \u00e0 24 V : 240 mA, courant de fonctionnement : 145 mA<\/p>\n<\/li>\n<li class=\"\" data-start=\"1888\" data-end=\"1934\">\n<p class=\"\" data-start=\"1890\" data-end=\"1934\">Courant de d\u00e9marrage \u00e0 12 V : 620 mA, courant de fonctionnement : 310 mA<\/p>\n<\/li>\n<li class=\"\" data-start=\"1935\" data-end=\"1960\">\n<p class=\"\" data-start=\"1937\" data-end=\"1960\">Test\u00e9 au feu pendant 120 minutes<\/p>\n<\/li>\n<li class=\"\" data-start=\"1961\" data-end=\"1990\">\n<p class=\"\" data-start=\"1963\" data-end=\"1990\">Charni\u00e8re de porte : droite\/gauche<\/p>\n<\/li>\n<li class=\"\" data-start=\"1991\" data-end=\"2026\">\n<p class=\"\" data-start=\"1993\" data-end=\"2026\">Type de serrure : Serrure \u00e0 p\u00eane simple, Serrure \u00e0 p\u00eane double<\/p>\n<\/li>\n<li class=\"\" data-start=\"2027\" data-end=\"2071\">\n<p class=\"\" data-start=\"2029\" data-end=\"2071\">Tension max : 27,6 V, Tension min : 10,8 V<\/p>\n<\/li>\n<li class=\"\" data-start=\"2072\" data-end=\"2102\">\n<p class=\"\" data-start=\"2074\" data-end=\"2102\">Couleur\/Traitement de surface : Zingu\u00e9<\/p>\n<\/li>\n<li class=\"\" data-start=\"2103\" data-end=\"2125\">\n<p class=\"\" data-start=\"2105\" data-end=\"2125\">Hauteur du produit : 140 mm<\/p>\n<\/li>\n<li class=\"\" data-start=\"2126\" data-end=\"2147\">\n<p class=\"\" data-start=\"2128\" data-end=\"2147\">Longueur du c\u00e2ble : 5 m\u00e8tres<\/p>\n<\/li>\n<\/ul>","protected":false},"excerpt":{"rendered":"<h5><a href=\"https:\/\/elslutblecksguiden.se\/\" target=\"_blank\" rel=\"noopener\">Guide pour les serrures \u00e9lectriques ASSA, les serrures motoris\u00e9es, les g\u00e2ches \u00e9lectriques et le guide de remplacement<\/a><\/h5>","protected":false},"featured_media":138779,"template":"","meta":{"_acf_changed":false},"product_brand":[],"product_cat":[3355],"product_tag":[4196,4200,2967],"class_list":{"0":"post-91559","1":"product","2":"type-product","3":"status-publish","4":"has-post-thumbnail","6":"product_cat-elslutbleck","7":"product_tag-12-24v","8":"product_tag-rattvand","9":"product_tag-rg-assa-abloy","10":"product_shipping_class-tunga-paket","11":"pa_brands-abloy","12":"tm-no-options","14":"first","15":"instock","16":"sale","17":"taxable","18":"shipping-taxable","19":"purchasable","20":"product-type-simple"},"acf":[],"_links":{"self":[{"href":"https:\/\/secureus.se\/fr\/wp-json\/wp\/v2\/product\/91559","targetHints":{"allow":["GET"]}}],"collection":[{"href":"https:\/\/secureus.se\/fr\/wp-json\/wp\/v2\/product"}],"about":[{"href":"https:\/\/secureus.se\/fr\/wp-json\/wp\/v2\/types\/product"}],"wp:featuredmedia":[{"embeddable":true,"href":"https:\/\/secureus.se\/fr\/wp-json\/wp\/v2\/media\/138779"}],"wp:attachment":[{"href":"https:\/\/secureus.se\/fr\/wp-json\/wp\/v2\/media?parent=91559"}],"wp:term":[{"taxonomy":"product_brand","embeddable":true,"href":"https:\/\/secureus.se\/fr\/wp-json\/wp\/v2\/product_brand?post=91559"},{"taxonomy":"product_cat","embeddable":true,"href":"https:\/\/secureus.se\/fr\/wp-json\/wp\/v2\/product_cat?post=91559"},{"taxonomy":"product_tag","embeddable":true,"href":"https:\/\/secureus.se\/fr\/wp-json\/wp\/v2\/product_tag?post=91559"}],"curies":[{"name":"wp","href":"https:\/\/api.w.org\/{rel}","templated":true}]}}