{"id":91562,"date":"2023-09-27T18:13:24","date_gmt":"2023-09-27T16:13:24","guid":{"rendered":"https:\/\/secureus.se\/elslutbleck-941m-omvand-12-24v-kolvkontakt\/"},"modified":"2026-04-08T15:57:17","modified_gmt":"2026-04-08T13:57:17","slug":"elslutbleck-941m-omvand-12-24v-kolvkontakt","status":"publish","type":"product","link":"https:\/\/secureus.se\/fr\/elslutbleck-941m-omvand-12-24v-kolvkontakt\/","title":{"rendered":"Plaque \u00e0 bornes \u00e9lectrique 941M Contact piston invers\u00e9 12-24V"},"content":{"rendered":"<div>\n<div>\n<h1>Plaque \u00e0 bornes \u00e9lectrique 941M Contact piston invers\u00e9 12-24V<\/h1>\n<p>ASSA ABLOY 941M est une g\u00e2che \u00e9lectrique avec fonction inverse pour portes. Il est parfait pour les solutions de s\u00e9curit\u00e9 dans la protection des coques, les bureaux et les environnements industriels, avec une r\u00e9sistance \u00e9lev\u00e9e et une conception sym\u00e9trique.<\/p>\n<p>L&#039;ASSA ABLOY 941M est une g\u00e2che \u00e9lectrique de haute qualit\u00e9 qui offre une fonction inverse, c&#039;est-\u00e0-dire qu&#039;elle est d\u00e9verrouill\u00e9e en position hors tension.<\/p>\n<p>Cela le rend particuli\u00e8rement utile dans les solutions de s\u00e9curit\u00e9 pour la protection des coques et le verrouillage interne dans le commerce, les bureaux et l&#039;industrie, ainsi que dans les immeubles multifamiliaux.<\/p>\n<p>La g\u00e2che \u00e9lectrique est con\u00e7ue pour \u00eatre utilis\u00e9e dans les portes en combinaison avec des serrures \u00e0 p\u00eane simple et double interverrouill\u00e9es.<\/p>\n<p>La g\u00e2che \u00e9lectrique de conception sym\u00e9trique peut \u00eatre utilis\u00e9e pour les portes \u00e0 ouverture \u00e0 droite et \u00e0 gauche et offre une solution robuste avec une r\u00e9sistance \u00e0 la rupture de 900 kg.<\/p>\n<p>Gr\u00e2ce \u00e0 la technologie multi-tension (12-24 V CC) et \u00e0 une technologie de pression de bande de 100 kg, une longue dur\u00e9e de vie et un fonctionnement s\u00fbr dans des conditions de fonctionnement variables sont garantis.<\/p>\n<p>Il est \u00e9galement antichoc et r\u00e9versible pour une installation facile.<\/p>\n<p class=\"\" data-start=\"1109\" data-end=\"1124\"><strong data-start=\"1109\" data-end=\"1124\">Propri\u00e9t\u00e9s:<\/strong><\/p>\n<ul data-start=\"1125\" data-end=\"1349\">\n<li class=\"\" data-start=\"1125\" data-end=\"1167\">\n<p class=\"\" data-start=\"1127\" data-end=\"1167\">Fonction inverse (d\u00e9verrouill\u00e9e en mode hors tension)<\/p>\n<\/li>\n<li class=\"\" data-start=\"1168\" data-end=\"1204\">\n<p class=\"\" data-start=\"1170\" data-end=\"1204\">Multitension 12-24 V CC (-10\/+15%)<\/p>\n<\/li>\n<li class=\"\" data-start=\"1205\" data-end=\"1236\">\n<p class=\"\" data-start=\"1207\" data-end=\"1236\">Interrupteur \u00e0 piston de verrouillage (micro-interrupteur)<\/p>\n<\/li>\n<li class=\"\" data-start=\"1237\" data-end=\"1262\">\n<p class=\"\" data-start=\"1239\" data-end=\"1262\">Technologie d&#039;impression en bande 100 kg<\/p>\n<\/li>\n<li class=\"\" data-start=\"1263\" data-end=\"1287\">\n<p class=\"\" data-start=\"1265\" data-end=\"1287\">R\u00e9sistance \u00e0 la rupture 900 kg<\/p>\n<\/li>\n<li class=\"\" data-start=\"1288\" data-end=\"1349\">\n<p class=\"\" data-start=\"1290\" data-end=\"1349\">Antichoc et de conception sym\u00e9trique, r\u00e9versible droite\/gauche<\/p>\n<\/li>\n<\/ul>\n<p class=\"\" data-start=\"1351\" data-end=\"1380\"><strong data-start=\"1351\" data-end=\"1380\">Sp\u00e9cifications techniques :<\/strong><\/p>\n<ul data-start=\"1381\" data-end=\"1872\">\n<li class=\"\" data-start=\"1381\" data-end=\"1421\">\n<p class=\"\" data-start=\"1383\" data-end=\"1421\">Alimentation : 12-24 V CC (-10\/+15%)<\/p>\n<\/li>\n<li class=\"\" data-start=\"1422\" data-end=\"1463\">\n<p class=\"\" data-start=\"1424\" data-end=\"1463\">Courant de d\u00e9marrage \u00e0 24 V : XX mA, fonctionnement : XX mA<\/p>\n<\/li>\n<li class=\"\" data-start=\"1464\" data-end=\"1534\">\n<p class=\"\" data-start=\"1466\" data-end=\"1534\">Courant de repos \u00e0 24 V : 0 mA (fonction directe), XX mA (fonction inverse)<\/p>\n<\/li>\n<li class=\"\" data-start=\"1535\" data-end=\"1576\">\n<p class=\"\" data-start=\"1537\" data-end=\"1576\">Courant de d\u00e9marrage \u00e0 12 V : XX mA, fonctionnement : XX mA<\/p>\n<\/li>\n<li class=\"\" data-start=\"1577\" data-end=\"1647\">\n<p class=\"\" data-start=\"1579\" data-end=\"1647\">Courant de repos \u00e0 12 V : 0 mA (fonction directe), XX mA (fonction inverse)<\/p>\n<\/li>\n<li class=\"\" data-start=\"1648\" data-end=\"1673\">\n<p class=\"\" data-start=\"1650\" data-end=\"1673\">R\u00e9sistance \u00e0 la rupture : 900 kg<\/p>\n<\/li>\n<li class=\"\" data-start=\"1674\" data-end=\"1704\">\n<p class=\"\" data-start=\"1676\" data-end=\"1704\">Charni\u00e8re de porte : droite, gauche<\/p>\n<\/li>\n<li class=\"\" data-start=\"1705\" data-end=\"1723\">\n<p class=\"\" data-start=\"1707\" data-end=\"1723\">C\u00e2ble inclus : Non<\/p>\n<\/li>\n<li class=\"\" data-start=\"1724\" data-end=\"1743\">\n<p class=\"\" data-start=\"1726\" data-end=\"1743\">Pression de la bande : 100 kg<\/p>\n<\/li>\n<li class=\"\" data-start=\"1744\" data-end=\"1779\">\n<p class=\"\" data-start=\"1746\" data-end=\"1779\">Type de serrure : Serrure \u00e0 p\u00eane simple, Serrure \u00e0 p\u00eane double<\/p>\n<\/li>\n<li class=\"\" data-start=\"1780\" data-end=\"1833\">\n<p class=\"\" data-start=\"1782\" data-end=\"1833\">Dimensions du produit : Largeur : 28 mm, Profondeur : 25 mm, Hauteur : 90 mm<\/p>\n<\/li>\n<li class=\"\" data-start=\"1834\" data-end=\"1851\">\n<p class=\"\" data-start=\"1836\" data-end=\"1851\">Contact du piston : Oui<\/p>\n<\/li>\n<li class=\"\" data-start=\"1852\" data-end=\"1872\">\n<p class=\"\" data-start=\"1854\" data-end=\"1872\">Tension AC\/DC : DC<\/p>\n<\/li>\n<\/ul>\n<\/div>\n<\/div>","protected":false},"excerpt":{"rendered":"<h5><a href=\"https:\/\/elslutblecksguiden.se\/\" target=\"_blank\" rel=\"noopener\">Guide pour les serrures \u00e9lectriques ASSA, les serrures motoris\u00e9es, les g\u00e2ches \u00e9lectriques et le guide de remplacement<\/a><\/h5>","protected":false},"featured_media":138631,"template":"","meta":{"_acf_changed":false},"product_brand":[],"product_cat":[3355],"product_tag":[4196,4201,2967],"class_list":{"0":"post-91562","1":"product","2":"type-product","3":"status-publish","4":"has-post-thumbnail","6":"product_cat-elslutbleck","7":"product_tag-12-24v","8":"product_tag-omvand","9":"product_tag-rg-assa-abloy","10":"product_shipping_class-tunga-paket","11":"pa_brands-abloy","12":"tm-no-options","14":"first","15":"instock","16":"sale","17":"taxable","18":"shipping-taxable","19":"purchasable","20":"product-type-simple"},"acf":[],"_links":{"self":[{"href":"https:\/\/secureus.se\/fr\/wp-json\/wp\/v2\/product\/91562","targetHints":{"allow":["GET"]}}],"collection":[{"href":"https:\/\/secureus.se\/fr\/wp-json\/wp\/v2\/product"}],"about":[{"href":"https:\/\/secureus.se\/fr\/wp-json\/wp\/v2\/types\/product"}],"wp:featuredmedia":[{"embeddable":true,"href":"https:\/\/secureus.se\/fr\/wp-json\/wp\/v2\/media\/138631"}],"wp:attachment":[{"href":"https:\/\/secureus.se\/fr\/wp-json\/wp\/v2\/media?parent=91562"}],"wp:term":[{"taxonomy":"product_brand","embeddable":true,"href":"https:\/\/secureus.se\/fr\/wp-json\/wp\/v2\/product_brand?post=91562"},{"taxonomy":"product_cat","embeddable":true,"href":"https:\/\/secureus.se\/fr\/wp-json\/wp\/v2\/product_cat?post=91562"},{"taxonomy":"product_tag","embeddable":true,"href":"https:\/\/secureus.se\/fr\/wp-json\/wp\/v2\/product_tag?post=91562"}],"curies":[{"name":"wp","href":"https:\/\/api.w.org\/{rel}","templated":true}]}}