{"id":91563,"date":"2023-09-27T18:13:23","date_gmt":"2023-09-27T16:13:23","guid":{"rendered":"https:\/\/secureus.se\/elslutbleck-991m-brand-omvand-12-24v-kolvkontakt\/"},"modified":"2026-03-25T15:42:02","modified_gmt":"2026-03-25T14:42:02","slug":"elslutbleck-991m-brand-omvand-12-24v-kolvkontakt","status":"publish","type":"product","link":"https:\/\/secureus.se\/fr\/elslutbleck-991m-brand-omvand-12-24v-kolvkontakt\/","title":{"rendered":"Plaque d&#039;extr\u00e9mit\u00e9 \u00e9lectrique 991M Fire Reverse 12-24V Contact piston"},"content":{"rendered":"<div>\n<div>\n<h1>Plaque d&#039;extr\u00e9mit\u00e9 \u00e9lectrique 991M Fire Reverse 12-24V Contact piston<\/h1>\n<p>ASSA ABLOY 991M est une g\u00e2che \u00e9lectrique test\u00e9e au feu avec fonction inverse, con\u00e7ue pour un verrouillage s\u00e9curis\u00e9 dans les limites des cellules d&#039;incendie et d&#039;autres exigences de s\u00e9curit\u00e9. Id\u00e9al pour la protection des coques, des bureaux et de l&#039;industrie.<\/p>\n<p class=\"\" data-start=\"325\" data-end=\"775\">ASSA ABLOY 991M est une g\u00e2che \u00e9lectrique haute performance test\u00e9e au feu et r\u00e9pondant aux exigences d&#039;installation dans les limites des compartiments coupe-feu, ce qui en fait un choix id\u00e9al pour les solutions de s\u00e9curit\u00e9 dans les environnements inflammables et non inflammables.<\/p>\n<p class=\"\" data-start=\"325\" data-end=\"775\">Il est con\u00e7u pour les portes utilis\u00e9es avec des serrures \u00e0 simple et double loquet interverrouill\u00e9es et convient parfaitement \u00e0 la protection des coques, au verrouillage interne et aux solutions de s\u00e9curit\u00e9 dans les b\u00e2timents commerciaux, de bureaux, industriels et multifamiliaux.<\/p>\n<p class=\"\" data-start=\"777\" data-end=\"1104\">Dot\u00e9e d&#039;une fonction inverse (d\u00e9verrouillage en position hors tension), d&#039;une technologie multi-tension (12-24V DC) et d&#039;une force de rupture de 900 kg, cette g\u00e2che \u00e9lectrique offre \u00e0 la fois s\u00e9curit\u00e9 et durabilit\u00e9 dans le temps.<\/p>\n<p class=\"\" data-start=\"777\" data-end=\"1104\">Il est \u00e9galement r\u00e9sistant aux chocs et r\u00e9versible pour les portes \u00e0 suspension \u00e0 droite et \u00e0 gauche, ce qui le rend facile \u00e0 installer dans diff\u00e9rents types de syst\u00e8mes de portes.<\/p>\n<p class=\"\" data-start=\"1106\" data-end=\"1121\"><strong data-start=\"1106\" data-end=\"1121\">Propri\u00e9t\u00e9s:<\/strong><\/p>\n<ul data-start=\"1122\" data-end=\"1456\">\n<li class=\"\" data-start=\"1122\" data-end=\"1164\">\n<p class=\"\" data-start=\"1124\" data-end=\"1164\">Fonction inverse (d\u00e9verrouill\u00e9e en mode hors tension)<\/p>\n<\/li>\n<li class=\"\" data-start=\"1165\" data-end=\"1201\">\n<p class=\"\" data-start=\"1167\" data-end=\"1201\">Multitension 12-24 V CC (-10\/+15%)<\/p>\n<\/li>\n<li class=\"\" data-start=\"1202\" data-end=\"1233\">\n<p class=\"\" data-start=\"1204\" data-end=\"1233\">Interrupteur \u00e0 piston de verrouillage (micro-interrupteur)<\/p>\n<\/li>\n<li class=\"\" data-start=\"1234\" data-end=\"1260\">\n<p class=\"\" data-start=\"1236\" data-end=\"1260\">Technologie d&#039;impression de liste : 100 kg<\/p>\n<\/li>\n<li class=\"\" data-start=\"1261\" data-end=\"1286\">\n<p class=\"\" data-start=\"1263\" data-end=\"1286\">R\u00e9sistance \u00e0 la rupture : 900 kg<\/p>\n<\/li>\n<li class=\"\" data-start=\"1287\" data-end=\"1348\">\n<p class=\"\" data-start=\"1289\" data-end=\"1348\">Antichoc et de conception sym\u00e9trique, r\u00e9versible droite\/gauche<\/p>\n<\/li>\n<li class=\"\" data-start=\"1349\" data-end=\"1404\">\n<p class=\"\" data-start=\"1351\" data-end=\"1404\">Classe de feu E\/EI 120, marquage CE selon SS-EN 14846:2008<\/p>\n<\/li>\n<li class=\"\" data-start=\"1405\" data-end=\"1456\">\n<p class=\"\" data-start=\"1407\" data-end=\"1456\">Conforme aux exigences d&#039;installation dans les limites des compartiments coupe-feu<\/p>\n<\/li>\n<\/ul>\n<p class=\"\" data-start=\"1458\" data-end=\"1487\"><strong data-start=\"1458\" data-end=\"1487\">Sp\u00e9cifications techniques :<\/strong><\/p>\n<ul data-start=\"1488\" data-end=\"2002\">\n<li class=\"\" data-start=\"1488\" data-end=\"1528\">\n<p class=\"\" data-start=\"1490\" data-end=\"1528\">Alimentation : 12-24 V CC (-10\/+15%)<\/p>\n<\/li>\n<li class=\"\" data-start=\"1529\" data-end=\"1570\">\n<p class=\"\" data-start=\"1531\" data-end=\"1570\">Courant de d\u00e9marrage \u00e0 24 V : XX mA, fonctionnement : XX mA<\/p>\n<\/li>\n<li class=\"\" data-start=\"1571\" data-end=\"1641\">\n<p class=\"\" data-start=\"1573\" data-end=\"1641\">Courant de repos \u00e0 24 V : 0 mA (fonction directe), XX mA (fonction inverse)<\/p>\n<\/li>\n<li class=\"\" data-start=\"1642\" data-end=\"1683\">\n<p class=\"\" data-start=\"1644\" data-end=\"1683\">Courant de d\u00e9marrage \u00e0 12 V : XX mA, fonctionnement : XX mA<\/p>\n<\/li>\n<li class=\"\" data-start=\"1684\" data-end=\"1754\">\n<p class=\"\" data-start=\"1686\" data-end=\"1754\">Courant de repos \u00e0 12 V : 0 mA (fonction directe), XX mA (fonction inverse)<\/p>\n<\/li>\n<li class=\"\" data-start=\"1755\" data-end=\"1777\">\n<p class=\"\" data-start=\"1757\" data-end=\"1777\">Test\u00e9 au feu : 120 min<\/p>\n<\/li>\n<li class=\"\" data-start=\"1778\" data-end=\"1803\">\n<p class=\"\" data-start=\"1780\" data-end=\"1803\">R\u00e9sistance \u00e0 la rupture : 900 kg<\/p>\n<\/li>\n<li class=\"\" data-start=\"1804\" data-end=\"1834\">\n<p class=\"\" data-start=\"1806\" data-end=\"1834\">Charni\u00e8re de porte : droite, gauche<\/p>\n<\/li>\n<li class=\"\" data-start=\"1835\" data-end=\"1853\">\n<p class=\"\" data-start=\"1837\" data-end=\"1853\">C\u00e2ble inclus : Non<\/p>\n<\/li>\n<li class=\"\" data-start=\"1854\" data-end=\"1873\">\n<p class=\"\" data-start=\"1856\" data-end=\"1873\">Pression de la bande : 100 kg<\/p>\n<\/li>\n<li class=\"\" data-start=\"1874\" data-end=\"1909\">\n<p class=\"\" data-start=\"1876\" data-end=\"1909\">Type de serrure : Serrure \u00e0 p\u00eane simple, Serrure \u00e0 p\u00eane double<\/p>\n<\/li>\n<li class=\"\" data-start=\"1910\" data-end=\"1963\">\n<p class=\"\" data-start=\"1912\" data-end=\"1963\">Dimensions du produit : Largeur : 28 mm, Profondeur : 25 mm, Hauteur : 90 mm<\/p>\n<\/li>\n<li class=\"\" data-start=\"1964\" data-end=\"1981\">\n<p class=\"\" data-start=\"1966\" data-end=\"1981\">Contact du piston : Oui<\/p>\n<\/li>\n<li class=\"\" data-start=\"1982\" data-end=\"2002\">\n<p class=\"\" data-start=\"1984\" data-end=\"2002\">Tension AC\/DC : DC<\/p>\n<\/li>\n<\/ul>\n<\/div>\n<\/div>","protected":false},"excerpt":{"rendered":"<h5><a href=\"https:\/\/elslutblecksguiden.se\/\" target=\"_blank\" rel=\"noopener\">Guide pour les serrures \u00e9lectriques ASSA, les serrures motoris\u00e9es, les g\u00e2ches \u00e9lectriques et le guide de remplacement<\/a><\/h5>","protected":false},"featured_media":140096,"template":"","meta":{"_acf_changed":false},"product_brand":[],"product_cat":[3355],"product_tag":[4196,4201,2967],"class_list":{"0":"post-91563","1":"product","2":"type-product","3":"status-publish","4":"has-post-thumbnail","6":"product_cat-elslutbleck","7":"product_tag-12-24v","8":"product_tag-omvand","9":"product_tag-rg-assa-abloy","10":"product_shipping_class-tunga-paket","11":"pa_brands-abloy","12":"tm-no-options","14":"first","15":"instock","16":"sale","17":"taxable","18":"shipping-taxable","19":"purchasable","20":"product-type-simple"},"acf":[],"_links":{"self":[{"href":"https:\/\/secureus.se\/fr\/wp-json\/wp\/v2\/product\/91563","targetHints":{"allow":["GET"]}}],"collection":[{"href":"https:\/\/secureus.se\/fr\/wp-json\/wp\/v2\/product"}],"about":[{"href":"https:\/\/secureus.se\/fr\/wp-json\/wp\/v2\/types\/product"}],"wp:featuredmedia":[{"embeddable":true,"href":"https:\/\/secureus.se\/fr\/wp-json\/wp\/v2\/media\/140096"}],"wp:attachment":[{"href":"https:\/\/secureus.se\/fr\/wp-json\/wp\/v2\/media?parent=91563"}],"wp:term":[{"taxonomy":"product_brand","embeddable":true,"href":"https:\/\/secureus.se\/fr\/wp-json\/wp\/v2\/product_brand?post=91563"},{"taxonomy":"product_cat","embeddable":true,"href":"https:\/\/secureus.se\/fr\/wp-json\/wp\/v2\/product_cat?post=91563"},{"taxonomy":"product_tag","embeddable":true,"href":"https:\/\/secureus.se\/fr\/wp-json\/wp\/v2\/product_tag?post=91563"}],"curies":[{"name":"wp","href":"https:\/\/api.w.org\/{rel}","templated":true}]}}