{"id":91564,"date":"2023-09-27T18:13:21","date_gmt":"2023-09-27T16:13:21","guid":{"rendered":"https:\/\/secureus.se\/elslutbleck-990m-brand-rattvand-12-24v-kolvkontakt\/"},"modified":"2026-04-23T12:22:38","modified_gmt":"2026-04-23T10:22:38","slug":"elslutbleck-990m-brand-rattvand-12-24v-kolvkontakt","status":"publish","type":"product","link":"https:\/\/secureus.se\/fr\/elslutbleck-990m-brand-rattvand-12-24v-kolvkontakt\/","title":{"rendered":"Plaque d&#039;extr\u00e9mit\u00e9 \u00e9lectrique Marque 990M Contact piston 12-24V orient\u00e9 vers la droite"},"content":{"rendered":"<h1>Plaque d&#039;extr\u00e9mit\u00e9 \u00e9lectrique Marque 990M Contact piston 12-24V orient\u00e9 vers la droite<\/h1>\n<p>ASSA ABLOY 990M est une g\u00e2che \u00e9lectrique test\u00e9e au feu avec fonction \u00e0 droite, con\u00e7ue pour un verrouillage s\u00e9curis\u00e9 dans les limites des cellules d&#039;incendie et d&#039;autres exigences de s\u00e9curit\u00e9. Id\u00e9al pour la protection des coques, des bureaux et de l&#039;industrie.<\/p>\n<p class=\"\" data-start=\"330\" data-end=\"757\">ASSA ABLOY 990M est une g\u00e2che \u00e9lectrique haute performance test\u00e9e au feu et r\u00e9pondant aux exigences d&#039;installation dans les limites des compartiments coupe-feu.<\/p>\n<p class=\"\" data-start=\"330\" data-end=\"757\">Cela en fait un excellent choix pour les portes o\u00f9 la s\u00e9curit\u00e9 et la r\u00e9sistance au feu sont toutes deux importantes, notamment les applications commerciales, de bureau, industrielles et multifamiliales.<\/p>\n<p class=\"\" data-start=\"330\" data-end=\"757\">La g\u00e2che \u00e9lectrique est con\u00e7ue pour \u00eatre utilis\u00e9e dans les portes en combinaison avec des serrures \u00e0 p\u00eane simple et double interverrouill\u00e9es.<\/p>\n<p class=\"\" data-start=\"759\" data-end=\"1102\">Avec sa fonction droitier (verrouill\u00e9e en position hors tension), sa technologie multi-tension (12-24V DC) et une r\u00e9sistance \u00e0 la rupture de 900 kg, cette g\u00e2che \u00e9lectrique offre \u00e0 la fois une durabilit\u00e9 \u00e0 long terme et un fonctionnement s\u00fbr.<\/p>\n<p class=\"\" data-start=\"759\" data-end=\"1102\">Il est \u00e9galement r\u00e9sistant aux chocs et poss\u00e8de une conception sym\u00e9trique qui le rend r\u00e9versible pour les portes suspendues \u00e0 droite et \u00e0 gauche, ce qui facilite l&#039;installation.<\/p>\n<p class=\"\" data-start=\"1104\" data-end=\"1119\"><strong data-start=\"1104\" data-end=\"1119\">Propri\u00e9t\u00e9s:<\/strong><\/p>\n<ul data-start=\"1120\" data-end=\"1454\">\n<li class=\"\" data-start=\"1120\" data-end=\"1163\">\n<p class=\"\" data-start=\"1122\" data-end=\"1163\">Fonction orient\u00e9e vers la droite (verrouill\u00e9e en mode hors tension)<\/p>\n<\/li>\n<li class=\"\" data-start=\"1164\" data-end=\"1200\">\n<p class=\"\" data-start=\"1166\" data-end=\"1200\">Multitension 12-24 V CC (-10\/+15%)<\/p>\n<\/li>\n<li class=\"\" data-start=\"1201\" data-end=\"1232\">\n<p class=\"\" data-start=\"1203\" data-end=\"1232\">Interrupteur \u00e0 piston de verrouillage (micro-interrupteur)<\/p>\n<\/li>\n<li class=\"\" data-start=\"1233\" data-end=\"1258\">\n<p class=\"\" data-start=\"1235\" data-end=\"1258\">Technologie d&#039;impression de liste : 50 kg<\/p>\n<\/li>\n<li class=\"\" data-start=\"1259\" data-end=\"1284\">\n<p class=\"\" data-start=\"1261\" data-end=\"1284\">R\u00e9sistance \u00e0 la rupture : 900 kg<\/p>\n<\/li>\n<li class=\"\" data-start=\"1285\" data-end=\"1346\">\n<p class=\"\" data-start=\"1287\" data-end=\"1346\">Antichoc et de conception sym\u00e9trique, r\u00e9versible droite\/gauche<\/p>\n<\/li>\n<li class=\"\" data-start=\"1347\" data-end=\"1402\">\n<p class=\"\" data-start=\"1349\" data-end=\"1402\">Classe de feu E\/EI 120, marquage CE selon SS-EN 14846:2008<\/p>\n<\/li>\n<li class=\"\" data-start=\"1403\" data-end=\"1454\">\n<p class=\"\" data-start=\"1405\" data-end=\"1454\">Conforme aux exigences d&#039;installation dans les limites des compartiments coupe-feu<\/p>\n<\/li>\n<\/ul>\n<p class=\"\" data-start=\"1456\" data-end=\"1485\"><strong data-start=\"1456\" data-end=\"1485\">Sp\u00e9cifications techniques :<\/strong><\/p>\n<ul data-start=\"1486\" data-end=\"1999\">\n<li class=\"\" data-start=\"1486\" data-end=\"1526\">\n<p class=\"\" data-start=\"1488\" data-end=\"1526\">Alimentation : 12-24 V CC (-10\/+15%)<\/p>\n<\/li>\n<li class=\"\" data-start=\"1527\" data-end=\"1568\">\n<p class=\"\" data-start=\"1529\" data-end=\"1568\">Courant de d\u00e9marrage \u00e0 24 V : XX mA, fonctionnement : XX mA<\/p>\n<\/li>\n<li class=\"\" data-start=\"1569\" data-end=\"1639\">\n<p class=\"\" data-start=\"1571\" data-end=\"1639\">Courant de repos \u00e0 24 V : 0 mA (fonction directe), XX mA (fonction inverse)<\/p>\n<\/li>\n<li class=\"\" data-start=\"1640\" data-end=\"1681\">\n<p class=\"\" data-start=\"1642\" data-end=\"1681\">Courant de d\u00e9marrage \u00e0 12 V : XX mA, fonctionnement : XX mA<\/p>\n<\/li>\n<li class=\"\" data-start=\"1682\" data-end=\"1752\">\n<p class=\"\" data-start=\"1684\" data-end=\"1752\">Courant de repos \u00e0 12 V : 0 mA (fonction directe), XX mA (fonction inverse)<\/p>\n<\/li>\n<li class=\"\" data-start=\"1753\" data-end=\"1775\">\n<p class=\"\" data-start=\"1755\" data-end=\"1775\">Test\u00e9 au feu : 120 min<\/p>\n<\/li>\n<li class=\"\" data-start=\"1776\" data-end=\"1801\">\n<p class=\"\" data-start=\"1778\" data-end=\"1801\">R\u00e9sistance \u00e0 la rupture : 900 kg<\/p>\n<\/li>\n<li class=\"\" data-start=\"1802\" data-end=\"1832\">\n<p class=\"\" data-start=\"1804\" data-end=\"1832\">Charni\u00e8re de porte : droite, gauche<\/p>\n<\/li>\n<li class=\"\" data-start=\"1833\" data-end=\"1851\">\n<p class=\"\" data-start=\"1835\" data-end=\"1851\">C\u00e2ble inclus : Non<\/p>\n<\/li>\n<li class=\"\" data-start=\"1852\" data-end=\"1870\">\n<p class=\"\" data-start=\"1854\" data-end=\"1870\">Pression de la bande : 50 kg<\/p>\n<\/li>\n<li class=\"\" data-start=\"1871\" data-end=\"1906\">\n<p class=\"\" data-start=\"1873\" data-end=\"1906\">Type de serrure : Serrure \u00e0 p\u00eane simple, Serrure \u00e0 p\u00eane double<\/p>\n<\/li>\n<li class=\"\" data-start=\"1907\" data-end=\"1960\">\n<p class=\"\" data-start=\"1909\" data-end=\"1960\">Dimensions du produit : Largeur : 28 mm, Profondeur : 25 mm, Hauteur : 90 mm<\/p>\n<\/li>\n<li class=\"\" data-start=\"1961\" data-end=\"1978\">\n<p class=\"\" data-start=\"1963\" data-end=\"1978\">Contact du piston : Oui<\/p>\n<\/li>\n<li class=\"\" data-start=\"1979\" data-end=\"1999\">\n<p class=\"\" data-start=\"1981\" data-end=\"1999\">Tension AC\/DC : DC<\/p>\n<\/li>\n<\/ul>","protected":false},"excerpt":{"rendered":"<h5><a href=\"https:\/\/elslutblecksguiden.se\/\" target=\"_blank\" rel=\"noopener\">Guide pour les serrures \u00e9lectriques ASSA, les serrures motoris\u00e9es, les g\u00e2ches \u00e9lectriques et le guide de remplacement<\/a><\/h5>","protected":false},"featured_media":140104,"template":"","meta":{"_acf_changed":false},"product_brand":[],"product_cat":[3355],"product_tag":[4196,4200,2967],"class_list":{"0":"post-91564","1":"product","2":"type-product","3":"status-publish","4":"has-post-thumbnail","6":"product_cat-elslutbleck","7":"product_tag-12-24v","8":"product_tag-rattvand","9":"product_tag-rg-assa-abloy","10":"product_shipping_class-tunga-paket","11":"pa_brands-abloy","12":"tm-no-options","14":"first","15":"onbackorder","16":"sale","17":"taxable","18":"shipping-taxable","19":"purchasable","20":"product-type-simple"},"acf":[],"_links":{"self":[{"href":"https:\/\/secureus.se\/fr\/wp-json\/wp\/v2\/product\/91564","targetHints":{"allow":["GET"]}}],"collection":[{"href":"https:\/\/secureus.se\/fr\/wp-json\/wp\/v2\/product"}],"about":[{"href":"https:\/\/secureus.se\/fr\/wp-json\/wp\/v2\/types\/product"}],"wp:featuredmedia":[{"embeddable":true,"href":"https:\/\/secureus.se\/fr\/wp-json\/wp\/v2\/media\/140104"}],"wp:attachment":[{"href":"https:\/\/secureus.se\/fr\/wp-json\/wp\/v2\/media?parent=91564"}],"wp:term":[{"taxonomy":"product_brand","embeddable":true,"href":"https:\/\/secureus.se\/fr\/wp-json\/wp\/v2\/product_brand?post=91564"},{"taxonomy":"product_cat","embeddable":true,"href":"https:\/\/secureus.se\/fr\/wp-json\/wp\/v2\/product_cat?post=91564"},{"taxonomy":"product_tag","embeddable":true,"href":"https:\/\/secureus.se\/fr\/wp-json\/wp\/v2\/product_tag?post=91564"}],"curies":[{"name":"wp","href":"https:\/\/api.w.org\/{rel}","templated":true}]}}