{"id":91739,"date":"2024-05-16T11:14:35","date_gmt":"2024-05-16T09:14:35","guid":{"rendered":"https:\/\/secureus.se\/?post_type=product&#038;p=91739"},"modified":"2026-04-08T16:40:20","modified_gmt":"2026-04-08T14:40:20","slug":"vaktmastarnyckel-kopplingsskapsnyckel-knipex-twinkey","status":"publish","type":"product","link":"https:\/\/secureus.se\/fr\/vaktmastarnyckel-kopplingsskapsnyckel-knipex-twinkey\/","title":{"rendered":"VEILLEUR CL\u00e9 EMBRAYAGE ARMOIRE CL\u00e9 KNIPEX TWINKEY"},"content":{"rendered":"<p>10 profils. 2 croix. 1 cl\u00e9. Tous les syst\u00e8mes de verrouillage courants. Cl\u00e9 multifonctionnelle pour la commande de syst\u00e8mes de fermeture dans les domaines de la technique du b\u00e2timent (plomberie, technique de climatisation et de ventilation, technique \u00e9lectrique), de l&#039;alimentation en gaz et en eau et des syst\u00e8mes d&#039;arr\u00eat. Version 8 bras : 2 cl\u00e9s, reli\u00e9es par des aimants pour gagner de la place. Embout r\u00e9versible : rainure 1,0\u00d77 mm et PH2. Cl\u00e9 et embout r\u00e9versible reli\u00e9s par un fil d&#039;acier inoxydable stable. Rev\u00eatement de surface de haute qualit\u00e9. Construction en zinc moul\u00e9 sous pression \u00e0 poids optimis\u00e9.<\/p>\n<p><strong><a class=\"produkt-slide-bild produkt-bild-fil\" href=\"https:\/\/www.enummerbanken.se\/Pdf_Docs\/PROD_34769_1662389.pdf\" target=\"_blank\" rel=\"noopener\"><img decoding=\"async\" src=\"https:\/\/secureus.se\/wp-content\/uploads\/2023\/05\/pdf-icon.png\" alt=\"PDF\">Lien - Fiche produit<\/a><\/strong><\/p>\n<p>\u25cf 10 profils. 2 croix. 1 cl\u00e9.<br \/>\n\u25cf Tous les syst\u00e8mes de verrouillage courants.<br \/>\n\u25cf Cl\u00e9 multifonctionnelle pour actionner les syst\u00e8mes de fermeture \u00e0 l&#039;int\u00e9rieur<br \/>\nles domaines de la technique du b\u00e2timent (plomberie, technique de climatisation et de ventilation,<br \/>\n\u00e9lectrotechnique), syst\u00e8mes d&#039;alimentation en gaz et en eau et syst\u00e8mes d&#039;arr\u00eat<br \/>\n\u25cf Version 8 bras : 2 cl\u00e9s en croix, reli\u00e9es par aimants pour<br \/>\ngain de place<br \/>\n\u25cf Embout r\u00e9versible : rainure 1,0 x 7 mm et rainure transversale PH2<br \/>\n\u25cf Cl\u00e9 et embout r\u00e9versible reli\u00e9s par un fil en acier inoxydable stable<br \/>\n\u25cf Rev\u00eatement de surface de haute qualit\u00e9<br \/>\n\u25cf Construction en zinc moul\u00e9 sous pression \u00e0 poids optimis\u00e9<\/p>","protected":false},"excerpt":{"rendered":"<p>KNIPEX TwinKey pour les syst\u00e8mes d&#039;armoires et de fermeture courants<\/p>\n<p>\u00c9quipement r\u00e9fl\u00e9chi, construction de haute qualit\u00e9.<br \/>\nLe KNIPEX TwinKey\u00ae \u00e0 huit bras se compose de deux croix maintenues ensemble par un aimant.<\/p>","protected":false},"featured_media":137624,"template":"","meta":{"_acf_changed":false},"product_brand":[],"product_cat":[3251],"product_tag":[],"class_list":{"0":"post-91739","1":"product","2":"type-product","3":"status-publish","4":"has-post-thumbnail","6":"product_cat-dorrbehor","7":"product_shipping_class-postnord-varubrev","8":"pa_brands-knipex","9":"tm-no-options","11":"first","12":"instock","13":"sale","14":"taxable","15":"shipping-taxable","16":"purchasable","17":"product-type-simple"},"acf":[],"_links":{"self":[{"href":"https:\/\/secureus.se\/fr\/wp-json\/wp\/v2\/product\/91739","targetHints":{"allow":["GET"]}}],"collection":[{"href":"https:\/\/secureus.se\/fr\/wp-json\/wp\/v2\/product"}],"about":[{"href":"https:\/\/secureus.se\/fr\/wp-json\/wp\/v2\/types\/product"}],"wp:featuredmedia":[{"embeddable":true,"href":"https:\/\/secureus.se\/fr\/wp-json\/wp\/v2\/media\/137624"}],"wp:attachment":[{"href":"https:\/\/secureus.se\/fr\/wp-json\/wp\/v2\/media?parent=91739"}],"wp:term":[{"taxonomy":"product_brand","embeddable":true,"href":"https:\/\/secureus.se\/fr\/wp-json\/wp\/v2\/product_brand?post=91739"},{"taxonomy":"product_cat","embeddable":true,"href":"https:\/\/secureus.se\/fr\/wp-json\/wp\/v2\/product_cat?post=91739"},{"taxonomy":"product_tag","embeddable":true,"href":"https:\/\/secureus.se\/fr\/wp-json\/wp\/v2\/product_tag?post=91739"}],"curies":[{"name":"wp","href":"https:\/\/api.w.org\/{rel}","templated":true}]}}