{"id":91794,"date":"2023-05-10T09:53:09","date_gmt":"2023-05-10T07:53:09","guid":{"rendered":"https:\/\/secureus.se\/eqqxb-easy-1x4x05-vit-b500\/"},"modified":"2026-04-08T16:42:38","modified_gmt":"2026-04-08T14:42:38","slug":"eqqxb-easy-1x4x05-vit-b500","status":"publish","type":"product","link":"https:\/\/secureus.se\/fr\/eqqxb-easy-1x4x05-vit-b500\/","title":{"rendered":"EQQXB FACILE 1X4X0.5 BLANC B500"},"content":{"rendered":"","protected":false},"excerpt":{"rendered":"<p>C\u00e2ble de t\u00e9l\u00e9communication torsad\u00e9 \u00e0 quatre vis, sans halog\u00e8ne et ignifuge. Install\u00e9 en int\u00e9rieur en installation fixe et en canalisation. EQQXB EASY est utilis\u00e9 pour les r\u00e9seaux de communication priv\u00e9s dans l&#039;immobilier. R\u00e9pond aux exigences incendie selon la classe CPR Dcas2d2a2).<\/p>","protected":false},"featured_media":140351,"template":"","meta":{"_acf_changed":false},"product_brand":[],"product_cat":[2678,1513],"product_tag":[2487],"class_list":{"0":"post-91794","1":"product","2":"type-product","3":"status-publish","4":"has-post-thumbnail","6":"product_cat-telekabel-oskarmad","7":"product_cat-tele-larm-och-signalkabel","8":"product_tag-kabel-oskarmad","9":"product_shipping_class-tunga-paket","10":"tm-no-options","12":"first","13":"instock","14":"sale","15":"taxable","16":"shipping-taxable","17":"purchasable","18":"product-type-simple"},"acf":[],"_links":{"self":[{"href":"https:\/\/secureus.se\/fr\/wp-json\/wp\/v2\/product\/91794","targetHints":{"allow":["GET"]}}],"collection":[{"href":"https:\/\/secureus.se\/fr\/wp-json\/wp\/v2\/product"}],"about":[{"href":"https:\/\/secureus.se\/fr\/wp-json\/wp\/v2\/types\/product"}],"wp:featuredmedia":[{"embeddable":true,"href":"https:\/\/secureus.se\/fr\/wp-json\/wp\/v2\/media\/140351"}],"wp:attachment":[{"href":"https:\/\/secureus.se\/fr\/wp-json\/wp\/v2\/media?parent=91794"}],"wp:term":[{"taxonomy":"product_brand","embeddable":true,"href":"https:\/\/secureus.se\/fr\/wp-json\/wp\/v2\/product_brand?post=91794"},{"taxonomy":"product_cat","embeddable":true,"href":"https:\/\/secureus.se\/fr\/wp-json\/wp\/v2\/product_cat?post=91794"},{"taxonomy":"product_tag","embeddable":true,"href":"https:\/\/secureus.se\/fr\/wp-json\/wp\/v2\/product_tag?post=91794"}],"curies":[{"name":"wp","href":"https:\/\/api.w.org\/{rel}","templated":true}]}}