{"id":91821,"date":"2024-05-22T13:57:05","date_gmt":"2024-05-22T11:57:05","guid":{"rendered":"https:\/\/secureus.se\/system-sensor-eco1003-2\/"},"modified":"2026-04-21T12:28:58","modified_gmt":"2026-04-21T10:28:58","slug":"system-sensor-eco1003a-fotoelektrisk-rokdetektor","status":"publish","type":"product","link":"https:\/\/secureus.se\/fr\/system-sensor-eco1003a-fotoelektrisk-rokdetektor\/","title":{"rendered":"D\u00e9tecteur de fum\u00e9e ECO1003 A System Sensor \u2013 D\u00e9tecteur de fum\u00e9e photo\u00e9lectrique"},"content":{"rendered":"<h1><strong>System Sensor ECO1003 A \u2013 D\u00e9tecteur de fum\u00e9e photo\u00e9lectrique<\/strong><\/h1>\n<p>Le d\u00e9tecteur de fum\u00e9e photo\u00e9lectrique ECO1003 A appartient \u00e0 la s\u00e9rie de d\u00e9tecteurs ECO1000 de System Sensor.<\/p>\n<p>ECO1000 est une s\u00e9rie de d\u00e9tecteurs conventionnels qui ont \u00e9t\u00e9 fabriqu\u00e9s \u00e0 l&#039;aide de la derni\u00e8re technologie de fabrication et \u00e9quip\u00e9s d&#039;une gamme de fonctionnalit\u00e9s avanc\u00e9es, ce qui les rend \u00ab meilleurs par conception \u00bb.<\/p>\n<p>L&#039;ECO1003 A utilise une chambre optique de pointe combin\u00e9e \u00e0 un circuit int\u00e9gr\u00e9 sp\u00e9cifique \u00e0 l&#039;application (ASIC) pour une d\u00e9tection d&#039;incendie rapide et pr\u00e9cise.<\/p>\n<p>La combinaison de la conception unique de la chambre et d&#039;autres caract\u00e9ristiques technologiquement avanc\u00e9es prolonge les intervalles d&#039;entretien avant que le nettoyage du d\u00e9tecteur ne devienne n\u00e9cessaire.<\/p>\n<h4>Caract\u00e9ristiques et avantages<\/h4>\n<ul>\n<li><strong>Chambre optique avanc\u00e9e\u00a0:<\/strong> La conception de pointe garantit une d\u00e9tection rapide et pr\u00e9cise de la fum\u00e9e.<\/li>\n<li><strong>Faible consommation d&#039;\u00e9nergie\u00a0:<\/strong> Utilisation efficace de l&#039;\u00e9nergie avec un courant de veille typique de seulement 110 \u00b5A.<\/li>\n<li><strong>Fonction de test \u00e0 distance\u00a0:<\/strong> Une unit\u00e9 de test \u00e0 distance portative bas\u00e9e sur un laser peut \u00eatre utilis\u00e9e pour tester le d\u00e9tecteur \u00e0 distance, \u00e9liminant ainsi le besoin d&#039;un acc\u00e8s physique.<\/li>\n<li><strong>Lampe LED int\u00e9gr\u00e9e :<\/strong> S&#039;allume lorsque de la fum\u00e9e est d\u00e9tect\u00e9e et reste allum\u00e9 jusqu&#039;\u00e0 ce que le d\u00e9tecteur soit r\u00e9initialis\u00e9.<\/li>\n<li><strong>Flexibilit\u00e9 d&#039;installation\u00a0:<\/strong> Compatible avec diverses bases de d\u00e9tecteurs offrant des versions standard et \u00e0 diodes pour s&#039;adapter \u00e0 diff\u00e9rents panneaux de commande.<\/li>\n<li><strong>Fonction inviolable\u00a0:<\/strong> Emp\u00eache le retrait du d\u00e9tecteur sans l&#039;utilisation d&#039;un outil.<\/li>\n<\/ul>\n<h4>Caract\u00e9ristiques<\/h4>\n<ul>\n<li><strong>Tension de fonctionnement\u00a0:<\/strong> 8-30 V CC (nominal 12 ou 24 V CC)<\/li>\n<li><strong>Courant de veille typique\u00a0:<\/strong> 60 \u03bcA \u00e0 24 V CC<\/li>\n<li><strong>Courant d&#039;alarme maximal\u00a0:<\/strong> 80 mA (limit\u00e9 par le panneau de commande)<\/li>\n<li><strong>Temp\u00e9rature de fonctionnement :<\/strong> -30\u00b0C \u00e0 +70\u00b0C<\/li>\n<li><strong>Humidit\u00e9:<\/strong> 0 \u00e0 95% humidit\u00e9 relative (sans condensation)<\/li>\n<li><strong>Poids:<\/strong> 75g (plus 45g pour la base standard)<\/li>\n<li><strong>Mesure:<\/strong> \u00d8 102 mm, hauteur 32,5 mm (plus 9,5 mm pour socle standard)<\/li>\n<\/ul>\n<h4>Certifications<\/h4>\n<ul>\n<li><strong>Approbation:<\/strong> Conforme \u00e0 EN54-7:2000 (Amendement 1)<\/li>\n<li><strong>Conformit\u00e9:<\/strong> CEA4021<\/li>\n<li><strong>Homologation selon MED 96\/98\/CE (amendement 2009\/26\/CE)<\/strong><\/li>\n<li><strong>Garantie prolong\u00e9e\u00a0:<\/strong> 3 ans<\/li>\n<\/ul>\n<h4>Domaines d&#039;utilisation<\/h4>\n<p>ECO1003 A est id\u00e9al pour une utilisation dans\u00a0:<\/p>\n<ul>\n<li><strong>Commerces et b\u00e2timents commerciaux :<\/strong> Prot\u00e8ge contre l&#039;incendie gr\u00e2ce \u00e0 une d\u00e9tection de fum\u00e9e rapide et fiable.<\/li>\n<li><strong>B\u00e2timents publics\u00a0:<\/strong> Assure la protection dans les \u00e9coles, les h\u00f4pitaux et autres lieux publics.<\/li>\n<li><strong>Zones r\u00e9sidentielles\u00a0:<\/strong> Fournit une protection incendie fiable dans les maisons.<\/li>\n<\/ul>\n<h4>Installation et entretien<\/h4>\n<ul>\n<li><strong>Installation:<\/strong> Utilisez diff\u00e9rentes bases de d\u00e9tecteur pour une installation flexible. Les connexions et les tests de circuit peuvent \u00eatre effectu\u00e9s avant de monter le d\u00e9tecteur.<\/li>\n<li><strong>Entretien:<\/strong> Une inspection r\u00e9guli\u00e8re est recommand\u00e9e pour garantir un fonctionnement optimal. La fonction de test \u00e0 distance facilite les tests sans acc\u00e8s physique.<\/li>\n<\/ul>\n<p>Tous les produits System Sensor sont couverts par une garantie \u00e9tendue de 3 ans.<\/p>","protected":false},"excerpt":{"rendered":"<p><strong>Capteur syst\u00e8me ECO1003 A<\/strong> est un d\u00e9tecteur de fum\u00e9e photo\u00e9lectrique avanc\u00e9 de la s\u00e9rie ECO1000, con\u00e7u pour une d\u00e9tection de fum\u00e9e rapide et pr\u00e9cise.<\/p>\n<p>Il a une faible consommation d&#039;\u00e9nergie, une fonction de test \u00e0 distance et une lumi\u00e8re LED int\u00e9gr\u00e9e. Id\u00e9al pour les commerces, les b\u00e2timents publics et les maisons. Conforme \u00e0 la norme EN54-7:2000.<\/p>","protected":false},"featured_media":137410,"template":"","meta":{"_acf_changed":false},"product_brand":[],"product_cat":[4755,3373],"product_tag":[],"class_list":{"0":"post-91821","1":"product","2":"type-product","3":"status-publish","4":"has-post-thumbnail","6":"product_cat-eco-1000-serien","7":"product_cat-rokdetektorer","8":"product_shipping_class-postnord-varubrev","9":"pa_brands-system-sensor","10":"tm-no-options","12":"first","13":"instock","14":"sale","15":"taxable","16":"shipping-taxable","17":"purchasable","18":"product-type-simple"},"acf":[],"_links":{"self":[{"href":"https:\/\/secureus.se\/fr\/wp-json\/wp\/v2\/product\/91821","targetHints":{"allow":["GET"]}}],"collection":[{"href":"https:\/\/secureus.se\/fr\/wp-json\/wp\/v2\/product"}],"about":[{"href":"https:\/\/secureus.se\/fr\/wp-json\/wp\/v2\/types\/product"}],"wp:featuredmedia":[{"embeddable":true,"href":"https:\/\/secureus.se\/fr\/wp-json\/wp\/v2\/media\/137410"}],"wp:attachment":[{"href":"https:\/\/secureus.se\/fr\/wp-json\/wp\/v2\/media?parent=91821"}],"wp:term":[{"taxonomy":"product_brand","embeddable":true,"href":"https:\/\/secureus.se\/fr\/wp-json\/wp\/v2\/product_brand?post=91821"},{"taxonomy":"product_cat","embeddable":true,"href":"https:\/\/secureus.se\/fr\/wp-json\/wp\/v2\/product_cat?post=91821"},{"taxonomy":"product_tag","embeddable":true,"href":"https:\/\/secureus.se\/fr\/wp-json\/wp\/v2\/product_tag?post=91821"}],"curies":[{"name":"wp","href":"https:\/\/api.w.org\/{rel}","templated":true}]}}