{"id":91829,"date":"2024-04-11T12:34:21","date_gmt":"2024-04-11T10:34:21","guid":{"rendered":"https:\/\/secureus.se\/dorroga-kamera-dd1\/"},"modified":"2026-01-01T12:21:12","modified_gmt":"2026-01-01T11:21:12","slug":"titthalskamera-lcd-digitalt-dorroga","status":"publish","type":"product","link":"https:\/\/secureus.se\/fr\/titthalskamera-lcd-digitalt-dorroga\/","title":{"rendered":"Cam\u00e9ra judas avec \u00e9cran LCD - Oeil de porte num\u00e9rique avec cam\u00e9ra"},"content":{"rendered":"<h4>Cam\u00e9ra judas avec \u00e9cran LCD \u2013 Oeil de porte num\u00e9rique avec cam\u00e9ra et installation facile<\/h4>\n<p>Am\u00e9liorez la s\u00e9curit\u00e9 de votre maison avec notre judas num\u00e9rique avanc\u00e9. Cet appareil combine un \u00e9cran LCD haute r\u00e9solution de 2,8 pouces et une cam\u00e9ra pour vous donner une vue des visiteurs \u00e0 votre porte. Avec les LED infrarouges, vous obtenez une image claire m\u00eame dans de mauvaises conditions d&#039;\u00e9clairage. Facile \u00e0 installer et \u00e0 utiliser, cette cam\u00e9ra judas offre des fonctionnalit\u00e9s pratiques telles que la prise de photos et la visualisation des images directement sur l&#039;appareil. Id\u00e9al pour remplacer les yeux de porte traditionnels et augmenter la s\u00e9curit\u00e9 de votre maison.<\/p>\n<h4>Fonctions<\/h4>\n<ul>\n<li><strong>\u00c9cran LCD<\/strong>: 2,8 pouces (320 \u00d7 240)<\/li>\n<li><strong>Angle de vue<\/strong>: Angle de vision de 90\u00b0<\/li>\n<li><strong>Lumi\u00e8res LED infrarouges<\/strong>: Pour la vision nocturne<\/li>\n<li><strong>Photographie et critique<\/strong>: Facile \u00e0 prendre et \u00e0 revoir des photos<\/li>\n<li><strong>Stockage circulaire<\/strong>: Int\u00e9gr\u00e9 et automatique<\/li>\n<\/ul>\n<h4>Installation facile<\/h4>\n<ol>\n<li><strong>Monter l&#039;unit\u00e9 ext\u00e9rieure<\/strong>: Choisissez un boulon adapt\u00e9 en fonction de l&#039;\u00e9paisseur de la porte. Vissez le boulon dans le trou de vis du cylindre de l&#039;unit\u00e9 ext\u00e9rieure.<\/li>\n<li><strong>Monter \u00e0 travers le trou de la porte<\/strong>: Ins\u00e9rez le cylindre avec le FPC \u00e0 travers le judas de la porte et maintenez l&#039;unit\u00e9 ext\u00e9rieure en place.<\/li>\n<li><strong>Support m\u00e9tallique<\/strong>: Retirez le support m\u00e9tallique et passez le FPC \u00e0 travers l&#039;ouverture rectangulaire. Serrez le boulon pour fixer le support m\u00e9tallique et l&#039;unit\u00e9 ext\u00e9rieure.<\/li>\n<li><strong>Connexion<\/strong>: Connectez le FPC de l\u2019unit\u00e9 ext\u00e9rieure au connecteur de l\u2019unit\u00e9 int\u00e9rieure.<\/li>\n<li><strong>Fusible de l&#039;unit\u00e9 int\u00e9rieure<\/strong>: Alignez les quatre fentes \u00e0 l&#039;arri\u00e8re de l&#039;unit\u00e9 int\u00e9rieure avec les quatre crochets du support m\u00e9tallique et verrouillez l&#039;unit\u00e9.<\/li>\n<\/ol>\n<h4>Caract\u00e9ristiques<\/h4>\n<ul>\n<li><strong>Mat\u00e9riel<\/strong>: plastique ABS<\/li>\n<li><strong>R\u00e9solution<\/strong>: 320\u00d7240<\/li>\n<li><strong>M\u00e9moire<\/strong>: Rangement circulaire int\u00e9gr\u00e9<\/li>\n<li><strong>Mesure<\/strong>:\n<ul>\n<li>Unit\u00e9 int\u00e9rieure : 127x68x13mm<\/li>\n<li>Unit\u00e9 ext\u00e9rieure : 45x85x13mm<\/li>\n<\/ul>\n<\/li>\n<li><strong>Batterie<\/strong>: 1,5 V AAA x 4<\/li>\n<li><strong>Diam\u00e8tre du trou de porte<\/strong>: 14-22mm<\/li>\n<li><strong>Cam\u00e9ra<\/strong>: 0,3 MP<\/li>\n<li><strong>Temp\u00e9rature de fonctionnement<\/strong>: -20\u00b0C \u00e0 55\u00b0C<\/li>\n<\/ul>\n<h4>Accessoires inclus<\/h4>\n<ul>\n<li>Unit\u00e9 int\u00e9rieure x1<\/li>\n<li>Unit\u00e9 ext\u00e9rieure x1<\/li>\n<li>Support m\u00e9tallique x1<\/li>\n<li>Manuel d&#039;utilisation x1<\/li>\n<li>Carte de garantie du produit x1<\/li>\n<li>Vis x3<\/li>\n<\/ul>\n<p>Achetez maintenant et faites l&#039;exp\u00e9rience de la s\u00fbret\u00e9 et de la s\u00e9curit\u00e9 \u00e0 votre porte avec notre judas num\u00e9rique. Parfait pour suivre les visiteurs et am\u00e9liorer la s\u00e9curit\u00e9 de votre maison.<\/p>","protected":false},"excerpt":{"rendered":"<div class=\"react-scroll-to-bottom--css-ggpys-1n7m0yu\">\n<div class=\"flex flex-col text-sm pb-9\">\n<div class=\"w-full text-token-text-primary sm:AIPRM__conversation__response\" dir=\"auto\" data-testid=\"conversation-turn-3\">\n<div class=\"px-4 py-2 justify-center text-base md:gap-6 m-auto\">\n<div class=\"flex flex-1 text-base mx-auto gap-3 juice:gap-4 juice:md:gap-6 md:px-5 lg:px-1 xl:px-5 md:max-w-3xl lg:max-w-[40rem] xl:max-w-[48rem]\">\n<div class=\"relative flex w-full min-w-0 flex-col agent-turn\">\n<div class=\"flex-col gap-1 md:gap-3\">\n<div class=\"flex flex-grow flex-col max-w-full\">\n<div class=\"min-h-[20px] text-message flex flex-col items-start gap-3 whitespace-pre-wrap break-words [.text-message+&amp;]:mt-5 overflow-x-auto\" dir=\"auto\" data-message-author-role=\"assistant\" data-message-id=\"26f36af1-7fde-402a-979b-03d788aa3af1\">\n<div class=\"markdown prose w-full break-words dark:prose-invert light AIPRM__conversation__response\">\n<p><strong>Titth\u00e5lskamera med LCD Sk\u00e4rm \u2013 Digitalt D\u00f6rr\u00f6ga med Kamera<\/strong><\/p>\n<p>F\u00f6rb\u00e4ttra hemmas\u00e4kerheten med v\u00e5r digitala titth\u00e5lskamera. Denna enhet har en 2,8-tums LCD-sk\u00e4rm, kamera och infrar\u00f6da LED-lampor f\u00f6r nattseende. Enkel installation och fotofunktion g\u00f6r att du alltid vet vem som st\u00e5r vid d\u00f6rren.<\/p>\n<\/div>\n<\/div>\n<\/div>\n<\/div>\n<\/div>\n<\/div>\n<\/div>\n<\/div>\n<\/div>\n<\/div>\n","protected":false},"featured_media":137867,"template":"","meta":{"_acf_changed":false},"product_brand":[],"product_cat":[3371,3228],"product_tag":[4863],"class_list":{"0":"post-91829","1":"product","2":"type-product","3":"status-publish","4":"has-post-thumbnail","6":"product_cat-titthal-och-dorrogon","7":"product_cat-dorrklockor","8":"product_tag-pf","9":"tm-no-options","11":"first","12":"outofstock","13":"sale","14":"taxable","15":"shipping-taxable","16":"purchasable","17":"product-type-simple"},"acf":[],"_links":{"self":[{"href":"https:\/\/secureus.se\/fr\/wp-json\/wp\/v2\/product\/91829","targetHints":{"allow":["GET"]}}],"collection":[{"href":"https:\/\/secureus.se\/fr\/wp-json\/wp\/v2\/product"}],"about":[{"href":"https:\/\/secureus.se\/fr\/wp-json\/wp\/v2\/types\/product"}],"wp:featuredmedia":[{"embeddable":true,"href":"https:\/\/secureus.se\/fr\/wp-json\/wp\/v2\/media\/137867"}],"wp:attachment":[{"href":"https:\/\/secureus.se\/fr\/wp-json\/wp\/v2\/media?parent=91829"}],"wp:term":[{"taxonomy":"product_brand","embeddable":true,"href":"https:\/\/secureus.se\/fr\/wp-json\/wp\/v2\/product_brand?post=91829"},{"taxonomy":"product_cat","embeddable":true,"href":"https:\/\/secureus.se\/fr\/wp-json\/wp\/v2\/product_cat?post=91829"},{"taxonomy":"product_tag","embeddable":true,"href":"https:\/\/secureus.se\/fr\/wp-json\/wp\/v2\/product_tag?post=91829"}],"curies":[{"name":"wp","href":"https:\/\/api.w.org\/{rel}","templated":true}]}}