{"id":91875,"date":"2024-01-15T11:18:02","date_gmt":"2024-01-15T10:18:02","guid":{"rendered":"https:\/\/secureus.se\/eaton-1369-csa-series-1369-floor-mount-electromagnetic-door-holder\/"},"modified":"2026-04-24T10:44:00","modified_gmt":"2026-04-24T08:44:00","slug":"eaton-1369-csa-series-1369-floor-mount-electromagnetic-door-holder","status":"publish","type":"product","link":"https:\/\/secureus.se\/fr\/eaton-1369-csa-series-1369-floor-mount-electromagnetic-door-holder\/","title":{"rendered":"Aimant de support de porte au sol Eaton 1369-CSA EN1155 approuv\u00e9, 50 kg 24 V CC, bouton de r\u00e9initialisation"},"content":{"rendered":"<p>Eaton 1369-CSA Series-1369 Support de porte \u00e9lectromagn\u00e9tique \u00e0 montage au sol, approuv\u00e9 EN1155, force de maintien de 50 kg, 24 V CC, bouton de d\u00e9verrouillage, noir<\/p>","protected":false},"excerpt":{"rendered":"<p>Eaton 1369-CSA Series-1369 Support de porte \u00e9lectromagn\u00e9tique \u00e0 montage au sol, approuv\u00e9 EN1155, force de maintien de 50 kg, 24 V CC, bouton de d\u00e9verrouillage, noir<\/p>","protected":false},"featured_media":139424,"template":"","meta":{"_acf_changed":false},"product_brand":[],"product_cat":[1560],"product_tag":[],"class_list":{"0":"post-91875","1":"product","2":"type-product","3":"status-publish","4":"has-post-thumbnail","6":"product_cat-branddorrstangning","7":"product_shipping_class-tunga-paket","8":"pa_brands-eaton","9":"tm-no-options","11":"first","12":"instock","13":"taxable","14":"shipping-taxable","15":"purchasable","16":"product-type-simple"},"acf":[],"_links":{"self":[{"href":"https:\/\/secureus.se\/fr\/wp-json\/wp\/v2\/product\/91875","targetHints":{"allow":["GET"]}}],"collection":[{"href":"https:\/\/secureus.se\/fr\/wp-json\/wp\/v2\/product"}],"about":[{"href":"https:\/\/secureus.se\/fr\/wp-json\/wp\/v2\/types\/product"}],"wp:featuredmedia":[{"embeddable":true,"href":"https:\/\/secureus.se\/fr\/wp-json\/wp\/v2\/media\/139424"}],"wp:attachment":[{"href":"https:\/\/secureus.se\/fr\/wp-json\/wp\/v2\/media?parent=91875"}],"wp:term":[{"taxonomy":"product_brand","embeddable":true,"href":"https:\/\/secureus.se\/fr\/wp-json\/wp\/v2\/product_brand?post=91875"},{"taxonomy":"product_cat","embeddable":true,"href":"https:\/\/secureus.se\/fr\/wp-json\/wp\/v2\/product_cat?post=91875"},{"taxonomy":"product_tag","embeddable":true,"href":"https:\/\/secureus.se\/fr\/wp-json\/wp\/v2\/product_tag?post=91875"}],"curies":[{"name":"wp","href":"https:\/\/api.w.org\/{rel}","templated":true}]}}