{"id":91880,"date":"2024-01-15T11:17:55","date_gmt":"2024-01-15T10:17:55","guid":{"rendered":"https:\/\/secureus.se\/eaton-1340-d-fulleon-electromagnetic-door-release\/"},"modified":"2026-03-26T14:24:24","modified_gmt":"2026-03-26T13:24:24","slug":"eaton-1340-d-fulleon-electromagnetic-door-release","status":"publish","type":"product","link":"https:\/\/secureus.se\/fr\/eaton-1340-d-fulleon-electromagnetic-door-release\/","title":{"rendered":"Arr\u00eat de porte magn\u00e9tique avec ancre Eaton 1340-D Fulleon 24V 100kg"},"content":{"rendered":"<p>Ouvre-porte \u00e9lectromagn\u00e9tique Eaton 1340-D Fulleon, 24 V, connexion par c\u00e2ble, 100 kg<\/p>\n<p>L&#039;Eaton 1340 est un ouvre-porte \u00e9lectromagn\u00e9tique compact destin\u00e9 aux secteurs de la sant\u00e9, du commerce et de l&#039;\u00e9ducation. Sa conception simple et compacte offre un excellent rapport qualit\u00e9-prix. Les deux mod\u00e8les sont \u00e9quip\u00e9s d&#039;un syst\u00e8me de d\u00e9verrouillage \u00e0 ressort int\u00e9gr\u00e9 qui \u00e9limine les forces magn\u00e9tiques r\u00e9siduelles, garantissant ainsi une ouverture de porte rapide et fiable. Ils sont fournis avec une double diode de protection contre les interf\u00e9rences et les inversions de polarit\u00e9, ainsi qu&#039;une contre-plaque.<\/p>","protected":false},"excerpt":{"rendered":"<ul>\n<li>Supports de porte magn\u00e9tiques robustes.<\/li>\n<\/ul>\n<p>Ouvre-porte \u00e9lectromagn\u00e9tique Eaton 1340-D Fulleon, 24 V, connexion par c\u00e2ble, 100 kg<\/p>","protected":false},"featured_media":138468,"template":"","meta":{"_acf_changed":false},"product_brand":[],"product_cat":[1560],"product_tag":[],"class_list":{"0":"post-91880","1":"product","2":"type-product","3":"status-publish","4":"has-post-thumbnail","6":"product_cat-branddorrstangning","7":"product_shipping_class-tunga-paket","8":"pa_brands-eaton","9":"tm-no-options","11":"first","12":"instock","13":"sale","14":"taxable","15":"shipping-taxable","16":"purchasable","17":"product-type-simple"},"acf":[],"_links":{"self":[{"href":"https:\/\/secureus.se\/fr\/wp-json\/wp\/v2\/product\/91880","targetHints":{"allow":["GET"]}}],"collection":[{"href":"https:\/\/secureus.se\/fr\/wp-json\/wp\/v2\/product"}],"about":[{"href":"https:\/\/secureus.se\/fr\/wp-json\/wp\/v2\/types\/product"}],"wp:featuredmedia":[{"embeddable":true,"href":"https:\/\/secureus.se\/fr\/wp-json\/wp\/v2\/media\/138468"}],"wp:attachment":[{"href":"https:\/\/secureus.se\/fr\/wp-json\/wp\/v2\/media?parent=91880"}],"wp:term":[{"taxonomy":"product_brand","embeddable":true,"href":"https:\/\/secureus.se\/fr\/wp-json\/wp\/v2\/product_brand?post=91880"},{"taxonomy":"product_cat","embeddable":true,"href":"https:\/\/secureus.se\/fr\/wp-json\/wp\/v2\/product_cat?post=91880"},{"taxonomy":"product_tag","embeddable":true,"href":"https:\/\/secureus.se\/fr\/wp-json\/wp\/v2\/product_tag?post=91880"}],"curies":[{"name":"wp","href":"https:\/\/api.w.org\/{rel}","templated":true}]}}