{"id":92179,"date":"2024-06-04T12:25:14","date_gmt":"2024-06-04T10:25:14","guid":{"rendered":"https:\/\/secureus.se\/?post_type=product&#038;p=92179"},"modified":"2026-04-07T16:12:20","modified_gmt":"2026-04-07T14:12:20","slug":"axema-vaka-tagg-em4200-gron-anpassad-for-axema-vaka-passersystem","status":"publish","type":"product","link":"https:\/\/secureus.se\/fr\/axema-vaka-tagg-em4200-gron-anpassad-for-axema-vaka-passersystem\/","title":{"rendered":"Axema Tag EM4200 Vert adapt\u00e9 au syst\u00e8me d&#039;acc\u00e8s Axema Vaka"},"content":{"rendered":"<h1><strong>Axema Vaka Tagg Plateau de passage EM4200\u00a0<\/strong><\/h1>\n<p><strong>Notre jeton d\u2019acc\u00e8s EM4200 \u00ab ABS Plus \u00bb est cr\u00e9\u00e9 pour r\u00e9pondre aux besoins les plus exigeants en mati\u00e8re de s\u00e9curit\u00e9 et d\u2019identification.<\/strong><\/p>\n<ul>\n<li>Cette carte d&#039;identit\u00e9 EM4200 est disponible en 6 couleurs en standard et toujours dans notre entrep\u00f4t avec livraison imm\u00e9diate<\/li>\n<li>Construction robuste en mat\u00e9riau ABS avec un profil fin de seulement 2,9 mm<\/li>\n<li>Taggar EM4200 est adapt\u00e9 avec des num\u00e9ros pour Axema Vaka, l&#039;un des plus grands fournisseurs su\u00e9dois de syst\u00e8mes de s\u00e9curit\u00e9.<\/li>\n<\/ul>\n<p>Les porte-cl\u00e9s \/ \u00e9tiquettes RFID \u00ab ABS Plus \u00bb sont stock\u00e9s \u00e0 plus de 100 000 exemplaires et sont disponibles en 6 couleurs (rouge, bleu, blanc, noir, vert, jaune) et avec diff\u00e9rentes puces.<\/p>\n<p>Que vous ayez besoin d&#039;un produit fiable pour les syst\u00e8mes d&#039;acc\u00e8s, les syst\u00e8mes de visiteurs, la r\u00e9servation, les alarmes, les chargeurs de voiture, la gestion d&#039;entrep\u00f4t ou d&#039;autres applications, notre \u00ab ABS Plus \u00bb est le choix parfait.<\/p>\n<p>Si vous souhaitez vos propres num\u00e9ros ou consulter votre tag Axema Vaka, contactez-nous pour un design enti\u00e8rement gratuit.<b>\u00a0<\/b><\/p>","protected":false},"excerpt":{"rendered":"<p>Notre \u00e9tiquette d&#039;acc\u00e8s RFID la plus populaire \u00ab ABS Plus \u00bb \u2013 la solution parfaite pour votre syst\u00e8me de contr\u00f4le d&#039;acc\u00e8s \u2013 Axema Vaka<\/p>","protected":false},"featured_media":92175,"template":"","meta":{"_acf_changed":false},"product_brand":[],"product_cat":[3842],"product_tag":[5128],"class_list":{"0":"post-92179","1":"product","2":"type-product","3":"status-publish","4":"has-post-thumbnail","6":"product_cat-axema-vaka-taggar","7":"product_tag-varumarkesspecifik-tagg","8":"product_shipping_class-postnord-varubrev","9":"pa_brands-secureus","10":"pa_chip-teknik-em4200","11":"pa_farg-gron-2","12":"pa_pro-larmsystem-axema-vaka-2","13":"tm-has-options","15":"first","16":"instock","17":"featured","18":"taxable","19":"shipping-taxable","20":"purchasable","21":"product-type-simple"},"acf":[],"_links":{"self":[{"href":"https:\/\/secureus.se\/fr\/wp-json\/wp\/v2\/product\/92179","targetHints":{"allow":["GET"]}}],"collection":[{"href":"https:\/\/secureus.se\/fr\/wp-json\/wp\/v2\/product"}],"about":[{"href":"https:\/\/secureus.se\/fr\/wp-json\/wp\/v2\/types\/product"}],"wp:featuredmedia":[{"embeddable":true,"href":"https:\/\/secureus.se\/fr\/wp-json\/wp\/v2\/media\/92175"}],"wp:attachment":[{"href":"https:\/\/secureus.se\/fr\/wp-json\/wp\/v2\/media?parent=92179"}],"wp:term":[{"taxonomy":"product_brand","embeddable":true,"href":"https:\/\/secureus.se\/fr\/wp-json\/wp\/v2\/product_brand?post=92179"},{"taxonomy":"product_cat","embeddable":true,"href":"https:\/\/secureus.se\/fr\/wp-json\/wp\/v2\/product_cat?post=92179"},{"taxonomy":"product_tag","embeddable":true,"href":"https:\/\/secureus.se\/fr\/wp-json\/wp\/v2\/product_tag?post=92179"}],"curies":[{"name":"wp","href":"https:\/\/api.w.org\/{rel}","templated":true}]}}