{"id":92195,"date":"2024-06-04T14:33:34","date_gmt":"2024-06-04T12:33:34","guid":{"rendered":"https:\/\/secureus.se\/?post_type=product&#038;p=92195"},"modified":"2026-03-31T13:24:25","modified_gmt":"2026-03-31T11:24:25","slug":"assa-tagg-kombi-em4200-mifare1k-bla-anpassad-for-assa-passersystem","status":"publish","type":"product","link":"https:\/\/secureus.se\/fr\/assa-tagg-kombi-em4200-mifare1k-bla-anpassad-for-assa-passersystem\/","title":{"rendered":"Assa Tagg Kombi EM4200\/Mifare1k Bleu adapt\u00e9 pour Assa Passersystem"},"content":{"rendered":"<h1><strong>Assa Tagg Plateau de passage Combi EM4200\/Mifare1k\u00a0<\/strong><\/h1>\n<p><strong>Notre badge d&#039;acc\u00e8s Combi EM4200\/Mifare1k \u00ab ABS Plus \u00bb est cr\u00e9\u00e9 pour r\u00e9pondre aux besoins les plus exigeants en mati\u00e8re de s\u00e9curit\u00e9 et d&#039;identification.<\/strong><\/p>\n<ul>\n<li>Cette \u00e9tiquette de passage Combi EM4200\/Mifare1k est disponible en 6 coloris en standard et toujours dans notre stock avec livraison imm\u00e9diate<\/li>\n<li>Construction robuste en mat\u00e9riau ABS avec un profil fin de seulement 2,9 mm<\/li>\n<li>Taggar Kombi EM4200\/Mifare1k est personnalis\u00e9 avec des num\u00e9ros pour Assa, l&#039;un des plus grands fournisseurs su\u00e9dois de syst\u00e8mes de s\u00e9curit\u00e9.<\/li>\n<\/ul>\n<p>Les porte-cl\u00e9s \/ tags RFID \u00ab ABS Plus \u00bb sont stock\u00e9s \u00e0 plus de 100 000 exemplaires et sont disponibles en 6 couleurs (rouge, bleu, blanc, noir, vert, jaune, orange) et avec diff\u00e9rentes puces.<\/p>\n<p>Que vous ayez besoin d\u2019un produit fiable pour le contr\u00f4le d\u2019acc\u00e8s, la gestion des visiteurs, la r\u00e9servation, les alarmes, les chargeurs de voiture, la gestion d\u2019entrep\u00f4t ou d\u2019autres applications, notre \u00ab ABS Plus \u00bb est le choix parfait.<\/p>\n<p>Si vous souhaitez vos propres num\u00e9ros ou apparence sur votre \u00e9tiquette Assa, contactez-nous pour un design enti\u00e8rement gratuit.<b>\u00a0<\/b><\/p>","protected":false},"excerpt":{"rendered":"<p>Notre \u00e9tiquette d&#039;acc\u00e8s RFID la plus populaire \u00ab ABS Plus \u00bb \u2013 la solution parfaite pour votre syst\u00e8me de contr\u00f4le d&#039;acc\u00e8s \u2013 Assa<\/p>","protected":false},"featured_media":92188,"template":"","meta":{"_acf_changed":false},"product_brand":[],"product_cat":[3840],"product_tag":[],"class_list":{"0":"post-92195","1":"product","2":"type-product","3":"status-publish","4":"has-post-thumbnail","6":"product_cat-assa-abloy-taggar","7":"product_shipping_class-postnord-varubrev","8":"pa_brands-stonehouse-security","9":"pa_chip-teknik-kombi-em4200mifare1k-2","10":"pa_farg-bla-2","11":"pa_pro-larmsystem-assa-arx-solid-entro","12":"tm-no-options","14":"first","15":"instock","16":"featured","17":"taxable","18":"shipping-taxable","19":"purchasable","20":"product-type-simple"},"acf":[],"_links":{"self":[{"href":"https:\/\/secureus.se\/fr\/wp-json\/wp\/v2\/product\/92195","targetHints":{"allow":["GET"]}}],"collection":[{"href":"https:\/\/secureus.se\/fr\/wp-json\/wp\/v2\/product"}],"about":[{"href":"https:\/\/secureus.se\/fr\/wp-json\/wp\/v2\/types\/product"}],"wp:featuredmedia":[{"embeddable":true,"href":"https:\/\/secureus.se\/fr\/wp-json\/wp\/v2\/media\/92188"}],"wp:attachment":[{"href":"https:\/\/secureus.se\/fr\/wp-json\/wp\/v2\/media?parent=92195"}],"wp:term":[{"taxonomy":"product_brand","embeddable":true,"href":"https:\/\/secureus.se\/fr\/wp-json\/wp\/v2\/product_brand?post=92195"},{"taxonomy":"product_cat","embeddable":true,"href":"https:\/\/secureus.se\/fr\/wp-json\/wp\/v2\/product_cat?post=92195"},{"taxonomy":"product_tag","embeddable":true,"href":"https:\/\/secureus.se\/fr\/wp-json\/wp\/v2\/product_tag?post=92195"}],"curies":[{"name":"wp","href":"https:\/\/api.w.org\/{rel}","templated":true}]}}