{"id":92239,"date":"2024-06-05T10:56:13","date_gmt":"2024-06-05T08:56:13","guid":{"rendered":"https:\/\/secureus.se\/?post_type=product&#038;p=92239"},"modified":"2026-03-31T13:24:41","modified_gmt":"2026-03-31T11:24:41","slug":"vanderbilt-entro-tagg-kombi-em4200-mifare1k-gron-anpassad-for-vanderbilt-entro-passersystem","status":"publish","type":"product","link":"https:\/\/secureus.se\/fr\/vanderbilt-entro-tagg-kombi-em4200-mifare1k-gron-anpassad-for-vanderbilt-entro-passersystem\/","title":{"rendered":"Vanderbilt Entro Tag Combi EM4200\/Mifare1k Vert adapt\u00e9 au syst\u00e8me Vanderbilt Entro Pass"},"content":{"rendered":"<h1><strong>Plaque de passage Vanderbilt Entro Tag Combi EM4200\/Mifare1k\u00a0<\/strong><\/h1>\n<p><strong>Notre badge d&#039;acc\u00e8s Combi EM4200\/Mifare1k \u00ab ABS Plus \u00bb est cr\u00e9\u00e9 pour r\u00e9pondre aux besoins les plus exigeants en mati\u00e8re de s\u00e9curit\u00e9 et d&#039;identification.<\/strong><\/p>\n<ul>\n<li>Cette \u00e9tiquette de passage Combi EM4200\/Mifare1k est disponible en 6 coloris en standard et toujours dans notre stock avec livraison imm\u00e9diate<\/li>\n<li>Construction robuste en mat\u00e9riau ABS avec un profil fin de seulement 2,9 mm<\/li>\n<li>Taggar Kombi EM4200\/Mifare1k est personnalis\u00e9 avec des num\u00e9ros pour Vanderbilt Entro, l&#039;un des plus grands fournisseurs su\u00e9dois de syst\u00e8mes de s\u00e9curit\u00e9.<\/li>\n<\/ul>\n<p>Les porte-cl\u00e9s \/ tags RFID \u00ab ABS Plus \u00bb sont stock\u00e9s \u00e0 plus de 100 000 exemplaires et sont disponibles en 6 couleurs (rouge, bleu, blanc, noir, vert, jaune, orange) et avec diff\u00e9rentes puces.<\/p>\n<p>Que vous ayez besoin d&#039;un produit fiable pour les syst\u00e8mes d&#039;acc\u00e8s, les syst\u00e8mes de visiteurs, la r\u00e9servation, les alarmes, les chargeurs de voiture, la gestion d&#039;entrep\u00f4t ou d&#039;autres applications, notre \u00ab ABS Plus \u00bb est le choix parfait.<\/p>\n<p>Si vous souhaitez vos propres num\u00e9ros ou consulter votre \u00e9tiquette Vanderbilt Entro, contactez-nous pour une conception gratuite.<b>\u00a0<\/b><\/p>","protected":false},"excerpt":{"rendered":"<p>Notre \u00e9tiquette d&#039;acc\u00e8s RFID la plus populaire \u00ab ABS Plus \u00bb \u2013 la solution parfaite pour votre syst\u00e8me de contr\u00f4le d&#039;acc\u00e8s \u2013 Vanderbilt Entro<\/p>","protected":false},"featured_media":92281,"template":"","meta":{"_acf_changed":false},"product_brand":[],"product_cat":[3844],"product_tag":[],"class_list":{"0":"post-92239","1":"product","2":"type-product","3":"status-publish","4":"has-post-thumbnail","6":"product_cat-vanderbilt-entro-taggar","7":"product_shipping_class-postnord-varubrev","8":"pa_brands-stonehouse-security","9":"pa_chip-teknik-kombi-em4200mifare1k-2","10":"pa_farg-gron-2","11":"pa_pro-larmsystem-vanderbilt-bewator-entro-8-siffror-2","12":"tm-no-options","14":"first","15":"instock","16":"featured","17":"taxable","18":"shipping-taxable","19":"purchasable","20":"product-type-simple"},"acf":[],"_links":{"self":[{"href":"https:\/\/secureus.se\/fr\/wp-json\/wp\/v2\/product\/92239","targetHints":{"allow":["GET"]}}],"collection":[{"href":"https:\/\/secureus.se\/fr\/wp-json\/wp\/v2\/product"}],"about":[{"href":"https:\/\/secureus.se\/fr\/wp-json\/wp\/v2\/types\/product"}],"wp:featuredmedia":[{"embeddable":true,"href":"https:\/\/secureus.se\/fr\/wp-json\/wp\/v2\/media\/92281"}],"wp:attachment":[{"href":"https:\/\/secureus.se\/fr\/wp-json\/wp\/v2\/media?parent=92239"}],"wp:term":[{"taxonomy":"product_brand","embeddable":true,"href":"https:\/\/secureus.se\/fr\/wp-json\/wp\/v2\/product_brand?post=92239"},{"taxonomy":"product_cat","embeddable":true,"href":"https:\/\/secureus.se\/fr\/wp-json\/wp\/v2\/product_cat?post=92239"},{"taxonomy":"product_tag","embeddable":true,"href":"https:\/\/secureus.se\/fr\/wp-json\/wp\/v2\/product_tag?post=92239"}],"curies":[{"name":"wp","href":"https:\/\/api.w.org\/{rel}","templated":true}]}}