{"id":92312,"date":"2024-06-13T19:21:05","date_gmt":"2024-06-13T17:21:05","guid":{"rendered":"https:\/\/secureus.se\/?post_type=product&#038;p=92312"},"modified":"2025-09-30T17:24:07","modified_gmt":"2025-09-30T15:24:07","slug":"larmbyggare-for-ajax-larm","status":"publish","type":"product","link":"https:\/\/secureus.se\/fr\/larmbyggare-for-ajax-larm\/","title":{"rendered":"G\u00e9n\u00e9rateur d&#039;alarmes pour les alarmes Ajax"},"content":{"rendered":"<p>Ici, vous pouvez cr\u00e9er votre propre syst\u00e8me d&#039;alarme comme vous le souhaitez. Vous n&#039;\u00eates pas oblig\u00e9 de choisir parmi toutes les \u00e9tapes, vous choisissez simplement ce dont vous avez besoin. Nous vous avons permis de voir facilement combien co\u00fbte votre forfait et quelles pi\u00e8ces sont incluses sans avoir \u00e0 mettre \u00e0 jour le paiement.<\/p>\n<p>Vous pouvez s\u00e9lectionner des produits individuels, vous n&#039;\u00eates donc pas oblig\u00e9 de choisir parmi toutes les options.<\/p>\n<p>N&#039;oubliez pas que vous pourrez toujours \u00e9tendre votre protection \u00e0 l&#039;avenir. Et n\u2019oubliez pas que vous pouvez toujours nous contacter pour un devis individuel ou une assistance \u2013 nous sommes l\u00e0 pour vous.<\/p>","protected":false},"excerpt":{"rendered":"<h1><a href=\"https:\/\/secureus.se\/fr\/ajax-larmbyggare\/\"><strong>CLIQUEZ ICI POUR ALLER AU CONSTRUCTEUR<\/strong><\/a><\/h1>\n<p>Vous pouvez toujours nous contacter pour un devis individuel ou une assistance - Nous sommes l\u00e0 pour vous.<\/p>\n<p>Tous les produits Ajax sont livr\u00e9s avec des supports et des piles inclus pour une installation facile et s\u00fbre.<\/p>","protected":false},"featured_media":158668,"template":"","meta":{"_acf_changed":false},"product_brand":[],"product_cat":[3941,3154,3166],"product_tag":[],"class_list":{"0":"post-92312","1":"product","2":"type-product","3":"status-publish","4":"has-post-thumbnail","6":"product_cat-larmbyggare","7":"product_cat-centralenheter","8":"product_cat-larmpaket","9":"tm-no-options","11":"first","12":"instock","13":"taxable","14":"shipping-taxable","15":"product-type-simple"},"acf":[],"_links":{"self":[{"href":"https:\/\/secureus.se\/fr\/wp-json\/wp\/v2\/product\/92312","targetHints":{"allow":["GET"]}}],"collection":[{"href":"https:\/\/secureus.se\/fr\/wp-json\/wp\/v2\/product"}],"about":[{"href":"https:\/\/secureus.se\/fr\/wp-json\/wp\/v2\/types\/product"}],"wp:featuredmedia":[{"embeddable":true,"href":"https:\/\/secureus.se\/fr\/wp-json\/wp\/v2\/media\/158668"}],"wp:attachment":[{"href":"https:\/\/secureus.se\/fr\/wp-json\/wp\/v2\/media?parent=92312"}],"wp:term":[{"taxonomy":"product_brand","embeddable":true,"href":"https:\/\/secureus.se\/fr\/wp-json\/wp\/v2\/product_brand?post=92312"},{"taxonomy":"product_cat","embeddable":true,"href":"https:\/\/secureus.se\/fr\/wp-json\/wp\/v2\/product_cat?post=92312"},{"taxonomy":"product_tag","embeddable":true,"href":"https:\/\/secureus.se\/fr\/wp-json\/wp\/v2\/product_tag?post=92312"}],"curies":[{"name":"wp","href":"https:\/\/api.w.org\/{rel}","templated":true}]}}