{"id":92666,"date":"2024-06-12T13:12:50","date_gmt":"2024-06-12T11:12:50","guid":{"rendered":"https:\/\/secureus.se\/?post_type=product&#038;p=92666"},"modified":"2026-03-26T12:24:31","modified_gmt":"2026-03-26T11:24:31","slug":"provkit-solo-1-27-m-provning-rok","status":"publish","type":"product","link":"https:\/\/secureus.se\/fr\/provkit-solo-1-27-m-provning-rok\/","title":{"rendered":"Kit de test Solo 1 \u2013 2,7 m \u2013 Test de fum\u00e9e"},"content":{"rendered":"<h1>Kit de test Solo 1 \u2013 2,7 m \u2013 Test de fum\u00e9e<\/h1>\n<h3 data-start=\"302\" data-end=\"348\">Kit de test pour d\u00e9tecteurs de fum\u00e9e jusqu&#039;\u00e0 2,7 m<\/h3>\n<p data-start=\"349\" data-end=\"583\">Le Solo 1 est con\u00e7u pour tester facilement et en toute s\u00e9curit\u00e9 les d\u00e9tecteurs de fum\u00e9e dans les syst\u00e8mes d&#039;alarme incendie automatiques \u00e0 basse altitude.<\/p>\n<p data-start=\"349\" data-end=\"583\">Le kit combine des prolongateurs, des testeurs de d\u00e9tecteurs et des bouteilles de gaz de test, ce qui le rend facile \u00e0 utiliser et \u00e0 transporter.<\/p>\n<h3 data-start=\"585\" data-end=\"608\">Contenu de Solo 1<\/h3>\n<ul data-start=\"609\" data-end=\"969\">\n<li data-start=\"609\" data-end=\"718\">\n<p data-start=\"611\" data-end=\"718\"><strong data-start=\"611\" data-end=\"639\">Testeur de d\u00e9tecteur Solo 330<\/strong> \u2013 pour les d\u00e9tecteurs de fum\u00e9e et de CO, uniquement pour une utilisation avec les mod\u00e8les Solo A5 et Solo C3.<\/p>\n<\/li>\n<li data-start=\"719\" data-end=\"882\">\n<p data-start=\"721\" data-end=\"882\"><strong data-start=\"721\" data-end=\"744\">Extender Solo 101<\/strong> \u2013 1,13 m, en fibre de verre, l\u00e9ger et rigide, peut \u00eatre combin\u00e9 avec d&#039;autres perches Solo 101 ou des perches t\u00e9lescopiques Solo 108\/Solo 100 pour des hauteurs de test plus \u00e9lev\u00e9es.<\/p>\n<\/li>\n<li data-start=\"883\" data-end=\"969\">\n<p data-start=\"885\" data-end=\"969\"><strong data-start=\"885\" data-end=\"915\">3 bouteilles de gaz de test Solo A5<\/strong> \u2013 Test de fum\u00e9e, suffisant pour environ 400 tests par bouteille.<\/p>\n<\/li>\n<\/ul>\n<h3 data-start=\"971\" data-end=\"1003\">Utilisation facile et s\u00fbre<\/h3>\n<ol data-start=\"1004\" data-end=\"1284\">\n<li data-start=\"1004\" data-end=\"1054\">\n<p data-start=\"1007\" data-end=\"1054\">Montez le Solo 330 sur le Solo 101 pour obtenir la hauteur souhait\u00e9e.<\/p>\n<\/li>\n<li data-start=\"1055\" data-end=\"1116\">\n<p data-start=\"1058\" data-end=\"1116\">Agitez la bouteille de gaz de test Solo A5 et placez-la dans le testeur.<\/p>\n<\/li>\n<li data-start=\"1117\" data-end=\"1215\">\n<p data-start=\"1120\" data-end=\"1215\">Placez la coupelle autour du d\u00e9tecteur, appuyez l\u00e9g\u00e8rement contre le plafond et laissez le gaz s&#039;\u00e9chapper pendant environ 1 seconde.<\/p>\n<\/li>\n<li data-start=\"1216\" data-end=\"1284\">\n<p data-start=\"1219\" data-end=\"1284\">Attendez environ 10 secondes que le d\u00e9tecteur \u00e9mette une alarme ; r\u00e9p\u00e9tez l&#039;op\u00e9ration si n\u00e9cessaire.<\/p>\n<\/li>\n<\/ol>\n<h3 data-start=\"1286\" data-end=\"1311\">Avantages de Solo 1<\/h3>\n<ul data-start=\"1312\" data-end=\"1514\">\n<li data-start=\"1312\" data-end=\"1339\">\n<p data-start=\"1314\" data-end=\"1339\">Port\u00e9e jusqu&#039;\u00e0 2,7 m<\/p>\n<\/li>\n<li data-start=\"1340\" data-end=\"1378\">\n<p data-start=\"1342\" data-end=\"1378\">Teste les d\u00e9tecteurs de fum\u00e9e et de CO<\/p>\n<\/li>\n<li data-start=\"1379\" data-end=\"1411\">\n<p data-start=\"1381\" data-end=\"1411\">Compact et facile \u00e0 manipuler<\/p>\n<\/li>\n<li data-start=\"1412\" data-end=\"1457\">\n<p data-start=\"1414\" data-end=\"1457\">Assemblage et utilisation faciles du testeur<\/p>\n<\/li>\n<li data-start=\"1458\" data-end=\"1514\">\n<p data-start=\"1460\" data-end=\"1514\">Chaque flacon de gaz d&#039;essai permet de pr\u00e9lever environ 400 \u00e9chantillons.<\/p>\n<\/li>\n<\/ul>\n<h3 data-start=\"1516\" data-end=\"1546\">Sp\u00e9cifications techniques<\/h3>\n<ul data-start=\"1547\" data-end=\"1777\">\n<li data-start=\"1547\" data-end=\"1580\">\n<p data-start=\"1549\" data-end=\"1580\">Hauteur d&#039;essai : jusqu&#039;\u00e0 2,7 m<\/p>\n<\/li>\n<li data-start=\"1581\" data-end=\"1626\">\n<p data-start=\"1583\" data-end=\"1626\">Contenu : Solo 330, Solo 101, 3 \u00d7 Solo A5<\/p>\n<\/li>\n<li data-start=\"1627\" data-end=\"1681\">\n<p data-start=\"1629\" data-end=\"1681\">Mat\u00e9riau de la tige : Fibre de verre, non conductrice d&#039;\u00e9lectricit\u00e9<\/p>\n<\/li>\n<li data-start=\"1682\" data-end=\"1729\">\n<p data-start=\"1684\" data-end=\"1729\">Capacit\u00e9 du flacon de gaz de test : environ 400 \u00e9chantillons\/flacon<\/p>\n<\/li>\n<li data-start=\"1730\" data-end=\"1777\">\n<p data-start=\"1732\" data-end=\"1777\">Compatible avec les testeurs Solo et Testifire<\/p>\n<\/li>\n<\/ul>","protected":false},"excerpt":{"rendered":"<p>Le kit de test Solo 1 est un kit compact permettant de tester les d\u00e9tecteurs de fum\u00e9e jusqu&#039;\u00e0 environ 2,7 m.<\/p>\n<p>Contient un prolongateur Solo 101, un testeur de d\u00e9tecteur Solo 330 et 3 bouteilles de gaz de test Solo A5 (anciennement Solo A3).<\/p>\n<p>Id\u00e9al pour les tests mensuels et trimestriels \u00e0 basse altitude.<\/p>","protected":false},"featured_media":137516,"template":"","meta":{"_acf_changed":false},"product_brand":[],"product_cat":[3849,2945],"product_tag":[],"class_list":{"0":"post-92666","1":"product","2":"type-product","3":"status-publish","4":"has-post-thumbnail","6":"product_cat-solo-kit","7":"product_cat-solo","8":"product_shipping_class-tunga-paket","9":"tm-no-options","11":"first","12":"onbackorder","13":"taxable","14":"shipping-taxable","15":"purchasable","16":"product-type-simple"},"acf":[],"_links":{"self":[{"href":"https:\/\/secureus.se\/fr\/wp-json\/wp\/v2\/product\/92666","targetHints":{"allow":["GET"]}}],"collection":[{"href":"https:\/\/secureus.se\/fr\/wp-json\/wp\/v2\/product"}],"about":[{"href":"https:\/\/secureus.se\/fr\/wp-json\/wp\/v2\/types\/product"}],"wp:featuredmedia":[{"embeddable":true,"href":"https:\/\/secureus.se\/fr\/wp-json\/wp\/v2\/media\/137516"}],"wp:attachment":[{"href":"https:\/\/secureus.se\/fr\/wp-json\/wp\/v2\/media?parent=92666"}],"wp:term":[{"taxonomy":"product_brand","embeddable":true,"href":"https:\/\/secureus.se\/fr\/wp-json\/wp\/v2\/product_brand?post=92666"},{"taxonomy":"product_cat","embeddable":true,"href":"https:\/\/secureus.se\/fr\/wp-json\/wp\/v2\/product_cat?post=92666"},{"taxonomy":"product_tag","embeddable":true,"href":"https:\/\/secureus.se\/fr\/wp-json\/wp\/v2\/product_tag?post=92666"}],"curies":[{"name":"wp","href":"https:\/\/api.w.org\/{rel}","templated":true}]}}