{"id":92671,"date":"2024-06-12T13:12:56","date_gmt":"2024-06-12T11:12:56","guid":{"rendered":"https:\/\/secureus.se\/?post_type=product&#038;p=92671"},"modified":"2026-03-26T12:27:58","modified_gmt":"2026-03-26T11:27:58","slug":"provkit-solo-2-27-m-provning-rok","status":"publish","type":"product","link":"https:\/\/secureus.se\/fr\/provkit-solo-2-27-m-provning-rok\/","title":{"rendered":"Kit de test Solo 2 - 2,7 m - Test de fum\u00e9e"},"content":{"rendered":"<h1>Kit de test Solo 2 - 2,7 m - Test de fum\u00e9e<\/h1>\n<h3 data-start=\"284\" data-end=\"325\">Kit de test efficace pour d\u00e9tecteurs de fum\u00e9e<\/h3>\n<p data-start=\"326\" data-end=\"557\">Solo 2 est un kit de test pratique pour v\u00e9rifier le fonctionnement des d\u00e9tecteurs de fum\u00e9e sur les installations basses, jusqu&#039;\u00e0 environ 2,7 m.<\/p>\n<p data-start=\"326\" data-end=\"557\">Ce kit est compact et facile \u00e0 manipuler, tout en offrant des r\u00e9sultats professionnels avec un minimum d&#039;\u00e9quipement.<\/p>\n<h3 data-start=\"559\" data-end=\"582\">Contenu de Solo 2<\/h3>\n<ul data-start=\"583\" data-end=\"972\">\n<li data-start=\"583\" data-end=\"690\">\n<p data-start=\"585\" data-end=\"690\"><strong data-start=\"585\" data-end=\"613\">Testeur de d\u00e9tecteur Solo 330<\/strong> \u2013 pour les d\u00e9tecteurs de fum\u00e9e et les d\u00e9tecteurs de CO, utilis\u00e9s avec les bouteilles de gaz de test Solo A5.<\/p>\n<\/li>\n<li data-start=\"691\" data-end=\"908\">\n<p data-start=\"693\" data-end=\"908\"><strong data-start=\"693\" data-end=\"723\">Perche d&#039;extension Solo 101<\/strong> \u2013 1,13 m, en fibre de verre, non conducteur d&#039;\u00e9lectricit\u00e9.<\/p>\n<\/li>\n<li data-start=\"691\" data-end=\"908\">\n<p data-start=\"693\" data-end=\"908\">Peut \u00eatre connect\u00e9 avec 1 \u00e0 3 Solo 101 ou combin\u00e9 avec Solo 108\/Solo 100 pour une port\u00e9e plus \u00e9lev\u00e9e jusqu&#039;\u00e0 7,3 m ou 9,3 m.<\/p>\n<\/li>\n<li data-start=\"909\" data-end=\"972\">\n<p data-start=\"911\" data-end=\"972\"><strong data-start=\"911\" data-end=\"940\">1 \u00d7 bouteille de gaz de test Solo A5<\/strong> \u2013 de quoi pr\u00e9parer environ 400 \u00e9chantillons.<\/p>\n<\/li>\n<\/ul>\n<h3 data-start=\"974\" data-end=\"1006\">Utilisation facile et s\u00fbre<\/h3>\n<ol data-start=\"1007\" data-end=\"1272\">\n<li data-start=\"1007\" data-end=\"1064\">\n<p data-start=\"1010\" data-end=\"1064\">Secouez la bouteille de gaz de test Solo A5 et installez-la dans le Solo 330.<\/p>\n<\/li>\n<li data-start=\"1065\" data-end=\"1109\">\n<p data-start=\"1068\" data-end=\"1109\">Vissez le r\u00e9cipient et tournez d&#039;un quart de tour.<\/p>\n<\/li>\n<li data-start=\"1110\" data-end=\"1192\">\n<p data-start=\"1113\" data-end=\"1192\">Placez la coupelle autour du d\u00e9tecteur, appuyez l\u00e9g\u00e8rement contre le plafond et laissez le gaz s&#039;\u00e9chapper.<\/p>\n<\/li>\n<li data-start=\"1193\" data-end=\"1272\">\n<p data-start=\"1196\" data-end=\"1272\">Attendez environ 10 secondes que le d\u00e9tecteur \u00e9mette une alarme. Si n\u00e9cessaire, r\u00e9p\u00e9tez le test.<\/p>\n<\/li>\n<\/ol>\n<h3 data-start=\"1274\" data-end=\"1299\">Avantages de Solo 2<\/h3>\n<ul data-start=\"1300\" data-end=\"1531\">\n<li data-start=\"1300\" data-end=\"1337\">\n<p data-start=\"1302\" data-end=\"1337\">Compact et facile \u00e0 transporter<\/p>\n<\/li>\n<li data-start=\"1338\" data-end=\"1409\">\n<p data-start=\"1340\" data-end=\"1409\">Port\u00e9e jusqu&#039;\u00e0 2,7 m, extensible avec des rallonges suppl\u00e9mentaires.<\/p>\n<\/li>\n<li data-start=\"1410\" data-end=\"1455\">\n<p data-start=\"1412\" data-end=\"1455\">Montage simple du testeur sur la barre de test<\/p>\n<\/li>\n<li data-start=\"1456\" data-end=\"1531\">\n<p data-start=\"1458\" data-end=\"1531\">Tests s\u00fbrs et professionnels de la plupart des marques de d\u00e9tecteurs de fum\u00e9e<\/p>\n<\/li>\n<\/ul>\n<h3 data-start=\"1533\" data-end=\"1563\">Sp\u00e9cifications techniques<\/h3>\n<ul data-start=\"1564\" data-end=\"1816\">\n<li data-start=\"1564\" data-end=\"1626\">\n<p data-start=\"1566\" data-end=\"1626\">Hauteur de test : jusqu&#039;\u00e0 2,7 m (extensible avec des barres suppl\u00e9mentaires)<\/p>\n<\/li>\n<li data-start=\"1627\" data-end=\"1672\">\n<p data-start=\"1629\" data-end=\"1672\">Contenu : Solo 330, Solo 101, 1 \u00d7 Solo A5<\/p>\n<\/li>\n<li data-start=\"1673\" data-end=\"1727\">\n<p data-start=\"1675\" data-end=\"1727\">Mat\u00e9riau de la tige : Fibre de verre, non conductrice d&#039;\u00e9lectricit\u00e9<\/p>\n<\/li>\n<li data-start=\"1728\" data-end=\"1768\">\n<p data-start=\"1730\" data-end=\"1768\">Capacit\u00e9 du cylindre de gaz d&#039;essai : environ 400 \u00e9chantillons<\/p>\n<\/li>\n<li data-start=\"1769\" data-end=\"1816\">\n<p data-start=\"1771\" data-end=\"1816\">Compatible avec les testeurs Solo et Testifire<\/p>\n<\/li>\n<\/ul>","protected":false},"excerpt":{"rendered":"<p>Le kit de test Solo 2 est un kit compact pour tester les d\u00e9tecteurs de fum\u00e9e jusqu&#039;\u00e0 environ 2,7 m. Il contient la perche d&#039;extension Solo 101, le testeur de d\u00e9tecteur Solo 330 et 1 bouteille de gaz de test Solo A5.<\/p>\n<p>Id\u00e9al pour les installations simples et les petites hauteurs.<\/p>","protected":false},"featured_media":137668,"template":"","meta":{"_acf_changed":false},"product_brand":[],"product_cat":[3849,2945],"product_tag":[],"class_list":{"0":"post-92671","1":"product","2":"type-product","3":"status-publish","4":"has-post-thumbnail","6":"product_cat-solo-kit","7":"product_cat-solo","8":"product_shipping_class-tunga-paket","9":"tm-no-options","11":"first","12":"onbackorder","13":"taxable","14":"shipping-taxable","15":"purchasable","16":"product-type-simple"},"acf":[],"_links":{"self":[{"href":"https:\/\/secureus.se\/fr\/wp-json\/wp\/v2\/product\/92671","targetHints":{"allow":["GET"]}}],"collection":[{"href":"https:\/\/secureus.se\/fr\/wp-json\/wp\/v2\/product"}],"about":[{"href":"https:\/\/secureus.se\/fr\/wp-json\/wp\/v2\/types\/product"}],"wp:featuredmedia":[{"embeddable":true,"href":"https:\/\/secureus.se\/fr\/wp-json\/wp\/v2\/media\/137668"}],"wp:attachment":[{"href":"https:\/\/secureus.se\/fr\/wp-json\/wp\/v2\/media?parent=92671"}],"wp:term":[{"taxonomy":"product_brand","embeddable":true,"href":"https:\/\/secureus.se\/fr\/wp-json\/wp\/v2\/product_brand?post=92671"},{"taxonomy":"product_cat","embeddable":true,"href":"https:\/\/secureus.se\/fr\/wp-json\/wp\/v2\/product_cat?post=92671"},{"taxonomy":"product_tag","embeddable":true,"href":"https:\/\/secureus.se\/fr\/wp-json\/wp\/v2\/product_tag?post=92671"}],"curies":[{"name":"wp","href":"https:\/\/api.w.org\/{rel}","templated":true}]}}