{"id":92675,"date":"2024-06-12T13:12:59","date_gmt":"2024-06-12T11:12:59","guid":{"rendered":"https:\/\/secureus.se\/provkit-solo-4-4-m-provning-rok\/"},"modified":"2026-04-23T12:57:06","modified_gmt":"2026-04-23T10:57:06","slug":"provkit-solo-4-4-m-provning-rok","status":"publish","type":"product","link":"https:\/\/secureus.se\/fr\/provkit-solo-4-4-m-provning-rok\/","title":{"rendered":"Kit de test Solo 4 \u2013 4 m \u2013 Test de fum\u00e9e"},"content":{"rendered":"<h1>Kit de test Solo 4 \u2013 4 m \u2013 Test de fum\u00e9e<\/h1>\n<h3 data-start=\"306\" data-end=\"359\">Kit de test complet pour d\u00e9tecteurs de fum\u00e9e jusqu&#039;\u00e0 4 m<\/h3>\n<p data-start=\"360\" data-end=\"639\">Solo 4 est un kit de test complet avec perche t\u00e9lescopique Solo 108, porte-gaz de test Solo 330 et trois bouteilles de gaz de test Solo A5 (anciennement Solo A3), con\u00e7u pour les tests mensuels et trimestriels des d\u00e9tecteurs de fum\u00e9e dans les syst\u00e8mes d&#039;alarme incendie.<\/p>\n<p data-start=\"360\" data-end=\"639\">Ce kit permet d&#039;acc\u00e9der facilement aux plafonds de hauteur moyenne sans avoir besoin d&#039;une \u00e9chelle.<\/p>\n<h3 data-start=\"641\" data-end=\"669\">Perche t\u00e9lescopique Solo 108<\/h3>\n<p data-start=\"670\" data-end=\"937\">Fabriqu\u00e9 en fibre de verre l\u00e9g\u00e8re et rigide, non conductrice, le Solo 108 offre une grande stabilit\u00e9 lors des essais en haute altitude. Il est possible de l&#039;associer \u00e0 1 \u00e0 3 Solo 101 pour atteindre une hauteur d&#039;essai totale d&#039;environ 7,3 m.<\/p>\n<p data-start=\"670\" data-end=\"937\">Convient aux testeurs Solo et Testifire ainsi qu&#039;aux testeurs de d\u00e9montage.<\/p>\n<h3 data-start=\"939\" data-end=\"968\">Test du manom\u00e8tre Solo 330<\/h3>\n<p data-start=\"969\" data-end=\"1347\">Le Solo 330 est utilis\u00e9 pour les tests fonctionnels des d\u00e9tecteurs de fum\u00e9e et de CO d&#039;un diam\u00e8tre allant jusqu&#039;\u00e0 100 mm. La coupelle pivotante permet de tester les d\u00e9tecteurs qui ne sont pas perpendiculaires au sol ou qui sont difficiles d&#039;acc\u00e8s directement par le dessous.<\/p>\n<p data-start=\"969\" data-end=\"1347\">Les bouteilles de gaz de test Solo A5 produisent une fum\u00e9e r\u00e9aliste qui active les d\u00e9tecteurs de fum\u00e9e optiques et \u00e0 ionisation. Une bouteille permet de r\u00e9aliser environ 400 tests.<\/p>\n<h3 data-start=\"1349\" data-end=\"1371\">Facile \u00e0 utiliser<\/h3>\n<ol data-start=\"1372\" data-end=\"1720\">\n<li data-start=\"1372\" data-end=\"1422\">\n<p data-start=\"1375\" data-end=\"1422\">Agitez le flacon Solo A5 et installez-le dans le testeur.<\/p>\n<\/li>\n<li data-start=\"1423\" data-end=\"1471\">\n<p data-start=\"1426\" data-end=\"1471\">Revissez le r\u00e9cipient et tournez d&#039;un quart de tour.<\/p>\n<\/li>\n<li data-start=\"1472\" data-end=\"1569\">\n<p data-start=\"1475\" data-end=\"1569\">Placez la coupelle autour du d\u00e9tecteur, appuyez l\u00e9g\u00e8rement contre le plafond et laissez le gaz s&#039;\u00e9chapper pendant 1 seconde.<\/p>\n<\/li>\n<li data-start=\"1570\" data-end=\"1652\">\n<p data-start=\"1573\" data-end=\"1652\">Attendez environ 10 secondes que le d\u00e9tecteur \u00e9mette une alarme. R\u00e9p\u00e9tez le test rapide si n\u00e9cessaire.<\/p>\n<\/li>\n<li data-start=\"1653\" data-end=\"1720\">\n<p data-start=\"1656\" data-end=\"1720\">Le gaz s&#039;\u00e9vapore rapidement et le d\u00e9tecteur peut \u00eatre r\u00e9initialis\u00e9 imm\u00e9diatement.<\/p>\n<\/li>\n<\/ol>\n<h3 data-start=\"1722\" data-end=\"1747\">Avantages du Solo 4<\/h3>\n<ul data-start=\"1748\" data-end=\"2071\">\n<li data-start=\"1748\" data-end=\"1802\">\n<p data-start=\"1750\" data-end=\"1802\">Kit complet avec 3 bouteilles de gaz d&#039;essai pour de multiples tests<\/p>\n<\/li>\n<li data-start=\"1803\" data-end=\"1848\">\n<p data-start=\"1805\" data-end=\"1848\">Perche t\u00e9lescopique l\u00e9g\u00e8re et robuste en fibre de verre<\/p>\n<\/li>\n<li data-start=\"1849\" data-end=\"1898\">\n<p data-start=\"1851\" data-end=\"1898\">Testeur pivotant pour d\u00e9tecteurs difficiles d&#039;acc\u00e8s<\/p>\n<\/li>\n<li data-start=\"1899\" data-end=\"1969\">\n<p data-start=\"1901\" data-end=\"1969\">Port\u00e9e jusqu&#039;\u00e0 4 m (peut \u00eatre combin\u00e9e avec le Solo 101 jusqu&#039;\u00e0 7,3 m)<\/p>\n<\/li>\n<li data-start=\"1970\" data-end=\"2016\">\n<p data-start=\"1972\" data-end=\"2016\">Compatible avec la plupart des marques de d\u00e9tecteurs de fum\u00e9e<\/p>\n<\/li>\n<li data-start=\"2017\" data-end=\"2071\">\n<p data-start=\"2019\" data-end=\"2071\">Utilisation facile et s\u00fbre avec r\u00e9cup\u00e9ration rapide<\/p>\n<\/li>\n<\/ul>\n<h3 data-start=\"2073\" data-end=\"2088\">Transport<\/h3>\n<p data-start=\"2089\" data-end=\"2243\">Le kit peut \u00eatre rang\u00e9 dans la mallette de rangement Solo 610 avec de la place pour les tiges, les testeurs et les bouteilles de gaz de test, ce qui simplifie le transport et prot\u00e8ge l&#039;\u00e9quipement.<\/p>\n<p data-start=\"2245\" data-end=\"2276\"><strong data-start=\"2245\" data-end=\"2274\">Sp\u00e9cifications techniques :<\/strong><\/p>\n<ul data-start=\"2277\" data-end=\"2711\">\n<li data-start=\"2277\" data-end=\"2304\">\n<p data-start=\"2279\" data-end=\"2304\">Produit : Kit de test Solo 4<\/p>\n<\/li>\n<li data-start=\"2305\" data-end=\"2392\">\n<p data-start=\"2307\" data-end=\"2392\">Contenu : Perche t\u00e9lescopique Solo 108, porte-bouteille de gaz Solo 330, 3 bouteilles de gaz Solo A5<\/p>\n<\/li>\n<li data-start=\"2393\" data-end=\"2464\">\n<p data-start=\"2395\" data-end=\"2464\">Port\u00e9e : jusqu&#039;\u00e0 4 m (peut \u00eatre combin\u00e9e avec le Solo 101 jusqu&#039;\u00e0 7,3 m)<\/p>\n<\/li>\n<li data-start=\"2465\" data-end=\"2527\">\n<p data-start=\"2467\" data-end=\"2527\">Mat\u00e9riau de la perche t\u00e9lescopique\u00a0: fibre de verre, non conductrice d\u2019\u00e9lectricit\u00e9<\/p>\n<\/li>\n<li data-start=\"2528\" data-end=\"2600\">\n<p data-start=\"2530\" data-end=\"2600\">Application : Tests fonctionnels des d\u00e9tecteurs de fum\u00e9e (optiques et ionisants)<\/p>\n<\/li>\n<li data-start=\"2601\" data-end=\"2647\">\n<p data-start=\"2603\" data-end=\"2647\">Capacit\u00e9 par bouteille de gaz d&#039;essai : environ 400 essais<\/p>\n<\/li>\n<li data-start=\"2648\" data-end=\"2711\">\n<p data-start=\"2650\" data-end=\"2711\">Compatible avec : testeurs Solo et Testifire, testeurs de d\u00e9mant\u00e8lement Solo<\/p>\n<\/li>\n<\/ul>","protected":false},"excerpt":{"rendered":"<p>Le kit de test Solo 4 contient la perche t\u00e9lescopique Solo 108, le porte-gaz de test Solo 330 et 3 bouteilles de gaz de test Solo A5 pour tester les d\u00e9tecteurs de fum\u00e9e jusqu&#039;\u00e0 environ 4 m de hauteur.<\/p>\n<p>Id\u00e9al pour les techniciens qui souhaitent effectuer des tests fonctionnels s\u00fbrs et efficaces sur les d\u00e9tecteurs de CO et de fum\u00e9e.<\/p>","protected":false},"featured_media":137660,"template":"","meta":{"_acf_changed":false},"product_brand":[],"product_cat":[3849,2945],"product_tag":[],"class_list":{"0":"post-92675","1":"product","2":"type-product","3":"status-publish","4":"has-post-thumbnail","6":"product_cat-solo-kit","7":"product_cat-solo","8":"product_shipping_class-tunga-paket","9":"tm-no-options","11":"first","12":"instock","13":"taxable","14":"shipping-taxable","15":"purchasable","16":"product-type-simple"},"acf":[],"_links":{"self":[{"href":"https:\/\/secureus.se\/fr\/wp-json\/wp\/v2\/product\/92675","targetHints":{"allow":["GET"]}}],"collection":[{"href":"https:\/\/secureus.se\/fr\/wp-json\/wp\/v2\/product"}],"about":[{"href":"https:\/\/secureus.se\/fr\/wp-json\/wp\/v2\/types\/product"}],"wp:featuredmedia":[{"embeddable":true,"href":"https:\/\/secureus.se\/fr\/wp-json\/wp\/v2\/media\/137660"}],"wp:attachment":[{"href":"https:\/\/secureus.se\/fr\/wp-json\/wp\/v2\/media?parent=92675"}],"wp:term":[{"taxonomy":"product_brand","embeddable":true,"href":"https:\/\/secureus.se\/fr\/wp-json\/wp\/v2\/product_brand?post=92675"},{"taxonomy":"product_cat","embeddable":true,"href":"https:\/\/secureus.se\/fr\/wp-json\/wp\/v2\/product_cat?post=92675"},{"taxonomy":"product_tag","embeddable":true,"href":"https:\/\/secureus.se\/fr\/wp-json\/wp\/v2\/product_tag?post=92675"}],"curies":[{"name":"wp","href":"https:\/\/api.w.org\/{rel}","templated":true}]}}