{"id":92679,"date":"2024-06-12T13:13:02","date_gmt":"2024-06-12T11:13:02","guid":{"rendered":"https:\/\/secureus.se\/provkit-solo-6-6-m-provning-rok\/"},"modified":"2026-05-05T17:39:00","modified_gmt":"2026-05-05T15:39:00","slug":"provkit-solo-6-6-m-provning-rok","status":"publish","type":"product","link":"https:\/\/secureus.se\/fr\/provkit-solo-6-6-m-provning-rok\/","title":{"rendered":"Kit de test Solo 6 \u2013 6 m \u2013 Test de fum\u00e9e"},"content":{"rendered":"<h1>Kit de test Solo 6 \u2013 6 m \u2013 Test de fum\u00e9e<\/h1>\n<h3 data-start=\"282\" data-end=\"335\">Kit de test complet pour d\u00e9tecteurs de fum\u00e9e jusqu&#039;\u00e0 6 m<\/h3>\n<p data-start=\"336\" data-end=\"639\">Solo 6 est un kit de test pratique qui combine la perche t\u00e9lescopique Solo 100, le testeur de d\u00e9tecteurs Solo 330 et la bouteille de gaz de test Solo A5 (anciennement Solo A3) pour tester efficacement les d\u00e9tecteurs de fum\u00e9e.<\/p>\n<p data-start=\"336\" data-end=\"639\">Ce kit est con\u00e7u pour faciliter les tests mensuels et trimestriels des syst\u00e8mes d&#039;alarme incendie, sans avoir besoin d&#039;utiliser une \u00e9chelle.<\/p>\n<h3 data-start=\"641\" data-end=\"669\">Perche t\u00e9lescopique Solo 100<\/h3>\n<p data-start=\"670\" data-end=\"896\">Fabriqu\u00e9 en fibre de verre de haute qualit\u00e9, non conductrice d&#039;\u00e9lectricit\u00e9, ce qui la rend l\u00e9g\u00e8re mais rigide.<\/p>\n<p data-start=\"670\" data-end=\"896\">Peut \u00eatre mont\u00e9 avec 1 \u00e0 3 Solo 101 pour atteindre une hauteur maximale d&#039;environ 9,3 m. Compatible avec les testeurs et les dispositifs de d\u00e9montage Solo et Testifire.<\/p>\n<h3 data-start=\"898\" data-end=\"928\">Testeur de d\u00e9tecteur Solo 330<\/h3>\n<p data-start=\"929\" data-end=\"1312\">Le Solo 330 est utilis\u00e9 pour les tests fonctionnels des d\u00e9tecteurs de fum\u00e9e et de CO d&#039;un diam\u00e8tre allant jusqu&#039;\u00e0 100 mm.<\/p>\n<p data-start=\"929\" data-end=\"1312\">La coupelle pivotante permet de tester des d\u00e9tecteurs qui ne sont pas perpendiculaires au sol ou qui sont difficiles d&#039;acc\u00e8s.<\/p>\n<p data-start=\"929\" data-end=\"1312\">La bonbonne de gaz de test Solo A5 produit un a\u00e9rosol qui simule de la vraie fum\u00e9e et active les d\u00e9tecteurs de fum\u00e9e optiques et ionisants.<\/p>\n<p data-start=\"929\" data-end=\"1312\">Un flacon suffit pour environ 400 tests.<\/p>\n<h3 data-start=\"1314\" data-end=\"1330\">Utiliser<\/h3>\n<ol data-start=\"1331\" data-end=\"1672\">\n<li data-start=\"1331\" data-end=\"1395\">\n<p data-start=\"1334\" data-end=\"1395\">Montez le testeur sur la perche t\u00e9lescopique jusqu&#039;\u00e0 ce qu&#039;il s&#039;enclenche.<\/p>\n<\/li>\n<li data-start=\"1396\" data-end=\"1452\">\n<p data-start=\"1399\" data-end=\"1452\">Placez le flacon Solo A5 dans le testeur et tournez-le d&#039;un quart de tour.<\/p>\n<\/li>\n<li data-start=\"1453\" data-end=\"1530\">\n<p data-start=\"1456\" data-end=\"1530\">Placez la tasse autour du d\u00e9tecteur et appuyez l\u00e9g\u00e8rement contre le plafond pendant environ 1 seconde.<\/p>\n<\/li>\n<li data-start=\"1531\" data-end=\"1603\">\n<p data-start=\"1534\" data-end=\"1603\">Attendez 10 secondes que l&#039;alarme se d\u00e9clenche. Si elle ne se d\u00e9clenche pas, r\u00e9p\u00e9tez bri\u00e8vement le test.<\/p>\n<\/li>\n<li data-start=\"1604\" data-end=\"1672\">\n<p data-start=\"1607\" data-end=\"1672\">Le gaz s&#039;\u00e9vapore rapidement, permettant une r\u00e9cup\u00e9ration imm\u00e9diate.<\/p>\n<\/li>\n<\/ol>\n<h3 data-start=\"1674\" data-end=\"1699\">Avantages du Solo 6<\/h3>\n<ul data-start=\"1700\" data-end=\"1933\">\n<li data-start=\"1700\" data-end=\"1742\">\n<p data-start=\"1702\" data-end=\"1742\">Kit complet pour tests jusqu&#039;\u00e0 6 m<\/p>\n<\/li>\n<li data-start=\"1743\" data-end=\"1788\">\n<p data-start=\"1745\" data-end=\"1788\">mat\u00e9riau en fibre de verre l\u00e9ger, robuste et s\u00fbr<\/p>\n<\/li>\n<li data-start=\"1789\" data-end=\"1841\">\n<p data-start=\"1791\" data-end=\"1841\">Bouteille de gaz Solo A5 pour test de fum\u00e9e r\u00e9aliste<\/p>\n<\/li>\n<li data-start=\"1842\" data-end=\"1886\">\n<p data-start=\"1844\" data-end=\"1886\">Peut \u00eatre utilis\u00e9 avec le Solo 101 pour une hauteur suppl\u00e9mentaire<\/p>\n<\/li>\n<li data-start=\"1887\" data-end=\"1933\">\n<p data-start=\"1889\" data-end=\"1933\">Compatible avec la plupart des marques de d\u00e9tecteurs de fum\u00e9e<\/p>\n<\/li>\n<\/ul>\n<h3 data-start=\"1935\" data-end=\"1950\">Transport<\/h3>\n<p data-start=\"1951\" data-end=\"2063\">Le kit peut \u00eatre transport\u00e9 et rang\u00e9 dans la mallette de rangement Solo 610, avec de la place pour les tiges, les testeurs et les bouteilles de gaz de test.<\/p>\n<p data-start=\"2065\" data-end=\"2092\">SP\u00c9CIFICATIONS TECHNIQUES :<\/p>\n<ul data-start=\"2093\" data-end=\"2521\">\n<li data-start=\"2093\" data-end=\"2120\">\n<p data-start=\"2095\" data-end=\"2120\">Produit : Kit de test Solo 6<\/p>\n<\/li>\n<li data-start=\"2121\" data-end=\"2206\">\n<p data-start=\"2123\" data-end=\"2206\">Contenu : Perche t\u00e9lescopique Solo 100, testeur de d\u00e9tecteurs Solo 330, bouteille de gaz de test Solo A5<\/p>\n<\/li>\n<li data-start=\"2207\" data-end=\"2278\">\n<p data-start=\"2209\" data-end=\"2278\">Port\u00e9e : Jusqu&#039;\u00e0 6 m (peut \u00eatre combin\u00e9e avec le Solo 101 jusqu&#039;\u00e0 9,3 m)<\/p>\n<\/li>\n<li data-start=\"2279\" data-end=\"2341\">\n<p data-start=\"2281\" data-end=\"2341\">Mat\u00e9riau de la perche t\u00e9lescopique\u00a0: fibre de verre, non conductrice d\u2019\u00e9lectricit\u00e9<\/p>\n<\/li>\n<li data-start=\"2342\" data-end=\"2414\">\n<p data-start=\"2344\" data-end=\"2414\">Application : Tests fonctionnels des d\u00e9tecteurs de fum\u00e9e (optiques et ionisants)<\/p>\n<\/li>\n<li data-start=\"2415\" data-end=\"2457\">\n<p data-start=\"2417\" data-end=\"2457\">Capacit\u00e9 de la bouteille de gaz de test : environ 400 tests<\/p>\n<\/li>\n<li data-start=\"2458\" data-end=\"2521\">\n<p data-start=\"2460\" data-end=\"2521\">Compatible avec : testeurs Solo et Testifire, testeurs de d\u00e9mant\u00e8lement Solo<\/p>\n<\/li>\n<\/ul>","protected":false},"excerpt":{"rendered":"<p>Le kit de test Solo 6 contient la perche t\u00e9lescopique Solo 100, le testeur de d\u00e9tecteurs Solo 330 et une bouteille de gaz de test Solo A5 pour tester les d\u00e9tecteurs de fum\u00e9e jusqu&#039;\u00e0 environ 6 m de hauteur.<\/p>\n<p>Id\u00e9al pour les techniciens qui ont besoin de tests efficaces et s\u00fbrs sur des plafonds de hauteur moyenne.<\/p>","protected":false},"featured_media":137216,"template":"","meta":{"_acf_changed":false},"product_brand":[],"product_cat":[3849,2945],"product_tag":[],"class_list":{"0":"post-92679","1":"product","2":"type-product","3":"status-publish","4":"has-post-thumbnail","6":"product_cat-solo-kit","7":"product_cat-solo","8":"product_shipping_class-tunga-paket","9":"tm-no-options","11":"first","12":"instock","13":"sale","14":"taxable","15":"shipping-taxable","16":"purchasable","17":"product-type-simple"},"acf":[],"_links":{"self":[{"href":"https:\/\/secureus.se\/fr\/wp-json\/wp\/v2\/product\/92679","targetHints":{"allow":["GET"]}}],"collection":[{"href":"https:\/\/secureus.se\/fr\/wp-json\/wp\/v2\/product"}],"about":[{"href":"https:\/\/secureus.se\/fr\/wp-json\/wp\/v2\/types\/product"}],"wp:featuredmedia":[{"embeddable":true,"href":"https:\/\/secureus.se\/fr\/wp-json\/wp\/v2\/media\/137216"}],"wp:attachment":[{"href":"https:\/\/secureus.se\/fr\/wp-json\/wp\/v2\/media?parent=92679"}],"wp:term":[{"taxonomy":"product_brand","embeddable":true,"href":"https:\/\/secureus.se\/fr\/wp-json\/wp\/v2\/product_brand?post=92679"},{"taxonomy":"product_cat","embeddable":true,"href":"https:\/\/secureus.se\/fr\/wp-json\/wp\/v2\/product_cat?post=92679"},{"taxonomy":"product_tag","embeddable":true,"href":"https:\/\/secureus.se\/fr\/wp-json\/wp\/v2\/product_tag?post=92679"}],"curies":[{"name":"wp","href":"https:\/\/api.w.org\/{rel}","templated":true}]}}