{"id":92681,"date":"2024-06-12T13:12:51","date_gmt":"2024-06-12T11:12:51","guid":{"rendered":"https:\/\/secureus.se\/provkit-solo-10-73-m-rok-barvaskor\/"},"modified":"2026-04-23T12:46:08","modified_gmt":"2026-04-23T10:46:08","slug":"provkit-solo-10-73-m-rok-barvaskor","status":"publish","type":"product","link":"https:\/\/secureus.se\/fr\/provkit-solo-10-73-m-rok-barvaskor\/","title":{"rendered":"Kit de test Solo 10 - 7,3 m (Fum\u00e9e) - Mallettes de transport"},"content":{"rendered":"<h1>Kit de test Solo 10 - 7,3 m (Fum\u00e9e) - Mallettes de transport<\/h1>\n<h3 data-start=\"357\" data-end=\"403\">Kit de test pour d\u00e9tecteurs de fum\u00e9e jusqu&#039;\u00e0 7,3 m<\/h3>\n<p data-start=\"404\" data-end=\"676\">Le Solo 10 est con\u00e7u pour tester de mani\u00e8re s\u00fbre et efficace les d\u00e9tecteurs de fum\u00e9e dans les syst\u00e8mes d&#039;alarme incendie automatiques.<\/p>\n<p data-start=\"404\" data-end=\"676\">Le kit combine des perches t\u00e9lescopiques, des rallonges et du mat\u00e9riel de test avec des sacs de transport et de rangement, facilitant ainsi le transport et l&#039;utilisation sur le chantier.<\/p>\n<h3 data-start=\"678\" data-end=\"702\">Contenu du Solo 10<\/h3>\n<ul data-start=\"703\" data-end=\"1237\">\n<li data-start=\"703\" data-end=\"819\">\n<p data-start=\"705\" data-end=\"819\"><strong data-start=\"705\" data-end=\"733\">Testeur de d\u00e9tecteur Solo 330<\/strong> \u2013 teste les d\u00e9tecteurs de fum\u00e9e et de CO, compatible avec les bouteilles de gaz de test Solo A5 et Solo C3.<\/p>\n<\/li>\n<li data-start=\"820\" data-end=\"910\">\n<p data-start=\"822\" data-end=\"910\"><strong data-start=\"822\" data-end=\"848\">Perche t\u00e9lescopique Solo 108<\/strong> \u2013 2,5 m, fibre de verre, non conducteur d&#039;\u00e9lectricit\u00e9, l\u00e9ger et rigide.<\/p>\n<\/li>\n<li data-start=\"911\" data-end=\"1002\">\n<p data-start=\"913\" data-end=\"1002\"><strong data-start=\"913\" data-end=\"949\">3 tiges d&#039;extension Solo 101<\/strong> \u2013 1,13 m chacune, peuvent \u00eatre reli\u00e9es entre elles pour obtenir une hauteur plus importante.<\/p>\n<\/li>\n<li data-start=\"1003\" data-end=\"1150\">\n<p data-start=\"1005\" data-end=\"1150\"><strong data-start=\"1005\" data-end=\"1043\">Sacs de transport et de rangement Solo 610<\/strong> \u2013 deux sacs avec cloisons amovibles, un carquois pour les cannes, un espace pour les testeurs, les bouteilles de gaz et les accessoires.<\/p>\n<\/li>\n<li data-start=\"1151\" data-end=\"1237\">\n<p data-start=\"1153\" data-end=\"1237\"><strong data-start=\"1153\" data-end=\"1183\">3 bouteilles de gaz de test Solo A5<\/strong> \u2013 Test de fum\u00e9e, suffisant pour environ 400 tests par bouteille.<\/p>\n<\/li>\n<\/ul>\n<h3 data-start=\"1239\" data-end=\"1271\">Utilisation facile et s\u00fbre<\/h3>\n<ol data-start=\"1272\" data-end=\"1587\">\n<li data-start=\"1272\" data-end=\"1354\">\n<p data-start=\"1275\" data-end=\"1354\">Montez le Solo 330 sur le Solo 108 et sur n&#039;importe quel poteau Solo 101 pour obtenir la hauteur souhait\u00e9e.<\/p>\n<\/li>\n<li data-start=\"1355\" data-end=\"1416\">\n<p data-start=\"1358\" data-end=\"1416\">Secouez la bouteille de gaz de test Solo A5 et installez-la dans le testeur.<\/p>\n<\/li>\n<li data-start=\"1417\" data-end=\"1518\">\n<p data-start=\"1420\" data-end=\"1518\">Placez la coupelle autour du d\u00e9tecteur, appuyez l\u00e9g\u00e8rement contre le plafond et laissez le gaz s&#039;\u00e9chapper pendant environ 1 seconde.<\/p>\n<\/li>\n<li data-start=\"1519\" data-end=\"1587\">\n<p data-start=\"1522\" data-end=\"1587\">Attendez environ 10 secondes que le d\u00e9tecteur \u00e9mette une alarme ; r\u00e9p\u00e9tez l&#039;op\u00e9ration si n\u00e9cessaire.<\/p>\n<\/li>\n<\/ol>\n<h3 data-start=\"1589\" data-end=\"1615\">Avantages du Solo 10<\/h3>\n<ul data-start=\"1616\" data-end=\"1836\">\n<li data-start=\"1616\" data-end=\"1643\">\n<p data-start=\"1618\" data-end=\"1643\">Port\u00e9e jusqu&#039;\u00e0 7,3 m<\/p>\n<\/li>\n<li data-start=\"1644\" data-end=\"1682\">\n<p data-start=\"1646\" data-end=\"1682\">Teste les d\u00e9tecteurs de fum\u00e9e et de CO<\/p>\n<\/li>\n<li data-start=\"1683\" data-end=\"1725\">\n<p data-start=\"1685\" data-end=\"1725\">Compact et portable avec les sacs Solo 610<\/p>\n<\/li>\n<li data-start=\"1726\" data-end=\"1782\">\n<p data-start=\"1728\" data-end=\"1782\">Assemblage et manipulation faciles des tiges et des testeurs<\/p>\n<\/li>\n<li data-start=\"1783\" data-end=\"1836\">\n<p data-start=\"1785\" data-end=\"1836\">Chaque flacon de gaz de test permet de r\u00e9aliser environ 400 \u00e9chantillons.<\/p>\n<\/li>\n<\/ul>\n<h3 data-start=\"1838\" data-end=\"1868\">Sp\u00e9cifications techniques<\/h3>\n<ul data-start=\"1869\" data-end=\"2123\">\n<li data-start=\"1869\" data-end=\"1902\">\n<p data-start=\"1871\" data-end=\"1902\">Hauteur d&#039;essai : jusqu&#039;\u00e0 7,3 m<\/p>\n<\/li>\n<li data-start=\"1903\" data-end=\"1972\">\n<p data-start=\"1905\" data-end=\"1972\">Contenu : Solo 330, Solo 108, 3 \u00d7 Solo 101, Solo 610, 3 \u00d7 Solo A5<\/p>\n<\/li>\n<li data-start=\"1973\" data-end=\"2027\">\n<p data-start=\"1975\" data-end=\"2027\">Mat\u00e9riau de la tige : Fibre de verre, non conductrice d&#039;\u00e9lectricit\u00e9<\/p>\n<\/li>\n<li data-start=\"2028\" data-end=\"2075\">\n<p data-start=\"2030\" data-end=\"2075\">Capacit\u00e9 du flacon de gaz de test : environ 400 \u00e9chantillons\/flacon<\/p>\n<\/li>\n<li data-start=\"2076\" data-end=\"2123\">\n<p data-start=\"2078\" data-end=\"2123\">Compatible avec les testeurs Solo et Testifire<\/p>\n<\/li>\n<\/ul>","protected":false},"excerpt":{"rendered":"<p>Le kit de test Solo 10 est un kit complet pour tester les d\u00e9tecteurs de fum\u00e9e jusqu&#039;\u00e0 environ 7,3 m.<\/p>\n<p>Contient une perche t\u00e9lescopique Solo 108, 3 perches d&#039;extension Solo 101, un testeur de d\u00e9tecteur Solo 330, des sacs de transport et de rangement Solo 610 et 3 bouteilles de gaz de test Solo A5.<\/p>\n<p>Pratique, maniable et portable pour les tests professionnels.<\/p>","protected":false},"featured_media":137682,"template":"","meta":{"_acf_changed":false},"product_brand":[],"product_cat":[3849,2945],"product_tag":[],"class_list":{"0":"post-92681","1":"product","2":"type-product","3":"status-publish","4":"has-post-thumbnail","6":"product_cat-solo-kit","7":"product_cat-solo","8":"product_shipping_class-tunga-paket","9":"tm-no-options","11":"first","12":"instock","13":"taxable","14":"shipping-taxable","15":"purchasable","16":"product-type-simple"},"acf":[],"_links":{"self":[{"href":"https:\/\/secureus.se\/fr\/wp-json\/wp\/v2\/product\/92681","targetHints":{"allow":["GET"]}}],"collection":[{"href":"https:\/\/secureus.se\/fr\/wp-json\/wp\/v2\/product"}],"about":[{"href":"https:\/\/secureus.se\/fr\/wp-json\/wp\/v2\/types\/product"}],"wp:featuredmedia":[{"embeddable":true,"href":"https:\/\/secureus.se\/fr\/wp-json\/wp\/v2\/media\/137682"}],"wp:attachment":[{"href":"https:\/\/secureus.se\/fr\/wp-json\/wp\/v2\/media?parent=92681"}],"wp:term":[{"taxonomy":"product_brand","embeddable":true,"href":"https:\/\/secureus.se\/fr\/wp-json\/wp\/v2\/product_brand?post=92681"},{"taxonomy":"product_cat","embeddable":true,"href":"https:\/\/secureus.se\/fr\/wp-json\/wp\/v2\/product_cat?post=92681"},{"taxonomy":"product_tag","embeddable":true,"href":"https:\/\/secureus.se\/fr\/wp-json\/wp\/v2\/product_tag?post=92681"}],"curies":[{"name":"wp","href":"https:\/\/api.w.org\/{rel}","templated":true}]}}