{"id":92773,"date":"2024-06-16T12:32:33","date_gmt":"2024-06-16T10:32:33","guid":{"rendered":"https:\/\/secureus.se\/?post_type=product&#038;p=92773"},"modified":"2026-04-23T12:13:26","modified_gmt":"2026-04-23T10:13:26","slug":"dorrbroms-523t-1-gra","status":"publish","type":"product","link":"https:\/\/secureus.se\/fr\/dorrbroms-523t-1-gra\/","title":{"rendered":"Frein de porte ASSA ABLOY 523T\/1 \u2013 Gris \u2013 590\u2013769 mm"},"content":{"rendered":"<div>\n<h2 data-section-id=\"v8l2mo\" data-start=\"287\" data-end=\"366\">Frein de porte ASSA ABLOY 523T\/1 \u2013 Gris \u2013 Pour porte-fen\u00eatre et porte fran\u00e7aise (590\u2013769 mm)<\/h2>\n<p data-start=\"368\" data-end=\"612\">Le frein de porte ASSA ABLOY 523T est un dispositif robuste con\u00e7u pour les portes-fen\u00eatres, les portes coulissantes \u00e0 la fran\u00e7aise et autres portes ext\u00e9rieures s&#039;ouvrant vers l&#039;ext\u00e9rieur. Il maintient la porte dans la position d&#039;ouverture souhait\u00e9e et r\u00e9duit ainsi le risque d&#039;ouverture intempestive ou de recul par grand vent.<\/p>\n<p data-start=\"614\" data-end=\"846\">Le frein \u00e0 friction r\u00e9glable permet d&#039;ajuster facilement la force de freinage en fonction du poids de la porte et de la fonction souhait\u00e9e. Ainsi, la porte s&#039;arr\u00eate dans la position d&#039;ouverture, ce qui am\u00e9liore le confort et r\u00e9duit les risques de pincement.<\/p>\n<p data-start=\"848\" data-end=\"994\">Le mod\u00e8le 523T convient aux portes \u00e0 ouverture \u00e0 droite et \u00e0 gauche et est un choix courant pour les portes-fen\u00eatres et les portes fran\u00e7aises dans les maisons, les pi\u00e8ces de rangement et les environnements similaires.<\/p>\n<hr data-start=\"996\" data-end=\"999\" \/>\n<h2 data-section-id=\"fnvs8i\" data-start=\"1001\" data-end=\"1014\">Caract\u00e9ristiques<\/h2>\n<p data-start=\"1016\" data-end=\"1304\">\u2022 Pour les portes-fen\u00eatres s&#039;ouvrant vers l&#039;ext\u00e9rieur, les portes fran\u00e7aises et les portes ext\u00e9rieures<br data-start=\"1075\" data-end=\"1078\" \/>\u2022 Maintient la porte dans la position d&#039;ouverture souhait\u00e9e<br data-start=\"1119\" data-end=\"1122\" \/>\u2022 Emp\u00eache la porte de se refermer sous l&#039;effet du vent<br data-start=\"1166\" data-end=\"1169\" \/>\u2022 Force de freinage r\u00e9glable avec r\u00e9glage facile du frottement<br data-start=\"1220\" data-end=\"1223\" \/>\u2022 Convient aux portes \u00e0 ouverture \u00e0 droite et \u00e0 gauche<br data-start=\"1268\" data-end=\"1271\" \/>\u2022 R\u00e9duit le risque de blessures par pincement<\/p>\n<hr data-start=\"1306\" data-end=\"1309\" \/>\n<h2 data-section-id=\"zehbyt\" data-start=\"1311\" data-end=\"1337\">Construction et mat\u00e9riaux<\/h2>\n<p data-start=\"1339\" data-end=\"1474\">\u2022 Tige en acier inoxydable<br data-start=\"1364\" data-end=\"1367\" \/>\u2022 T\u00eate de joint en plastique ac\u00e9tal durable<br data-start=\"1401\" data-end=\"1404\" \/>\u2022 Support de cadre et support de porte en acier peint<br data-start=\"1445\" data-end=\"1448\" \/>\u2022 Couvercle en plastique ac\u00e9tal<\/p>\n<p data-start=\"1476\" data-end=\"1586\">Sa construction robuste rend le frein de porte adapt\u00e9 \u00e0 un usage quotidien aussi bien dans les habitations que dans les environnements similaires.<\/p>\n<hr data-start=\"1588\" data-end=\"1591\" \/>\n<h2 data-section-id=\"10c1xz9\" data-start=\"1593\" data-end=\"1617\">Dimensions et compatibilit\u00e9<\/h2>\n<p data-start=\"1619\" data-end=\"1732\"><strong data-start=\"1619\" data-end=\"1630\">Mod\u00e8le:<\/strong> 523T\/1<br data-start=\"1637\" data-end=\"1640\" \/><strong data-start=\"1640\" data-end=\"1656\">Longueur totale :<\/strong> 445 mm<br data-start=\"1663\" data-end=\"1666\" \/><strong data-start=\"1666\" data-end=\"1689\">Dimensions du cadre compatibles\u00a0:<\/strong> 590\u2013769 mm<br data-start=\"1700\" data-end=\"1703\" \/><strong data-start=\"1703\" data-end=\"1722\">Angle d&#039;ouverture :<\/strong> environ 95\u00b0<\/p>\n<hr data-start=\"1734\" data-end=\"1737\" \/>\n<h2 data-section-id=\"kejv24\" data-start=\"1739\" data-end=\"1763\">Disponible en deux tailles<\/h2>\n<p data-start=\"1765\" data-end=\"1822\"><strong data-start=\"1765\" data-end=\"1775\">523T\/1<\/strong><br data-start=\"1775\" data-end=\"1778\" \/>Convient aux portes dont la largeur du cadre est <strong data-start=\"1808\" data-end=\"1822\">590\u2013769 mm<\/strong><\/p>\n<p data-start=\"1824\" data-end=\"1881\"><strong data-start=\"1824\" data-end=\"1834\">523T\/2<\/strong><br data-start=\"1834\" data-end=\"1837\" \/>Convient aux portes dont la largeur du cadre est <strong data-start=\"1867\" data-end=\"1881\">770\u2013910 mm<\/strong><\/p>\n<hr data-start=\"1883\" data-end=\"1886\" \/>\n<h2 data-section-id=\"1lu5w0y\" data-start=\"1888\" data-end=\"1910\">Vis recommand\u00e9e \u2013 non incluse<\/h2>\n<p data-start=\"1912\" data-end=\"1965\">Fixation du cadre : <strong data-start=\"1923\" data-end=\"1937\">TFX 4,5 mm<\/strong><br data-start=\"1937\" data-end=\"1940\" \/>Support de porte : <strong data-start=\"1951\" data-end=\"1965\">TFX 3,5 mm<\/strong><\/p>\n<\/div>","protected":false},"excerpt":{"rendered":"<p data-start=\"2252\" data-end=\"2487\">Le frein de porte ASSA ABLOY 523T\/1 est con\u00e7u pour les portes s&#039;ouvrant vers l&#039;ext\u00e9rieur, les portes-fen\u00eatres et les portes fran\u00e7aises. Il maintient la porte dans la position d&#039;ouverture souhait\u00e9e et l&#039;emp\u00eache de se refermer brusquement. Compatible avec les cadres de dimensions 590 \u00e0 769 mm et les portes \u00e0 ouverture \u00e0 droite ou \u00e0 gauche.<\/p>","protected":false},"featured_media":137168,"template":"","meta":{"_acf_changed":false},"product_brand":[],"product_cat":[3370],"product_tag":[],"class_list":{"0":"post-92773","1":"product","2":"type-product","3":"status-publish","4":"has-post-thumbnail","6":"product_cat-dorrbroms-dorrbromsar","7":"product_shipping_class-tunga-paket","8":"pa_brands-abloy","9":"tm-no-options","11":"first","12":"instock","13":"sale","14":"taxable","15":"shipping-taxable","16":"purchasable","17":"product-type-simple"},"acf":[],"_links":{"self":[{"href":"https:\/\/secureus.se\/fr\/wp-json\/wp\/v2\/product\/92773","targetHints":{"allow":["GET"]}}],"collection":[{"href":"https:\/\/secureus.se\/fr\/wp-json\/wp\/v2\/product"}],"about":[{"href":"https:\/\/secureus.se\/fr\/wp-json\/wp\/v2\/types\/product"}],"wp:featuredmedia":[{"embeddable":true,"href":"https:\/\/secureus.se\/fr\/wp-json\/wp\/v2\/media\/137168"}],"wp:attachment":[{"href":"https:\/\/secureus.se\/fr\/wp-json\/wp\/v2\/media?parent=92773"}],"wp:term":[{"taxonomy":"product_brand","embeddable":true,"href":"https:\/\/secureus.se\/fr\/wp-json\/wp\/v2\/product_brand?post=92773"},{"taxonomy":"product_cat","embeddable":true,"href":"https:\/\/secureus.se\/fr\/wp-json\/wp\/v2\/product_cat?post=92773"},{"taxonomy":"product_tag","embeddable":true,"href":"https:\/\/secureus.se\/fr\/wp-json\/wp\/v2\/product_tag?post=92773"}],"curies":[{"name":"wp","href":"https:\/\/api.w.org\/{rel}","templated":true}]}}