{"id":92789,"date":"2024-06-16T12:32:34","date_gmt":"2024-06-16T10:32:34","guid":{"rendered":"https:\/\/secureus.se\/?post_type=product&#038;p=92789"},"modified":"2026-04-15T16:57:04","modified_gmt":"2026-04-15T14:57:04","slug":"dorrbroms-533t-1-vit","status":"publish","type":"product","link":"https:\/\/secureus.se\/fr\/dorrbroms-533t-1-vit\/","title":{"rendered":"But\u00e9e de porte ASSA ABLOY 533T\/1 \u2013 Blanc \u2013 Porte \u00e0 ouverture int\u00e9rieure \u2013 500\u2013700 mm"},"content":{"rendered":"<div>\n<h2 data-section-id=\"9tax4l\" data-start=\"180\" data-end=\"247\">Frein de porte ASSA ABLOY 533T\/1 \u2013 Blanc \u2013 Porte \u00e0 ouverture int\u00e9rieure \u2013 500\u2013700 mm<\/h2>\n<p data-start=\"249\" data-end=\"465\">Le frein de porte ASSA ABLOY 533T\/1 est con\u00e7u pour les portes ext\u00e9rieures s&#039;ouvrant vers l&#039;int\u00e9rieur, les portes-fen\u00eatres et les portes de garage. Il maintient la porte dans la position d&#039;ouverture souhait\u00e9e et r\u00e9duit ainsi le risque de fermeture intempestive ou d&#039;ouverture accidentelle.<\/p>\n<p data-start=\"467\" data-end=\"730\">Gr\u00e2ce au frein \u00e0 friction r\u00e9glable, la force de freinage s&#039;adapte facilement au poids de la porte et \u00e0 la r\u00e9sistance souhait\u00e9e. Ainsi, la porte s&#039;arr\u00eate dans la position d&#039;ouverture choisie, ce qui am\u00e9liore le confort et r\u00e9duit les risques de pincement.<\/p>\n<p data-start=\"732\" data-end=\"852\">Le mod\u00e8le 533T\/1 est le plus court de la s\u00e9rie et est con\u00e7u pour les portes \u00e9troites. Il convient aux portes \u00e0 ouverture \u00e0 droite comme \u00e0 gauche.<\/p>\n<hr data-start=\"854\" data-end=\"857\" \/>\n<h2 data-section-id=\"fnvs8i\" data-start=\"859\" data-end=\"872\">Caract\u00e9ristiques<\/h2>\n<p data-start=\"874\" data-end=\"1149\">\u2022 Pour les portes ext\u00e9rieures s&#039;ouvrant vers l&#039;int\u00e9rieur, les portes-fen\u00eatres et les portes de rangement<br data-start=\"935\" data-end=\"938\" \/>\u2022 Maintient la porte dans la position d&#039;ouverture souhait\u00e9e<br data-start=\"979\" data-end=\"982\" \/>\u2022 Emp\u00eache la porte de se refermer.<br data-start=\"1017\" data-end=\"1020\" \/>\u2022 Force de freinage r\u00e9glable avec r\u00e9glage du frottement<br data-start=\"1065\" data-end=\"1068\" \/>\u2022 Convient aux portes \u00e0 ouverture \u00e0 droite et \u00e0 gauche<br data-start=\"1113\" data-end=\"1116\" \/>\u2022 R\u00e9duit le risque de blessures par pincement<\/p>\n<hr data-start=\"1151\" data-end=\"1154\" \/>\n<h2 data-section-id=\"zehbyt\" data-start=\"1156\" data-end=\"1182\">Construction et mat\u00e9riaux<\/h2>\n<p data-start=\"1184\" data-end=\"1319\">\u2022 Tige en acier inoxydable<br data-start=\"1209\" data-end=\"1212\" \/>\u2022 T\u00eate de joint en plastique ac\u00e9tal durable<br data-start=\"1246\" data-end=\"1249\" \/>\u2022 Support de cadre et support de porte en acier peint<br data-start=\"1290\" data-end=\"1293\" \/>\u2022 Couvercle en plastique ac\u00e9tal<\/p>\n<p data-start=\"1321\" data-end=\"1426\">Sa construction robuste rend le frein de porte adapt\u00e9 \u00e0 un usage quotidien dans les habitations et les environnements similaires.<\/p>\n<hr data-start=\"1428\" data-end=\"1431\" \/>\n<h2 data-section-id=\"10c1xz9\" data-start=\"1433\" data-end=\"1457\">Dimensions et compatibilit\u00e9<\/h2>\n<p data-start=\"1459\" data-end=\"1542\"><strong data-start=\"1459\" data-end=\"1470\">Mod\u00e8le:<\/strong> 533T\/1<br data-start=\"1477\" data-end=\"1480\" \/><strong data-start=\"1480\" data-end=\"1496\">Longueur totale :<\/strong> 430 mm<br data-start=\"1503\" data-end=\"1506\" \/><strong data-start=\"1506\" data-end=\"1529\">Dimensions du cadre compatibles\u00a0:<\/strong> 500\u2013700 mm<\/p>\n<hr data-start=\"1544\" data-end=\"1547\" \/>\n<h2 data-section-id=\"kejv24\" data-start=\"1549\" data-end=\"1573\">Disponible en deux tailles<\/h2>\n<p data-start=\"1575\" data-end=\"1632\"><strong data-start=\"1575\" data-end=\"1585\">533T\/1<\/strong><br data-start=\"1585\" data-end=\"1588\" \/>Convient aux portes dont la largeur du cadre est <strong data-start=\"1618\" data-end=\"1632\">500\u2013700 mm<\/strong><\/p>\n<p data-start=\"1634\" data-end=\"1691\"><strong data-start=\"1634\" data-end=\"1644\">533T\/2<\/strong><br data-start=\"1644\" data-end=\"1647\" \/>Convient aux portes dont la largeur du cadre est <strong data-start=\"1677\" data-end=\"1691\">700\u2013910 mm<\/strong><\/p>\n<hr data-start=\"1693\" data-end=\"1696\" \/>\n<h2 data-section-id=\"1lu5w0y\" data-start=\"1698\" data-end=\"1720\">Vis recommand\u00e9e<\/h2>\n<p data-start=\"1722\" data-end=\"1775\">Fixation du cadre : <strong data-start=\"1733\" data-end=\"1747\">TFX 4,5 mm<\/strong><br data-start=\"1747\" data-end=\"1750\" \/>Support de porte : <strong data-start=\"1761\" data-end=\"1775\">TFX 3,5 mm<\/strong><\/p>\n<p data-start=\"1777\" data-end=\"1847\">Les vis ne sont pas incluses dans l&#039;emballage, mais peuvent \u00eatre achet\u00e9es s\u00e9par\u00e9ment chez nous.<\/p>\n<\/div>","protected":false},"excerpt":{"rendered":"<p>L&#039;ASSA ABLOY 533T\/1 est un frein de porte pour portes ext\u00e9rieures et portes-fen\u00eatres s&#039;ouvrant vers l&#039;int\u00e9rieur. Il maintient la porte dans la position d&#039;ouverture souhait\u00e9e et r\u00e9duit le risque de fermeture brutale. Compatible avec les cadres de 500 \u00e0 700 mm et les portes \u00e0 ouverture \u00e0 droite ou \u00e0 gauche.<\/p>","protected":false},"featured_media":164430,"template":"","meta":{"_acf_changed":false},"product_brand":[],"product_cat":[3370],"product_tag":[],"class_list":{"0":"post-92789","1":"product","2":"type-product","3":"status-publish","4":"has-post-thumbnail","6":"product_cat-dorrbroms-dorrbromsar","7":"product_shipping_class-tunga-paket","8":"pa_brands-abloy","9":"tm-no-options","11":"first","12":"instock","13":"sale","14":"taxable","15":"shipping-taxable","16":"purchasable","17":"product-type-simple"},"acf":[],"_links":{"self":[{"href":"https:\/\/secureus.se\/fr\/wp-json\/wp\/v2\/product\/92789","targetHints":{"allow":["GET"]}}],"collection":[{"href":"https:\/\/secureus.se\/fr\/wp-json\/wp\/v2\/product"}],"about":[{"href":"https:\/\/secureus.se\/fr\/wp-json\/wp\/v2\/types\/product"}],"wp:featuredmedia":[{"embeddable":true,"href":"https:\/\/secureus.se\/fr\/wp-json\/wp\/v2\/media\/164430"}],"wp:attachment":[{"href":"https:\/\/secureus.se\/fr\/wp-json\/wp\/v2\/media?parent=92789"}],"wp:term":[{"taxonomy":"product_brand","embeddable":true,"href":"https:\/\/secureus.se\/fr\/wp-json\/wp\/v2\/product_brand?post=92789"},{"taxonomy":"product_cat","embeddable":true,"href":"https:\/\/secureus.se\/fr\/wp-json\/wp\/v2\/product_cat?post=92789"},{"taxonomy":"product_tag","embeddable":true,"href":"https:\/\/secureus.se\/fr\/wp-json\/wp\/v2\/product_tag?post=92789"}],"curies":[{"name":"wp","href":"https:\/\/api.w.org\/{rel}","templated":true}]}}