{"id":92793,"date":"2024-06-16T12:32:34","date_gmt":"2024-06-16T10:32:34","guid":{"rendered":"https:\/\/secureus.se\/?post_type=product&#038;p=92793"},"modified":"2026-04-15T16:57:30","modified_gmt":"2026-04-15T14:57:30","slug":"dorrbroms-533t-2-vit","status":"publish","type":"product","link":"https:\/\/secureus.se\/fr\/dorrbroms-533t-2-vit\/","title":{"rendered":"But\u00e9e de porte ASSA ABLOY 533T\/2 \u2013 Blanche \u2013 Porte \u00e0 ouverture int\u00e9rieure \u2013 700\u2013910 mm"},"content":{"rendered":"<h2 data-section-id=\"1kkk737\" data-start=\"158\" data-end=\"219\">Frein de porte ASSA ABLOY 533T\/2 \u2013 Porte \u00e0 ouverture int\u00e9rieure \u2013 700\u2013910 mm<\/h2>\n<p data-start=\"221\" data-end=\"437\">Le frein de porte ASSA ABLOY 533T\/2 est con\u00e7u pour les portes ext\u00e9rieures s&#039;ouvrant vers l&#039;int\u00e9rieur, les portes-fen\u00eatres et les portes de garage. Il maintient la porte dans la position d&#039;ouverture souhait\u00e9e et r\u00e9duit ainsi le risque de fermeture intempestive ou d&#039;ouverture accidentelle.<\/p>\n<p data-start=\"439\" data-end=\"704\">Le frein \u00e0 friction r\u00e9glable permet d&#039;ajuster facilement la force de freinage en fonction du poids de la porte et de la r\u00e9sistance souhait\u00e9e. Ainsi, la porte s&#039;arr\u00eate dans la position d&#039;ouverture choisie, ce qui am\u00e9liore le confort et r\u00e9duit les risques de pincement.<\/p>\n<p data-start=\"706\" data-end=\"835\">Le mod\u00e8le 533T\/2 est la version la plus longue de la s\u00e9rie et est con\u00e7u pour les portes plus larges. Il convient aussi bien aux portes \u00e0 ouverture \u00e0 droite qu&#039;\u00e0 gauche.<\/p>\n<hr data-start=\"837\" data-end=\"840\" \/>\n<h2 data-section-id=\"fnvs8i\" data-start=\"842\" data-end=\"855\">Caract\u00e9ristiques<\/h2>\n<p data-start=\"857\" data-end=\"1117\">\u2022 Pour les portes ext\u00e9rieures s&#039;ouvrant vers l&#039;int\u00e9rieur et les portes-fen\u00eatres<br data-start=\"903\" data-end=\"906\" \/>\u2022 Maintient la porte dans la position d&#039;ouverture souhait\u00e9e<br data-start=\"947\" data-end=\"950\" \/>\u2022 Emp\u00eache la porte de se refermer.<br data-start=\"985\" data-end=\"988\" \/>\u2022 Force de freinage r\u00e9glable avec r\u00e9glage du frottement<br data-start=\"1033\" data-end=\"1036\" \/>\u2022 Convient aux portes \u00e0 ouverture \u00e0 droite et \u00e0 gauche<br data-start=\"1081\" data-end=\"1084\" \/>\u2022 R\u00e9duit le risque de blessures par pincement<\/p>\n<hr data-start=\"1119\" data-end=\"1122\" \/>\n<h2 data-section-id=\"zehbyt\" data-start=\"1124\" data-end=\"1150\">Construction et mat\u00e9riaux<\/h2>\n<p data-start=\"1152\" data-end=\"1287\">\u2022 Tige en acier inoxydable<br data-start=\"1177\" data-end=\"1180\" \/>\u2022 T\u00eate de joint en plastique ac\u00e9tal durable<br data-start=\"1214\" data-end=\"1217\" \/>\u2022 Support de cadre et support de porte en acier peint<br data-start=\"1258\" data-end=\"1261\" \/>\u2022 Couvercle en plastique ac\u00e9tal<\/p>\n<p data-start=\"1289\" data-end=\"1394\">Sa construction robuste rend le frein de porte adapt\u00e9 \u00e0 un usage quotidien dans les habitations et les environnements similaires.<\/p>\n<hr data-start=\"1396\" data-end=\"1399\" \/>\n<h2 data-section-id=\"10c1xz9\" data-start=\"1401\" data-end=\"1425\">Dimensions et compatibilit\u00e9<\/h2>\n<p data-start=\"1427\" data-end=\"1510\"><strong data-start=\"1427\" data-end=\"1438\">Mod\u00e8le:<\/strong> 533T\/2<br data-start=\"1445\" data-end=\"1448\" \/><strong data-start=\"1448\" data-end=\"1464\">Longueur totale :<\/strong> 530 mm<br data-start=\"1471\" data-end=\"1474\" \/><strong data-start=\"1474\" data-end=\"1497\">Dimensions du cadre compatibles\u00a0:<\/strong> 700\u2013910 mm<\/p>\n<hr data-start=\"1512\" data-end=\"1515\" \/>\n<h2 data-section-id=\"kejv24\" data-start=\"1517\" data-end=\"1541\">Disponible en deux tailles<\/h2>\n<p data-start=\"1543\" data-end=\"1600\"><strong data-start=\"1543\" data-end=\"1553\">533T\/1<\/strong><br data-start=\"1553\" data-end=\"1556\" \/>Convient aux portes dont la largeur du cadre est <strong data-start=\"1586\" data-end=\"1600\">500\u2013700 mm<\/strong><\/p>\n<p data-start=\"1602\" data-end=\"1659\"><strong data-start=\"1602\" data-end=\"1612\">533T\/2<\/strong><br data-start=\"1612\" data-end=\"1615\" \/>Convient aux portes dont la largeur du cadre est <strong data-start=\"1645\" data-end=\"1659\">700\u2013910 mm<\/strong><\/p>\n<hr data-start=\"1661\" data-end=\"1664\" \/>\n<h2 data-section-id=\"1lu5w0y\" data-start=\"1666\" data-end=\"1688\">Vis recommand\u00e9e<\/h2>\n<p data-start=\"1690\" data-end=\"1743\">Fixation du cadre : <strong data-start=\"1701\" data-end=\"1715\">TFX 4,5 mm<\/strong><br data-start=\"1715\" data-end=\"1718\" \/>Support de porte : <strong data-start=\"1729\" data-end=\"1743\">TFX 3,5 mm<\/strong><\/p>\n<p data-start=\"1745\" data-end=\"1815\">Les vis ne sont pas incluses dans l&#039;emballage, mais peuvent \u00eatre achet\u00e9es s\u00e9par\u00e9ment chez nous.<\/p>","protected":false},"excerpt":{"rendered":"<p>Le frein de porte ASSA ABLOY 533T\/2 est con\u00e7u pour les portes ext\u00e9rieures et les portes-fen\u00eatres s&#039;ouvrant vers l&#039;int\u00e9rieur. Il maintient la porte dans la position d&#039;ouverture souhait\u00e9e et r\u00e9duit le risque de fermeture brutale. Compatible avec les cadres de 700 \u00e0 910 mm et les portes \u00e0 ouverture \u00e0 droite ou \u00e0 gauche.<\/p>","protected":false},"featured_media":164432,"template":"","meta":{"_acf_changed":false},"product_brand":[],"product_cat":[3370],"product_tag":[],"class_list":{"0":"post-92793","1":"product","2":"type-product","3":"status-publish","4":"has-post-thumbnail","6":"product_cat-dorrbroms-dorrbromsar","7":"product_shipping_class-tunga-paket","8":"pa_brands-abloy","9":"tm-no-options","11":"first","12":"instock","13":"sale","14":"taxable","15":"shipping-taxable","16":"purchasable","17":"product-type-simple"},"acf":[],"_links":{"self":[{"href":"https:\/\/secureus.se\/fr\/wp-json\/wp\/v2\/product\/92793","targetHints":{"allow":["GET"]}}],"collection":[{"href":"https:\/\/secureus.se\/fr\/wp-json\/wp\/v2\/product"}],"about":[{"href":"https:\/\/secureus.se\/fr\/wp-json\/wp\/v2\/types\/product"}],"wp:featuredmedia":[{"embeddable":true,"href":"https:\/\/secureus.se\/fr\/wp-json\/wp\/v2\/media\/164432"}],"wp:attachment":[{"href":"https:\/\/secureus.se\/fr\/wp-json\/wp\/v2\/media?parent=92793"}],"wp:term":[{"taxonomy":"product_brand","embeddable":true,"href":"https:\/\/secureus.se\/fr\/wp-json\/wp\/v2\/product_brand?post=92793"},{"taxonomy":"product_cat","embeddable":true,"href":"https:\/\/secureus.se\/fr\/wp-json\/wp\/v2\/product_cat?post=92793"},{"taxonomy":"product_tag","embeddable":true,"href":"https:\/\/secureus.se\/fr\/wp-json\/wp\/v2\/product_tag?post=92793"}],"curies":[{"name":"wp","href":"https:\/\/api.w.org\/{rel}","templated":true}]}}