{"id":92795,"date":"2024-06-16T12:32:34","date_gmt":"2024-06-16T10:32:34","guid":{"rendered":"https:\/\/secureus.se\/?post_type=product&#038;p=92795"},"modified":"2026-03-30T12:45:54","modified_gmt":"2026-03-30T10:45:54","slug":"dorrbroms-523t-2-brun","status":"publish","type":"product","link":"https:\/\/secureus.se\/fr\/dorrbroms-523t-2-brun\/","title":{"rendered":"Frein de porte ASSA ABLOY 523T\/2 - Marron - 770-910 mm"},"content":{"rendered":"<h2 data-section-id=\"i8tpgf\" data-start=\"241\" data-end=\"320\">ASSA ABLOY D\u00f6rrbroms 523T\/2 \u2013 Brun \u2013 F\u00f6r d\u00f6rrar med karmdagsm\u00e5tt 770\u2013910 mm<\/h2>\n<p data-start=\"322\" data-end=\"567\">ASSA ABLOY 523T\/2 \u00e4r en kraftig d\u00f6rrbroms f\u00f6r ut\u00e5tg\u00e5ende altand\u00f6rrar, f\u00f6nsterd\u00f6rrar, ytterd\u00f6rrar och f\u00f6rr\u00e5dsd\u00f6rrar. D\u00f6rrbromsen h\u00e5ller d\u00f6rren i \u00f6nskat \u00f6ppningsl\u00e4ge och f\u00f6rhindrar att den bl\u00e5ser igen eller sl\u00e5r upp okontrollerat vid kraftig vind.<\/p>\n<p data-start=\"569\" data-end=\"841\">Genom den justerbara friktionsbromsen kan bromskraften enkelt anpassas efter d\u00f6rrens vikt och hur mycket motst\u00e5nd du vill att d\u00f6rren ska ha vid \u00f6ppning. Det g\u00f6r att d\u00f6rren stannar i det l\u00e4ge du \u00f6ppnar den till, vilket b\u00e5de \u00f6kar komforten och minskar risken f\u00f6r kl\u00e4mskador.<\/p>\n<p data-start=\"843\" data-end=\"1035\">523T\/2 \u00e4r den l\u00e4ngre modellen i 523T-serien och anv\u00e4nds f\u00f6r bredare d\u00f6rrar. Den passar b\u00e5de h\u00f6ger- och v\u00e4nsterh\u00e4ngda d\u00f6rrar och \u00e4r ett vanligt val f\u00f6r altand\u00f6rrar och f\u00f6nsterd\u00f6rrar i bost\u00e4der.<\/p>\n<hr data-start=\"1037\" data-end=\"1040\" \/>\n<h2 data-section-id=\"fnvs8i\" data-start=\"1042\" data-end=\"1055\">Caract\u00e9ristiques<\/h2>\n<p data-start=\"1057\" data-end=\"1345\">\u2022 F\u00f6r ut\u00e5tg\u00e5ende altand\u00f6rrar, f\u00f6nsterd\u00f6rrar och ytterd\u00f6rrar<br data-start=\"1116\" data-end=\"1119\" \/>\u2022 Maintient la porte dans la position d&#039;ouverture souhait\u00e9e<br data-start=\"1160\" data-end=\"1163\" \/>\u2022 F\u00f6rhindrar att d\u00f6rren bl\u00e5ser igen vid vind<br data-start=\"1207\" data-end=\"1210\" \/>\u2022 Justerbar bromskraft med enkel friktionsjustering<br data-start=\"1261\" data-end=\"1264\" \/>\u2022 Convient aux portes \u00e0 ouverture \u00e0 droite et \u00e0 gauche<br data-start=\"1309\" data-end=\"1312\" \/>\u2022 R\u00e9duit le risque de blessures par pincement<\/p>\n<hr data-start=\"1347\" data-end=\"1350\" \/>\n<h2 data-section-id=\"zehbyt\" data-start=\"1352\" data-end=\"1378\">Construction et mat\u00e9riaux<\/h2>\n<p data-start=\"1380\" data-end=\"1515\">\u2022 Tige en acier inoxydable<br data-start=\"1405\" data-end=\"1408\" \/>\u2022 T\u00eate de joint en plastique ac\u00e9tal durable<br data-start=\"1442\" data-end=\"1445\" \/>\u2022 Support de cadre et support de porte en acier peint<br data-start=\"1486\" data-end=\"1489\" \/>\u2022 Couvercle en plastique ac\u00e9tal<\/p>\n<p data-start=\"1517\" data-end=\"1627\">Den robusta konstruktionen g\u00f6r d\u00f6rrbromsen l\u00e4mplig f\u00f6r daglig anv\u00e4ndning i b\u00e5de bost\u00e4der och liknande milj\u00f6er.<\/p>\n<hr data-start=\"1629\" data-end=\"1632\" \/>\n<h2 data-section-id=\"10c1xz9\" data-start=\"1634\" data-end=\"1658\">Dimensions et compatibilit\u00e9<\/h2>\n<p data-start=\"1660\" data-end=\"1773\"><strong data-start=\"1660\" data-end=\"1671\">Mod\u00e8le:<\/strong> 523T\/2<br data-start=\"1678\" data-end=\"1681\" \/><strong data-start=\"1681\" data-end=\"1697\">Longueur totale :<\/strong> 545 mm<br data-start=\"1704\" data-end=\"1707\" \/><strong data-start=\"1707\" data-end=\"1730\">Dimensions du cadre compatibles\u00a0:<\/strong> 770\u2013910 mm<br data-start=\"1741\" data-end=\"1744\" \/><strong data-start=\"1744\" data-end=\"1763\">\u00d6ppningsvinkel:<\/strong> cirka 95\u00b0<\/p>\n<hr data-start=\"1775\" data-end=\"1778\" \/>\n<h2 data-section-id=\"kejv24\" data-start=\"1780\" data-end=\"1804\">Disponible en deux tailles<\/h2>\n<p data-start=\"1806\" data-end=\"1863\"><strong data-start=\"1806\" data-end=\"1816\">523T\/1<\/strong><br data-start=\"1816\" data-end=\"1819\" \/>Convient aux portes dont la largeur du cadre est <strong data-start=\"1849\" data-end=\"1863\">590\u2013769 mm<\/strong><\/p>\n<p data-start=\"1865\" data-end=\"1922\"><strong data-start=\"1865\" data-end=\"1875\">523T\/2<\/strong><br data-start=\"1875\" data-end=\"1878\" \/>Convient aux portes dont la largeur du cadre est <strong data-start=\"1908\" data-end=\"1922\">770\u2013910 mm<\/strong><\/p>\n<hr data-start=\"1924\" data-end=\"1927\" \/>\n<h2 data-section-id=\"1lu5w0y\" data-start=\"1929\" data-end=\"1951\">Rekommenderad skruv &#8211; ing\u00e5r ej<\/h2>\n<p data-start=\"1953\" data-end=\"2006\">Fixation du cadre : <strong data-start=\"1964\" data-end=\"1978\">TFX 4,5 mm<\/strong><br data-start=\"1978\" data-end=\"1981\" \/>Support de porte : <strong data-start=\"1992\" data-end=\"2006\">TFX 3,5 mm<\/strong><\/p>","protected":false},"excerpt":{"rendered":"<p>Le frein de porte ASSA ABLOY 523T\/2 est con\u00e7u pour les portes s&#039;ouvrant vers l&#039;ext\u00e9rieur. Il maintient la porte dans la position d&#039;ouverture souhait\u00e9e et l&#039;emp\u00eache de se refermer brusquement. Compatible avec les cadres de 770 \u00e0 910 mm et les portes \u00e0 ouverture \u00e0 droite ou \u00e0 gauche.<\/p>","protected":false},"featured_media":136957,"template":"","meta":{"_acf_changed":false},"product_brand":[],"product_cat":[3370],"product_tag":[],"class_list":{"0":"post-92795","1":"product","2":"type-product","3":"status-publish","4":"has-post-thumbnail","6":"product_cat-dorrbroms-dorrbromsar","7":"product_shipping_class-tunga-paket","8":"pa_brands-abloy","9":"tm-no-options","11":"first","12":"instock","13":"sale","14":"taxable","15":"shipping-taxable","16":"purchasable","17":"product-type-simple"},"acf":[],"_links":{"self":[{"href":"https:\/\/secureus.se\/fr\/wp-json\/wp\/v2\/product\/92795","targetHints":{"allow":["GET"]}}],"collection":[{"href":"https:\/\/secureus.se\/fr\/wp-json\/wp\/v2\/product"}],"about":[{"href":"https:\/\/secureus.se\/fr\/wp-json\/wp\/v2\/types\/product"}],"wp:featuredmedia":[{"embeddable":true,"href":"https:\/\/secureus.se\/fr\/wp-json\/wp\/v2\/media\/136957"}],"wp:attachment":[{"href":"https:\/\/secureus.se\/fr\/wp-json\/wp\/v2\/media?parent=92795"}],"wp:term":[{"taxonomy":"product_brand","embeddable":true,"href":"https:\/\/secureus.se\/fr\/wp-json\/wp\/v2\/product_brand?post=92795"},{"taxonomy":"product_cat","embeddable":true,"href":"https:\/\/secureus.se\/fr\/wp-json\/wp\/v2\/product_cat?post=92795"},{"taxonomy":"product_tag","embeddable":true,"href":"https:\/\/secureus.se\/fr\/wp-json\/wp\/v2\/product_tag?post=92795"}],"curies":[{"name":"wp","href":"https:\/\/api.w.org\/{rel}","templated":true}]}}