{"id":92799,"date":"2024-06-16T12:32:35","date_gmt":"2024-06-16T10:32:35","guid":{"rendered":"https:\/\/secureus.se\/?post_type=product&#038;p=92799"},"modified":"2026-04-08T15:46:59","modified_gmt":"2026-04-08T13:46:59","slug":"dorrbroms-328a","status":"publish","type":"product","link":"https:\/\/secureus.se\/fr\/dorrbroms-328a\/","title":{"rendered":"Frein de porte 328A"},"content":{"rendered":"<p>ASSA ABLOY 328A est un frein de porte pour les portes s&#039;ouvrant vers l&#039;int\u00e9rieur. Maintient la porte dans la position souhait\u00e9e par friction. Utilis\u00e9 pour les portes de rangement et les portes int\u00e9rieures plus l\u00e9g\u00e8res.\u00a0<\/p>\n<p><b>Propri\u00e9t\u00e9s:\u00a0<\/b><br \/>\n<\/p>\n<ul>\n<li>Pour portes ouvrant vers l&#039;int\u00e9rieur (328 pour ouverture vers l&#039;ext\u00e9rieur)<\/li>\n<li>Maintient la porte par friction dans la position d&#039;ouverture souhait\u00e9e.<\/li>\n<li>La force de freinage peut \u00eatre modifi\u00e9e \u00e0 l&#039;aide de l&#039;\u00e9crou de r\u00e9glage.<\/li>\n<li>Le bras peut \u00eatre d\u00e9tach\u00e9 de la fixation du cadre.<\/li>\n<li>S&#039;adapte aussi bien \u00e0 droite qu&#039;\u00e0 gauche.<\/li>\n<li>Vis recommand\u00e9e : TKX 4,5 mm.<\/li>\n<\/ul>","protected":false},"excerpt":{"rendered":"<p>ASSA ABLOY 328A est un frein de porte pour les portes s&#039;ouvrant vers l&#039;int\u00e9rieur. Maintient la porte dans la position souhait\u00e9e par friction. Utilis\u00e9 pour les portes de rangement et les portes int\u00e9rieures plus l\u00e9g\u00e8res. Caract\u00e9ristiques : Pour portes ouvrant vers l&#039;int\u00e9rieur (328<\/p>","protected":false},"featured_media":138015,"template":"","meta":{"_acf_changed":false},"product_brand":[],"product_cat":[3370],"product_tag":[],"class_list":{"0":"post-92799","1":"product","2":"type-product","3":"status-publish","4":"has-post-thumbnail","6":"product_cat-dorrbroms-dorrbromsar","7":"product_shipping_class-tunga-paket","8":"pa_brands-abloy","9":"tm-no-options","11":"first","12":"instock","13":"sale","14":"taxable","15":"shipping-taxable","16":"purchasable","17":"product-type-simple"},"acf":[],"_links":{"self":[{"href":"https:\/\/secureus.se\/fr\/wp-json\/wp\/v2\/product\/92799","targetHints":{"allow":["GET"]}}],"collection":[{"href":"https:\/\/secureus.se\/fr\/wp-json\/wp\/v2\/product"}],"about":[{"href":"https:\/\/secureus.se\/fr\/wp-json\/wp\/v2\/types\/product"}],"wp:featuredmedia":[{"embeddable":true,"href":"https:\/\/secureus.se\/fr\/wp-json\/wp\/v2\/media\/138015"}],"wp:attachment":[{"href":"https:\/\/secureus.se\/fr\/wp-json\/wp\/v2\/media?parent=92799"}],"wp:term":[{"taxonomy":"product_brand","embeddable":true,"href":"https:\/\/secureus.se\/fr\/wp-json\/wp\/v2\/product_brand?post=92799"},{"taxonomy":"product_cat","embeddable":true,"href":"https:\/\/secureus.se\/fr\/wp-json\/wp\/v2\/product_cat?post=92799"},{"taxonomy":"product_tag","embeddable":true,"href":"https:\/\/secureus.se\/fr\/wp-json\/wp\/v2\/product_tag?post=92799"}],"curies":[{"name":"wp","href":"https:\/\/api.w.org\/{rel}","templated":true}]}}