{"id":92805,"date":"2024-06-16T12:32:35","date_gmt":"2024-06-16T10:32:35","guid":{"rendered":"https:\/\/secureus.se\/?post_type=product&#038;p=92805"},"modified":"2026-04-29T18:08:51","modified_gmt":"2026-04-29T16:08:51","slug":"dorrbroms-523t-2-vit","status":"publish","type":"product","link":"https:\/\/secureus.se\/fr\/dorrbroms-523t-2-vit\/","title":{"rendered":"Frein de porte ASSA ABLOY 523T\/2 - Blanc - 770-910 mm"},"content":{"rendered":"<h2 data-section-id=\"i8tpgf\" data-start=\"241\" data-end=\"320\">Frein de porte ASSA ABLOY 523T\/2 \u2013 Blanc \u2013 Pour portes dont les dimensions du cadre sont comprises entre 770 et 910 mm<\/h2>\n<p data-start=\"322\" data-end=\"567\">Le frein de porte ASSA ABLOY 523T\/2 est un mod\u00e8le robuste con\u00e7u pour les portes-fen\u00eatres, les portes de patio, les portes ext\u00e9rieures et les portes de garage s&#039;ouvrant vers l&#039;ext\u00e9rieur. Il maintient la porte dans la position d&#039;ouverture souhait\u00e9e et l&#039;emp\u00eache de se refermer ou de s&#039;ouvrir de mani\u00e8re incontr\u00f4l\u00e9e en cas de vents forts.<\/p>\n<p data-start=\"569\" data-end=\"841\">Le frein \u00e0 friction r\u00e9glable permet d&#039;ajuster facilement la force de freinage en fonction du poids de la porte et de la r\u00e9sistance souhait\u00e9e \u00e0 l&#039;ouverture. Ainsi, la porte s&#039;arr\u00eate dans la position d&#039;ouverture choisie, ce qui am\u00e9liore le confort et r\u00e9duit les risques de pincement.<\/p>\n<p data-start=\"843\" data-end=\"1035\">Le mod\u00e8le 523T\/2 est la version longue de la s\u00e9rie 523T et est con\u00e7u pour les portes plus larges. Il s&#039;adapte aux portes \u00e0 ouverture \u00e0 droite comme \u00e0 gauche et est fr\u00e9quemment utilis\u00e9 pour les portes-fen\u00eatres et les portes coulissantes dans les b\u00e2timents r\u00e9sidentiels.<\/p>\n<hr data-start=\"1037\" data-end=\"1040\" \/>\n<h2 data-section-id=\"fnvs8i\" data-start=\"1042\" data-end=\"1055\">Caract\u00e9ristiques<\/h2>\n<p data-start=\"1057\" data-end=\"1345\">\u2022 Pour les portes-fen\u00eatres s&#039;ouvrant vers l&#039;ext\u00e9rieur, les portes fran\u00e7aises et les portes ext\u00e9rieures<br data-start=\"1116\" data-end=\"1119\" \/>\u2022 Maintient la porte dans la position d&#039;ouverture souhait\u00e9e<br data-start=\"1160\" data-end=\"1163\" \/>\u2022 Emp\u00eache la porte de se refermer sous l&#039;effet du vent<br data-start=\"1207\" data-end=\"1210\" \/>\u2022 Force de freinage r\u00e9glable avec r\u00e9glage facile du frottement<br data-start=\"1261\" data-end=\"1264\" \/>\u2022 Convient aux portes \u00e0 ouverture \u00e0 droite et \u00e0 gauche<br data-start=\"1309\" data-end=\"1312\" \/>\u2022 R\u00e9duit le risque de blessures par pincement<\/p>\n<hr data-start=\"1347\" data-end=\"1350\" \/>\n<h2 data-section-id=\"zehbyt\" data-start=\"1352\" data-end=\"1378\">Construction et mat\u00e9riaux<\/h2>\n<p data-start=\"1380\" data-end=\"1515\">\u2022 Tige en acier inoxydable<br data-start=\"1405\" data-end=\"1408\" \/>\u2022 T\u00eate de joint en plastique ac\u00e9tal durable<br data-start=\"1442\" data-end=\"1445\" \/>\u2022 Support de cadre et support de porte en acier peint<br data-start=\"1486\" data-end=\"1489\" \/>\u2022 Couvercle en plastique ac\u00e9tal<\/p>\n<p data-start=\"1517\" data-end=\"1627\">Sa construction robuste rend le frein de porte adapt\u00e9 \u00e0 un usage quotidien aussi bien dans les habitations que dans les environnements similaires.<\/p>\n<hr data-start=\"1629\" data-end=\"1632\" \/>\n<h2 data-section-id=\"10c1xz9\" data-start=\"1634\" data-end=\"1658\">Dimensions et compatibilit\u00e9<\/h2>\n<p data-start=\"1660\" data-end=\"1773\"><strong data-start=\"1660\" data-end=\"1671\">Mod\u00e8le:<\/strong> 523T\/2<br data-start=\"1678\" data-end=\"1681\" \/><strong data-start=\"1681\" data-end=\"1697\">Longueur totale :<\/strong> 545 mm<br data-start=\"1704\" data-end=\"1707\" \/><strong data-start=\"1707\" data-end=\"1730\">Dimensions du cadre compatibles\u00a0:<\/strong> 770\u2013910 mm<br data-start=\"1741\" data-end=\"1744\" \/><strong data-start=\"1744\" data-end=\"1763\">Angle d&#039;ouverture :<\/strong> environ 95\u00b0<\/p>\n<hr data-start=\"1775\" data-end=\"1778\" \/>\n<h2 data-section-id=\"kejv24\" data-start=\"1780\" data-end=\"1804\">Disponible en deux tailles<\/h2>\n<p data-start=\"1806\" data-end=\"1863\"><strong data-start=\"1806\" data-end=\"1816\">523T\/1<\/strong><br data-start=\"1816\" data-end=\"1819\" \/>Convient aux portes dont la largeur du cadre est <strong data-start=\"1849\" data-end=\"1863\">590\u2013769 mm<\/strong><\/p>\n<p data-start=\"1865\" data-end=\"1922\"><strong data-start=\"1865\" data-end=\"1875\">523T\/2<\/strong><br data-start=\"1875\" data-end=\"1878\" \/>Convient aux portes dont la largeur du cadre est <strong data-start=\"1908\" data-end=\"1922\">770\u2013910 mm<\/strong><\/p>\n<hr data-start=\"1924\" data-end=\"1927\" \/>\n<h2 data-section-id=\"1lu5w0y\" data-start=\"1929\" data-end=\"1951\">Vis recommand\u00e9e \u2013 non incluse<\/h2>\n<p data-start=\"1953\" data-end=\"2006\">Fixation du cadre : <strong data-start=\"1964\" data-end=\"1978\">TFX 4,5 mm<\/strong><br data-start=\"1978\" data-end=\"1981\" \/>Support de porte : <strong data-start=\"1992\" data-end=\"2006\">TFX 3,5 mm<\/strong><\/p>","protected":false},"excerpt":{"rendered":"<p>Le frein de porte ASSA ABLOY 523T\/2 est con\u00e7u pour les portes s&#039;ouvrant vers l&#039;ext\u00e9rieur. Il maintient la porte dans la position d&#039;ouverture souhait\u00e9e et l&#039;emp\u00eache de se refermer brusquement. Compatible avec les cadres de 770 \u00e0 910 mm et les portes \u00e0 ouverture \u00e0 droite ou \u00e0 gauche.<\/p>","protected":false},"featured_media":137131,"template":"","meta":{"_acf_changed":false},"product_brand":[],"product_cat":[3370],"product_tag":[],"class_list":{"0":"post-92805","1":"product","2":"type-product","3":"status-publish","4":"has-post-thumbnail","6":"product_cat-dorrbroms-dorrbromsar","7":"product_shipping_class-tunga-paket","8":"pa_brands-abloy","9":"tm-no-options","11":"first","12":"instock","13":"sale","14":"taxable","15":"shipping-taxable","16":"purchasable","17":"product-type-simple"},"acf":[],"_links":{"self":[{"href":"https:\/\/secureus.se\/fr\/wp-json\/wp\/v2\/product\/92805","targetHints":{"allow":["GET"]}}],"collection":[{"href":"https:\/\/secureus.se\/fr\/wp-json\/wp\/v2\/product"}],"about":[{"href":"https:\/\/secureus.se\/fr\/wp-json\/wp\/v2\/types\/product"}],"wp:featuredmedia":[{"embeddable":true,"href":"https:\/\/secureus.se\/fr\/wp-json\/wp\/v2\/media\/137131"}],"wp:attachment":[{"href":"https:\/\/secureus.se\/fr\/wp-json\/wp\/v2\/media?parent=92805"}],"wp:term":[{"taxonomy":"product_brand","embeddable":true,"href":"https:\/\/secureus.se\/fr\/wp-json\/wp\/v2\/product_brand?post=92805"},{"taxonomy":"product_cat","embeddable":true,"href":"https:\/\/secureus.se\/fr\/wp-json\/wp\/v2\/product_cat?post=92805"},{"taxonomy":"product_tag","embeddable":true,"href":"https:\/\/secureus.se\/fr\/wp-json\/wp\/v2\/product_tag?post=92805"}],"curies":[{"name":"wp","href":"https:\/\/api.w.org\/{rel}","templated":true}]}}