{"id":92828,"date":"2024-06-16T23:12:00","date_gmt":"2024-06-16T21:12:00","guid":{"rendered":"https:\/\/secureus.se\/?post_type=product&#038;p=92828"},"modified":"2026-04-23T10:34:50","modified_gmt":"2026-04-23T08:34:50","slug":"elslutbleck-es-19m-rattvand","status":"publish","type":"product","link":"https:\/\/secureus.se\/fr\/elslutbleck-es-19m-rattvand\/","title":{"rendered":"Plaque d&#039;extr\u00e9mit\u00e9 \u00e9lectrique ES19 \u00e0 droite"},"content":{"rendered":"<h1>Plaque d&#039;extr\u00e9mit\u00e9 \u00e9lectrique ES19 \u00e0 droite<\/h1>\n<p class=\"\" data-start=\"659\" data-end=\"1027\">La g\u00e2che \u00e9lectrique ES19 \u00e0 angle droit de Safetron est une solution avanc\u00e9e pour les portes qui n\u00e9cessitent des niveaux de s\u00e9curit\u00e9 normaux.<\/p>\n<p class=\"\" data-start=\"659\" data-end=\"1027\">Dot\u00e9e de la technologie de pression \u00e0 bande, cette g\u00e2che \u00e9lectrique garantit l&#039;ouverture de la porte m\u00eame si une pression allant jusqu&#039;\u00e0 150 kg est appliqu\u00e9e, ce qui en fait un choix fiable pour les portes expos\u00e9es \u00e0 des obstacles, tels que du gravier, de la neige ou une pression excessive dans le b\u00e2timent.<\/p>\n<p class=\"\" data-start=\"1029\" data-end=\"1353\">L\u2019un des principaux avantages de l\u2019ES19 est son classement au feu (E\/EI 120), ce qui signifie qu\u2019il est approuv\u00e9 pour une utilisation dans les portes de compartiments coupe-feu et qu\u2019il a \u00e9t\u00e9 approuv\u00e9 pour r\u00e9sister au feu jusqu\u2019\u00e0 120 minutes.<\/p>\n<p class=\"\" data-start=\"1029\" data-end=\"1353\">Cela en fait un excellent choix pour les b\u00e2timents o\u00f9 la r\u00e9sistance au feu et la s\u00e9curit\u00e9 sont cruciales.<\/p>\n<p class=\"\" data-start=\"1355\" data-end=\"1685\">L&#039;ES19 est compact et con\u00e7u pour s&#039;adapter \u00e0 la plupart des \u00e9videments de g\u00e2ches \u00e9lectriques standard, ce qui le rend facile \u00e0 installer.<\/p>\n<p class=\"\" data-start=\"1355\" data-end=\"1685\">Il est \u00e9galement \u00e9quip\u00e9 d&#039;un interrupteur \u00e0 poussoir, qui lui permet d&#039;indiquer si la porte est ferm\u00e9e et verrouill\u00e9e, ou ouverte et d\u00e9verrouill\u00e9e. Cela le rend utile \u00e0 la fois pour la s\u00e9curit\u00e9 et la surveillance des portes.<\/p>\n<p class=\"\" data-start=\"1687\" data-end=\"1975\">Il a une r\u00e9sistance \u00e0 la rupture impressionnante de 1500 kg (15 kN) et est con\u00e7u pour r\u00e9sister aux chocs physiques tout en conservant une fonctionnalit\u00e9 \u00e9lev\u00e9e \u00e0 des fr\u00e9quences d&#039;ouverture \u00e9lev\u00e9es.<\/p>\n<p class=\"\" data-start=\"1687\" data-end=\"1975\">Avec une faible consommation de courant de seulement 35 mA \u00e0 24 V CC, cette g\u00e2che \u00e9lectrique est \u00e9galement \u00e9conome en \u00e9nergie.<\/p>\n<p class=\"\" data-start=\"1977\" data-end=\"2007\"><strong data-start=\"1977\" data-end=\"2007\">Principales caract\u00e9ristiques et avantages :<\/strong><\/p>\n<ul data-start=\"2008\" data-end=\"2630\">\n<li class=\"\" data-start=\"2008\" data-end=\"2095\">\n<p class=\"\" data-start=\"2010\" data-end=\"2095\">Technologie de pression de bande : peut supporter jusqu&#039;\u00e0 150 kg de pression sans affecter la fonction de la porte.<\/p>\n<\/li>\n<li class=\"\" data-start=\"2096\" data-end=\"2180\">\n<p class=\"\" data-start=\"2098\" data-end=\"2180\">R\u00e9sistance au feu : Certifi\u00e9 pour la r\u00e9sistance au feu selon la norme E\/EI 120 (120 minutes).<\/p>\n<\/li>\n<li class=\"\" data-start=\"2181\" data-end=\"2267\">\n<p class=\"\" data-start=\"2183\" data-end=\"2267\">Haute r\u00e9sistance \u00e0 la rupture : R\u00e9siste jusqu&#039;\u00e0 1500 kg (15 kN), offrant une s\u00e9curit\u00e9 robuste.<\/p>\n<\/li>\n<li class=\"\" data-start=\"2268\" data-end=\"2348\">\n<p class=\"\" data-start=\"2270\" data-end=\"2348\">Interrupteur \u00e0 piston : indique si la porte est ferm\u00e9e et verrouill\u00e9e ou ouverte et d\u00e9verrouill\u00e9e.<\/p>\n<\/li>\n<li class=\"\" data-start=\"2349\" data-end=\"2447\">\n<p class=\"\" data-start=\"2351\" data-end=\"2447\">Fonction inverse : la porte est d\u00e9verrouill\u00e9e \u00e0 l&#039;\u00e9tat hors tension, ce qui est id\u00e9al pour les situations d&#039;urgence.<\/p>\n<\/li>\n<li class=\"\" data-start=\"2448\" data-end=\"2552\">\n<p class=\"\" data-start=\"2450\" data-end=\"2552\">Efficacit\u00e9 \u00e9nerg\u00e9tique : Consommation de courant de 35 mA \u00e0 24 V CC, ce qui en fait une solution efficace.<\/p>\n<\/li>\n<li class=\"\" data-start=\"2553\" data-end=\"2630\">\n<p class=\"\" data-start=\"2555\" data-end=\"2630\">Petite taille : s&#039;adapte \u00e0 la plupart des prises standard pour une installation facile.<\/p>\n<\/li>\n<\/ul>\n<p class=\"\" data-start=\"2632\" data-end=\"2930\">Compatibilit\u00e9 : La g\u00e2che \u00e9lectrique droite ES19 est compatible avec les serrures \u00e0 simple et double p\u00eane, ce qui la rend utile pour les portes ayant des exigences de s\u00e9curit\u00e9 normales. Il est r\u00e9versible pour s&#039;adapter aux portes suspendues \u00e0 droite et \u00e0 gauche, offrant une flexibilit\u00e9 d&#039;installation.<\/p>\n<p class=\"\" data-start=\"2932\" data-end=\"2955\">Exigences d&#039;alimentation :<\/p>\n<ul data-start=\"2956\" data-end=\"3120\">\n<li class=\"\" data-start=\"2956\" data-end=\"3000\">\n<p class=\"\" data-start=\"2958\" data-end=\"3000\">Tension : 12 V ou 24 V CC \u00b1 15 % -10 %<\/p>\n<\/li>\n<li class=\"\" data-start=\"3001\" data-end=\"3064\">\n<p class=\"\" data-start=\"3003\" data-end=\"3064\">Consommation de courant : 35 mA \u00e0 24 V CC (max 60 mA \u00e0 12 V CC)<\/p>\n<\/li>\n<li class=\"\" data-start=\"3065\" data-end=\"3120\">\n<p class=\"\" data-start=\"3067\" data-end=\"3120\">Microrupteur : Inversion unipolaire, max. 30 V CC, 1 A<\/p>\n<\/li>\n<\/ul>","protected":false},"excerpt":{"rendered":"<p>G\u00e2che \u00e9lectrique ES19 Droite de Safetron avec technologie de pression de bande et r\u00e9sistance \u00e0 la rupture de 1500 kg, coupe-feu jusqu&#039;\u00e0 120 minutes.<\/p>\n<p>Id\u00e9al pour les portes avec des exigences de s\u00e9curit\u00e9 normales et une fr\u00e9quence d&#039;ouverture \u00e9lev\u00e9e.<\/p>","protected":false},"featured_media":137582,"template":"","meta":{"_acf_changed":false},"product_brand":[],"product_cat":[3355],"product_tag":[4196,4200],"class_list":{"0":"post-92828","1":"product","2":"type-product","3":"status-publish","4":"has-post-thumbnail","6":"product_cat-elslutbleck","7":"product_tag-12-24v","8":"product_tag-rattvand","9":"product_shipping_class-tunga-paket","10":"pa_brands-7safetron","11":"pa_farg-rostfritt-stal","12":"tm-no-options","14":"first","15":"instock","16":"sale","17":"taxable","18":"shipping-taxable","19":"purchasable","20":"product-type-simple"},"acf":[],"_links":{"self":[{"href":"https:\/\/secureus.se\/fr\/wp-json\/wp\/v2\/product\/92828","targetHints":{"allow":["GET"]}}],"collection":[{"href":"https:\/\/secureus.se\/fr\/wp-json\/wp\/v2\/product"}],"about":[{"href":"https:\/\/secureus.se\/fr\/wp-json\/wp\/v2\/types\/product"}],"wp:featuredmedia":[{"embeddable":true,"href":"https:\/\/secureus.se\/fr\/wp-json\/wp\/v2\/media\/137582"}],"wp:attachment":[{"href":"https:\/\/secureus.se\/fr\/wp-json\/wp\/v2\/media?parent=92828"}],"wp:term":[{"taxonomy":"product_brand","embeddable":true,"href":"https:\/\/secureus.se\/fr\/wp-json\/wp\/v2\/product_brand?post=92828"},{"taxonomy":"product_cat","embeddable":true,"href":"https:\/\/secureus.se\/fr\/wp-json\/wp\/v2\/product_cat?post=92828"},{"taxonomy":"product_tag","embeddable":true,"href":"https:\/\/secureus.se\/fr\/wp-json\/wp\/v2\/product_tag?post=92828"}],"curies":[{"name":"wp","href":"https:\/\/api.w.org\/{rel}","templated":true}]}}