{"id":92830,"date":"2024-06-16T23:12:00","date_gmt":"2024-06-16T21:12:00","guid":{"rendered":"https:\/\/secureus.se\/?post_type=product&#038;p=92830"},"modified":"2026-02-20T11:47:22","modified_gmt":"2026-02-20T10:47:22","slug":"elslutbleck-514-24-volt","status":"publish","type":"product","link":"https:\/\/secureus.se\/fr\/elslutbleck-514-24-volt\/","title":{"rendered":"Plaque d&#039;extr\u00e9mit\u00e9 \u00e9lectrique 514 24 Volts"},"content":{"rendered":"<h1>Plaque d&#039;extr\u00e9mit\u00e9 \u00e9lectrique 514 24 Volts<\/h1>\n<p class=\"\" data-start=\"640\" data-end=\"1022\">La g\u00e2che \u00e9lectrique 514 24V d&#039;Assa ABLOY est une solution \u00e9conomique pour <strong data-start=\"711\" data-end=\"755\">portes \u00e0 faibles exigences de s\u00e9curit\u00e9<\/strong>.<\/p>\n<p class=\"\" data-start=\"640\" data-end=\"1022\">Il est particuli\u00e8rement adapt\u00e9 pour <strong data-start=\"786\" data-end=\"804\">verrouillage interne<\/strong> dans des domaines tels que le commerce, les bureaux et l&#039;industrie.<\/p>\n<p class=\"\" data-start=\"640\" data-end=\"1022\">Avec un <strong data-start=\"858\" data-end=\"879\">fonction droitier<\/strong> l\u00e0 o\u00f9 la porte est verrouill\u00e9e en cas de panne de courant, il est garanti que la porte reste ferm\u00e9e m\u00eame en cas de panne de courant, ce qui offre une s\u00e9curit\u00e9 accrue dans ces environnements.<\/p>\n<p class=\"\" data-start=\"1024\" data-end=\"1455\">La g\u00e2che \u00e9lectrique est con\u00e7ue avec <strong data-start=\"1057\" data-end=\"1076\">barre de torsion en acier<\/strong> et un <strong data-start=\"1085\" data-end=\"1110\">bo\u00eetier de serrure en alliage de zinc<\/strong>, offrant \u00e0 la fois durabilit\u00e9 et r\u00e9sistance \u00e0 la corrosion pour une utilisation \u00e0 long terme.<\/p>\n<p class=\"\" data-start=\"1024\" data-end=\"1455\">C&#039;est <strong data-start=\"1193\" data-end=\"1229\">r\u00e9sistance \u00e0 la rupture de 400 kg (4 kN)<\/strong> ce qui en fait une solution fiable pour les portes o\u00f9 les exigences de s\u00e9curit\u00e9 ne sont pas aussi \u00e9lev\u00e9es.<\/p>\n<p class=\"\" data-start=\"1024\" data-end=\"1455\">Cette g\u00e2che \u00e9lectrique est principalement utilis\u00e9e en combinaison avec <strong data-start=\"1364\" data-end=\"1398\">serrure \u00e0 un ou deux battants<\/strong>, ce qui le rend polyvalent pour diverses installations de portes.<\/p>\n<p class=\"\" data-start=\"1457\" data-end=\"1649\">Pour prot\u00e9ger les \u00e9quipements \u00e9lectriques, tels que <strong data-start=\"1507\" data-end=\"1517\">serrure \u00e0 code<\/strong> ou <strong data-start=\"1524\" data-end=\"1538\">lecteur de carte<\/strong>, contre les transitoires (pics de tension), il est recommand\u00e9 qu&#039;un <strong data-start=\"1596\" data-end=\"1610\">diode de protection<\/strong> install\u00e9 \u00e0 proximit\u00e9 de la bobine de g\u00e2che \u00e9lectrique.<\/p>\n<p class=\"\" data-start=\"1651\" data-end=\"1843\">La g\u00e2che \u00e9lectrique 514 24V est \u00e9quip\u00e9e de <strong data-start=\"1687\" data-end=\"1706\">contact du p\u00eane dormant<\/strong>, ce qui lui permet d&#039;indiquer si la porte est ferm\u00e9e ou ouverte, ce qui est une fonctionnalit\u00e9 utile pour la surveillance et le contr\u00f4le de s\u00e9curit\u00e9.<\/p>\n<p class=\"\" data-start=\"1845\" data-end=\"1875\"><strong data-start=\"1845\" data-end=\"1875\">Principales caract\u00e9ristiques et avantages :<\/strong><\/p>\n<ul data-start=\"1876\" data-end=\"2521\">\n<li class=\"\" data-start=\"1876\" data-end=\"1956\">\n<p class=\"\" data-start=\"1878\" data-end=\"1956\"><strong data-start=\"1878\" data-end=\"1900\">Fonctionnement correct :<\/strong> La porte est verrouill\u00e9e en cas de panne de courant pour plus de s\u00e9curit\u00e9.<\/p>\n<\/li>\n<li class=\"\" data-start=\"1957\" data-end=\"2070\">\n<p class=\"\" data-start=\"1959\" data-end=\"2070\"><strong data-start=\"1959\" data-end=\"1979\">R\u00e9sistance \u00e0 la rupture :<\/strong> Peut supporter jusqu&#039;\u00e0 400 kg (4 kN), ce qui le rend adapt\u00e9 aux portes avec de faibles exigences de s\u00e9curit\u00e9.<\/p>\n<\/li>\n<li class=\"\" data-start=\"2071\" data-end=\"2162\">\n<p class=\"\" data-start=\"2073\" data-end=\"2162\"><strong data-start=\"2073\" data-end=\"2119\">Serrure tournante en acier et bo\u00eetier de serrure en alliage de zinc :<\/strong> Offre durabilit\u00e9 et r\u00e9sistance \u00e0 la corrosion.<\/p>\n<\/li>\n<li class=\"\" data-start=\"2163\" data-end=\"2254\">\n<p class=\"\" data-start=\"2165\" data-end=\"2254\"><strong data-start=\"2165\" data-end=\"2185\">Contact du piston de verrouillage :<\/strong> Pour indiquer si la porte est ferm\u00e9e et verrouill\u00e9e ou ouverte et d\u00e9verrouill\u00e9e.<\/p>\n<\/li>\n<li class=\"\" data-start=\"2255\" data-end=\"2334\">\n<p class=\"\" data-start=\"2257\" data-end=\"2334\"><strong data-start=\"2257\" data-end=\"2276\">Compatibilit\u00e9:<\/strong> Utilis\u00e9 en combinaison avec des serrures \u00e0 simple ou double p\u00eane.<\/p>\n<\/li>\n<li class=\"\" data-start=\"2335\" data-end=\"2399\">\n<p class=\"\" data-start=\"2337\" data-end=\"2399\"><strong data-start=\"2337\" data-end=\"2356\">Efficacit\u00e9 \u00e9nerg\u00e9tique\u00a0:<\/strong> Consommation de courant max. 190 mA \u00e0 24 V CC.<\/p>\n<\/li>\n<li class=\"\" data-start=\"2400\" data-end=\"2521\">\n<p class=\"\" data-start=\"2402\" data-end=\"2521\"><strong data-start=\"2402\" data-end=\"2428\">Protection contre les transitoires :<\/strong> Possibilit\u00e9 d&#039;installer une diode de protection pour \u00e9viter d&#039;endommager l&#039;\u00e9quipement \u00e9lectrique.<\/p>\n<\/li>\n<\/ul>\n<p class=\"\" data-start=\"2523\" data-end=\"2831\"><strong data-start=\"2523\" data-end=\"2541\">Compatibilit\u00e9:<\/strong> La g\u00e2che \u00e9lectrique 514 24V est compatible avec les deux <strong data-start=\"2586\" data-end=\"2601\">serrure \u00e0 un vantail<\/strong> et <strong data-start=\"2606\" data-end=\"2622\">serrure \u00e0 deux vantaux<\/strong>, le rendant polyvalent et adaptable \u00e0 diff\u00e9rents syst\u00e8mes de portes.<\/p>\n<p class=\"\" data-start=\"2523\" data-end=\"2831\">Il convient aux portes qui n&#039;ont pas d&#039;exigences de s\u00e9curit\u00e9 \u00e9lev\u00e9es et est con\u00e7u pour \u00eatre utilis\u00e9 dans le verrouillage interne, par exemple dans le commerce, les bureaux et l&#039;industrie.<\/p>\n<p class=\"\" data-start=\"2833\" data-end=\"2856\"><strong data-start=\"2833\" data-end=\"2856\">Exigences d&#039;alimentation :<\/strong><\/p>\n<ul data-start=\"2857\" data-end=\"2974\">\n<li class=\"\" data-start=\"2857\" data-end=\"2885\">\n<p class=\"\" data-start=\"2859\" data-end=\"2885\"><strong data-start=\"2859\" data-end=\"2872\">tension:<\/strong> 24 V CC \u00b1 10 %<\/p>\n<\/li>\n<li class=\"\" data-start=\"2886\" data-end=\"2918\">\n<p class=\"\" data-start=\"2888\" data-end=\"2918\"><strong data-start=\"2888\" data-end=\"2909\">Consommation d&#039;\u00e9nergie\u00a0:<\/strong> 0-190 mA<\/p>\n<\/li>\n<li class=\"\" data-start=\"2919\" data-end=\"2974\">\n<p class=\"\" data-start=\"2921\" data-end=\"2974\"><strong data-start=\"2921\" data-end=\"2938\">Micro-interrupteur\u00a0:<\/strong> Commutation unipolaire, max. 30 V CC, 1 A<\/p>\n<\/li>\n<\/ul>","protected":false},"excerpt":{"rendered":"<p>La g\u00e2che \u00e9lectrique 514 24V d&#039;Assa ABLOY est parfaite pour les portes avec de faibles exigences de s\u00e9curit\u00e9.<\/p>\n<p>Avec fonction orient\u00e9e vers la droite et r\u00e9sistance \u00e0 la rupture de 400 kg, utilis\u00e9 principalement dans le commerce, les bureaux et l&#039;industrie.<\/p>","protected":false},"featured_media":137316,"template":"","meta":{"_acf_changed":false},"product_brand":[],"product_cat":[3355],"product_tag":[4197,4200],"class_list":{"0":"post-92830","1":"product","2":"type-product","3":"status-publish","4":"has-post-thumbnail","6":"product_cat-elslutbleck","7":"product_tag-24v","8":"product_tag-rattvand","9":"product_shipping_class-tunga-paket","10":"pa_brands-abloy","11":"tm-no-options","13":"first","14":"instock","15":"sale","16":"taxable","17":"shipping-taxable","18":"purchasable","19":"product-type-simple"},"acf":[],"_links":{"self":[{"href":"https:\/\/secureus.se\/fr\/wp-json\/wp\/v2\/product\/92830","targetHints":{"allow":["GET"]}}],"collection":[{"href":"https:\/\/secureus.se\/fr\/wp-json\/wp\/v2\/product"}],"about":[{"href":"https:\/\/secureus.se\/fr\/wp-json\/wp\/v2\/types\/product"}],"wp:featuredmedia":[{"embeddable":true,"href":"https:\/\/secureus.se\/fr\/wp-json\/wp\/v2\/media\/137316"}],"wp:attachment":[{"href":"https:\/\/secureus.se\/fr\/wp-json\/wp\/v2\/media?parent=92830"}],"wp:term":[{"taxonomy":"product_brand","embeddable":true,"href":"https:\/\/secureus.se\/fr\/wp-json\/wp\/v2\/product_brand?post=92830"},{"taxonomy":"product_cat","embeddable":true,"href":"https:\/\/secureus.se\/fr\/wp-json\/wp\/v2\/product_cat?post=92830"},{"taxonomy":"product_tag","embeddable":true,"href":"https:\/\/secureus.se\/fr\/wp-json\/wp\/v2\/product_tag?post=92830"}],"curies":[{"name":"wp","href":"https:\/\/api.w.org\/{rel}","templated":true}]}}