{"id":92833,"date":"2024-06-16T23:12:01","date_gmt":"2024-06-16T21:12:01","guid":{"rendered":"https:\/\/secureus.se\/?post_type=product&#038;p=92833"},"modified":"2026-02-20T11:47:17","modified_gmt":"2026-02-20T10:47:17","slug":"elslutbleck-st900-90-preload","status":"publish","type":"product","link":"https:\/\/secureus.se\/fr\/elslutbleck-st900-90-preload\/","title":{"rendered":"Plaque d&#039;extr\u00e9mit\u00e9 \u00e9lectrique ST900 (pr\u00e9charge 90)"},"content":{"rendered":"<h1>Plaque d&#039;extr\u00e9mit\u00e9 \u00e9lectrique ST900 (pr\u00e9charge 90)<\/h1>\n<p class=\"\" data-start=\"668\" data-end=\"1084\">La g\u00e2che \u00e9lectrique ST900 (pr\u00e9charge 90) de STEP est une <strong data-start=\"715\" data-end=\"748\">solution compacte et puissante<\/strong> pour les portes qui n\u00e9cessitent une s\u00e9curit\u00e9 et une flexibilit\u00e9 \u00e9lev\u00e9es.<\/p>\n<p class=\"\" data-start=\"668\" data-end=\"1084\">Avec un <strong data-start=\"809\" data-end=\"840\">technologie d&#039;impression de bandes brevet\u00e9e<\/strong>, cette g\u00e2che \u00e9lectrique peut \u00eatre ouverte m\u00eame si la porte est soumise \u00e0 une pression allant jusqu&#039;\u00e0 <strong data-start=\"916\" data-end=\"926\">250 kg<\/strong>.<\/p>\n<p class=\"\" data-start=\"668\" data-end=\"1084\">Cela fait du STEP 90 Preload un excellent choix pour les portes fr\u00e9quemment expos\u00e9es \u00e0 des obstacles tels que du gravier ou de la neige au niveau du seuil, ou pour les portes l\u00e9g\u00e8rement tordues.<\/p>\n<p class=\"\" data-start=\"1086\" data-end=\"1410\">Le <strong data-start=\"1090\" data-end=\"1110\">r\u00e9sistance \u00e0 la rupture \u00e9lev\u00e9e<\/strong> sur <strong data-start=\"1114\" data-end=\"1133\">1200 kg (12 kN)<\/strong> garantit que la porte est s\u00e9curis\u00e9e et r\u00e9sistante aux contraintes, ce qui la rend id\u00e9ale pour les environnements avec une fr\u00e9quence d&#039;ouverture \u00e9lev\u00e9e.<\/p>\n<p class=\"\" data-start=\"1086\" data-end=\"1410\">De plus, c&#039;est <strong data-start=\"1285\" data-end=\"1303\">test\u00e9 en usine<\/strong> pour r\u00e9sister jusqu&#039;\u00e0 <strong data-start=\"1326\" data-end=\"1354\">1 500 000 cycles d&#039;ouverture<\/strong>, ce qui en fait une solution fiable et durable.<\/p>\n<p class=\"\" data-start=\"1412\" data-end=\"1800\">La pr\u00e9charge de l&#039;\u00c9TAPE 90 est <strong data-start=\"1431\" data-end=\"1463\">r\u00e9sistant au feu selon la norme E\/EI 120<\/strong>, ce qui le rend certifi\u00e9 pour une utilisation dans <strong data-start=\"1509\" data-end=\"1537\">portes de s\u00e9paration des compartiments coupe-feu<\/strong>, qui constitue un \u00e9l\u00e9ment de s\u00e9curit\u00e9 important dans de nombreux b\u00e2timents.<\/p>\n<p class=\"\" data-start=\"1412\" data-end=\"1800\">De plus, la g\u00e2che \u00e9lectrique est dot\u00e9e d&#039;un <strong data-start=\"1626\" data-end=\"1645\">fonction inverse<\/strong>, ce qui signifie que la porte est <strong data-start=\"1676\" data-end=\"1704\">d\u00e9verrouill\u00e9 lorsqu&#039;il est hors tension<\/strong>, ce qui est utile dans les situations d&#039;urgence ou lorsque la porte doit \u00eatre d\u00e9verrouill\u00e9e lors d&#039;une panne de courant.<\/p>\n<p class=\"\" data-start=\"1802\" data-end=\"2099\">Un autre avantage de STEP 90 Preload est son <strong data-start=\"1846\" data-end=\"1862\">flexibilit\u00e9<\/strong>: il est r\u00e9versible pour s&#039;adapter aux deux <strong data-start=\"1898\" data-end=\"1933\">portes \u00e0 suspension \u00e0 droite et \u00e0 gauche<\/strong>, et sa fonction peut \u00eatre facilement modifi\u00e9e de <strong data-start=\"1976\" data-end=\"1988\">vertueux<\/strong> \u00e0 <strong data-start=\"1994\" data-end=\"2004\">inverse<\/strong> lors de l&#039;installation, ce qui permet de r\u00e9duire les co\u00fbts de manutention et d&#039;augmenter la flexibilit\u00e9 d&#039;installation.<\/p>\n<p class=\"\" data-start=\"2101\" data-end=\"2131\"><strong data-start=\"2101\" data-end=\"2131\">Principales caract\u00e9ristiques et avantages :<\/strong><\/p>\n<ul data-start=\"2132\" data-end=\"2853\">\n<li class=\"\" data-start=\"2132\" data-end=\"2207\">\n<p class=\"\" data-start=\"2134\" data-end=\"2207\"><strong data-start=\"2134\" data-end=\"2156\">Fonctionnement correct :<\/strong> La porte est verrouill\u00e9e en cas de panne de courant pour des raisons de s\u00e9curit\u00e9.<\/p>\n<\/li>\n<li class=\"\" data-start=\"2208\" data-end=\"2291\">\n<p class=\"\" data-start=\"2210\" data-end=\"2291\"><strong data-start=\"2210\" data-end=\"2231\">Technologie d&#039;impression de listes :<\/strong> R\u00e9siste jusqu&#039;\u00e0 250 kg de pression et ouvre la porte malgr\u00e9 la pression.<\/p>\n<\/li>\n<li class=\"\" data-start=\"2292\" data-end=\"2369\">\n<p class=\"\" data-start=\"2294\" data-end=\"2369\"><strong data-start=\"2294\" data-end=\"2313\">Haute r\u00e9sistance \u00e0 la rupture :<\/strong> 1200 kg (12 kN) pour r\u00e9sister aux contraintes physiques.<\/p>\n<\/li>\n<li class=\"\" data-start=\"2370\" data-end=\"2484\">\n<p class=\"\" data-start=\"2372\" data-end=\"2484\"><strong data-start=\"2372\" data-end=\"2389\">Homologu\u00e9 incendie :<\/strong> Certifi\u00e9 pour la r\u00e9sistance au feu selon E\/EI 120 pour une utilisation s\u00fbre dans les portes de s\u00e9paration coupe-feu.<\/p>\n<\/li>\n<li class=\"\" data-start=\"2485\" data-end=\"2562\">\n<p class=\"\" data-start=\"2487\" data-end=\"2562\"><strong data-start=\"2487\" data-end=\"2506\">Test\u00e9 en usine :<\/strong> Test\u00e9 pour 1 500 000 cycles d&#039;ouverture pour une longue dur\u00e9e de vie.<\/p>\n<\/li>\n<li class=\"\" data-start=\"2563\" data-end=\"2694\">\n<p class=\"\" data-start=\"2565\" data-end=\"2694\"><strong data-start=\"2565\" data-end=\"2591\">Installation flexible\u00a0:<\/strong> Peut \u00eatre utilis\u00e9 avec des serrures \u00e0 simple et double loquet et est r\u00e9versible pour les portes suspendues \u00e0 droite et \u00e0 gauche.<\/p>\n<\/li>\n<li class=\"\" data-start=\"2695\" data-end=\"2772\">\n<p class=\"\" data-start=\"2697\" data-end=\"2772\"><strong data-start=\"2697\" data-end=\"2724\">Protection contre la manipulation :<\/strong> Inviolable pour emp\u00eacher tout acc\u00e8s non autoris\u00e9.<\/p>\n<\/li>\n<li class=\"\" data-start=\"2773\" data-end=\"2853\">\n<p class=\"\" data-start=\"2775\" data-end=\"2853\"><strong data-start=\"2775\" data-end=\"2791\">Contact du piston :<\/strong> Indique si la porte est ferm\u00e9e et verrouill\u00e9e ou ouverte et d\u00e9verrouill\u00e9e.<\/p>\n<\/li>\n<\/ul>\n<p class=\"\" data-start=\"2855\" data-end=\"3141\"><strong data-start=\"2855\" data-end=\"2873\">Compatibilit\u00e9:<\/strong> La g\u00e2che \u00e9lectrique ST900 (pr\u00e9charge 90) est compatible avec <strong data-start=\"2924\" data-end=\"2939\">serrure \u00e0 un vantail<\/strong> et <strong data-start=\"2944\" data-end=\"2960\">serrure \u00e0 deux vantaux<\/strong>, et s&#039;adapte aux portes droites et gauches. Il est con\u00e7u pour les portes soumises \u00e0 une pression et ayant <strong data-start=\"3068\" data-end=\"3092\">fr\u00e9quence d&#039;ouverture \u00e9lev\u00e9e<\/strong>, et pour une utilisation dans les portes de s\u00e9paration des compartiments coupe-feu.<\/p>\n<p class=\"\" data-start=\"3143\" data-end=\"3166\"><strong data-start=\"3143\" data-end=\"3166\">Exigences d&#039;alimentation :<\/strong><\/p>\n<ul data-start=\"3167\" data-end=\"3336\">\n<li class=\"\" data-start=\"3167\" data-end=\"3211\">\n<p class=\"\" data-start=\"3169\" data-end=\"3211\"><strong data-start=\"3169\" data-end=\"3182\">tension:<\/strong> 12 V ou 24 V CC \u00b1 15 % -10 %<\/p>\n<\/li>\n<li class=\"\" data-start=\"3212\" data-end=\"3267\">\n<p class=\"\" data-start=\"3214\" data-end=\"3267\"><strong data-start=\"3214\" data-end=\"3235\">Consommation d&#039;\u00e9nergie\u00a0:<\/strong> 110 mAh \u00e0 24 V CC (max 300 mA)<\/p>\n<\/li>\n<li class=\"\" data-start=\"3268\" data-end=\"3336\">\n<p class=\"\" data-start=\"3270\" data-end=\"3336\"><strong data-start=\"3270\" data-end=\"3286\">Contact du piston :<\/strong> Microrupteur, commutation unipolaire, max. 30 V CC, 1 A<\/p>\n<\/li>\n<\/ul>","protected":false},"excerpt":{"rendered":"<p>G\u00e2che \u00e9lectrique ST900 (90 Pr\u00e9charge) de STEP avec fonction droite, charge de rupture de 1200 kg et pression de bande de 250 kg.<\/p>\n<p>Homologu\u00e9 feu selon E\/EI 120, parfait pour les portes expos\u00e9es \u00e0 la pression et aux fr\u00e9quences d&#039;ouverture \u00e9lev\u00e9es.<\/p>","protected":false},"featured_media":137100,"template":"","meta":{"_acf_changed":false},"product_brand":[],"product_cat":[3355],"product_tag":[4197],"class_list":{"0":"post-92833","1":"product","2":"type-product","3":"status-publish","4":"has-post-thumbnail","6":"product_cat-elslutbleck","7":"product_tag-24v","8":"product_shipping_class-tunga-paket","9":"pa_brands-step","10":"tm-no-options","12":"first","13":"instock","14":"sale","15":"taxable","16":"shipping-taxable","17":"purchasable","18":"product-type-simple"},"acf":[],"_links":{"self":[{"href":"https:\/\/secureus.se\/fr\/wp-json\/wp\/v2\/product\/92833","targetHints":{"allow":["GET"]}}],"collection":[{"href":"https:\/\/secureus.se\/fr\/wp-json\/wp\/v2\/product"}],"about":[{"href":"https:\/\/secureus.se\/fr\/wp-json\/wp\/v2\/types\/product"}],"wp:featuredmedia":[{"embeddable":true,"href":"https:\/\/secureus.se\/fr\/wp-json\/wp\/v2\/media\/137100"}],"wp:attachment":[{"href":"https:\/\/secureus.se\/fr\/wp-json\/wp\/v2\/media?parent=92833"}],"wp:term":[{"taxonomy":"product_brand","embeddable":true,"href":"https:\/\/secureus.se\/fr\/wp-json\/wp\/v2\/product_brand?post=92833"},{"taxonomy":"product_cat","embeddable":true,"href":"https:\/\/secureus.se\/fr\/wp-json\/wp\/v2\/product_cat?post=92833"},{"taxonomy":"product_tag","embeddable":true,"href":"https:\/\/secureus.se\/fr\/wp-json\/wp\/v2\/product_tag?post=92833"}],"curies":[{"name":"wp","href":"https:\/\/api.w.org\/{rel}","templated":true}]}}