{"id":92835,"date":"2024-06-16T23:12:01","date_gmt":"2024-06-16T21:12:01","guid":{"rendered":"https:\/\/secureus.se\/?post_type=product&#038;p=92835"},"modified":"2026-02-20T11:51:21","modified_gmt":"2026-02-20T10:51:21","slug":"elslutbleck-60-st601","status":"publish","type":"product","link":"https:\/\/secureus.se\/fr\/elslutbleck-60-st601\/","title":{"rendered":"Plaque d&#039;extr\u00e9mit\u00e9 \u00e9lectrique 60 ST601"},"content":{"rendered":"<h1>Plaque d&#039;extr\u00e9mit\u00e9 \u00e9lectrique 60 ST601<\/h1>\n<p class=\"\" data-start=\"686\" data-end=\"1157\">La g\u00e2che \u00e9lectrique 60 ST601 de STEP fait partie de STEPs <strong data-start=\"736\" data-end=\"752\">S\u00e9rie muette<\/strong>, ce qui signifie qu&#039;il offre une <strong data-start=\"789\" data-end=\"833\">Ouverture et fermeture quasi silencieuses<\/strong> gr\u00e2ce au brevet <strong data-start=\"860\" data-end=\"884\">Technologie STEP Silent<\/strong>.<\/p>\n<p class=\"\" data-start=\"686\" data-end=\"1157\">Cela fait du STEP 60 Silent le choix id\u00e9al pour les portes fr\u00e9quemment utilis\u00e9es, o\u00f9 un <strong data-start=\"975\" data-end=\"997\">niveau de bruit r\u00e9duit<\/strong> est souhaitable, comme dans les \u00e9coles, les bureaux et les h\u00f4pitaux.<\/p>\n<p class=\"\" data-start=\"686\" data-end=\"1157\">Le <strong data-start=\"1060\" data-end=\"1073\">marche douce<\/strong> et <strong data-start=\"1078\" data-end=\"1099\">fonction silencieuse<\/strong> contribue \u00e0 cr\u00e9er un environnement de porte meilleur et plus confortable.<\/p>\n<p class=\"\" data-start=\"1159\" data-end=\"1592\">Avec un impressionnant <strong data-start=\"1178\" data-end=\"1211\">r\u00e9sistance \u00e0 la rupture de 1600 kg (16 kN)<\/strong> et un <strong data-start=\"1219\" data-end=\"1252\">capacit\u00e9 de pression de bande de 100 kg<\/strong>, la g\u00e2che \u00e9lectrique garantit <strong data-start=\"1279\" data-end=\"1295\">haute s\u00e9curit\u00e9<\/strong> et une fiabilit\u00e9 op\u00e9rationnelle m\u00eame dans des conditions extr\u00eames.<\/p>\n<p class=\"\" data-start=\"1159\" data-end=\"1592\">Il est \u00e9galement con\u00e7u pour s&#039;ouvrir sans probl\u00e8me m\u00eame si la porte est expos\u00e9e \u00e0 une pression, par exemple de la neige, du gravier ou si la porte est tordue. Le brevet\u00e9 <strong data-start=\"1499\" data-end=\"1521\">la technique d&#039;impression de liste<\/strong> permet \u00e0 la porte de se d\u00e9verrouiller m\u00eame si elle est soumise \u00e0 une pression.<\/p>\n<p class=\"\" data-start=\"1594\" data-end=\"1917\">La g\u00e2che \u00e9lectrique 60 ST601 a <strong data-start=\"1619\" data-end=\"1638\">fonction inverse<\/strong>, ce qui signifie que la porte est d\u00e9verrouill\u00e9e \u00e0 l&#039;\u00e9tat hors tension, ce qui est id\u00e9al pour une utilisation o\u00f9 la porte doit rester ouverte en cas d&#039;urgence ou de panne de courant.<\/p>\n<p class=\"\" data-start=\"1594\" data-end=\"1917\">C&#039;est <strong data-start=\"1810\" data-end=\"1826\">coupe-feu<\/strong> selon <strong data-start=\"1834\" data-end=\"1846\">E\/EI 120<\/strong>, ce qui le rend certifi\u00e9 pour une utilisation dans les portes de s\u00e9paration des compartiments coupe-feu.<\/p>\n<p class=\"\" data-start=\"1919\" data-end=\"1949\"><strong data-start=\"1919\" data-end=\"1949\">Principales caract\u00e9ristiques et avantages :<\/strong><\/p>\n<ul data-start=\"1950\" data-end=\"2568\">\n<li class=\"\" data-start=\"1950\" data-end=\"2034\">\n<p class=\"\" data-start=\"1952\" data-end=\"2034\"><strong data-start=\"1952\" data-end=\"1973\">Technologie d&#039;impression de listes :<\/strong> R\u00e9siste jusqu&#039;\u00e0 100 kg de pression et ouvre la porte malgr\u00e9 les obstacles.<\/p>\n<\/li>\n<li class=\"\" data-start=\"2035\" data-end=\"2130\">\n<p class=\"\" data-start=\"2037\" data-end=\"2130\"><strong data-start=\"2037\" data-end=\"2068\">R\u00e9sistance \u00e0 la rupture de 1600 kg (16 kN) :<\/strong> Assure une tr\u00e8s haute s\u00e9curit\u00e9 pour les portes expos\u00e9es aux contraintes.<\/p>\n<\/li>\n<li class=\"\" data-start=\"2131\" data-end=\"2231\">\n<p class=\"\" data-start=\"2133\" data-end=\"2231\"><strong data-start=\"2133\" data-end=\"2156\">Fonctionnement fluide et silencieux :<\/strong> Technologie brevet\u00e9e qui rend l&#039;ouverture et la fermeture de la porte presque silencieuse.<\/p>\n<\/li>\n<li class=\"\" data-start=\"2232\" data-end=\"2298\">\n<p class=\"\" data-start=\"2234\" data-end=\"2298\"><strong data-start=\"2234\" data-end=\"2251\">Homologu\u00e9 incendie :<\/strong> Certifi\u00e9 pour la r\u00e9sistance au feu selon E\/EI 120.<\/p>\n<\/li>\n<li class=\"\" data-start=\"2299\" data-end=\"2401\">\n<p class=\"\" data-start=\"2301\" data-end=\"2401\"><strong data-start=\"2301\" data-end=\"2321\">Fonction inverse :<\/strong> La porte est d\u00e9verrouill\u00e9e lorsqu&#039;elle est hors tension, ce qui la rend adapt\u00e9e aux situations d&#039;urgence.<\/p>\n<\/li>\n<li class=\"\" data-start=\"2402\" data-end=\"2489\">\n<p class=\"\" data-start=\"2404\" data-end=\"2489\"><strong data-start=\"2404\" data-end=\"2420\">Contact du piston :<\/strong> Pour indiquer si la porte est ferm\u00e9e et verrouill\u00e9e ou ouverte et d\u00e9verrouill\u00e9e.<\/p>\n<\/li>\n<li class=\"\" data-start=\"2490\" data-end=\"2568\">\n<p class=\"\" data-start=\"2492\" data-end=\"2568\"><strong data-start=\"2492\" data-end=\"2517\">Haute r\u00e9sistance \u00e0 l&#039;intrusion :<\/strong> Inviolable et prot\u00e9g\u00e9 contre toute manipulation non autoris\u00e9e.<\/p>\n<\/li>\n<\/ul>\n<p class=\"\" data-start=\"2570\" data-end=\"2812\"><strong data-start=\"2570\" data-end=\"2588\">Compatibilit\u00e9:<\/strong> La g\u00e2che \u00e9lectrique 60 ST601 est con\u00e7ue pour <strong data-start=\"2626\" data-end=\"2641\">serrure \u00e0 un vantail<\/strong> et <strong data-start=\"2646\" data-end=\"2662\">serrure \u00e0 deux vantaux<\/strong> et convient aux deux <strong data-start=\"2679\" data-end=\"2714\">portes \u00e0 suspension \u00e0 droite et \u00e0 gauche<\/strong>. Il est particuli\u00e8rement utile pour les portes avec <strong data-start=\"2758\" data-end=\"2772\">trafic \u00e9lev\u00e9<\/strong> ou l\u00e0 <strong data-start=\"2783\" data-end=\"2799\">faible niveau de bruit<\/strong> est une exigence.<\/p>\n<p class=\"\" data-start=\"2814\" data-end=\"2837\"><strong data-start=\"2814\" data-end=\"2837\">Exigences d&#039;alimentation :<\/strong><\/p>\n<ul data-start=\"2838\" data-end=\"3010\">\n<li class=\"\" data-start=\"2838\" data-end=\"2882\">\n<p class=\"\" data-start=\"2840\" data-end=\"2882\"><strong data-start=\"2840\" data-end=\"2853\">tension:<\/strong> 12 V ou 24 V CC \u00b1 15 % -10 %<\/p>\n<\/li>\n<li class=\"\" data-start=\"2883\" data-end=\"2942\">\n<p class=\"\" data-start=\"2885\" data-end=\"2942\"><strong data-start=\"2885\" data-end=\"2906\">Consommation d&#039;\u00e9nergie\u00a0:<\/strong> Max 250 mA \u00e0 24 V CC, 121 mA d\u00e9verrouill\u00e9<\/p>\n<\/li>\n<li class=\"\" data-start=\"2943\" data-end=\"3010\">\n<p class=\"\" data-start=\"2945\" data-end=\"3010\"><strong data-start=\"2945\" data-end=\"2961\">Contact du piston :<\/strong> Microrupteur, inverseur unipolaire, max 30 V CC, 1 A<\/p>\n<\/li>\n<\/ul>","protected":false},"excerpt":{"rendered":"<p>La g\u00e2che \u00e9lectrique 60 ST601, \u00e9quip\u00e9e de la technologie de pression de bande et d&#039;une r\u00e9sistance \u00e0 la rupture de 1600 kg, offre un fonctionnement doux et silencieux.<\/p>\n<p>R\u00e9sistant au feu selon la norme E\/EI 120, id\u00e9al pour les portes \u00e0 fort trafic, par exemple dans les \u00e9coles, les bureaux et les h\u00f4pitaux.<\/p>","protected":false},"featured_media":137574,"template":"","meta":{"_acf_changed":false},"product_brand":[],"product_cat":[3355],"product_tag":[4197,4202],"class_list":{"0":"post-92835","1":"product","2":"type-product","3":"status-publish","4":"has-post-thumbnail","6":"product_cat-elslutbleck","7":"product_tag-24v","8":"product_tag-omstallbar-rattvand-omvand","9":"product_shipping_class-tunga-paket","10":"pa_brands-step","11":"tm-no-options","13":"first","14":"instock","15":"sale","16":"taxable","17":"shipping-taxable","18":"purchasable","19":"product-type-simple"},"acf":[],"_links":{"self":[{"href":"https:\/\/secureus.se\/fr\/wp-json\/wp\/v2\/product\/92835","targetHints":{"allow":["GET"]}}],"collection":[{"href":"https:\/\/secureus.se\/fr\/wp-json\/wp\/v2\/product"}],"about":[{"href":"https:\/\/secureus.se\/fr\/wp-json\/wp\/v2\/types\/product"}],"wp:featuredmedia":[{"embeddable":true,"href":"https:\/\/secureus.se\/fr\/wp-json\/wp\/v2\/media\/137574"}],"wp:attachment":[{"href":"https:\/\/secureus.se\/fr\/wp-json\/wp\/v2\/media?parent=92835"}],"wp:term":[{"taxonomy":"product_brand","embeddable":true,"href":"https:\/\/secureus.se\/fr\/wp-json\/wp\/v2\/product_brand?post=92835"},{"taxonomy":"product_cat","embeddable":true,"href":"https:\/\/secureus.se\/fr\/wp-json\/wp\/v2\/product_cat?post=92835"},{"taxonomy":"product_tag","embeddable":true,"href":"https:\/\/secureus.se\/fr\/wp-json\/wp\/v2\/product_tag?post=92835"}],"curies":[{"name":"wp","href":"https:\/\/api.w.org\/{rel}","templated":true}]}}