{"id":92841,"date":"2024-06-16T23:12:01","date_gmt":"2024-06-16T21:12:01","guid":{"rendered":"https:\/\/secureus.se\/?post_type=product&#038;p=92841"},"modified":"2026-02-20T11:43:47","modified_gmt":"2026-02-20T10:43:47","slug":"elslutbleck-71-24v-standard-solid","status":"publish","type":"product","link":"https:\/\/secureus.se\/fr\/elslutbleck-71-24v-standard-solid\/","title":{"rendered":"Plaque d&#039;extr\u00e9mit\u00e9 \u00e9lectrique 71 24V Standard Solide"},"content":{"rendered":"<h1>Plaque d&#039;extr\u00e9mit\u00e9 \u00e9lectrique 71 24V Standard Solide<\/h1>\n<p class=\"\" data-start=\"696\" data-end=\"1009\">La g\u00e2che \u00e9lectrique 71 24V Standard Solid d&#039;Assa ABLOY est une g\u00e2che \u00e9lectrique robuste et fiable qui s&#039;adapte aux portes avec <strong data-start=\"808\" data-end=\"844\">exigences de s\u00e9curit\u00e9 normales<\/strong>.<\/p>\n<p class=\"\" data-start=\"696\" data-end=\"1009\">Il est id\u00e9al pour une utilisation comme verrouillage de jour dans la protection des coques et comme verrouillage int\u00e9rieur dans le commerce, les bureaux, l&#039;industrie, ainsi que dans les entr\u00e9es et les espaces publics des immeubles d&#039;habitation.<\/p>\n<p class=\"\" data-start=\"1011\" data-end=\"1405\">Le <strong data-start=\"1015\" data-end=\"1037\">fonction inverse<\/strong> permet de d\u00e9verrouiller la porte en cas de panne de courant, ce qui est utile dans les applications o\u00f9 la porte doit \u00eatre d\u00e9verrouill\u00e9e en l&#039;absence de courant, par exemple dans des situations d&#039;urgence.<\/p>\n<p class=\"\" data-start=\"1011\" data-end=\"1405\">La g\u00e2che \u00e9lectrique est \u00e9galement con\u00e7ue pour \u00eatre utilis\u00e9e dans <strong data-start=\"1253\" data-end=\"1281\">portes de s\u00e9paration des compartiments coupe-feu<\/strong>, lorsqu&#039;il est install\u00e9 en combinaison avec le poteau et le bo\u00eetier de serrure appropri\u00e9s, ce qui en fait un bon choix pour les b\u00e2timents ayant des exigences en mati\u00e8re de protection contre les incendies.<\/p>\n<p class=\"\" data-start=\"1407\" data-end=\"1824\">La g\u00e2che \u00e9lectrique a <strong data-start=\"1425\" data-end=\"1445\">bo\u00eetier torsad\u00e9 en bronze<\/strong> et un <strong data-start=\"1454\" data-end=\"1479\">bo\u00eetier de serrure en alliage de zinc<\/strong>, qui offre une construction durable et r\u00e9sistante \u00e0 la corrosion.<\/p>\n<p class=\"\" data-start=\"1407\" data-end=\"1824\">Avec un <strong data-start=\"1548\" data-end=\"1584\">r\u00e9sistance \u00e0 la rupture de 700 kg (7 kN)<\/strong> Il est capable de r\u00e9sister aux contraintes et d&#039;assurer la s\u00e9curit\u00e9 des portes expos\u00e9es \u00e0 une utilisation fr\u00e9quente.<\/p>\n<p class=\"\" data-start=\"1407\" data-end=\"1824\">Il est \u00e9galement con\u00e7u pour \u00eatre <strong data-start=\"1724\" data-end=\"1748\">r\u00e9sistant aux chocs et aux vibrations<\/strong>, ce qui en fait un choix fiable pour les portes dans les environnements \u00e0 fort trafic.<\/p>\n<p class=\"\" data-start=\"1826\" data-end=\"1856\"><strong data-start=\"1826\" data-end=\"1856\">Principales caract\u00e9ristiques et avantages :<\/strong><\/p>\n<ul data-start=\"1857\" data-end=\"2430\">\n<li class=\"\" data-start=\"1857\" data-end=\"1970\">\n<p class=\"\" data-start=\"1859\" data-end=\"1970\"><strong data-start=\"1859\" data-end=\"1879\">Fonction inverse :<\/strong> D\u00e9verrouill\u00e9 en cas de panne de courant pour garantir que la porte reste ouverte en cas de panne de courant.<\/p>\n<\/li>\n<li class=\"\" data-start=\"1971\" data-end=\"2061\">\n<p class=\"\" data-start=\"1973\" data-end=\"2061\"><strong data-start=\"1973\" data-end=\"1993\">R\u00e9sistance \u00e0 la rupture :<\/strong> Peut supporter jusqu&#039;\u00e0 700 kg (7 kN) pour r\u00e9sister aux contraintes physiques.<\/p>\n<\/li>\n<li class=\"\" data-start=\"2062\" data-end=\"2177\">\n<p class=\"\" data-start=\"2064\" data-end=\"2177\"><strong data-start=\"2064\" data-end=\"2089\">Adaptation des cellules de feu :<\/strong> Peut \u00eatre utilis\u00e9 dans les portes de compartiment coupe-feu lorsqu&#039;il est install\u00e9 avec le poteau et le bo\u00eetier de serrure appropri\u00e9s.<\/p>\n<\/li>\n<li class=\"\" data-start=\"2178\" data-end=\"2250\">\n<p class=\"\" data-start=\"2180\" data-end=\"2250\"><strong data-start=\"2180\" data-end=\"2201\">Torsion dans le bronze :<\/strong> Pour une durabilit\u00e9 accrue et une r\u00e9sistance \u00e0 la corrosion.<\/p>\n<\/li>\n<li class=\"\" data-start=\"2251\" data-end=\"2328\">\n<p class=\"\" data-start=\"2253\" data-end=\"2328\"><strong data-start=\"2253\" data-end=\"2270\">Haute s\u00e9curit\u00e9 :<\/strong> Construction r\u00e9sistante aux impacts et aux chocs pour des performances durables.<\/p>\n<\/li>\n<li class=\"\" data-start=\"2329\" data-end=\"2430\">\n<p class=\"\" data-start=\"2331\" data-end=\"2430\"><strong data-start=\"2331\" data-end=\"2350\">Compatibilit\u00e9:<\/strong> Convient aux serrures \u00e0 un ou deux battants, ainsi qu&#039;aux portes suspendues \u00e0 droite et \u00e0 gauche.<\/p>\n<\/li>\n<\/ul>\n<p class=\"\" data-start=\"2432\" data-end=\"2719\"><strong data-start=\"2432\" data-end=\"2450\">Compatibilit\u00e9:<\/strong> La g\u00e2che \u00e9lectrique 71 24V Standard Solid est con\u00e7ue pour \u00eatre utilis\u00e9e dans les portes avec <strong data-start=\"2527\" data-end=\"2542\">serrure \u00e0 un vantail<\/strong> ou <strong data-start=\"2549\" data-end=\"2565\">serrure \u00e0 deux vantaux<\/strong> et s&#039;adapte aux portes droites et gauches.<\/p>\n<p class=\"\" data-start=\"2432\" data-end=\"2719\">Sa fonction inverse le rend utile pour les applications o\u00f9 la porte doit \u00eatre d\u00e9verrouill\u00e9e dans un \u00e9tat hors tension.<\/p>\n<p class=\"\" data-start=\"2721\" data-end=\"2744\"><strong data-start=\"2721\" data-end=\"2744\">Exigences d&#039;alimentation :<\/strong><\/p>\n<ul data-start=\"2745\" data-end=\"2885\">\n<li class=\"\" data-start=\"2745\" data-end=\"2786\">\n<p class=\"\" data-start=\"2747\" data-end=\"2786\"><strong data-start=\"2747\" data-end=\"2760\">tension:<\/strong> 12 V ou 24 V CA\/CC \u00b110 %<\/p>\n<\/li>\n<li class=\"\" data-start=\"2787\" data-end=\"2828\">\n<p class=\"\" data-start=\"2789\" data-end=\"2828\"><strong data-start=\"2789\" data-end=\"2810\">Consommation d&#039;\u00e9nergie\u00a0:<\/strong> 140 mA \u00e0 24 V CC<\/p>\n<\/li>\n<li class=\"\" data-start=\"2829\" data-end=\"2885\">\n<p class=\"\" data-start=\"2831\" data-end=\"2885\"><strong data-start=\"2831\" data-end=\"2848\">Micro-interrupteur\u00a0:<\/strong> Commutation unipolaire, max. 30 V CC, 1 A<\/p>\n<\/li>\n<\/ul>","protected":false},"excerpt":{"rendered":"<p>La g\u00e2che \u00e9lectrique 71 24V Standard Solid d&#039;Assa ABLOY s&#039;adapte aux portes ayant des exigences de s\u00e9curit\u00e9 normales et dispose d&#039;une fonction inverse (d\u00e9verrouillage en cas de panne de courant).<\/p>\n<p>Avec une r\u00e9sistance \u00e0 la rupture de 700 kg et utilisable pour les portes de s\u00e9paration de compartiments coupe-feu.<\/p>","protected":false},"featured_media":137083,"template":"","meta":{"_acf_changed":false},"product_brand":[],"product_cat":[3355],"product_tag":[4197,4201],"class_list":{"0":"post-92841","1":"product","2":"type-product","3":"status-publish","4":"has-post-thumbnail","6":"product_cat-elslutbleck","7":"product_tag-24v","8":"product_tag-omvand","9":"product_shipping_class-tunga-paket","10":"pa_brands-abloy","11":"tm-no-options","13":"first","14":"outofstock","15":"sale","16":"taxable","17":"shipping-taxable","18":"purchasable","19":"product-type-simple"},"acf":[],"_links":{"self":[{"href":"https:\/\/secureus.se\/fr\/wp-json\/wp\/v2\/product\/92841","targetHints":{"allow":["GET"]}}],"collection":[{"href":"https:\/\/secureus.se\/fr\/wp-json\/wp\/v2\/product"}],"about":[{"href":"https:\/\/secureus.se\/fr\/wp-json\/wp\/v2\/types\/product"}],"wp:featuredmedia":[{"embeddable":true,"href":"https:\/\/secureus.se\/fr\/wp-json\/wp\/v2\/media\/137083"}],"wp:attachment":[{"href":"https:\/\/secureus.se\/fr\/wp-json\/wp\/v2\/media?parent=92841"}],"wp:term":[{"taxonomy":"product_brand","embeddable":true,"href":"https:\/\/secureus.se\/fr\/wp-json\/wp\/v2\/product_brand?post=92841"},{"taxonomy":"product_cat","embeddable":true,"href":"https:\/\/secureus.se\/fr\/wp-json\/wp\/v2\/product_cat?post=92841"},{"taxonomy":"product_tag","embeddable":true,"href":"https:\/\/secureus.se\/fr\/wp-json\/wp\/v2\/product_tag?post=92841"}],"curies":[{"name":"wp","href":"https:\/\/api.w.org\/{rel}","templated":true}]}}