{"id":92843,"date":"2024-06-16T23:12:01","date_gmt":"2024-06-16T21:12:01","guid":{"rendered":"https:\/\/secureus.se\/?post_type=product&#038;p=92843"},"modified":"2026-02-20T11:47:07","modified_gmt":"2026-02-20T10:47:07","slug":"elslutbleck-step-60-st600-silent-24v","status":"publish","type":"product","link":"https:\/\/secureus.se\/fr\/elslutbleck-step-60-st600-silent-24v\/","title":{"rendered":"Plaque de terminaison \u00e9lectrique STEP 60 ST600 Silencieuse 24V"},"content":{"rendered":"<h1>Elslutbleck STEP 60 ST600 Silent 24V &#8211; R\u00e4ttv\u00e4nd funktion<\/h1>\n<p class=\"\" data-start=\"734\" data-end=\"1156\">La g\u00e2che \u00e9lectrique STEP 60 Silent 24V fait partie de la s\u00e9rie Silent de STEP et offre une solution unique pour les portes qui n\u00e9cessitent \u00e0 la fois une s\u00e9curit\u00e9 \u00e9lev\u00e9e et de faibles niveaux de bruit.<\/p>\n<p class=\"\" data-start=\"734\" data-end=\"1156\">Le brevet\u00e9 <strong data-start=\"900\" data-end=\"924\">Technologie STEP Silent<\/strong> assure que la porte s&#039;ouvre et se ferme avec un <strong data-start=\"974\" data-end=\"988\">marche douce<\/strong> et presque <strong data-start=\"1000\" data-end=\"1020\">fonction silencieuse<\/strong>, ce qui le rend parfait pour une utilisation dans des environnements o\u00f9 des niveaux de bruit r\u00e9duits sont souhaitables, tels que les bureaux, les \u00e9coles, les h\u00f4pitaux et les immeubles d&#039;appartements.<\/p>\n<p class=\"\" data-start=\"1158\" data-end=\"1547\">Avec un <strong data-start=\"1165\" data-end=\"1203\">r\u00e9sistance \u00e0 la rupture de 1600 kg (16 kN)<\/strong> et un <strong data-start=\"1211\" data-end=\"1244\">capacit\u00e9 de pression de bande de 100 kg<\/strong>, STEP 60 Silent garantit une solution robuste et s\u00fbre pour les portes expos\u00e9es \u00e0 la pression ou \u00e0 des obstacles, tels que la neige ou le gravier au niveau de l&#039;espace de la porte.<\/p>\n<p class=\"\" data-start=\"1158\" data-end=\"1547\">Il est \u00e9quip\u00e9 d&#039;un <strong data-start=\"1407\" data-end=\"1422\">contact des pistons<\/strong> indiquant si la porte est ferm\u00e9e et verrouill\u00e9e ou ouverte et d\u00e9verrouill\u00e9e, ce qui en fait un choix fiable pour la surveillance des portes.<\/p>\n<p class=\"\" data-start=\"1549\" data-end=\"1905\">La g\u00e2che \u00e9lectrique est <strong data-start=\"1566\" data-end=\"1599\">certifi\u00e9 pour la r\u00e9sistance au feu<\/strong> selon <strong data-start=\"1607\" data-end=\"1625\">classe E\/EI 120<\/strong>, ce qui signifie qu&#039;il est approuv\u00e9 pour une utilisation dans les portes de s\u00e9paration coupe-feu dans les b\u00e2timents ayant des exigences \u00e9lev\u00e9es en mati\u00e8re de r\u00e9sistance au feu.<\/p>\n<p class=\"\" data-start=\"1549\" data-end=\"1905\">Il est \u00e9galement con\u00e7u pour \u00eatre utilis\u00e9 en combinaison avec <strong data-start=\"1791\" data-end=\"1806\">serrure \u00e0 un vantail<\/strong> ou <strong data-start=\"1813\" data-end=\"1829\">serrure \u00e0 deux vantaux<\/strong>, ce qui le rend polyvalent et adaptable \u00e0 diverses applications de portes.<\/p>\n<p class=\"\" data-start=\"1907\" data-end=\"1937\"><strong data-start=\"1907\" data-end=\"1937\">Principales caract\u00e9ristiques et avantages :<\/strong><\/p>\n<ul data-start=\"1938\" data-end=\"2645\">\n<li class=\"\" data-start=\"1938\" data-end=\"2035\">\n<p class=\"\" data-start=\"1940\" data-end=\"2035\"><strong data-start=\"1940\" data-end=\"1963\">Fonctionnement fluide et silencieux :<\/strong> La technologie brevet\u00e9e STEP Silent permet une ouverture et une fermeture presque silencieuses.<\/p>\n<\/li>\n<li data-start=\"1938\" data-end=\"2035\"><strong>Fonction orient\u00e9e vers la droite<\/strong><\/li>\n<li class=\"\" data-start=\"2036\" data-end=\"2155\">\n<p class=\"\" data-start=\"2038\" data-end=\"2155\"><strong data-start=\"2038\" data-end=\"2057\">Haute r\u00e9sistance \u00e0 la rupture :<\/strong> R\u00e9siste jusqu&#039;\u00e0 1600 kg (16 kN), offrant une s\u00e9curit\u00e9 robuste pour les portes expos\u00e9es aux contraintes.<\/p>\n<\/li>\n<li class=\"\" data-start=\"2156\" data-end=\"2261\">\n<p class=\"\" data-start=\"2158\" data-end=\"2261\"><strong data-start=\"2158\" data-end=\"2175\">Homologu\u00e9 incendie :<\/strong> Certifi\u00e9 pour la r\u00e9sistance au feu selon E\/EI 120, adapt\u00e9 aux portes de s\u00e9paration de compartiments coupe-feu.<\/p>\n<\/li>\n<li class=\"\" data-start=\"2262\" data-end=\"2356\">\n<p class=\"\" data-start=\"2264\" data-end=\"2356\"><strong data-start=\"2264\" data-end=\"2285\">Technologie d&#039;impression de listes :<\/strong> R\u00e9siste \u00e0 une pression allant jusqu&#039;\u00e0 100 kg et ouvre la porte m\u00eame en cas d&#039;obstacles.<\/p>\n<\/li>\n<li class=\"\" data-start=\"2357\" data-end=\"2487\">\n<p class=\"\" data-start=\"2359\" data-end=\"2487\"><strong data-start=\"2359\" data-end=\"2375\">Contact du piston :<\/strong> Fournit une indication de porte ferm\u00e9e\/ouverte et verrouill\u00e9e\/d\u00e9verrouill\u00e9e, ce qui le rend id\u00e9al pour la surveillance de s\u00e9curit\u00e9.<\/p>\n<\/li>\n<li class=\"\" data-start=\"2488\" data-end=\"2569\">\n<p class=\"\" data-start=\"2490\" data-end=\"2569\"><strong data-start=\"2490\" data-end=\"2515\">Faible consommation d&#039;\u00e9nergie :<\/strong> Max 250 mA \u00e0 24 V CC, ce qui le rend \u00e9conome en \u00e9nergie.<\/p>\n<\/li>\n<li class=\"\" data-start=\"2570\" data-end=\"2645\">\n<p class=\"\" data-start=\"2572\" data-end=\"2645\"><strong data-start=\"2572\" data-end=\"2599\">Protection contre la manipulation :<\/strong> Inviolable et prot\u00e9g\u00e9 contre tout acc\u00e8s non autoris\u00e9.<\/p>\n<\/li>\n<\/ul>\n<p class=\"\" data-start=\"2647\" data-end=\"2969\"><strong data-start=\"2647\" data-end=\"2665\">Compatibilit\u00e9:<\/strong> La g\u00e2che \u00e9lectrique silencieuse STEP 60 est con\u00e7ue pour \u00eatre utilis\u00e9e avec les deux <strong data-start=\"2729\" data-end=\"2744\">serrure \u00e0 un vantail<\/strong> et <strong data-start=\"2749\" data-end=\"2765\">serrure \u00e0 deux vantaux<\/strong>, ce qui le rend adaptable \u00e0 une gamme de syst\u00e8mes de portes diff\u00e9rents.<\/p>\n<p class=\"\" data-start=\"2647\" data-end=\"2969\">C&#039;est aussi <strong data-start=\"2840\" data-end=\"2852\">r\u00e9versible<\/strong> pour les portes droites et gauches et est \u00e9quip\u00e9 d&#039;un <strong data-start=\"2917\" data-end=\"2945\">C\u00e2ble sans halog\u00e8ne de 5 m\u00e8tres<\/strong> pour une installation facile.<\/p>\n<p class=\"\" data-start=\"2971\" data-end=\"2994\"><strong data-start=\"2971\" data-end=\"2994\">Exigences d&#039;alimentation :<\/strong><\/p>\n<ul data-start=\"2995\" data-end=\"3156\">\n<li class=\"\" data-start=\"2995\" data-end=\"3039\">\n<p class=\"\" data-start=\"2997\" data-end=\"3039\"><strong data-start=\"2997\" data-end=\"3010\">tension:<\/strong> 12 V ou 24 V CC \u00b1 15 % -10 %<\/p>\n<\/li>\n<li class=\"\" data-start=\"3040\" data-end=\"3099\">\n<p class=\"\" data-start=\"3042\" data-end=\"3099\"><strong data-start=\"3042\" data-end=\"3063\">Consommation d&#039;\u00e9nergie\u00a0:<\/strong> Max 250 mA \u00e0 24 V CC, 121 mA d\u00e9verrouill\u00e9<\/p>\n<\/li>\n<li class=\"\" data-start=\"3100\" data-end=\"3156\">\n<p class=\"\" data-start=\"3102\" data-end=\"3156\"><strong data-start=\"3102\" data-end=\"3119\">Micro-interrupteur\u00a0:<\/strong> Commutation unipolaire, max. 30 V CC, 1 A<\/p>\n<\/li>\n<\/ul>","protected":false},"excerpt":{"rendered":"<p>La g\u00e2che \u00e9lectrique STEP 60 Silent 24V offre un fonctionnement fluide et silencieux, id\u00e9al pour les portes fr\u00e9quemment utilis\u00e9es, par exemple dans les bureaux, les \u00e9coles et les h\u00f4pitaux.<\/p>\n<p>Haute r\u00e9sistance \u00e0 la rupture (1600 kg) et homologation incendie jusqu&#039;\u00e0 E\/EI 120. Fonctionnement correct.<\/p>","protected":false},"featured_media":138005,"template":"","meta":{"_acf_changed":false},"product_brand":[],"product_cat":[3355],"product_tag":[4197,4200],"class_list":{"0":"post-92843","1":"product","2":"type-product","3":"status-publish","4":"has-post-thumbnail","6":"product_cat-elslutbleck","7":"product_tag-24v","8":"product_tag-rattvand","9":"product_shipping_class-tunga-paket","10":"pa_brands-step","11":"tm-no-options","13":"first","14":"instock","15":"sale","16":"taxable","17":"shipping-taxable","18":"purchasable","19":"product-type-simple"},"acf":[],"_links":{"self":[{"href":"https:\/\/secureus.se\/fr\/wp-json\/wp\/v2\/product\/92843","targetHints":{"allow":["GET"]}}],"collection":[{"href":"https:\/\/secureus.se\/fr\/wp-json\/wp\/v2\/product"}],"about":[{"href":"https:\/\/secureus.se\/fr\/wp-json\/wp\/v2\/types\/product"}],"wp:featuredmedia":[{"embeddable":true,"href":"https:\/\/secureus.se\/fr\/wp-json\/wp\/v2\/media\/138005"}],"wp:attachment":[{"href":"https:\/\/secureus.se\/fr\/wp-json\/wp\/v2\/media?parent=92843"}],"wp:term":[{"taxonomy":"product_brand","embeddable":true,"href":"https:\/\/secureus.se\/fr\/wp-json\/wp\/v2\/product_brand?post=92843"},{"taxonomy":"product_cat","embeddable":true,"href":"https:\/\/secureus.se\/fr\/wp-json\/wp\/v2\/product_cat?post=92843"},{"taxonomy":"product_tag","embeddable":true,"href":"https:\/\/secureus.se\/fr\/wp-json\/wp\/v2\/product_tag?post=92843"}],"curies":[{"name":"wp","href":"https:\/\/api.w.org\/{rel}","templated":true}]}}