{"id":92845,"date":"2024-06-16T23:12:01","date_gmt":"2024-06-16T21:12:01","guid":{"rendered":"https:\/\/secureus.se\/?post_type=product&#038;p=92845"},"modified":"2026-02-20T11:47:11","modified_gmt":"2026-02-20T10:47:11","slug":"elslutbleck-st90-step-90-preload-rattvand-24v","status":"publish","type":"product","link":"https:\/\/secureus.se\/fr\/elslutbleck-st90-step-90-preload-rattvand-24v\/","title":{"rendered":"Plaque d&#039;extr\u00e9mit\u00e9 \u00e9lectrique ST90 (Pr\u00e9charge STEP 90) Face \u00e0 droite 24V"},"content":{"rendered":"<h1>Plaque d&#039;extr\u00e9mit\u00e9 \u00e9lectrique ST90 (Pr\u00e9charge STEP 90) Face \u00e0 droite 24V<\/h1>\n<p class=\"\" data-start=\"760\" data-end=\"1205\">La g\u00e2che \u00e9lectrique ST90 (STEP 90 Preload) Droite 24V fait partie de la s\u00e9rie Preload de STEP et offre un \u00e9quilibre parfait entre haute s\u00e9curit\u00e9, dimensions compactes et construction robuste.<\/p>\n<p class=\"\" data-start=\"760\" data-end=\"1205\">Cette g\u00e2che \u00e9lectrique est \u00e9quip\u00e9e du syst\u00e8me brevet\u00e9 STEP <strong data-start=\"987\" data-end=\"1007\">technique d&#039;impression de liste<\/strong>, qui permet d&#039;ouvrir la porte malgr\u00e9 une pression jusqu&#039;\u00e0 <strong data-start=\"1066\" data-end=\"1076\">250 kg<\/strong>, ce qui est parfait pour les portes expos\u00e9es \u00e0 une pression excessive, au gravier ou \u00e0 la neige au seuil, ou pour les portes qui peuvent \u00eatre l\u00e9g\u00e8rement tordues.<\/p>\n<p class=\"\" data-start=\"1207\" data-end=\"1620\">Avec un <strong data-start=\"1214\" data-end=\"1252\">r\u00e9sistance \u00e0 la rupture de 1200 kg (12 kN)<\/strong>La pr\u00e9charge STEP 90 garantit une s\u00e9curit\u00e9 \u00e9lev\u00e9e et a \u00e9t\u00e9 test\u00e9e pour r\u00e9sister jusqu&#039;\u00e0 <strong data-start=\"1338\" data-end=\"1366\">1 500 000 cycles d&#039;ouverture<\/strong>, ce qui en fait une solution durable et fiable pour les portes \u00e0 fr\u00e9quence d&#039;ouverture \u00e9lev\u00e9e.<\/p>\n<p class=\"\" data-start=\"1207\" data-end=\"1620\">Il est \u00e9galement \u00e9quip\u00e9 de <strong data-start=\"1490\" data-end=\"1512\">diode de protection int\u00e9gr\u00e9e<\/strong>, qui \u00e9vite d&#039;endommager les \u00e9quipements \u00e9lectriques, tels que les serrures \u00e0 code ou les lecteurs de cartes, lors de pics de tension.<\/p>\n<p data-start=\"1207\" data-end=\"1620\">La pr\u00e9charge de l&#039;\u00c9TAPE 90 est <strong data-start=\"1641\" data-end=\"1672\">homologu\u00e9 incendie selon la norme E\/EI120<\/strong>, ce qui signifie qu&#039;il est certifi\u00e9 pour une r\u00e9sistance au feu jusqu&#039;\u00e0 120 minutes, ce qui le rend adapt\u00e9 \u00e0 une utilisation dans les portes de s\u00e9paration de compartiments coupe-feu.<\/p>\n<p data-start=\"1207\" data-end=\"1620\">Il peut \u00eatre utilis\u00e9 \u00e0 la fois dans <strong data-start=\"1843\" data-end=\"1855\">vertueux<\/strong> et <strong data-start=\"1860\" data-end=\"1870\">inverse<\/strong> fonction qui offre une flexibilit\u00e9 pour diff\u00e9rents besoins d&#039;installation et facilite la personnalisation lors de l&#039;installation.<\/p>\n<p data-start=\"1207\" data-end=\"1620\">De plus, c&#039;est <strong data-start=\"1999\" data-end=\"2011\">r\u00e9versible<\/strong> pour s&#039;adapter aux portes \u00e0 ouverture \u00e0 droite et \u00e0 ouverture \u00e0 gauche, rendant l&#039;installation encore plus flexible.<\/p>\n<p class=\"\" data-start=\"2110\" data-end=\"2140\"><strong data-start=\"2110\" data-end=\"2140\">Principales caract\u00e9ristiques et avantages :<\/strong><\/p>\n<ul data-start=\"2141\" data-end=\"2915\">\n<li class=\"\" data-start=\"2141\" data-end=\"2241\">\n<p class=\"\" data-start=\"2143\" data-end=\"2241\"><strong data-start=\"2143\" data-end=\"2167\">Fonction commutable :<\/strong> Fonction marche avant et marche arri\u00e8re pour s&#039;adapter aux diff\u00e9rents besoins d&#039;installation.<\/p>\n<\/li>\n<li class=\"\" data-start=\"2242\" data-end=\"2383\">\n<p class=\"\" data-start=\"2244\" data-end=\"2383\"><strong data-start=\"2244\" data-end=\"2265\">Technologie d&#039;impression de listes :<\/strong> R\u00e9siste jusqu&#039;\u00e0 250 kg de pression sans affecter la fonction de la porte, ce qui en fait un choix s\u00fbr dans les environnements expos\u00e9s.<\/p>\n<\/li>\n<li class=\"\" data-start=\"2384\" data-end=\"2503\">\n<p class=\"\" data-start=\"2386\" data-end=\"2503\"><strong data-start=\"2386\" data-end=\"2403\">Homologu\u00e9 incendie :<\/strong> Certifi\u00e9 pour la r\u00e9sistance au feu selon la norme E\/EI120, ce qui le rend adapt\u00e9 aux portes de s\u00e9paration de compartiments coupe-feu.<\/p>\n<\/li>\n<li class=\"\" data-start=\"2504\" data-end=\"2604\">\n<p class=\"\" data-start=\"2506\" data-end=\"2604\"><strong data-start=\"2506\" data-end=\"2525\">Haute r\u00e9sistance \u00e0 la rupture :<\/strong> 1200 kg (12 kN), ce qui offre une protection tr\u00e8s robuste contre les contraintes physiques.<\/p>\n<\/li>\n<li class=\"\" data-start=\"2605\" data-end=\"2680\">\n<p class=\"\" data-start=\"2607\" data-end=\"2680\"><strong data-start=\"2607\" data-end=\"2634\">Protection contre la manipulation :<\/strong> Inviolable et prot\u00e9g\u00e9 contre tout acc\u00e8s non autoris\u00e9.<\/p>\n<\/li>\n<li class=\"\" data-start=\"2681\" data-end=\"2791\">\n<p class=\"\" data-start=\"2683\" data-end=\"2791\"><strong data-start=\"2683\" data-end=\"2702\">Longue dur\u00e9e de vie :<\/strong> Test\u00e9 en usine jusqu&#039;\u00e0 1 500 000 cycles d&#039;ouverture pour garantir un fonctionnement \u00e0 long terme.<\/p>\n<\/li>\n<li class=\"\" data-start=\"2792\" data-end=\"2915\">\n<p class=\"\" data-start=\"2794\" data-end=\"2915\"><strong data-start=\"2794\" data-end=\"2820\">Installation flexible\u00a0:<\/strong> Convient aux serrures \u00e0 simple et double loquet et est r\u00e9versible pour les portes suspendues \u00e0 droite ou \u00e0 gauche.<\/p>\n<\/li>\n<\/ul>\n<p class=\"\" data-start=\"2917\" data-end=\"3181\"><strong data-start=\"2917\" data-end=\"2935\">Compatibilit\u00e9:<\/strong> La g\u00e2che \u00e9lectrique ST90 Preload est compatible avec <strong data-start=\"2980\" data-end=\"2995\">serrure \u00e0 un vantail<\/strong> et <strong data-start=\"3000\" data-end=\"3016\">serrure \u00e0 deux vantaux<\/strong> et s&#039;adapte aux portes r\u00e9pondant aux exigences de s\u00e9curit\u00e9 normales.<\/p>\n<p class=\"\" data-start=\"2917\" data-end=\"3181\">Il est \u00e9galement con\u00e7u pour \u00eatre utilis\u00e9 dans <strong data-start=\"3101\" data-end=\"3129\">portes de s\u00e9paration des compartiments coupe-feu<\/strong> lorsqu&#039;il est install\u00e9 avec un poteau et un bo\u00eetier de verrouillage appropri\u00e9s.<\/p>\n<p class=\"\" data-start=\"3183\" data-end=\"3206\"><strong data-start=\"3183\" data-end=\"3206\">Exigences d&#039;alimentation :<\/strong><\/p>\n<ul data-start=\"3207\" data-end=\"3363\">\n<li class=\"\" data-start=\"3207\" data-end=\"3251\">\n<p class=\"\" data-start=\"3209\" data-end=\"3251\"><strong data-start=\"3209\" data-end=\"3222\">tension:<\/strong> 12 V ou 24 V CC \u00b1 15 % -10 %<\/p>\n<\/li>\n<li class=\"\" data-start=\"3252\" data-end=\"3307\">\n<p class=\"\" data-start=\"3254\" data-end=\"3307\"><strong data-start=\"3254\" data-end=\"3275\">Consommation d&#039;\u00e9nergie\u00a0:<\/strong> 110 mAh \u00e0 24 V CC (max 300 mA)<\/p>\n<\/li>\n<li class=\"\" data-start=\"3308\" data-end=\"3363\">\n<p class=\"\" data-start=\"3310\" data-end=\"3363\"><strong data-start=\"3310\" data-end=\"3327\">Micro-interrupteur\u00a0:<\/strong> Commutation unipolaire, max. 30 V CC, 1 A<\/p>\n<\/li>\n<\/ul>","protected":false},"excerpt":{"rendered":"<p>La g\u00e2che \u00e9lectrique ST90 (pr\u00e9charge STEP 90) R\u00e4ttv\u00e4nd 24V est une g\u00e2che \u00e9lectrique compacte et puissante avec technologie de pression de bande qui peut supporter jusqu&#039;\u00e0 250 kg de pression et 1200 kg de r\u00e9sistance \u00e0 la rupture.<\/p>\n<p>Certifi\u00e9 pour la r\u00e9sistance au feu jusqu&#039;\u00e0 E\/EI120, parfait pour les portes \u00e0 haute fr\u00e9quence.<\/p>","protected":false},"featured_media":137312,"template":"","meta":{"_acf_changed":false},"product_brand":[],"product_cat":[3355],"product_tag":[4197,4200],"class_list":{"0":"post-92845","1":"product","2":"type-product","3":"status-publish","4":"has-post-thumbnail","6":"product_cat-elslutbleck","7":"product_tag-24v","8":"product_tag-rattvand","9":"product_shipping_class-tunga-paket","10":"pa_brands-step","11":"tm-no-options","13":"first","14":"instock","15":"sale","16":"taxable","17":"shipping-taxable","18":"purchasable","19":"product-type-simple"},"acf":[],"_links":{"self":[{"href":"https:\/\/secureus.se\/fr\/wp-json\/wp\/v2\/product\/92845","targetHints":{"allow":["GET"]}}],"collection":[{"href":"https:\/\/secureus.se\/fr\/wp-json\/wp\/v2\/product"}],"about":[{"href":"https:\/\/secureus.se\/fr\/wp-json\/wp\/v2\/types\/product"}],"wp:featuredmedia":[{"embeddable":true,"href":"https:\/\/secureus.se\/fr\/wp-json\/wp\/v2\/media\/137312"}],"wp:attachment":[{"href":"https:\/\/secureus.se\/fr\/wp-json\/wp\/v2\/media?parent=92845"}],"wp:term":[{"taxonomy":"product_brand","embeddable":true,"href":"https:\/\/secureus.se\/fr\/wp-json\/wp\/v2\/product_brand?post=92845"},{"taxonomy":"product_cat","embeddable":true,"href":"https:\/\/secureus.se\/fr\/wp-json\/wp\/v2\/product_cat?post=92845"},{"taxonomy":"product_tag","embeddable":true,"href":"https:\/\/secureus.se\/fr\/wp-json\/wp\/v2\/product_tag?post=92845"}],"curies":[{"name":"wp","href":"https:\/\/api.w.org\/{rel}","templated":true}]}}