{"id":92849,"date":"2024-06-16T23:12:01","date_gmt":"2024-06-16T21:12:01","guid":{"rendered":"https:\/\/secureus.se\/?post_type=product&#038;p=92849"},"modified":"2026-02-20T11:47:04","modified_gmt":"2026-02-20T10:47:04","slug":"elslutbleck-40-st41-preload-omvand-24-vdc","status":"publish","type":"product","link":"https:\/\/secureus.se\/fr\/elslutbleck-40-st41-preload-omvand-24-vdc\/","title":{"rendered":"Plaque d&#039;extr\u00e9mit\u00e9 \u00e9lectrique 40 ST41 Pr\u00e9charge invers\u00e9e 24 Vdc"},"content":{"rendered":"<h1>Plaque d&#039;extr\u00e9mit\u00e9 \u00e9lectrique 40 ST41 Pr\u00e9charge invers\u00e9e 24 Vdc<\/h1>\n<p class=\"\" data-start=\"702\" data-end=\"1123\">La g\u00e2che \u00e9lectrique 40 ST41 Preload Reverse 24VDC de STEP fait partie de la s\u00e9rie Preload de STEP, qui combine des dimensions minimales avec des performances tr\u00e8s \u00e9lev\u00e9es pour les portes avec des exigences de s\u00e9curit\u00e9 normales.<\/p>\n<p class=\"\" data-start=\"702\" data-end=\"1123\">La technologie brevet\u00e9e de pression de bande du STEP 40 permet \u00e0 la g\u00e2che \u00e9lectrique de s&#039;ouvrir m\u00eame si la porte est soumise \u00e0 une pression allant jusqu&#039;\u00e0 250 kg, ce qui la rend particuli\u00e8rement utile pour les portes expos\u00e9es \u00e0 des obstacles tels que du gravier, de la neige ou la pression d&#039;une porte tordue.<\/p>\n<p class=\"\" data-start=\"1125\" data-end=\"1476\">Ce mod\u00e8le a un <strong data-start=\"1145\" data-end=\"1164\">fonction inverse<\/strong>, ce qui signifie que la porte est d\u00e9verrouill\u00e9e \u00e0 l&#039;\u00e9tat hors tension, ce qui la rend adapt\u00e9e aux applications o\u00f9 la porte doit \u00eatre d\u00e9verrouill\u00e9e en l&#039;absence d&#039;alimentation, par exemple. dans les situations d&#039;urgence.<\/p>\n<p class=\"\" data-start=\"1125\" data-end=\"1476\">L&#039;int\u00e9gr\u00e9 <strong data-start=\"1352\" data-end=\"1368\">la diode de protection<\/strong> \u00e9vite d&#039;endommager les composants \u00e9lectroniques, tels que les serrures \u00e0 code ou les lecteurs de cartes, en cas d&#039;\u00e9ventuelles pointes de tension.<\/p>\n<p class=\"\" data-start=\"1478\" data-end=\"1777\">La g\u00e2che \u00e9lectrique a une impressionnante <strong data-start=\"1511\" data-end=\"1549\">r\u00e9sistance \u00e0 la rupture de 1200 kg (12 kN)<\/strong> et est test\u00e9 en usine jusqu&#039;\u00e0 1 500 000 cycles d&#039;ouverture, ce qui le rend extr\u00eamement durable et fiable m\u00eame dans des environnements \u00e0 fr\u00e9quence d&#039;ouverture \u00e9lev\u00e9e.<\/p>\n<p class=\"\" data-start=\"1478\" data-end=\"1777\">De plus, il est con\u00e7u pour r\u00e9sister aux manipulations, ce qui offre une s\u00e9curit\u00e9 accrue.<\/p>\n<p class=\"\" data-start=\"1779\" data-end=\"2066\">C&#039;est aussi <strong data-start=\"1792\" data-end=\"1803\">r\u00e9versible<\/strong> pour s&#039;adapter aux portes suspendues \u00e0 droite et \u00e0 gauche, rendant l&#039;installation facile et flexible.<\/p>\n<p class=\"\" data-start=\"1779\" data-end=\"2066\">Pour plus de flexibilit\u00e9 lors de l&#039;installation, la g\u00e2che \u00e9lectrique est dot\u00e9e <strong data-start=\"1962\" data-end=\"1998\">trous de vis pour vis inclin\u00e9es<\/strong> sur le bord arri\u00e8re, ce qui facilite le r\u00e9glage pour une position pr\u00e9cise.<\/p>\n<p class=\"\" data-start=\"2068\" data-end=\"2098\"><strong data-start=\"2068\" data-end=\"2098\">Principales caract\u00e9ristiques et avantages :<\/strong><\/p>\n<ul data-start=\"2099\" data-end=\"2804\">\n<li class=\"\" data-start=\"2099\" data-end=\"2214\">\n<p class=\"\" data-start=\"2101\" data-end=\"2214\"><strong data-start=\"2101\" data-end=\"2121\">Fonction inverse :<\/strong> D\u00e9verrouill\u00e9 en mode hors tension, ce qui convient \u00e0 des applications sp\u00e9cifiques telles que les urgences.<\/p>\n<\/li>\n<li class=\"\" data-start=\"2215\" data-end=\"2337\">\n<p class=\"\" data-start=\"2217\" data-end=\"2337\"><strong data-start=\"2217\" data-end=\"2238\">Technologie d&#039;impression de listes :<\/strong> Peut ouvrir la porte malgr\u00e9 une pression allant jusqu&#039;\u00e0 250 kg, ce qui \u00e9vite les temps d&#039;arr\u00eat lorsque la pression est appliqu\u00e9e sur la porte.<\/p>\n<\/li>\n<li class=\"\" data-start=\"2338\" data-end=\"2436\">\n<p class=\"\" data-start=\"2340\" data-end=\"2436\"><strong data-start=\"2340\" data-end=\"2364\">Haute r\u00e9sistance \u00e0 la traction :<\/strong> 1200 kg (12 kN) pour r\u00e9sister aux contraintes et assurer une s\u00e9curit\u00e9 \u00e0 long terme.<\/p>\n<\/li>\n<li class=\"\" data-start=\"2437\" data-end=\"2538\">\n<p class=\"\" data-start=\"2439\" data-end=\"2538\"><strong data-start=\"2439\" data-end=\"2469\">Durabilit\u00e9 test\u00e9e en usine :<\/strong> Test\u00e9 sur 1 500 000 cycles pour garantir des performances durables.<\/p>\n<\/li>\n<li class=\"\" data-start=\"2539\" data-end=\"2619\">\n<p class=\"\" data-start=\"2541\" data-end=\"2619\"><strong data-start=\"2541\" data-end=\"2564\">Protection contre les manipulations\u00a0:<\/strong> Emp\u00eache les acc\u00e8s non autoris\u00e9s et am\u00e9liore la s\u00e9curit\u00e9.<\/p>\n<\/li>\n<li class=\"\" data-start=\"2620\" data-end=\"2715\">\n<p class=\"\" data-start=\"2622\" data-end=\"2715\"><strong data-start=\"2622\" data-end=\"2647\">Installation r\u00e9versible :<\/strong> Convient aux portes droites et gauches pour une installation facile.<\/p>\n<\/li>\n<li class=\"\" data-start=\"2716\" data-end=\"2804\">\n<p class=\"\" data-start=\"2718\" data-end=\"2804\"><strong data-start=\"2718\" data-end=\"2733\">Diode de protection :<\/strong> Diode de protection int\u00e9gr\u00e9e pour prot\u00e9ger contre les transitoires et les pics de tension.<\/p>\n<\/li>\n<\/ul>\n<p class=\"\" data-start=\"2806\" data-end=\"3079\"><strong data-start=\"2806\" data-end=\"2824\">Compatibilit\u00e9:<\/strong> La g\u00e2che \u00e9lectrique 40 ST41 Preload est compatible avec les serrures \u00e0 simple et double p\u00eane et est con\u00e7ue pour les portes ayant des exigences de s\u00e9curit\u00e9 normales.<\/p>\n<p class=\"\" data-start=\"2806\" data-end=\"3079\">Sa fonction le rend id\u00e9al pour une utilisation dans les portes soumises \u00e0 pression ou pour les portes \u00e0 fr\u00e9quence d&#039;ouverture \u00e9lev\u00e9e.<\/p>\n<p class=\"\" data-start=\"3081\" data-end=\"3104\"><strong data-start=\"3081\" data-end=\"3104\">Exigences d&#039;alimentation :<\/strong><\/p>\n<ul data-start=\"3105\" data-end=\"3271\">\n<li class=\"\" data-start=\"3105\" data-end=\"3149\">\n<p class=\"\" data-start=\"3107\" data-end=\"3149\"><strong data-start=\"3107\" data-end=\"3120\">tension:<\/strong> 12 V ou 24 V CC \u00b1 15 % -10 %<\/p>\n<\/li>\n<li class=\"\" data-start=\"3150\" data-end=\"3205\">\n<p class=\"\" data-start=\"3152\" data-end=\"3205\"><strong data-start=\"3152\" data-end=\"3173\">Consommation d&#039;\u00e9nergie\u00a0:<\/strong> 110 mAh \u00e0 24 V CC (max 300 mA)<\/p>\n<\/li>\n<li class=\"\" data-start=\"3206\" data-end=\"3271\">\n<p class=\"\" data-start=\"3208\" data-end=\"3271\"><strong data-start=\"3208\" data-end=\"3223\">Diode de protection :<\/strong> Diode de protection int\u00e9gr\u00e9e pour prot\u00e9ger l&#039;\u00e9lectronique.<\/p>\n<\/li>\n<\/ul>","protected":false},"excerpt":{"rendered":"<p>La g\u00e2che \u00e9lectrique 40 ST41 Preload Reverse 24VDC de STEP offre une s\u00e9curit\u00e9 et une flexibilit\u00e9 \u00e9lev\u00e9es gr\u00e2ce \u00e0 la fonction inverse et \u00e0 la technologie de pression de bande.<\/p>\n<p>R\u00e9siste jusqu&#039;\u00e0 250 kg de pression et 1200 kg de r\u00e9sistance \u00e0 la rupture, parfait pour les portes avec des exigences de s\u00e9curit\u00e9 normales.<\/p>","protected":false},"featured_media":137069,"template":"","meta":{"_acf_changed":false},"product_brand":[],"product_cat":[3355],"product_tag":[4197,4202],"class_list":{"0":"post-92849","1":"product","2":"type-product","3":"status-publish","4":"has-post-thumbnail","6":"product_cat-elslutbleck","7":"product_tag-24v","8":"product_tag-omstallbar-rattvand-omvand","9":"product_shipping_class-tunga-paket","10":"pa_brands-step","11":"tm-no-options","13":"first","14":"instock","15":"sale","16":"taxable","17":"shipping-taxable","18":"purchasable","19":"product-type-simple"},"acf":[],"_links":{"self":[{"href":"https:\/\/secureus.se\/fr\/wp-json\/wp\/v2\/product\/92849","targetHints":{"allow":["GET"]}}],"collection":[{"href":"https:\/\/secureus.se\/fr\/wp-json\/wp\/v2\/product"}],"about":[{"href":"https:\/\/secureus.se\/fr\/wp-json\/wp\/v2\/types\/product"}],"wp:featuredmedia":[{"embeddable":true,"href":"https:\/\/secureus.se\/fr\/wp-json\/wp\/v2\/media\/137069"}],"wp:attachment":[{"href":"https:\/\/secureus.se\/fr\/wp-json\/wp\/v2\/media?parent=92849"}],"wp:term":[{"taxonomy":"product_brand","embeddable":true,"href":"https:\/\/secureus.se\/fr\/wp-json\/wp\/v2\/product_brand?post=92849"},{"taxonomy":"product_cat","embeddable":true,"href":"https:\/\/secureus.se\/fr\/wp-json\/wp\/v2\/product_cat?post=92849"},{"taxonomy":"product_tag","embeddable":true,"href":"https:\/\/secureus.se\/fr\/wp-json\/wp\/v2\/product_tag?post=92849"}],"curies":[{"name":"wp","href":"https:\/\/api.w.org\/{rel}","templated":true}]}}