{"id":92851,"date":"2024-06-16T23:12:01","date_gmt":"2024-06-16T21:12:01","guid":{"rendered":"https:\/\/secureus.se\/?post_type=product&#038;p=92851"},"modified":"2026-04-08T16:38:17","modified_gmt":"2026-04-08T14:38:17","slug":"elslutbleck-st925-step-92-preload","status":"publish","type":"product","link":"https:\/\/secureus.se\/fr\/elslutbleck-st925-step-92-preload\/","title":{"rendered":"Plaque d&#039;extr\u00e9mit\u00e9 \u00e9lectrique ST925 (\u00c9TAPE 92 Pr\u00e9charge)"},"content":{"rendered":"<h1>Plaque d&#039;extr\u00e9mit\u00e9 \u00e9lectrique ST925 (\u00c9TAPE 92 Pr\u00e9charge)<\/h1>\n<p class=\"\" data-start=\"710\" data-end=\"1125\">La g\u00e2che \u00e9lectrique ST925 (pr\u00e9charge STEP 92) est une solution avanc\u00e9e pour les portes qui n\u00e9cessitent une s\u00e9curit\u00e9 et une flexibilit\u00e9 \u00e9lev\u00e9es.<\/p>\n<p class=\"\" data-start=\"710\" data-end=\"1125\">Gr\u00e2ce \u00e0 une fonction marche avant-arri\u00e8re commutable, le ST925 peut \u00eatre adapt\u00e9 \u00e0 de nombreuses applications de porte diff\u00e9rentes.<\/p>\n<p class=\"\" data-start=\"710\" data-end=\"1125\">Il est particuli\u00e8rement utile pour les portes avec serrures \u00e0 double p\u00eane, o\u00f9 le verrouillage \u00e9lectrique est s\u00e9par\u00e9 sur chaque p\u00eane, ce qui permet d&#039;utiliser la porte avec un automatisme de porte ou des poign\u00e9es de tirage.<\/p>\n<p class=\"\" data-start=\"1127\" data-end=\"1614\">L\u2019une des caract\u00e9ristiques les plus importantes du ST925 est son <strong data-start=\"1179\" data-end=\"1199\">approbation incendie<\/strong> selon <strong data-start=\"1207\" data-end=\"1225\">classe E\/EI 120<\/strong>, ce qui signifie qu&#039;il est certifi\u00e9 pour r\u00e9sister au feu pendant une p\u00e9riode allant jusqu&#039;\u00e0 120 minutes.<\/p>\n<p class=\"\" data-start=\"1127\" data-end=\"1614\">Cela fait de la g\u00e2che \u00e9lectrique une solution parfaite pour les b\u00e2timents o\u00f9 les exigences en mati\u00e8re d&#039;incendie sont cruciales, tandis qu&#039;elle peut \u00eatre int\u00e9gr\u00e9e \u00e0 l&#039;automatisation des portes pour une ouverture facile en cas d&#039;urgence.<\/p>\n<p class=\"\" data-start=\"1127\" data-end=\"1614\">Il peut m\u00eame \u00eatre ouvert via une alarme incendie, permettant une r\u00e9occupation de mani\u00e8re contr\u00f4l\u00e9e.<\/p>\n<p class=\"\" data-start=\"1616\" data-end=\"2016\">STEP 92 Preload est \u00e9galement \u00e9quip\u00e9 de <strong data-start=\"1654\" data-end=\"1674\">technique d&#039;impression de liste<\/strong>, ce qui signifie qu&#039;il peut \u00eatre ouvert m\u00eame lorsque la porte est soumise \u00e0 une pression allant jusqu&#039;\u00e0 250 kg (2,5 kN).<\/p>\n<p class=\"\" data-start=\"1616\" data-end=\"2016\">C&#039;est un grand avantage dans les environnements o\u00f9 la porte est expos\u00e9e \u00e0 la pression, par exemple en raison d&#039;une surpression dans le b\u00e2timent, de neige ou de gravier bloquant l&#039;espace de la porte ou de portes d\u00e9form\u00e9es.<\/p>\n<p class=\"\" data-start=\"1616\" data-end=\"2016\">Cette fonction garantit un fonctionnement fiable sans interruption.<\/p>\n<p class=\"\" data-start=\"2018\" data-end=\"2304\">Le ST925 est \u00e9galement con\u00e7u pour r\u00e9sister \u00e0 des contraintes extr\u00eames, avec une r\u00e9sistance \u00e0 la rupture de <strong data-start=\"2107\" data-end=\"2126\">1200 kg (12 kN)<\/strong> et une durabilit\u00e9 qui est test\u00e9e pour r\u00e9sister <strong data-start=\"2172\" data-end=\"2192\">1 500 000 cycles<\/strong>.<\/p>\n<p class=\"\" data-start=\"2018\" data-end=\"2304\">De plus, il dispose d&#039;un <strong data-start=\"2215\" data-end=\"2249\">protection int\u00e9gr\u00e9e contre la manipulation<\/strong>, qui offre une s\u00e9curit\u00e9 suppl\u00e9mentaire contre les acc\u00e8s non autoris\u00e9s.<\/p>\n<p class=\"\" data-start=\"2306\" data-end=\"2336\"><strong data-start=\"2306\" data-end=\"2336\">Principales caract\u00e9ristiques et avantages :<\/strong><\/p>\n<ul data-start=\"2337\" data-end=\"2974\">\n<li class=\"\" data-start=\"2337\" data-end=\"2442\">\n<p class=\"\" data-start=\"2339\" data-end=\"2442\"><strong data-start=\"2339\" data-end=\"2363\">Fonction commutable :<\/strong> Fonction marche avant et marche arri\u00e8re pour une adaptation \u00e0 diff\u00e9rentes applications de porte.<\/p>\n<\/li>\n<li class=\"\" data-start=\"2443\" data-end=\"2581\">\n<p class=\"\" data-start=\"2445\" data-end=\"2581\"><strong data-start=\"2445\" data-end=\"2473\">Homologu\u00e9 incendie (E\/EI 120) :<\/strong> Certifi\u00e9 pour une r\u00e9sistance au feu jusqu&#039;\u00e0 120 minutes, ce qui le rend id\u00e9al pour les b\u00e2timents ayant des exigences en mati\u00e8re d&#039;incendie.<\/p>\n<\/li>\n<li class=\"\" data-start=\"2582\" data-end=\"2670\">\n<p class=\"\" data-start=\"2584\" data-end=\"2670\"><strong data-start=\"2584\" data-end=\"2605\">Technologie d&#039;impression de listes :<\/strong> R\u00e9siste \u00e0 une pression allant jusqu&#039;\u00e0 250 kg sans perturber le fonctionnement de la porte.<\/p>\n<\/li>\n<li class=\"\" data-start=\"2671\" data-end=\"2770\">\n<p class=\"\" data-start=\"2673\" data-end=\"2770\"><strong data-start=\"2673\" data-end=\"2697\">Haute r\u00e9sistance \u00e0 la traction :<\/strong> 1200 kg (12 kN) pour r\u00e9sister aux contraintes physiques et aux manipulations.<\/p>\n<\/li>\n<li class=\"\" data-start=\"2771\" data-end=\"2889\">\n<p class=\"\" data-start=\"2773\" data-end=\"2889\"><strong data-start=\"2773\" data-end=\"2798\">Utilisation polyvalente :<\/strong> Convient aux portes \u00e9quip\u00e9es de serrures \u00e0 double loquet, y compris les syst\u00e8mes tels que les s\u00e9ries Connect, Modul et Narrow Profile.<\/p>\n<\/li>\n<li class=\"\" data-start=\"2890\" data-end=\"2974\">\n<p class=\"\" data-start=\"2892\" data-end=\"2974\"><strong data-start=\"2892\" data-end=\"2912\">Surveillance de porte :<\/strong> Interrupteur \u00e0 piston pour indiquer si la porte est ferm\u00e9e ou ouverte.<\/p>\n<\/li>\n<\/ul>\n<p class=\"\" data-start=\"2976\" data-end=\"3287\"><strong data-start=\"2976\" data-end=\"2994\">Compatibilit\u00e9:<\/strong> La g\u00e2che \u00e9lectrique ST925 est compatible avec les bo\u00eetiers de serrure pour <strong data-start=\"3043\" data-end=\"3059\">serrure \u00e0 deux vantaux<\/strong> dans les s\u00e9ries Connect, Modul et Narrow Profile, ce qui en fait un choix polyvalent pour l&#039;installation dans une gamme d&#039;applications.<\/p>\n<p class=\"\" data-start=\"2976\" data-end=\"3287\">Il est r\u00e9versible pour les portes \u00e0 suspension \u00e0 droite et \u00e0 gauche, offrant une flexibilit\u00e9 lors de l&#039;installation.<\/p>\n<p class=\"\" data-start=\"3289\" data-end=\"3312\"><strong data-start=\"3289\" data-end=\"3312\">Exigences d&#039;alimentation :<\/strong><\/p>\n<ul data-start=\"3313\" data-end=\"3481\">\n<li class=\"\" data-start=\"3313\" data-end=\"3357\">\n<p class=\"\" data-start=\"3315\" data-end=\"3357\"><strong data-start=\"3315\" data-end=\"3328\">tension:<\/strong> 12 V ou 24 V CC \u00b1 15 % -10 %<\/p>\n<\/li>\n<li class=\"\" data-start=\"3358\" data-end=\"3413\">\n<p class=\"\" data-start=\"3360\" data-end=\"3413\"><strong data-start=\"3360\" data-end=\"3381\">Consommation d&#039;\u00e9nergie\u00a0:<\/strong> 110 mAh \u00e0 24 V CC (max 300 mA)<\/p>\n<\/li>\n<li class=\"\" data-start=\"3414\" data-end=\"3481\">\n<p class=\"\" data-start=\"3416\" data-end=\"3481\"><strong data-start=\"3416\" data-end=\"3432\">Contact du piston :<\/strong> Microrupteur, inverseur unipolaire, max 30 V CC, 1 A<\/p>\n<\/li>\n<\/ul>","protected":false},"excerpt":{"rendered":"<p>La g\u00e2che \u00e9lectrique ST925 (STEP 92 Preload) de STEP est une g\u00e2che \u00e9lectrique coupe-feu pour serrures \u00e0 deux vantaux avec fonction r\u00e9glable, pression de bande de 250 kg et r\u00e9sistance \u00e0 la rupture \u00e9lev\u00e9e (1200 kg).<\/p>\n<p>Id\u00e9al pour les portes avec ouvre-portes automatiques ou poign\u00e9es de tirage.<\/p>","protected":false},"featured_media":137289,"template":"","meta":{"_acf_changed":false},"product_brand":[],"product_cat":[3355],"product_tag":[4197,4202],"class_list":{"0":"post-92851","1":"product","2":"type-product","3":"status-publish","4":"has-post-thumbnail","6":"product_cat-elslutbleck","7":"product_tag-24v","8":"product_tag-omstallbar-rattvand-omvand","9":"product_shipping_class-tunga-paket","10":"pa_brands-step","11":"tm-no-options","13":"first","14":"instock","15":"sale","16":"taxable","17":"shipping-taxable","18":"purchasable","19":"product-type-simple"},"acf":[],"_links":{"self":[{"href":"https:\/\/secureus.se\/fr\/wp-json\/wp\/v2\/product\/92851","targetHints":{"allow":["GET"]}}],"collection":[{"href":"https:\/\/secureus.se\/fr\/wp-json\/wp\/v2\/product"}],"about":[{"href":"https:\/\/secureus.se\/fr\/wp-json\/wp\/v2\/types\/product"}],"wp:featuredmedia":[{"embeddable":true,"href":"https:\/\/secureus.se\/fr\/wp-json\/wp\/v2\/media\/137289"}],"wp:attachment":[{"href":"https:\/\/secureus.se\/fr\/wp-json\/wp\/v2\/media?parent=92851"}],"wp:term":[{"taxonomy":"product_brand","embeddable":true,"href":"https:\/\/secureus.se\/fr\/wp-json\/wp\/v2\/product_brand?post=92851"},{"taxonomy":"product_cat","embeddable":true,"href":"https:\/\/secureus.se\/fr\/wp-json\/wp\/v2\/product_cat?post=92851"},{"taxonomy":"product_tag","embeddable":true,"href":"https:\/\/secureus.se\/fr\/wp-json\/wp\/v2\/product_tag?post=92851"}],"curies":[{"name":"wp","href":"https:\/\/api.w.org\/{rel}","templated":true}]}}