{"id":92855,"date":"2024-06-16T23:12:02","date_gmt":"2024-06-16T21:12:02","guid":{"rendered":"https:\/\/secureus.se\/?post_type=product&#038;p=92855"},"modified":"2026-04-23T10:34:43","modified_gmt":"2026-04-23T08:34:43","slug":"elslutbleck-es-17m-rattvand","status":"publish","type":"product","link":"https:\/\/secureus.se\/fr\/elslutbleck-es-17m-rattvand\/","title":{"rendered":"Plaque d&#039;extr\u00e9mit\u00e9 \u00e9lectrique ES 17M Face \u00e0 droite"},"content":{"rendered":"<h1>Plaque d&#039;extr\u00e9mit\u00e9 \u00e9lectrique ES 17M Face \u00e0 droite<\/h1>\n<p class=\"\" data-start=\"708\" data-end=\"1045\">La g\u00e2che \u00e9lectrique ES 17M de SAFETRON est une g\u00e2che \u00e9lectrique standard qui allie hautes performances et design compact, ce qui en fait un choix parfait pour les portes ayant des exigences de s\u00e9curit\u00e9 normales.<\/p>\n<p class=\"\" data-start=\"708\" data-end=\"1045\">Il est particuli\u00e8rement adapt\u00e9 \u00e0 une utilisation dans la protection des coques, le verrouillage int\u00e9rieur dans le commerce, les bureaux et l&#039;industrie ainsi que dans les entr\u00e9es et les espaces publics des immeubles d&#039;habitation.<\/p>\n<p class=\"\" data-start=\"1047\" data-end=\"1580\">L&#039;une des caract\u00e9ristiques les plus remarquables de l&#039;ES 17M est la technologie innovante de pression de bande, qui permet \u00e0 la g\u00e2che \u00e9lectrique de s&#039;ouvrir m\u00eame si la porte est soumise \u00e0 une pression allant jusqu&#039;\u00e0 150 kg.<\/p>\n<p class=\"\" data-start=\"1047\" data-end=\"1580\">Ceci est particuli\u00e8rement utile lorsque la porte est expos\u00e9e \u00e0 une pression caus\u00e9e, par exemple, par une pression excessive dans le b\u00e2timent, par de la neige ou du gravier qui se retrouve dans l&#039;espace de la porte, ou lorsque la porte est l\u00e9g\u00e8rement tordue.<\/p>\n<p class=\"\" data-start=\"1047\" data-end=\"1580\">La pression de la bande est un probl\u00e8me courant qui peut entra\u00eener des temps d&#039;arr\u00eat, mais avec l&#039;ES 17M, ces probl\u00e8mes sont \u00e9limin\u00e9s et garantissent que la porte fonctionne en douceur dans toutes les conditions.<\/p>\n<p class=\"\" data-start=\"1582\" data-end=\"2080\">La petite taille de la g\u00e2che \u00e9lectrique en fait \u00e9galement un choix flexible pour l&#039;installation. Il s&#039;int\u00e8gre dans pratiquement tous les renfoncements pr\u00e9par\u00e9s pour les plaques \u00e9lectriques standard et peut \u00eatre install\u00e9 sur des portes avec un montant de 150 mm, ce qui le rend id\u00e9al pour les portes int\u00e9rieures.<\/p>\n<p class=\"\" data-start=\"1582\" data-end=\"2080\">De plus, la g\u00e2che \u00e9lectrique est \u00e9quip\u00e9e d&#039;une protection anti-effraction en acier inoxydable, qui emp\u00eache l&#039;acc\u00e8s au c\u00e2ble de raccordement \u00e0 travers le trou du poteau en cas de chute, offrant \u00e0 la fois une s\u00e9curit\u00e9 suppl\u00e9mentaire et un aspect esth\u00e9tique agr\u00e9able.<\/p>\n<p class=\"\" data-start=\"2082\" data-end=\"2403\">L&#039;ES 17M pr\u00e9sente \u00e9galement une faible consommation d&#039;\u00e9nergie, avec seulement 35 mA \u00e0 24 VDC et 60 mA \u00e0 12 VDC, ce qui le rend \u00e9conome en \u00e9nergie et \u00e9conomique.<\/p>\n<p class=\"\" data-start=\"2082\" data-end=\"2403\">Il est \u00e9galement \u00e9quip\u00e9 de s\u00e9rie d&#039;un interrupteur \u00e0 poussoir, qui permet d&#039;indiquer si la porte est ferm\u00e9e ou ouverte, ce qui est une fonction pratique pour la surveillance et la s\u00e9curit\u00e9.<\/p>\n<p class=\"\" data-start=\"2405\" data-end=\"2435\"><strong data-start=\"2405\" data-end=\"2435\">Principales caract\u00e9ristiques et avantages :<\/strong><\/p>\n<ul data-start=\"2436\" data-end=\"3028\">\n<li class=\"\" data-start=\"2436\" data-end=\"2549\">\n<p class=\"\" data-start=\"2438\" data-end=\"2549\"><strong data-start=\"2438\" data-end=\"2459\">Technologie d&#039;impression de listes :<\/strong> S&#039;ouvre m\u00eame si la porte est soumise \u00e0 une pression allant jusqu&#039;\u00e0 150 kg, \u00e9vitant ainsi les temps d&#039;arr\u00eat.<\/p>\n<\/li>\n<li class=\"\" data-start=\"2550\" data-end=\"2628\">\n<p class=\"\" data-start=\"2552\" data-end=\"2628\"><strong data-start=\"2552\" data-end=\"2571\">Conception compacte\u00a0:<\/strong> S&#039;adapte aux prises standard et permet une installation facile.<\/p>\n<\/li>\n<li class=\"\" data-start=\"2629\" data-end=\"2717\">\n<p class=\"\" data-start=\"2631\" data-end=\"2717\"><strong data-start=\"2631\" data-end=\"2647\">Contact du piston :<\/strong> Micro-interrupteur standard pour indiquer l&#039;\u00e9tat de la porte (ferm\u00e9e\/ouverte).<\/p>\n<\/li>\n<li class=\"\" data-start=\"2718\" data-end=\"2807\">\n<p class=\"\" data-start=\"2720\" data-end=\"2807\"><strong data-start=\"2720\" data-end=\"2745\">Faible consommation d&#039;\u00e9nergie :<\/strong> 35 mA \u00e0 24 V CC et 60 mA \u00e0 12 V CC pour un fonctionnement \u00e9conome en \u00e9nergie.<\/p>\n<\/li>\n<li class=\"\" data-start=\"2808\" data-end=\"2910\">\n<p class=\"\" data-start=\"2810\" data-end=\"2910\"><strong data-start=\"2810\" data-end=\"2828\">Pouvoir de maintien \u00e9lev\u00e9 :<\/strong> R\u00e9siste jusqu&#039;\u00e0 1500 kg (15 kN), ce qui en fait un choix robuste pour la s\u00e9curit\u00e9.<\/p>\n<\/li>\n<li class=\"\" data-start=\"2911\" data-end=\"3028\">\n<p class=\"\" data-start=\"2913\" data-end=\"3028\"><strong data-start=\"2913\" data-end=\"2946\">Protection anti-effraction en acier inoxydable :<\/strong> Emp\u00eache l&#039;acc\u00e8s au c\u00e2ble de connexion et am\u00e9liore l&#039;esth\u00e9tique de l&#039;installation.<\/p>\n<\/li>\n<\/ul>\n<p class=\"\" data-start=\"3030\" data-end=\"3266\"><strong data-start=\"3030\" data-end=\"3048\">Compatibilit\u00e9:<\/strong> La g\u00e2che \u00e9lectrique ES 17M est compatible avec les serrures \u00e0 simple et double p\u00eane et est con\u00e7ue pour les portes ayant des exigences de s\u00e9curit\u00e9 normales.<\/p>\n<p class=\"\" data-start=\"3030\" data-end=\"3266\">Sa conception polyvalente lui permet d&#039;\u00eatre install\u00e9 sur des portes \u00e0 charni\u00e8res \u00e0 droite et \u00e0 gauche.<\/p>\n<p class=\"\" data-start=\"3268\" data-end=\"3291\"><strong data-start=\"3268\" data-end=\"3291\">Exigences d&#039;alimentation :<\/strong><\/p>\n<ul data-start=\"3292\" data-end=\"3426\">\n<li class=\"\" data-start=\"3292\" data-end=\"3326\">\n<p class=\"\" data-start=\"3294\" data-end=\"3326\"><strong data-start=\"3294\" data-end=\"3307\">tension:<\/strong> 12 \u2013 24 V CC \u00b110 %<\/p>\n<\/li>\n<li class=\"\" data-start=\"3327\" data-end=\"3385\">\n<p class=\"\" data-start=\"3329\" data-end=\"3385\"><strong data-start=\"3329\" data-end=\"3350\">Consommation d&#039;\u00e9nergie\u00a0:<\/strong> 35 mA \u00e0 24 VCC, 60 mA \u00e0 12 VCC<\/p>\n<\/li>\n<li class=\"\" data-start=\"3386\" data-end=\"3426\">\n<p class=\"\" data-start=\"3388\" data-end=\"3426\"><strong data-start=\"3388\" data-end=\"3405\">Micro-interrupteur\u00a0:<\/strong> Max. 30 V CC, 500 mA<\/p>\n<\/li>\n<\/ul>","protected":false},"excerpt":{"rendered":"<p>La g\u00e2che \u00e9lectrique ES 17M de SAFETRON est une g\u00e2che \u00e9lectrique compacte avec technologie de pression \u00e0 bande, parfaite pour les portes avec des exigences de s\u00e9curit\u00e9 normales.<\/p>\n<p>La fonction orient\u00e9e vers la droite, le contact du piston et la faible consommation d&#039;\u00e9nergie de 35 mA le rendent id\u00e9al pour le verrouillage interne.<\/p>","protected":false},"featured_media":138000,"template":"","meta":{"_acf_changed":false},"product_brand":[],"product_cat":[3355],"product_tag":[4196,4200],"class_list":{"0":"post-92855","1":"product","2":"type-product","3":"status-publish","4":"has-post-thumbnail","6":"product_cat-elslutbleck","7":"product_tag-12-24v","8":"product_tag-rattvand","9":"product_shipping_class-tunga-paket","10":"pa_brands-7safetron","11":"pa_farg-zink","12":"tm-no-options","14":"first","15":"instock","16":"sale","17":"taxable","18":"shipping-taxable","19":"purchasable","20":"product-type-simple"},"acf":[],"_links":{"self":[{"href":"https:\/\/secureus.se\/fr\/wp-json\/wp\/v2\/product\/92855","targetHints":{"allow":["GET"]}}],"collection":[{"href":"https:\/\/secureus.se\/fr\/wp-json\/wp\/v2\/product"}],"about":[{"href":"https:\/\/secureus.se\/fr\/wp-json\/wp\/v2\/types\/product"}],"wp:featuredmedia":[{"embeddable":true,"href":"https:\/\/secureus.se\/fr\/wp-json\/wp\/v2\/media\/138000"}],"wp:attachment":[{"href":"https:\/\/secureus.se\/fr\/wp-json\/wp\/v2\/media?parent=92855"}],"wp:term":[{"taxonomy":"product_brand","embeddable":true,"href":"https:\/\/secureus.se\/fr\/wp-json\/wp\/v2\/product_brand?post=92855"},{"taxonomy":"product_cat","embeddable":true,"href":"https:\/\/secureus.se\/fr\/wp-json\/wp\/v2\/product_cat?post=92855"},{"taxonomy":"product_tag","embeddable":true,"href":"https:\/\/secureus.se\/fr\/wp-json\/wp\/v2\/product_tag?post=92855"}],"curies":[{"name":"wp","href":"https:\/\/api.w.org\/{rel}","templated":true}]}}