{"id":92857,"date":"2024-06-16T23:12:02","date_gmt":"2024-06-16T21:12:02","guid":{"rendered":"https:\/\/secureus.se\/?post_type=product&#038;p=92857"},"modified":"2026-04-20T00:09:59","modified_gmt":"2026-04-19T22:09:59","slug":"elslutbleck-st400-step-40-preload","status":"publish","type":"product","link":"https:\/\/secureus.se\/fr\/elslutbleck-st400-step-40-preload\/","title":{"rendered":"Plaque de terminaison \u00e9lectrique ST400 STEP 40 Pr\u00e9charge"},"content":{"rendered":"<h1>Plaque de terminaison \u00e9lectrique ST400 STEP 40 Pr\u00e9charge<\/h1>\n<p class=\"\" data-start=\"673\" data-end=\"1128\">La g\u00e2che \u00e9lectrique pr\u00e9charg\u00e9e STEP 40 fait partie de la s\u00e9rie Preload de STEP et offre un niveau \u00e9lev\u00e9 de verrouillage journalier.<\/p>\n<p class=\"\" data-start=\"673\" data-end=\"1128\">Avec une combinaison de taille minimale et de tr\u00e8s hautes performances, cette g\u00e2che \u00e9lectrique est un choix parfait pour les portes avec des exigences de s\u00e9curit\u00e9 normales.<\/p>\n<p class=\"\" data-start=\"673\" data-end=\"1128\">La technologie brevet\u00e9e de pression de bande permet de d\u00e9verrouiller la porte m\u00eame lorsqu&#039;elle est soumise \u00e0 une pression allant jusqu&#039;\u00e0 250 kg, ce qui en fait un choix fiable pour les portes qui peuvent \u00eatre soumises \u00e0 une pression ou \u00e0 des obstacles.<\/p>\n<p class=\"\" data-start=\"1130\" data-end=\"1595\">L\u2019une des caract\u00e9ristiques les plus importantes du pr\u00e9chargement STEP 40 est sa fonction commutable. Cela signifie que la g\u00e2che \u00e9lectrique peut \u00eatre ajust\u00e9e lors de l&#039;installation pour s&#039;adapter \u00e0 diff\u00e9rents types de portes et d&#039;applications.<\/p>\n<p class=\"\" data-start=\"1130\" data-end=\"1595\">Cela offre \u00e0 la fois flexibilit\u00e9 et co\u00fbts de manutention r\u00e9duits lors de l&#039;installation et de l&#039;utilisation. La g\u00e2che \u00e9lectrique poss\u00e8de une fonction inverse, ce qui signifie qu&#039;elle est verrouill\u00e9e en position hors tension, un dispositif de s\u00e9curit\u00e9 important pour maintenir la porte ferm\u00e9e en cas de panne de courant.<\/p>\n<p class=\"\" data-start=\"1597\" data-end=\"2004\">Pour faciliter l&#039;installation, la g\u00e2che \u00e9lectrique a une conception r\u00e9versible, ce qui signifie qu&#039;elle fonctionne aussi bien sur les portes \u00e0 ouverture \u00e0 droite que sur les portes \u00e0 ouverture \u00e0 gauche.<\/p>\n<p class=\"\" data-start=\"1597\" data-end=\"2004\">De plus, il est \u00e9quip\u00e9 d&#039;un interrupteur \u00e0 piston qui peut indiquer si la porte est ferm\u00e9e ou ouverte, ce qui est une fonction pratique pour la surveillance et la s\u00e9curit\u00e9.<\/p>\n<p class=\"\" data-start=\"1597\" data-end=\"2004\">Il pr\u00e9sente \u00e9galement une r\u00e9sistance \u00e0 la rupture allant jusqu&#039;\u00e0 1 200 kg (12 kN), ce qui en fait une solution tr\u00e8s robuste.<\/p>\n<p class=\"\" data-start=\"2006\" data-end=\"2326\">La pr\u00e9charge STEP 40 est test\u00e9e en usine pour r\u00e9sister jusqu&#039;\u00e0 1 500 000 cycles d&#039;ouverture et a \u00e9t\u00e9 test\u00e9e pour une durabilit\u00e9 \u00e9lev\u00e9e et une r\u00e9sistance \u00e0 l&#039;usure.<\/p>\n<p class=\"\" data-start=\"2006\" data-end=\"2326\">Pour prot\u00e9ger l&#039;\u00e9lectronique contre les transitoires (pics de tension), une diode de protection int\u00e9gr\u00e9e emp\u00eache d&#039;endommager les composants \u00e9lectroniques tels que les serrures \u00e0 code ou les lecteurs de cartes.<\/p>\n<p class=\"\" data-start=\"2328\" data-end=\"2358\"><strong data-start=\"2328\" data-end=\"2358\">Principales caract\u00e9ristiques et avantages :<\/strong><\/p>\n<ul data-start=\"2359\" data-end=\"2843\">\n<li class=\"\" data-start=\"2359\" data-end=\"2451\">\n<p class=\"\" data-start=\"2361\" data-end=\"2451\"><strong data-start=\"2361\" data-end=\"2393\">Technologie d&#039;impression en bande brevet\u00e9e :<\/strong> Permet l&#039;ouverture de la porte malgr\u00e9 une pression jusqu&#039;\u00e0 250 kg.<\/p>\n<\/li>\n<li class=\"\" data-start=\"2452\" data-end=\"2517\">\n<p class=\"\" data-start=\"2454\" data-end=\"2517\"><strong data-start=\"2454\" data-end=\"2476\">Fonctionnement correct :<\/strong> Verrouill\u00e9 en position hors tension pour une s\u00e9curit\u00e9 accrue.<\/p>\n<\/li>\n<li class=\"\" data-start=\"2518\" data-end=\"2597\">\n<p class=\"\" data-start=\"2520\" data-end=\"2597\"><strong data-start=\"2520\" data-end=\"2536\">Contact du piston :<\/strong> Micro-interrupteur pour indiquer l&#039;\u00e9tat de la porte (ferm\u00e9e\/ouverte).<\/p>\n<\/li>\n<li class=\"\" data-start=\"2598\" data-end=\"2678\">\n<p class=\"\" data-start=\"2600\" data-end=\"2678\"><strong data-start=\"2600\" data-end=\"2624\">Haute r\u00e9sistance \u00e0 la traction :<\/strong> Supporte jusqu&#039;\u00e0 1 200 kg (12 kN) pour une s\u00e9curit\u00e9 robuste.<\/p>\n<\/li>\n<li class=\"\" data-start=\"2679\" data-end=\"2764\">\n<p class=\"\" data-start=\"2681\" data-end=\"2764\"><strong data-start=\"2681\" data-end=\"2703\">Durabilit\u00e9 test\u00e9e :<\/strong> Test\u00e9 en usine pour 1 500 000 cycles pour une utilisation \u00e0 long terme.<\/p>\n<\/li>\n<li class=\"\" data-start=\"2765\" data-end=\"2843\">\n<p class=\"\" data-start=\"2767\" data-end=\"2843\"><strong data-start=\"2767\" data-end=\"2793\">Installation flexible\u00a0:<\/strong> R\u00e9versible pour portes \u00e0 ouverture \u00e0 droite et \u00e0 gauche.<\/p>\n<\/li>\n<\/ul>\n<p class=\"\" data-start=\"2845\" data-end=\"3118\"><strong data-start=\"2845\" data-end=\"2863\">Compatibilit\u00e9:<\/strong> La g\u00e2che \u00e9lectrique pr\u00e9charg\u00e9e STEP 40 est compatible avec les serrures \u00e0 simple et double p\u00eane et convient aux portes ayant des exigences de s\u00e9curit\u00e9 normales.<\/p>\n<p class=\"\" data-start=\"2845\" data-end=\"3118\">Sa fonction r\u00e9glable le rend adapt\u00e9 \u00e0 une large gamme de portes et d&#039;applications, des bureaux \u00e0 l&#039;industrie.<\/p>\n<p class=\"\" data-start=\"3120\" data-end=\"3143\"><strong data-start=\"3120\" data-end=\"3143\">Exigences d&#039;alimentation :<\/strong><\/p>\n<ul data-start=\"3144\" data-end=\"3315\">\n<li class=\"\" data-start=\"3144\" data-end=\"3189\">\n<p class=\"\" data-start=\"3146\" data-end=\"3189\"><strong data-start=\"3146\" data-end=\"3159\">tension:<\/strong> 12 V ou 24 V CC \u00b1 15 % \u2013 10 %<\/p>\n<\/li>\n<li class=\"\" data-start=\"3190\" data-end=\"3245\">\n<p class=\"\" data-start=\"3192\" data-end=\"3245\"><strong data-start=\"3192\" data-end=\"3213\">Consommation d&#039;\u00e9nergie\u00a0:<\/strong> 110 mAh \u00e0 24 V CC (max 300 mA)<\/p>\n<\/li>\n<li class=\"\" data-start=\"3246\" data-end=\"3315\">\n<p class=\"\" data-start=\"3248\" data-end=\"3315\"><strong data-start=\"3248\" data-end=\"3264\">Contact du piston :<\/strong> Microrupteur, commutation unipolaire, max. 30 V CC, 1 A.<\/p>\n<\/li>\n<\/ul>\n<div class=\"col-xs-12 col-md-6\">\n<div id=\"article-description\" class=\"main-content row\">\n<div class=\"col-xs-12 col-md-12\">\n<div class=\"mt-sm\">\n<div class=\"article-description mb-sm\">\n<div><\/div>\n<\/div>\n<\/div>\n<\/div>\n<\/div>\n<\/div>\n<div class=\"col-xs-12 col-md-6\">\n<div class=\"row spec-item-row\">\n<div class=\"col-xs-12 col-sm-6\"><\/div>\n<\/div>\n<\/div>","protected":false},"excerpt":{"rendered":"<p>La g\u00e2che \u00e9lectrique pr\u00e9charg\u00e9e STEP 40 de STEP est con\u00e7ue pour le verrouillage de jour avec une fiabilit\u00e9 op\u00e9rationnelle \u00e9lev\u00e9e et un encombrement minimal.<\/p>\n<p>Equip\u00e9 d&#039;une technologie de pression de bande pouvant supporter une pression jusqu&#039;\u00e0 250 kg, ainsi que d&#039;un contact \u00e0 piston pour la d\u00e9tection de porte.<\/p>","protected":false},"featured_media":137994,"template":"","meta":{"_acf_changed":false},"product_brand":[],"product_cat":[3355],"product_tag":[4197],"class_list":{"0":"post-92857","1":"product","2":"type-product","3":"status-publish","4":"has-post-thumbnail","6":"product_cat-elslutbleck","7":"product_tag-24v","8":"product_shipping_class-tunga-paket","9":"pa_brands-step","10":"tm-no-options","12":"first","13":"onbackorder","14":"sale","15":"taxable","16":"shipping-taxable","17":"purchasable","18":"product-type-simple"},"acf":[],"_links":{"self":[{"href":"https:\/\/secureus.se\/fr\/wp-json\/wp\/v2\/product\/92857","targetHints":{"allow":["GET"]}}],"collection":[{"href":"https:\/\/secureus.se\/fr\/wp-json\/wp\/v2\/product"}],"about":[{"href":"https:\/\/secureus.se\/fr\/wp-json\/wp\/v2\/types\/product"}],"wp:featuredmedia":[{"embeddable":true,"href":"https:\/\/secureus.se\/fr\/wp-json\/wp\/v2\/media\/137994"}],"wp:attachment":[{"href":"https:\/\/secureus.se\/fr\/wp-json\/wp\/v2\/media?parent=92857"}],"wp:term":[{"taxonomy":"product_brand","embeddable":true,"href":"https:\/\/secureus.se\/fr\/wp-json\/wp\/v2\/product_brand?post=92857"},{"taxonomy":"product_cat","embeddable":true,"href":"https:\/\/secureus.se\/fr\/wp-json\/wp\/v2\/product_cat?post=92857"},{"taxonomy":"product_tag","embeddable":true,"href":"https:\/\/secureus.se\/fr\/wp-json\/wp\/v2\/product_tag?post=92857"}],"curies":[{"name":"wp","href":"https:\/\/api.w.org\/{rel}","templated":true}]}}